{"id":87,"date":"2019-09-29T21:21:28","date_gmt":"2019-09-29T21:21:28","guid":{"rendered":"https:\/\/vaiksed.ee\/?page_id=87"},"modified":"2023-10-15T11:21:52","modified_gmt":"2023-10-15T11:21:52","slug":"mtu-vaikuse-lapsed","status":"publish","type":"page","link":"https:\/\/vaiksed.ee\/ru\/mtu-vaikuse-lapsed\/","title":{"rendered":"MT\u00dc Vaikuse Lapsed (\u0414\u0435\u0442\u0438 \u0442\u0438\u0448\u0438\u043d\u044b)"},"content":{"rendered":"<div data-elementor-type=\"wp-page\" data-elementor-id=\"87\" class=\"elementor elementor-87\">\n\t\t\t\t\t\t\t\t\t<section class=\"penci-section penci-disSticky penci-structure-20 elementor-section elementor-top-section elementor-element elementor-element-c8f2534 elementor-section-boxed elementor-section-height-default elementor-section-height-default\" data-id=\"c8f2534\" data-element_type=\"section\">\n\t\t\t\t\t\t<div class=\"elementor-container elementor-column-gap-default\">\n\t\t\t\t\t<div class=\"penci-ercol-50 penci-ercol-order-1 penci-sticky-ct    elementor-column elementor-col-50 elementor-top-column elementor-element elementor-element-412125b\" data-id=\"412125b\" data-element_type=\"column\">\n\t\t\t<div class=\"elementor-widget-wrap elementor-element-populated\">\n\t\t\t\t\t\t\t\t<div class=\"elementor-element elementor-element-62d3323 elementor-widget__width-initial elementor-widget elementor-widget-text-editor\" data-id=\"62d3323\" data-element_type=\"widget\" data-widget_type=\"text-editor.default\">\n\t\t\t\t<div class=\"elementor-widget-container\">\n\t\t\t<style>\/*! elementor - v3.12.0 - 29-03-2023 *\/\n.elementor-widget-text-editor.elementor-drop-cap-view-stacked .elementor-drop-cap{background-color:#69727d;color:#fff}.elementor-widget-text-editor.elementor-drop-cap-view-framed .elementor-drop-cap{color:#69727d;border:3px solid;background-color:transparent}.elementor-widget-text-editor:not(.elementor-drop-cap-view-default) .elementor-drop-cap{margin-top:8px}.elementor-widget-text-editor:not(.elementor-drop-cap-view-default) .elementor-drop-cap-letter{width:1em;height:1em}.elementor-widget-text-editor .elementor-drop-cap{float:left;text-align:center;line-height:1;font-size:50px}.elementor-widget-text-editor .elementor-drop-cap-letter{display:inline-block}<\/style>\t\t\t\t<p>\u0413\u043b\u0430\u0432\u043d\u0430\u044f \u0446\u0435\u043b\u044c MT\u00dc Vaikuse Lapsed - \u043f\u043e\u0434\u0434\u0435\u0440\u0436\u0430\u0442\u044c \u0440\u043e\u0434\u0438\u0442\u0435\u043b\u0435\u0439, \u0447\u044c\u044f \u043f\u043e\u0442\u0435\u0440\u044f \u0440\u0435\u0431\u0435\u043d\u043a\u0430 \u0431\u044b\u043b\u0430 \u0432\u044b\u0437\u0432\u0430\u043d\u0430 \u0432\u044b\u043a\u0438\u0434\u044b\u0448\u0435\u043c, \u043f\u0440\u0435\u0440\u044b\u0432\u0430\u043d\u0438\u0435\u043c \u0431\u0435\u0440\u0435\u043c\u0435\u043d\u043d\u043e\u0441\u0442\u0438, \u043c\u0435\u0440\u0442\u0432\u043e\u0440\u043e\u0436\u0434\u0435\u043d\u0438\u0435\u043c \u0438\u043b\u0438 \u0441\u043c\u0435\u0440\u0442\u044c\u044e \u0432 \u043c\u043b\u0430\u0434\u0435\u043d\u0447\u0435\u0441\u0442\u0432\u0435. \u041a\u0440\u043e\u043c\u0435 \u0442\u043e\u0433\u043e, \u043e\u0431\u044a\u0435\u0434\u0438\u043d\u0435\u043d\u0438\u0435 \u0438\u043d\u0444\u043e\u0440\u043c\u0438\u0440\u0443\u0435\u0442 \u043e\u0431\u0449\u0435\u0441\u0442\u0432\u0435\u043d\u043d\u043e\u0441\u0442\u044c \u0438 \u043f\u0435\u0440\u0441\u043e\u043d\u0430\u043b \u0431\u043e\u043b\u044c\u043d\u0438\u0446 \u043e \u043f\u043e\u0442\u0440\u0435\u0431\u043d\u043e\u0441\u0442\u044f\u0445 \u0438 \u043f\u0440\u043e\u0431\u043b\u0435\u043c\u0430\u0445 \u0440\u043e\u0434\u0438\u0442\u0435\u043b\u0435\u0439, \u043f\u0435\u0440\u0435\u0436\u0438\u0432\u0448\u0438\u0445 \u043f\u043e\u0442\u0435\u0440\u044e \u0440\u0435\u0431\u0435\u043d\u043a\u0430.<\/p>\n<p><span style=\"color: inherit; font-family: inherit; font-size: inherit; font-weight: inherit; text-align: inherit;\">MT\u00dc Vaikuse Lapsed \u043e\u0440\u0433\u0430\u043d\u0438\u0437\u0443\u0435\u0442 \u0441\u043e\u0437\u0434\u0430\u043d\u0438\u0435 \u0448\u043a\u0430\u0442\u0443\u043b\u043e\u043a \u043f\u0430\u043c\u044f\u0442\u0438 \u0434\u043b\u044f \u0440\u043e\u0434\u0438\u0442\u0435\u043b\u0435\u0439, \u043f\u0435\u0440\u0435\u0436\u0438\u0432\u0448\u0438\u0445 \u043f\u043e\u0442\u0435\u0440\u044e \u0440\u0435\u0431\u0435\u043d\u043a\u0430, \u0438 \u0438\u0445 \u0434\u043e\u0441\u0442\u0430\u0432\u043a\u0443 \u0432 \u0431\u043e\u043b\u044c\u043d\u0438\u0446\u044b. \u0422\u0430\u043a\u0436\u0435 \u043e\u0431\u044a\u0435\u0434\u0438\u043d\u0435\u043d\u0438\u0435 \u0441\u043e\u0441\u0442\u0430\u0432\u043b\u044f\u0435\u0442 \u0438\u043d\u0444\u043e\u0440\u043c\u0430\u0446\u0438\u043e\u043d\u043d\u044b\u0435 \u043c\u0430\u0442\u0435\u0440\u0438\u0430\u043b\u044b \u0434\u043b\u044f \u0442\u0430\u043a\u0438\u0445 \u0440\u043e\u0434\u0438\u0442\u0435\u043b\u0435\u0439 \u0438 \u043f\u043e\u043c\u043e\u0433\u0430\u0435\u0442 \u0441 \u043e\u0440\u0433\u0430\u043d\u0438\u0437\u0430\u0446\u0438\u0435\u0439 \u0440\u0430\u0431\u043e\u0442 \u0432 \u043c\u0435\u0441\u0442\u0435 \u0443\u043f\u043e\u043a\u043e\u0435\u043d\u0438\u044f \u0414\u0435\u0442\u0435\u0439 \u0422\u0438\u0448\u0438\u043d\u044b \u0432 \u0425\u0430\u0440\u044c\u044e-\u0420\u0438\u0441\u0442\u0438.<\/span><\/p>\n<p><span style=\"color: inherit; font-family: inherit; font-size: inherit; font-weight: inherit; text-align: inherit;\">\u0427\u043b\u0435\u043d\u044b \u043e\u0440\u0433\u0430\u043d\u0438\u0437\u0430\u0446\u0438\u0438 - \u0432\u043e\u043b\u043e\u043d\u0442\u0435\u0440\u044b, \u0431\u043e\u043b\u044c\u0448\u0438\u043d\u0441\u0442\u0432\u043e \u0438\u0437 \u043a\u043e\u0442\u043e\u0440\u044b\u0445 \u0441\u0430\u043c\u0438 \u043f\u0435\u0440\u0435\u0436\u0438\u043b\u0438 \u0441\u043c\u0435\u0440\u0442\u044c \u0441\u0432\u043e\u0435\u0433\u043e \u0440\u0435\u0431\u0435\u043d\u043a\u0430 \u0438 \u043f\u043e\u044d\u0442\u043e\u043c\u0443 \u043b\u0443\u0447\u0448\u0435 \u0432\u0441\u0435\u0433\u043e \u043e\u0441\u0432\u0435\u0434\u043e\u043c\u043b\u0435\u043d\u044b \u043e \u0442\u043e\u043c, \u043a\u0430\u043a\u0430\u044f \u043f\u043e\u0434\u0434\u0435\u0440\u0436\u043a\u0430 \u0438\u043b\u0438 \u0441\u043e\u0432\u0435\u0442 \u0431\u043e\u043b\u044c\u0448\u0435 \u0432\u0441\u0435\u0433\u043e \u043d\u0443\u0436\u043d\u044b \u043b\u044e\u0434\u044f\u043c \u0432 \u0442\u0430\u043a\u043e\u0439 \u043c\u043e\u043c\u0435\u043d\u0442. \u041c\u044b \u0442\u0430\u043a\u0436\u0435 \u0441\u043e\u0431\u0438\u0440\u0430\u0435\u043c \u0440\u0430\u0432\u043d\u044b\u0445 \u043a\u043e\u043d\u0441\u0443\u043b\u044c\u0442\u0430\u043d\u0442\u043e\u0432 \u0438 \u0441\u043f\u0435\u0446\u0438\u0430\u043b\u0438\u0441\u0442\u043e\u0432, \u043a \u043a\u043e\u0442\u043e\u0440\u044b\u043c \u043c\u043e\u0433\u0443\u0442 \u043e\u0431\u0440\u0430\u0442\u0438\u0442\u044c\u0441\u044f \u0440\u043e\u0434\u0438\u0442\u0435\u043b\u0438 \u0438 \u0440\u043e\u0434\u0441\u0442\u0432\u0435\u043d\u043d\u0438\u043a\u0438, \u043f\u0435\u0440\u0435\u0436\u0438\u0432\u0448\u0438\u0435 \u043f\u043e\u0442\u0435\u0440\u044e \u0440\u0435\u0431\u0435\u043d\u043a\u0430.<\/span><\/p>\n<p>\u0421\u0430\u043c\u0443\u044e \u0441\u0432\u0435\u0436\u0443\u044e \u0438\u043d\u0444\u043e\u0440\u043c\u0430\u0446\u0438\u044e \u043e \u0434\u0435\u044f\u0442\u0435\u043b\u044c\u043d\u043e\u0441\u0442\u0438 MT\u00dc Vaikuse Lapsed \u043c\u043e\u0436\u043d\u043e \u043f\u043e\u043b\u0443\u0447\u0438\u0442\u044c \u043d\u0430 \u043d\u0430\u0448\u0435\u0439 \u0441\u0442\u0440\u0430\u043d\u0438\u0446\u0435 \u0432\u00a0<a href=\"https:\/\/www.facebook.com\/vaiksed\" target=\"_blank\" rel=\"noreferrer noopener\" aria-label=\" (opens in a new tab)\">FaceBook<\/a>\u00a0\u0438\u043b\u0438 \u043f\u043e\u0434\u043f\u0438\u0441\u0430\u0432\u0448\u0438\u0441\u044c \u043d\u0430 \u0440\u0430\u0441\u0441\u044b\u043b\u043a\u0443. \n\n<b>\u0414\u043e\u043a\u0443\u043c\u0435\u043d\u0442\u044b, \u043a\u0430\u0441\u0430\u044e\u0449\u0438\u0435\u0441\u044f \u0434\u0435\u044f\u0442\u0435\u043b\u044c\u043d\u043e\u0441\u0442\u0438 MT\u00dc Vaikuse Lapsed \u043c\u043e\u0436\u043d\u043e \u043d\u0430\u0439\u0442\u0438 <\/b>\u00a0<a href=\"https:\/\/vaiksed.ee\/ru\/2019\/09\/30\/dokumendid\/\" target=\"_blank\" rel=\"noreferrer noopener\" aria-label=\"leiad siit (opens in a new tab)\">\u0437\u0434\u0435\u0441\u044c<\/a>.<\/p>\n<p>\u0427\u0442\u043e\u0431\u044b \u043f\u043e\u0434\u043f\u0438\u0441\u0430\u0442\u044c\u0441\u044f, \u043f\u043e\u0436\u0430\u043b\u0443\u0439\u0441\u0442\u0430, \u0437\u0430\u043f\u043e\u043b\u043d\u0438\u0442\u0435 \u044d\u0442\u043e \u0437\u0430\u044f\u0432\u043b\u0435\u043d\u0438\u0435.<\/p>\t\t\t\t\t\t<\/div>\n\t\t\t\t<\/div>\n\t\t\t\t\t<\/div>\n\t\t<\/div>\n\t\t\t\t<div class=\"penci-ercol-50 penci-ercol-order-2 penci-sticky-ct    elementor-column elementor-col-50 elementor-top-column elementor-element elementor-element-b5df5f8\" data-id=\"b5df5f8\" data-element_type=\"column\">\n\t\t\t<div class=\"elementor-widget-wrap elementor-element-populated\">\n\t\t\t\t\t\t\t\t<div class=\"elementor-element elementor-element-0ee68dc elementor-widget elementor-widget-penci-text-block\" data-id=\"0ee68dc\" data-element_type=\"widget\" data-widget_type=\"penci-text-block.default\">\n\t\t\t\t<div class=\"elementor-widget-container\">\n\t\t\t\t\t<div class=\"penci-block-vc penci-text-editor\">\r\n\t\t\t\t\t\t<div class=\"penci-block_content\">\r\n\t\t\t\t<div class=\"elementor-text-editor elementor-clearfix\"><p><strong style=\"color: #7a7a7a; font-family: Roboto, sans-serif;\"><strong><a href=\"https:\/\/vaiksed.ee\/ru\/mtu-vaikuse-lapsed\/mtu-lugu\/\">\u0418\u0441\u0442\u043e\u0440\u0438\u044f MT\u00dc Vaikuse Lapsed<\/a><\/strong><\/strong><\/p>\n<p><strong style=\"font-size: inherit; text-align: inherit; font-family: var(--pcbody-font);\"><a href=\"https:\/\/vaiksed.ee\/ru\/dokumendid\/\">\u0414\u043e\u043a\u0443\u043c\u0435\u043d\u0442\u044b<\/a><\/strong><\/p>\n<p><strong style=\"font-size: inherit; text-align: inherit; font-family: var(--pcbody-font);\"><a href=\"https:\/\/vaiksed.ee\/ru\/mtu-vaikuse-lapsed\/kontakt\/\">C\u0432\u044f\u0436\u0438\u0442\u0435\u0441\u044c \u0441 \u043d\u0430\u043c\u0438<\/a><\/strong><\/p>\n<p><strong><a href=\"https:\/\/vaiksed.ee\/ru\/toeta-mtu-tegemisi\/\">\u041f\u043e\u0434\u0434\u0435\u0440\u0436\u0438\u0442\u0435 \u0434\u0435\u044f\u0442\u0435\u043b\u044c\u043d\u043e\u0441\u0442\u044c MT\u00dc Vaikuse Lapsed<\/a><\/strong><\/p><\/div>\r\n\t\t\t<\/div>\r\n\t\t<\/div>\r\n\t\t\t\t<\/div>\n\t\t\t\t<\/div>\n\t\t\t\t\t<\/div>\n\t\t<\/div>\n\t\t\t\t\t\t\t<\/div>\n\t\t<\/section>\n\t\t\t\t\t\t\t<\/div>","protected":false},"excerpt":{"rendered":"<p>MT\u00dc Vaikuse Lapsed peamine eesm\u00e4rk on toetada vanemaid, kelle lapse kaotuse p\u00f5hjustas raseduse katkemine, raseduse katkestamine, surnults\u00fcnd v\u00f5i surm lapse esimeste elup\u00e4evade ajal. Samuti on MT\u00dc eesm\u00e4rk informeerida avalikkust ja&hellip;<\/p>","protected":false},"author":174446673,"featured_media":0,"parent":0,"menu_order":6,"comment_status":"closed","ping_status":"closed","template":"","meta":[],"yoast_head":"<!-- This site is optimized with the Yoast SEO plugin v20.12 - https:\/\/yoast.com\/wordpress\/plugins\/seo\/ -->\n<title>MT\u00dc Vaikuse lapsed | Vaikuse lapsed<\/title>\n<meta name=\"description\" content=\"MT\u00dc Vaikuse lapsed on abiks lapse kaotuse ja leinaga toime tulekuks. Ka informeerida avalikkust ja haiglate personali lapse kaotanud vanemate vajadustest. Loe siit.\" \/>\n<meta name=\"robots\" content=\"index, follow, max-snippet:-1, max-image-preview:large, max-video-preview:-1\" \/>\n<link rel=\"canonical\" href=\"https:\/\/vaiksed.ee\/ru\/mtu-vaikuse-lapsed\/\" \/>\n<meta property=\"og:locale\" content=\"ru_RU\" \/>\n<meta property=\"og:type\" content=\"article\" \/>\n<meta property=\"og:title\" content=\"MT\u00dc Vaikuse lapsed | Vaikuse lapsed\" \/>\n<meta property=\"og:description\" content=\"MT\u00dc Vaikuse lapsed on abiks lapse kaotuse ja leinaga toime tulekuks. Ka informeerida avalikkust ja haiglate personali lapse kaotanud vanemate vajadustest. Loe siit.\" \/>\n<meta property=\"og:url\" content=\"https:\/\/vaiksed.ee\/ru\/mtu-vaikuse-lapsed\/\" \/>\n<meta property=\"og:site_name\" content=\"Vaikuse lapsed\" \/>\n<meta property=\"article:modified_time\" content=\"2023-10-15T11:21:52+00:00\" \/>\n<meta name=\"twitter:card\" content=\"summary_large_image\" \/>\n<meta name=\"twitter:label1\" content=\"\u041f\u0440\u0438\u043c\u0435\u0440\u043d\u043e\u0435 \u0432\u0440\u0435\u043c\u044f \u0434\u043b\u044f \u0447\u0442\u0435\u043d\u0438\u044f\" \/>\n\t<meta name=\"twitter:data1\" content=\"1 \u043c\u0438\u043d\u0443\u0442\u0430\" \/>\n<script type=\"application\/ld+json\" class=\"yoast-schema-graph\">{\"@context\":\"https:\/\/schema.org\",\"@graph\":[{\"@type\":\"WebPage\",\"@id\":\"https:\/\/vaiksed.ee\/mtu-vaikuse-lapsed\/\",\"url\":\"https:\/\/vaiksed.ee\/mtu-vaikuse-lapsed\/\",\"name\":\"MT\u00dc Vaikuse lapsed | Vaikuse lapsed\",\"isPartOf\":{\"@id\":\"https:\/\/vaiksed.ee\/#website\"},\"datePublished\":\"2019-09-29T21:21:28+00:00\",\"dateModified\":\"2023-10-15T11:21:52+00:00\",\"description\":\"MT\u00dc Vaikuse lapsed on abiks lapse kaotuse ja leinaga toime tulekuks. Ka informeerida avalikkust ja haiglate personali lapse kaotanud vanemate vajadustest. Loe siit.\",\"breadcrumb\":{\"@id\":\"https:\/\/vaiksed.ee\/mtu-vaikuse-lapsed\/#breadcrumb\"},\"inLanguage\":\"ru-RU\",\"potentialAction\":[{\"@type\":\"ReadAction\",\"target\":[\"https:\/\/vaiksed.ee\/mtu-vaikuse-lapsed\/\"]}]},{\"@type\":\"BreadcrumbList\",\"@id\":\"https:\/\/vaiksed.ee\/mtu-vaikuse-lapsed\/#breadcrumb\",\"itemListElement\":[{\"@type\":\"ListItem\",\"position\":1,\"name\":\"Home\",\"item\":\"https:\/\/vaiksed.ee\/\"},{\"@type\":\"ListItem\",\"position\":2,\"name\":\"MT\u00dc Vaikuse Lapsed\"}]},{\"@type\":\"WebSite\",\"@id\":\"https:\/\/vaiksed.ee\/#website\",\"url\":\"https:\/\/vaiksed.ee\/\",\"name\":\"Vaikuse lapsed\",\"description\":\"Vaikuselaps, las valvab su \u00fcle valguse vaim \u2013 rahu ja armastus\",\"publisher\":{\"@id\":\"https:\/\/vaiksed.ee\/#organization\"},\"potentialAction\":[{\"@type\":\"SearchAction\",\"target\":{\"@type\":\"EntryPoint\",\"urlTemplate\":\"https:\/\/vaiksed.ee\/?s={search_term_string}\"},\"query-input\":\"required name=search_term_string\"}],\"inLanguage\":\"ru-RU\"},{\"@type\":\"Organization\",\"@id\":\"https:\/\/vaiksed.ee\/#organization\",\"name\":\"Vaikuse lapsed\",\"url\":\"https:\/\/vaiksed.ee\/\",\"logo\":{\"@type\":\"ImageObject\",\"inLanguage\":\"ru-RU\",\"@id\":\"https:\/\/vaiksed.ee\/#\/schema\/logo\/image\/\",\"url\":\"https:\/\/vaiksed.ee\/wp-content\/uploads\/2022\/11\/173568.png\",\"contentUrl\":\"https:\/\/vaiksed.ee\/wp-content\/uploads\/2022\/11\/173568.png\",\"width\":500,\"height\":500,\"caption\":\"Vaikuse lapsed\"},\"image\":{\"@id\":\"https:\/\/vaiksed.ee\/#\/schema\/logo\/image\/\"}}]}<\/script>\n<!-- \/ Yoast SEO plugin. -->","yoast_head_json":{"title":"MT\u00dc Vaikuse lapsed | Vaikuse lapsed","description":"MT\u00dc Vaikuse lapsed on abiks lapse kaotuse ja leinaga toime tulekuks. Ka informeerida avalikkust ja haiglate personali lapse kaotanud vanemate vajadustest. Loe siit.","robots":{"index":"index","follow":"follow","max-snippet":"max-snippet:-1","max-image-preview":"max-image-preview:large","max-video-preview":"max-video-preview:-1"},"canonical":"https:\/\/vaiksed.ee\/ru\/mtu-vaikuse-lapsed\/","og_locale":"ru_RU","og_type":"article","og_title":"MT\u00dc Vaikuse lapsed | Vaikuse lapsed","og_description":"MT\u00dc Vaikuse lapsed on abiks lapse kaotuse ja leinaga toime tulekuks. Ka informeerida avalikkust ja haiglate personali lapse kaotanud vanemate vajadustest. Loe siit.","og_url":"https:\/\/vaiksed.ee\/ru\/mtu-vaikuse-lapsed\/","og_site_name":"Vaikuse lapsed","article_modified_time":"2023-10-15T11:21:52+00:00","twitter_card":"summary_large_image","twitter_misc":{"\u041f\u0440\u0438\u043c\u0435\u0440\u043d\u043e\u0435 \u0432\u0440\u0435\u043c\u044f \u0434\u043b\u044f \u0447\u0442\u0435\u043d\u0438\u044f":"1 \u043c\u0438\u043d\u0443\u0442\u0430"},"schema":{"@context":"https:\/\/schema.org","@graph":[{"@type":"WebPage","@id":"https:\/\/vaiksed.ee\/mtu-vaikuse-lapsed\/","url":"https:\/\/vaiksed.ee\/mtu-vaikuse-lapsed\/","name":"MT\u00dc Vaikuse lapsed | Vaikuse lapsed","isPartOf":{"@id":"https:\/\/vaiksed.ee\/#website"},"datePublished":"2019-09-29T21:21:28+00:00","dateModified":"2023-10-15T11:21:52+00:00","description":"MT\u00dc Vaikuse lapsed on abiks lapse kaotuse ja leinaga toime tulekuks. Ka informeerida avalikkust ja haiglate personali lapse kaotanud vanemate vajadustest. Loe siit.","breadcrumb":{"@id":"https:\/\/vaiksed.ee\/mtu-vaikuse-lapsed\/#breadcrumb"},"inLanguage":"ru-RU","potentialAction":[{"@type":"ReadAction","target":["https:\/\/vaiksed.ee\/mtu-vaikuse-lapsed\/"]}]},{"@type":"BreadcrumbList","@id":"https:\/\/vaiksed.ee\/mtu-vaikuse-lapsed\/#breadcrumb","itemListElement":[{"@type":"ListItem","position":1,"name":"Home","item":"https:\/\/vaiksed.ee\/"},{"@type":"ListItem","position":2,"name":"MT\u00dc Vaikuse Lapsed"}]},{"@type":"WebSite","@id":"https:\/\/vaiksed.ee\/#website","url":"https:\/\/vaiksed.ee\/","name":"Vaikuse lapsed","description":"Vaikuselaps, las valvab su \u00fcle valguse vaim \u2013 rahu ja armastus","publisher":{"@id":"https:\/\/vaiksed.ee\/#organization"},"potentialAction":[{"@type":"SearchAction","target":{"@type":"EntryPoint","urlTemplate":"https:\/\/vaiksed.ee\/?s={search_term_string}"},"query-input":"required name=search_term_string"}],"inLanguage":"ru-RU"},{"@type":"Organization","@id":"https:\/\/vaiksed.ee\/#organization","name":"Vaikuse lapsed","url":"https:\/\/vaiksed.ee\/","logo":{"@type":"ImageObject","inLanguage":"ru-RU","@id":"https:\/\/vaiksed.ee\/#\/schema\/logo\/image\/","url":"https:\/\/vaiksed.ee\/wp-content\/uploads\/2022\/11\/173568.png","contentUrl":"https:\/\/vaiksed.ee\/wp-content\/uploads\/2022\/11\/173568.png","width":500,"height":500,"caption":"Vaikuse lapsed"},"image":{"@id":"https:\/\/vaiksed.ee\/#\/schema\/logo\/image\/"}}]}},"_links":{"self":[{"href":"https:\/\/vaiksed.ee\/ru\/wp-json\/wp\/v2\/pages\/87"}],"collection":[{"href":"https:\/\/vaiksed.ee\/ru\/wp-json\/wp\/v2\/pages"}],"about":[{"href":"https:\/\/vaiksed.ee\/ru\/wp-json\/wp\/v2\/types\/page"}],"author":[{"embeddable":true,"href":"https:\/\/vaiksed.ee\/ru\/wp-json\/wp\/v2\/users\/174446673"}],"replies":[{"embeddable":true,"href":"https:\/\/vaiksed.ee\/ru\/wp-json\/wp\/v2\/comments?post=87"}],"version-history":[{"count":37,"href":"https:\/\/vaiksed.ee\/ru\/wp-json\/wp\/v2\/pages\/87\/revisions"}],"predecessor-version":[{"id":2554,"href":"https:\/\/vaiksed.ee\/ru\/wp-json\/wp\/v2\/pages\/87\/revisions\/2554"}],"wp:attachment":[{"href":"https:\/\/vaiksed.ee\/ru\/wp-json\/wp\/v2\/media?parent=87"}],"curies":[{"name":"wp","href":"https:\/\/api.w.org\/{rel}","templated":true}]}}