{"id":31,"date":"2019-09-30T05:17:33","date_gmt":"2019-09-30T05:17:33","guid":{"rendered":"https:\/\/vaiksed.ee\/?page_id=31"},"modified":"2023-12-21T18:02:54","modified_gmt":"2023-12-21T18:02:54","slug":"vaikuse-laste-rahupaik","status":"publish","type":"page","link":"https:\/\/vaiksed.ee\/ru\/vaikuse-laste-rahupaik\/","title":{"rendered":"\u041c\u0435\u0441\u0442\u043e \u0443\u043f\u043e\u043a\u043e\u0435\u043d\u0438\u044f \u0414\u0435\u0442\u0438 \u0442\u0438\u0448\u0438\u043d\u044b"},"content":{"rendered":"<div data-elementor-type=\"wp-page\" data-elementor-id=\"31\" class=\"elementor elementor-31\">\n\t\t\t\t\t\t\t\t\t<section class=\"penci-section penci-disSticky penci-structure-20 elementor-section elementor-top-section elementor-element elementor-element-d84c324 elementor-section-boxed elementor-section-height-default elementor-section-height-default\" data-id=\"d84c324\" data-element_type=\"section\">\n\t\t\t\t\t\t<div class=\"elementor-container elementor-column-gap-default\">\n\t\t\t\t\t<div class=\"penci-ercol-50 penci-ercol-order-1 penci-sticky-ct    elementor-column elementor-col-50 elementor-top-column elementor-element elementor-element-97e8e8b\" data-id=\"97e8e8b\" data-element_type=\"column\">\n\t\t\t<div class=\"elementor-widget-wrap elementor-element-populated\">\n\t\t\t\t\t\t\t\t<div class=\"elementor-element elementor-element-ce07738 elementor-widget elementor-widget-image\" data-id=\"ce07738\" data-element_type=\"widget\" data-widget_type=\"image.default\">\n\t\t\t\t<div class=\"elementor-widget-container\">\n\t\t\t<style>\/*! elementor - v3.12.0 - 29-03-2023 *\/\n.elementor-widget-image{text-align:center}.elementor-widget-image a{display:inline-block}.elementor-widget-image a img[src$=\".svg\"]{width:48px}.elementor-widget-image img{vertical-align:middle;display:inline-block}<\/style>\t\t\t\t\t\t\t\t\t\t\t\t<img decoding=\"async\" width=\"450\" height=\"450\" src=\"https:\/\/vaiksed.ee\/wp-content\/uploads\/2019\/10\/rahupaik-2.jpg\" class=\"attachment-large size-large wp-image-490\" alt=\"\" \/>\t\t\t\t\t\t\t\t\t\t\t\t\t\t\t<\/div>\n\t\t\t\t<\/div>\n\t\t\t\t\t<\/div>\n\t\t<\/div>\n\t\t\t\t<div class=\"penci-ercol-50 penci-ercol-order-2 penci-sticky-ct    elementor-column elementor-col-50 elementor-top-column elementor-element elementor-element-95e29f3\" data-id=\"95e29f3\" data-element_type=\"column\">\n\t\t\t<div class=\"elementor-widget-wrap elementor-element-populated\">\n\t\t\t\t\t\t\t\t<div class=\"elementor-element elementor-element-a0ca961 elementor-widget elementor-widget-text-editor\" data-id=\"a0ca961\" data-element_type=\"widget\" data-widget_type=\"text-editor.default\">\n\t\t\t\t<div class=\"elementor-widget-container\">\n\t\t\t<style>\/*! elementor - v3.12.0 - 29-03-2023 *\/\n.elementor-widget-text-editor.elementor-drop-cap-view-stacked .elementor-drop-cap{background-color:#69727d;color:#fff}.elementor-widget-text-editor.elementor-drop-cap-view-framed .elementor-drop-cap{color:#69727d;border:3px solid;background-color:transparent}.elementor-widget-text-editor:not(.elementor-drop-cap-view-default) .elementor-drop-cap{margin-top:8px}.elementor-widget-text-editor:not(.elementor-drop-cap-view-default) .elementor-drop-cap-letter{width:1em;height:1em}.elementor-widget-text-editor .elementor-drop-cap{float:left;text-align:center;line-height:1;font-size:50px}.elementor-widget-text-editor .elementor-drop-cap-letter{display:inline-block}<\/style>\t\t\t\t<p><b>L\u00e4\u00e4ne-Harju vallas,\u00a0<a href=\"https:\/\/goo.gl\/maps\/4AnmHQSbpy59FN6q6\" target=\"_blank\" rel=\"noreferrer noopener\" aria-label=\"Harju-Risti kirikaias (avatakse uues sakis)\">\u0432 \u0446\u0435\u0440\u043a\u043e\u0432\u043d\u043e\u043c \u0441\u0430\u0434\u0443 \u0425\u0430\u0440\u044c\u044e-\u0420\u0438\u0441\u0442\u0438<\/a>\u00a0asub Vaikuse laste rahupaik.\u00a0<\/b>See on koht, mis on m\u00f5eldud peredele, kes on kogenud lapse surnults\u00fcndi v\u00f5i lapse kaotust vasts\u00fcndinueas. Samuti pakub m\u00e4lestuspaik tuge neile, kes leinavad oma looteeas ehk raseduse katkemise t\u00f5ttu kaotatud last, kellel v\u00f5ib-olla hauda polegi.<\/p>\n<p><span style=\"color: inherit; font-family: inherit; font-size: inherit; font-weight: inherit; text-align: inherit;\">\u041c\u043d\u043e\u0433\u0438\u043c \u0440\u043e\u0434\u0438\u0442\u0435\u043b\u044f\u043c \u0447\u0443\u0436\u0434\u0430 \u043c\u044b\u0441\u043b\u044c \u043e \u0442\u043e\u043c, \u0447\u0442\u043e \u043e\u043d\u0438 \u043e\u0442\u043d\u0435\u0441\u0443\u0442 \u043c\u0430\u043b\u0435\u043d\u044c\u043a\u043e\u0435, \u043d\u0435 \u0438\u0437\u0432\u0435\u0434\u0430\u0432\u0448\u0435\u0435 \u043b\u0430\u0441\u043a\u0438 \u0442\u0435\u043b\u044c\u0446\u0435 \u0441\u0432\u043e\u0435\u0433\u043e \u043c\u0430\u043b\u044b\u0448\u0430 \u043a\u0443\u0434\u0430-\u0442\u043e \u043d\u0430 \u0447\u0443\u0436\u043e\u0435 \u0438 \u0445\u043e\u043b\u043e\u0434\u043d\u043e\u0435 \u043a\u043b\u0430\u0434\u0431\u0438\u0449\u0435. \u0423 \u043c\u043d\u043e\u0433\u0438\u0445 \u043c\u043e\u043b\u043e\u0434\u044b\u0445 \u0440\u043e\u0434\u0438\u0442\u0435\u043b\u0435\u0439 \u0435\u0449\u0435 \u0438 \u043d\u0435\u0442 \u043d\u0438\u0433\u0434\u0435 \u0441\u0432\u043e\u0435\u0433\u043e \u0441\u0435\u043c\u0435\u0439\u043d\u043e\u0433\u043e \u043c\u0435\u0441\u0442\u0430, \u043f\u043e\u0442\u043e\u043c\u0443 \u0447\u0442\u043e \u0441\u043e\u0431\u0441\u0442\u0432\u0435\u043d\u043d\u0430\u044f \u0441\u043c\u0435\u0440\u0442\u044c \u043a\u0430\u0436\u0435\u0442\u0441\u044f \u0447\u0435\u043c-\u0442\u043e \u0434\u0430\u043b\u0435\u043a\u0438\u043c. \u0422\u0430\u043a\u0438\u043c \u0441\u0435\u043c\u044c\u044f\u043c \u043c\u0435\u0441\u0442\u043e \u0443\u043f\u043e\u043a\u043e\u0435\u043d\u0438\u044f \u0414\u0435\u0442\u0438 \u0442\u0438\u0448\u0438\u043d\u044b \u043f\u0440\u0435\u0434\u043e\u0441\u0442\u0430\u0432\u043b\u044f\u0435\u0442 \u0432\u043e\u0437\u043c\u043e\u0436\u043d\u043e\u0441\u0442\u044c \u043f\u043e\u0433\u0440\u0435\u0431\u0435\u043d\u0438\u044f \u043f\u0440\u0430\u0445\u0430 \u0441\u0432\u043e\u0435\u0433\u043e \u0440\u0435\u0431\u0435\u043d\u043a\u0430.<\/span><\/p>\n<p><b>Rahupaigas ei ole ridamisi v\u00e4ikeseid hauaplatse, vaid \u00fcks maamulda ulatuv, vaskplaadi ja pisikeste jalaj\u00e4lgedega kaetud avaus ehk haud. Lapse matusel kallatakse tema tuhk sinna, kus on ees ootamas juba palud teised temasugused.\u00a0<\/b><\/p>\n<p><span style=\"color: inherit; font-family: inherit; font-size: inherit; font-weight: inherit; text-align: inherit;\">\u0418\u043d\u0438\u0446\u0438\u0430\u0442\u0438\u0432\u0430 \u043f\u043e \u0441\u043e\u0437\u0434\u0430\u043d\u0438\u044e \u043c\u0435\u0441\u0442\u0430 \u0443\u043f\u043e\u043a\u043e\u0435\u043d\u0438\u044f \u0438\u0441\u0445\u043e\u0434\u0438\u043b\u0430 \u0438\u043c\u0435\u043d\u043d\u043e \u043e\u0442 \u043e\u0434\u043d\u043e\u0439 \u0442\u0430\u043a\u043e\u0439 \u0441\u0435\u043c\u044c\u0438, \u043a\u043e\u0442\u043e\u0440\u0430\u044f \u043e\u0431\u0440\u0435\u043b\u0430 \u043f\u043e\u0434\u0434\u0435\u0440\u0436\u043a\u0443 \u0432 \u0441\u0432\u043e\u0435\u043c \u0433\u043e\u0440\u0435 \u0438\u043c\u0435\u043d\u043d\u043e \u0432 \u043f\u043e\u0434\u043e\u0431\u043d\u043e\u043c \u043c\u0435\u0441\u0442\u0435 \u0443\u043f\u043e\u043a\u043e\u0435\u043d\u0438\u044f \u0432 \u0420\u0438\u0433\u0435. \u041e\u043f\u044b\u0442 \u043c\u043d\u043e\u0433\u0438\u0445 \u0434\u0440\u0443\u0433\u0438\u0445 \u0441\u0442\u0440\u0430\u043d \u0441\u0432\u0438\u0434\u0435\u0442\u0435\u043b\u044c\u0441\u0442\u0432\u0443\u0435\u0442, \u0447\u0442\u043e \u0442\u0430\u043a\u0438\u0435 \u043c\u0435\u0441\u0442\u0430 \u043f\u043e\u043c\u043e\u0433\u0430\u044e\u0442. \u042d\u0442\u0430 \u043f\u043e\u043c\u043e\u0449\u044c \u0438 \u043f\u043e\u0434\u0434\u0435\u0440\u0436\u043a\u0430 \u0438\u0441\u0445\u043e\u0434\u0438\u0442 \u0438 \u043e\u0442 \u043f\u043e\u043d\u0438\u043c\u0430\u043d\u0438\u044f \u0442\u043e\u0433\u043e, \u0447\u0442\u043e \u0442\u044b \u043d\u0435 \u043e\u0434\u0438\u043d\u043e\u043a, \u0447\u0442\u043e \u0435\u0441\u0442\u044c \u0438 \u0434\u0440\u0443\u0433\u0438\u0435, \u043a\u043e\u0442\u043e\u0440\u044b\u0435 \u043f\u0435\u0440\u0435\u0436\u0438\u043b\u0438 \u044d\u0442\u0443 \u0431\u0435\u0437\u0443\u043c\u043d\u0443\u044e \u0431\u043e\u043b\u044c \u0438 \u0432\u0441\u0451 \u0436\u0435 \u043d\u0430\u0448\u043b\u0438 \u0432 \u0441\u0435\u0431\u0435 \u0441\u0438\u043b\u044b, \u0447\u0442\u043e\u0431\u044b \u0436\u0438\u0442\u044c \u0434\u0430\u043b\u044c\u0448\u0435.<\/span><\/p>\t\t\t\t\t\t<\/div>\n\t\t\t\t<\/div>\n\t\t\t\t\t<\/div>\n\t\t<\/div>\n\t\t\t\t\t\t\t<\/div>\n\t\t<\/section>\n\t\t\t\t<section class=\"penci-section penci-disSticky penci-structure-10 elementor-section elementor-top-section elementor-element elementor-element-647df4fa elementor-section-boxed elementor-section-height-default elementor-section-height-default\" data-id=\"647df4fa\" data-element_type=\"section\">\n\t\t\t\t\t\t<div class=\"elementor-container elementor-column-gap-default\">\n\t\t\t\t\t<div class=\"penci-ercol-100 penci-ercol-order-1 penci-sticky-ct    elementor-column elementor-col-100 elementor-top-column elementor-element elementor-element-68f34884\" data-id=\"68f34884\" data-element_type=\"column\">\n\t\t\t<div class=\"elementor-widget-wrap elementor-element-populated\">\n\t\t\t\t\t\t\t\t<div class=\"elementor-element elementor-element-f67a157 elementor-widget__width-initial elementor-widget elementor-widget-text-editor\" data-id=\"f67a157\" data-element_type=\"widget\" data-widget_type=\"text-editor.default\">\n\t\t\t\t<div class=\"elementor-widget-container\">\n\t\t\t\t\t\t\t<p><!-- wp:image {\"align\":\"left\",\"id\":490,\"width\":500,\"height\":500,\"sizeSlug\":\"large\"} --><\/p>\n<p><span style=\"color: inherit; font-family: inherit; font-size: inherit; font-weight: inherit; text-align: inherit;\">\u0421\u0442\u0430\u043b\u043e \u0442\u0440\u0430\u0434\u0438\u0446\u0438\u0435\u0439, \u0447\u0442\u043e \u0434\u0432\u0430 \u0440\u0430\u0437\u0430 \u0432 \u0433\u043e\u0434 - \u0432 \u0414\u0435\u043d\u044c \u043c\u0430\u0442\u0435\u0440\u0438 \u0432\u0435\u0441\u043d\u043e\u0439 \u0438 \u0432 \u0414\u0435\u043d\u044c \u043f\u043e\u043c\u0438\u043d\u043e\u0432\u0435\u043d\u0438\u044f \u0443\u0441\u043e\u043f\u0448\u0438\u0445 \u043e\u0441\u0435\u043d\u044c\u044e - \u0440\u043e\u0434\u0438\u0442\u0435\u043b\u0438 \u0414\u0435\u0442\u0435\u0439 \u0442\u0438\u0448\u0438\u043d\u044b \u0441\u043e\u0431\u0438\u0440\u0430\u044e\u0442\u0441\u044f \u0432 \u043c\u0435\u0441\u0442\u0435 \u0443\u043f\u043e\u043a\u043e\u0435\u043d\u0438\u044f. \u0412\u043c\u0435\u0441\u0442\u0435 \u043e\u043d\u0438 \u0443\u0431\u0438\u0440\u0430\u044e\u0442 \u0442\u0435\u0440\u0440\u0438\u0442\u043e\u0440\u0438\u044e \u0432\u043e\u043a\u0440\u0443\u0433 \u043f\u0430\u043c\u044f\u0442\u043d\u0438\u043a\u0430 \u0438 \u0433\u043e\u0432\u043e\u0440\u044f\u0442 \u043e \u0442\u043e\u043c, \u0447\u0442\u043e \u0443 \u043d\u0438\u0445 \u043d\u0430 \u0434\u0443\u0448\u0435.\u00a0<\/span><span style=\"color: inherit; font-family: inherit; font-size: inherit; font-weight: inherit; text-align: inherit;\">Rahupaiga valmimist\u00a0<\/span><span style=\"color: inherit; font-family: inherit; font-size: inherit; font-weight: inherit; text-align: inherit;\">on toetanud <\/span><a style=\"font-family: inherit; font-size: inherit; font-weight: inherit; text-align: inherit;\" href=\"http:\/\/www.pria.ee\/et\/toetused\/valdkond\/leader\" target=\"_blank\" rel=\"noreferrer noopener\" aria-label=\" (opens in a new tab)\">Pria Leader-meede<\/a><span style=\"color: inherit; font-family: inherit; font-size: inherit; font-weight: inherit; text-align: inherit;\">, <\/span><a style=\"font-family: inherit; font-size: inherit; font-weight: inherit; text-align: inherit;\" href=\"http:\/\/www.ekn.ee\/index.php\">Eesti Kirikute N\u00f5ukogu<\/a><span style=\"color: inherit; font-family: inherit; font-size: inherit; font-weight: inherit; text-align: inherit;\">, paljud eraisikud ja kogudused.<\/span><strong style=\"font-family: inherit; font-size: inherit; text-align: inherit; color: #339999;\">\u00a0<\/strong><\/p>\n<p class=\"has-text-color has-medium-font-size\" style=\"color: #339999;\"><strong>\u041f\u043e\u0445\u043e\u0440\u043e\u043d\u044b \u0440\u0435\u0431\u0435\u043d\u043a\u0430 \u0432 \u043c\u0435\u0441\u0442\u0435 \u0443\u043f\u043e\u043a\u043e\u0435\u043d\u0438\u044f\u00a0<\/strong><\/p>\n<p><!-- \/wp:paragraph --><\/p>\n<p><!-- wp:paragraph --><\/p>\n<p>\u0417\u0430 \u0431\u043e\u043b\u0435\u0435 \u0442\u043e\u0447\u043d\u043e\u0439 \u0438\u043d\u0444\u043e\u0440\u043c\u0430\u0446\u0438\u0435\u0439 \u043e \u0432\u043e\u0437\u043c\u043e\u0436\u043d\u043e\u0441\u0442\u044f\u0445 \u043f\u043e\u0433\u0440\u0435\u0431\u0435\u043d\u0438\u044f \u0432 \u043c\u0435\u0441\u0442\u0435 \u0443\u043f\u043e\u043a\u043e\u0435\u043d\u0438\u044f \u043e\u0431\u0440\u0430\u0449\u0430\u0439\u0442\u0435\u0441\u044c \u043a \u043f\u0430\u0441\u0442\u043e\u0440\u0443 \u0446\u0435\u0440\u043a\u0432\u0438 \u0420\u0438\u0441\u0442\u0438 \u0410\u043d\u043d\u0438\u043a\u0435 \u041b\u0430\u0430\u0442\u0441 \u043f\u043e \u0442\u0435\u043b\u0435\u0444\u043e\u043d\u0443 5564 9256 \u0438\u043b\u0438 \u043f\u043e \u044d\u043b\u0435\u043a\u0442\u0440\u043e\u043d\u043d\u043e\u0439 \u043f\u043e\u0447\u0442\u0435 annika.laats@eelk.ee.<\/p>\n<p><!-- \/wp:paragraph --><\/p>\n<p><!-- wp:paragraph --><\/p>\n<p>\u0421\u043e\u0433\u043b\u0430\u0441\u043d\u043e \u0417\u0430\u043a\u043e\u043d\u0443 \u043e \u043a\u043b\u0430\u0434\u0431\u0438\u0449\u0430\u0445, \u0432\u0441\u0435 \u043f\u043e\u0445\u043e\u0440\u043e\u043d\u044b, \u0432 \u0442\u043e\u043c \u0447\u0438\u0441\u043b\u0435 \u0440\u0430\u0437\u0432\u0435\u0438\u0432\u0430\u043d\u0438\u0435 \u043f\u0440\u0430\u0445\u0430 \u043d\u0430 \u043a\u043b\u0430\u0434\u0431\u0438\u0449\u0435, \u0434\u043e\u043b\u0436\u043d\u044b \u0431\u044b\u0442\u044c \u0437\u0430\u0440\u0435\u0433\u0438\u0441\u0442\u0440\u0438\u0440\u043e\u0432\u0430\u043d\u044b.<\/p>\n<p><!-- \/wp:paragraph --><\/p>\n<p><!-- wp:paragraph --><\/p>\n<p>\u0415\u0441\u043b\u0438 \u0432\u044b \u0445\u043e\u0442\u0438\u0442\u0435 \u043f\u0440\u043e\u0438\u0437\u0432\u0435\u0441\u0442\u0438 \u0437\u0430\u0445\u043e\u0440\u043e\u043d\u0435\u043d\u0438\u0435 \u043d\u0430 \u043a\u0430\u043a\u043e\u043c-\u043b\u0438\u0431\u043e \u0434\u0440\u0443\u0433\u043e\u043c \u043a\u043b\u0430\u0434\u0431\u0438\u0449\u0435, \u043e\u0431\u0440\u0430\u0442\u0438\u0442\u0435\u0441\u044c \u043a \u043c\u0435\u0441\u0442\u043d\u043e\u043c\u0443 \u0441\u0432\u044f\u0449\u0435\u043d\u043d\u0438\u043a\u0443 \u0438\u043b\u0438 \u0441\u0432\u044f\u0436\u0438\u0442\u0435\u0441\u044c \u0441 \u044d\u0442\u0438\u043c \u043a\u043b\u0430\u0434\u0431\u0438\u0449\u0435\u043c \u043f\u043e \u0430\u0434\u0440\u0435\u0441\u0443, \u043a\u043e\u0442\u043e\u0440\u044b\u0439 \u043c\u043e\u0436\u043d\u043e \n\u043d\u0430\u0439\u0442\u0438 \u043d\u0430 \u0441\u0430\u0439\u0442\u0435 <a href=\"http:\/\/www.kalmistud.ee\" target=\"_blank\" rel=\"noreferrer noopener\" aria-label=\" (opens in a new tab)\">www.kalmistud.ee<\/a>.<\/p>\n<p><!-- \/wp:paragraph --><\/p>\n<p><!-- wp:paragraph --><\/p>\n<p><b>\u041c\u0430\u0442\u0435\u0440\u0438 \u0438 \u043e\u0442\u0446\u044b, \u0434\u0435\u0442\u0438 \u043a\u043e\u0442\u043e\u0440\u044b\u0445 \u043f\u043e\u043a\u043e\u044f\u0442\u0441\u044f \u0441\u0440\u0435\u0434\u0438 \u0414\u0435\u0442\u0435\u0439 \u0442\u0438\u0448\u0438\u043d\u044b, \u0443\u0441\u043b\u043e\u0432\u0438\u043b\u0438\u0441\u044c \u043c\u0435\u0436\u0434\u0443 \u0441\u043e\u0431\u043e\u0439 \u043e \u043f\u0440\u0430\u0432\u0438\u043b\u0430\u0445 \u043c\u0435\u0441\u0442\u0430 \u0443\u043f\u043e\u043a\u043e\u0435\u043d\u0438\u044f.<\/b> <b>\u041f\u043e\u0434\u0440\u043e\u0431\u043d\u0435\u0435 \u043e \u043d\u0438\u0445 <a href=\"https:\/\/vaiksed.ee\/ru\/rahupaiga-kodukord\/\">\u043d\u0430\u043f\u0438\u0441\u0430\u043d\u043e \u0437\u0434\u0435\u0441\u044c.<\/a>.<\/b><\/p>\n<p><!-- \/wp:paragraph --><\/p>\n<p><!-- wp:paragraph {\"align\":\"right\"} --><\/p>\n<p class=\"has-text-align-right\"><strong><strong>\u0421\u043b\u0435\u0434\u0443\u044e\u0449\u0438\u0439: <a href=\"https:\/\/vaiksed.ee\/ru\/malestustekarp\/\">\u0425\u0440\u0430\u043d\u0435\u043d\u0438\u0435 \u0432\u043e\u0441\u043f\u043e\u043c\u0438\u043d\u0430\u043d\u0438\u0439 \u043e \u043f\u043e\u0442\u0435\u0440\u044f\u043d\u043d\u043e\u043c \u0440\u0435\u0431\u0435\u043d\u043a\u0435<\/a><\/strong><\/strong><\/p>\n<p><!-- \/wp:paragraph --><\/p>\t\t\t\t\t\t<\/div>\n\t\t\t\t<\/div>\n\t\t\t\t\t<\/div>\n\t\t<\/div>\n\t\t\t\t\t\t\t<\/div>\n\t\t<\/section>\n\t\t\t\t\t\t\t<\/div>","protected":false},"excerpt":{"rendered":"<p>L\u00e4\u00e4ne-Harju vallas,\u00a0Harju-Risti kirikaias\u00a0asub Vaikuse laste rahupaik.\u00a0See on koht, mis on m\u00f5eldud peredele, kes on kogenud lapse surnults\u00fcndi v\u00f5i lapse kaotust vasts\u00fcndinueas. Samuti pakub m\u00e4lestuspaik tuge neile, kes leinavad oma looteeas&hellip;<\/p>","protected":false},"author":174446673,"featured_media":0,"parent":0,"menu_order":4,"comment_status":"closed","ping_status":"closed","template":"","meta":[],"yoast_head":"<!-- This site is optimized with the Yoast SEO plugin v20.12 - https:\/\/yoast.com\/wordpress\/plugins\/seo\/ -->\n<title>Vaikuse laste rahupaik | Vaikuse lapsed<\/title>\n<meta name=\"description\" content=\"Vaikuse laste rahupaik on peredele, kes on lapse kaotanud enne s\u00fcndi raseduse katkemisel v\u00f5i vasts\u00fcndinueas. Tugi leinaga toime tulekuks. Tutvu m\u00e4lestuspaigaga siin.\" \/>\n<meta name=\"robots\" content=\"index, follow, max-snippet:-1, max-image-preview:large, max-video-preview:-1\" \/>\n<link rel=\"canonical\" href=\"https:\/\/vaiksed.ee\/ru\/vaikuse-laste-rahupaik\/\" \/>\n<meta property=\"og:locale\" content=\"ru_RU\" \/>\n<meta property=\"og:type\" content=\"article\" \/>\n<meta property=\"og:title\" content=\"Vaikuse laste rahupaik | Vaikuse lapsed\" \/>\n<meta property=\"og:description\" content=\"Vaikuse laste rahupaik on peredele, kes on lapse kaotanud enne s\u00fcndi raseduse katkemisel v\u00f5i vasts\u00fcndinueas. Tugi leinaga toime tulekuks. Tutvu m\u00e4lestuspaigaga siin.\" \/>\n<meta property=\"og:url\" content=\"https:\/\/vaiksed.ee\/ru\/vaikuse-laste-rahupaik\/\" \/>\n<meta property=\"og:site_name\" content=\"Vaikuse lapsed\" \/>\n<meta property=\"article:modified_time\" content=\"2023-12-21T18:02:54+00:00\" \/>\n<meta property=\"og:image\" content=\"http:\/\/vaiksed.ee\/wp-content\/uploads\/2019\/10\/rahupaik-2.jpg\" \/>\n<meta name=\"twitter:card\" content=\"summary_large_image\" \/>\n<meta name=\"twitter:label1\" content=\"\u041f\u0440\u0438\u043c\u0435\u0440\u043d\u043e\u0435 \u0432\u0440\u0435\u043c\u044f \u0434\u043b\u044f \u0447\u0442\u0435\u043d\u0438\u044f\" \/>\n\t<meta name=\"twitter:data1\" content=\"2 \u043c\u0438\u043d\u0443\u0442\u044b\" \/>\n<script type=\"application\/ld+json\" class=\"yoast-schema-graph\">{\"@context\":\"https:\/\/schema.org\",\"@graph\":[{\"@type\":\"WebPage\",\"@id\":\"https:\/\/vaiksed.ee\/vaikuse-laste-rahupaik\/\",\"url\":\"https:\/\/vaiksed.ee\/vaikuse-laste-rahupaik\/\",\"name\":\"Vaikuse laste rahupaik | Vaikuse lapsed\",\"isPartOf\":{\"@id\":\"https:\/\/vaiksed.ee\/#website\"},\"datePublished\":\"2019-09-30T05:17:33+00:00\",\"dateModified\":\"2023-12-21T18:02:54+00:00\",\"description\":\"Vaikuse laste rahupaik on peredele, kes on lapse kaotanud enne s\u00fcndi raseduse katkemisel v\u00f5i vasts\u00fcndinueas. Tugi leinaga toime tulekuks. Tutvu m\u00e4lestuspaigaga siin.\",\"breadcrumb\":{\"@id\":\"https:\/\/vaiksed.ee\/vaikuse-laste-rahupaik\/#breadcrumb\"},\"inLanguage\":\"ru-RU\",\"potentialAction\":[{\"@type\":\"ReadAction\",\"target\":[\"https:\/\/vaiksed.ee\/vaikuse-laste-rahupaik\/\"]}]},{\"@type\":\"BreadcrumbList\",\"@id\":\"https:\/\/vaiksed.ee\/vaikuse-laste-rahupaik\/#breadcrumb\",\"itemListElement\":[{\"@type\":\"ListItem\",\"position\":1,\"name\":\"Home\",\"item\":\"https:\/\/vaiksed.ee\/\"},{\"@type\":\"ListItem\",\"position\":2,\"name\":\"Vaikuse laste rahupaik\"}]},{\"@type\":\"WebSite\",\"@id\":\"https:\/\/vaiksed.ee\/#website\",\"url\":\"https:\/\/vaiksed.ee\/\",\"name\":\"Vaikuse lapsed\",\"description\":\"Vaikuselaps, las valvab su \u00fcle valguse vaim \u2013 rahu ja armastus\",\"publisher\":{\"@id\":\"https:\/\/vaiksed.ee\/#organization\"},\"potentialAction\":[{\"@type\":\"SearchAction\",\"target\":{\"@type\":\"EntryPoint\",\"urlTemplate\":\"https:\/\/vaiksed.ee\/?s={search_term_string}\"},\"query-input\":\"required name=search_term_string\"}],\"inLanguage\":\"ru-RU\"},{\"@type\":\"Organization\",\"@id\":\"https:\/\/vaiksed.ee\/#organization\",\"name\":\"Vaikuse lapsed\",\"url\":\"https:\/\/vaiksed.ee\/\",\"logo\":{\"@type\":\"ImageObject\",\"inLanguage\":\"ru-RU\",\"@id\":\"https:\/\/vaiksed.ee\/#\/schema\/logo\/image\/\",\"url\":\"https:\/\/vaiksed.ee\/wp-content\/uploads\/2022\/11\/173568.png\",\"contentUrl\":\"https:\/\/vaiksed.ee\/wp-content\/uploads\/2022\/11\/173568.png\",\"width\":500,\"height\":500,\"caption\":\"Vaikuse lapsed\"},\"image\":{\"@id\":\"https:\/\/vaiksed.ee\/#\/schema\/logo\/image\/\"}}]}<\/script>\n<!-- \/ Yoast SEO plugin. -->","yoast_head_json":{"title":"Vaikuse laste rahupaik | Vaikuse lapsed","description":"Vaikuse laste rahupaik on peredele, kes on lapse kaotanud enne s\u00fcndi raseduse katkemisel v\u00f5i vasts\u00fcndinueas. Tugi leinaga toime tulekuks. Tutvu m\u00e4lestuspaigaga siin.","robots":{"index":"index","follow":"follow","max-snippet":"max-snippet:-1","max-image-preview":"max-image-preview:large","max-video-preview":"max-video-preview:-1"},"canonical":"https:\/\/vaiksed.ee\/ru\/vaikuse-laste-rahupaik\/","og_locale":"ru_RU","og_type":"article","og_title":"Vaikuse laste rahupaik | Vaikuse lapsed","og_description":"Vaikuse laste rahupaik on peredele, kes on lapse kaotanud enne s\u00fcndi raseduse katkemisel v\u00f5i vasts\u00fcndinueas. Tugi leinaga toime tulekuks. Tutvu m\u00e4lestuspaigaga siin.","og_url":"https:\/\/vaiksed.ee\/ru\/vaikuse-laste-rahupaik\/","og_site_name":"Vaikuse lapsed","article_modified_time":"2023-12-21T18:02:54+00:00","og_image":[{"url":"http:\/\/vaiksed.ee\/wp-content\/uploads\/2019\/10\/rahupaik-2.jpg"}],"twitter_card":"summary_large_image","twitter_misc":{"\u041f\u0440\u0438\u043c\u0435\u0440\u043d\u043e\u0435 \u0432\u0440\u0435\u043c\u044f \u0434\u043b\u044f \u0447\u0442\u0435\u043d\u0438\u044f":"2 \u043c\u0438\u043d\u0443\u0442\u044b"},"schema":{"@context":"https:\/\/schema.org","@graph":[{"@type":"WebPage","@id":"https:\/\/vaiksed.ee\/vaikuse-laste-rahupaik\/","url":"https:\/\/vaiksed.ee\/vaikuse-laste-rahupaik\/","name":"Vaikuse laste rahupaik | Vaikuse lapsed","isPartOf":{"@id":"https:\/\/vaiksed.ee\/#website"},"datePublished":"2019-09-30T05:17:33+00:00","dateModified":"2023-12-21T18:02:54+00:00","description":"Vaikuse laste rahupaik on peredele, kes on lapse kaotanud enne s\u00fcndi raseduse katkemisel v\u00f5i vasts\u00fcndinueas. Tugi leinaga toime tulekuks. Tutvu m\u00e4lestuspaigaga siin.","breadcrumb":{"@id":"https:\/\/vaiksed.ee\/vaikuse-laste-rahupaik\/#breadcrumb"},"inLanguage":"ru-RU","potentialAction":[{"@type":"ReadAction","target":["https:\/\/vaiksed.ee\/vaikuse-laste-rahupaik\/"]}]},{"@type":"BreadcrumbList","@id":"https:\/\/vaiksed.ee\/vaikuse-laste-rahupaik\/#breadcrumb","itemListElement":[{"@type":"ListItem","position":1,"name":"Home","item":"https:\/\/vaiksed.ee\/"},{"@type":"ListItem","position":2,"name":"Vaikuse laste rahupaik"}]},{"@type":"WebSite","@id":"https:\/\/vaiksed.ee\/#website","url":"https:\/\/vaiksed.ee\/","name":"Vaikuse lapsed","description":"Vaikuselaps, las valvab su \u00fcle valguse vaim \u2013 rahu ja armastus","publisher":{"@id":"https:\/\/vaiksed.ee\/#organization"},"potentialAction":[{"@type":"SearchAction","target":{"@type":"EntryPoint","urlTemplate":"https:\/\/vaiksed.ee\/?s={search_term_string}"},"query-input":"required name=search_term_string"}],"inLanguage":"ru-RU"},{"@type":"Organization","@id":"https:\/\/vaiksed.ee\/#organization","name":"Vaikuse lapsed","url":"https:\/\/vaiksed.ee\/","logo":{"@type":"ImageObject","inLanguage":"ru-RU","@id":"https:\/\/vaiksed.ee\/#\/schema\/logo\/image\/","url":"https:\/\/vaiksed.ee\/wp-content\/uploads\/2022\/11\/173568.png","contentUrl":"https:\/\/vaiksed.ee\/wp-content\/uploads\/2022\/11\/173568.png","width":500,"height":500,"caption":"Vaikuse lapsed"},"image":{"@id":"https:\/\/vaiksed.ee\/#\/schema\/logo\/image\/"}}]}},"_links":{"self":[{"href":"https:\/\/vaiksed.ee\/ru\/wp-json\/wp\/v2\/pages\/31"}],"collection":[{"href":"https:\/\/vaiksed.ee\/ru\/wp-json\/wp\/v2\/pages"}],"about":[{"href":"https:\/\/vaiksed.ee\/ru\/wp-json\/wp\/v2\/types\/page"}],"author":[{"embeddable":true,"href":"https:\/\/vaiksed.ee\/ru\/wp-json\/wp\/v2\/users\/174446673"}],"replies":[{"embeddable":true,"href":"https:\/\/vaiksed.ee\/ru\/wp-json\/wp\/v2\/comments?post=31"}],"version-history":[{"count":46,"href":"https:\/\/vaiksed.ee\/ru\/wp-json\/wp\/v2\/pages\/31\/revisions"}],"predecessor-version":[{"id":2655,"href":"https:\/\/vaiksed.ee\/ru\/wp-json\/wp\/v2\/pages\/31\/revisions\/2655"}],"wp:attachment":[{"href":"https:\/\/vaiksed.ee\/ru\/wp-json\/wp\/v2\/media?parent=31"}],"curies":[{"name":"wp","href":"https:\/\/api.w.org\/{rel}","templated":true}]}}