{"id":233,"date":"2019-09-30T01:12:28","date_gmt":"2019-09-30T01:12:28","guid":{"rendered":"https:\/\/vaiksed.ee\/?page_id=233"},"modified":"2023-12-21T19:28:19","modified_gmt":"2023-12-21T19:28:19","slug":"vaikuse-laste-trukis","status":"publish","type":"page","link":"https:\/\/vaiksed.ee\/ru\/praktilised-kusimused\/vaikuse-laste-trukis\/","title":{"rendered":"\u0420\u0443\u043a\u043e\u0432\u043e\u0434\u0441\u0442\u0432\u043e \u043f\u043e \u0434\u0435\u0439\u0441\u0442\u0432\u0438\u044f\u043c \u043f\u043e\u0441\u043b\u0435 \u043f\u043e\u0442\u0435\u0440\u0438 \u0440\u0435\u0431\u0435\u043d\u043a\u0430"},"content":{"rendered":"<div data-elementor-type=\"wp-page\" data-elementor-id=\"233\" class=\"elementor elementor-233\">\n\t\t\t\t\t\t\t\t\t<section class=\"penci-section penci-disSticky penci-structure-20 elementor-section elementor-top-section elementor-element elementor-element-8b1040c elementor-section-boxed elementor-section-height-default elementor-section-height-default\" data-id=\"8b1040c\" data-element_type=\"section\">\n\t\t\t\t\t\t<div class=\"elementor-container elementor-column-gap-default\">\n\t\t\t\t\t<div class=\"penci-ercol-50 penci-ercol-order-1 penci-sticky-ct    elementor-column elementor-col-50 elementor-top-column elementor-element elementor-element-7669af2\" data-id=\"7669af2\" data-element_type=\"column\">\n\t\t\t<div class=\"elementor-widget-wrap elementor-element-populated\">\n\t\t\t\t\t\t\t\t<div class=\"elementor-element elementor-element-b47ec16 elementor-widget elementor-widget-image\" data-id=\"b47ec16\" data-element_type=\"widget\" data-widget_type=\"image.default\">\n\t\t\t\t<div class=\"elementor-widget-container\">\n\t\t\t<style>\/*! elementor - v3.12.0 - 29-03-2023 *\/\n.elementor-widget-image{text-align:center}.elementor-widget-image a{display:inline-block}.elementor-widget-image a img[src$=\".svg\"]{width:48px}.elementor-widget-image img{vertical-align:middle;display:inline-block}<\/style>\t\t\t\t\t\t\t\t\t\t\t\t\t<a href=\"http:\/\/vaiksed.ee\/wp-content\/uploads\/2022\/07\/RUS_Vaikuselapsed_brosuur.pdf\">\n\t\t\t\t\t\t\t<img decoding=\"async\" width=\"188\" height=\"300\" src=\"https:\/\/vaiksed.ee\/wp-content\/uploads\/2023\/12\/RAAMAT_Vaikuse-Lapsed-188x300.png\" class=\"attachment-medium size-medium wp-image-2694\" alt=\"\" srcset=\"https:\/\/vaiksed.ee\/wp-content\/uploads\/2023\/12\/RAAMAT_Vaikuse-Lapsed-188x300.png 188w, https:\/\/vaiksed.ee\/wp-content\/uploads\/2023\/12\/RAAMAT_Vaikuse-Lapsed-8x12.png 8w, https:\/\/vaiksed.ee\/wp-content\/uploads\/2023\/12\/RAAMAT_Vaikuse-Lapsed-585x934.png 585w, https:\/\/vaiksed.ee\/wp-content\/uploads\/2023\/12\/RAAMAT_Vaikuse-Lapsed.png 604w\" sizes=\"(max-width: 188px) 100vw, 188px\" \/>\t\t\t\t\t\t\t\t<\/a>\n\t\t\t\t\t\t\t\t\t\t\t\t\t\t\t<\/div>\n\t\t\t\t<\/div>\n\t\t\t\t\t<\/div>\n\t\t<\/div>\n\t\t\t\t<div class=\"penci-ercol-50 penci-ercol-order-2 penci-sticky-ct    elementor-column elementor-col-50 elementor-top-column elementor-element elementor-element-b89f0a6\" data-id=\"b89f0a6\" data-element_type=\"column\">\n\t\t\t<div class=\"elementor-widget-wrap elementor-element-populated\">\n\t\t\t\t\t\t\t\t<div class=\"elementor-element elementor-element-9938d7f elementor-widget elementor-widget-text-editor\" data-id=\"9938d7f\" data-element_type=\"widget\" data-widget_type=\"text-editor.default\">\n\t\t\t\t<div class=\"elementor-widget-container\">\n\t\t\t<style>\/*! elementor - v3.12.0 - 29-03-2023 *\/\n.elementor-widget-text-editor.elementor-drop-cap-view-stacked .elementor-drop-cap{background-color:#69727d;color:#fff}.elementor-widget-text-editor.elementor-drop-cap-view-framed .elementor-drop-cap{color:#69727d;border:3px solid;background-color:transparent}.elementor-widget-text-editor:not(.elementor-drop-cap-view-default) .elementor-drop-cap{margin-top:8px}.elementor-widget-text-editor:not(.elementor-drop-cap-view-default) .elementor-drop-cap-letter{width:1em;height:1em}.elementor-widget-text-editor .elementor-drop-cap{float:left;text-align:center;line-height:1;font-size:50px}.elementor-widget-text-editor .elementor-drop-cap-letter{display:inline-block}<\/style>\t\t\t\t<p>\u0420\u0443\u043a\u043e\u0432\u043e\u0434\u0441\u0442\u0432\u043e \u00ab\u0414\u0435\u0442\u0435\u0439 \u0442\u0438\u0448\u0438\u043d\u044b\u00bb \u0434\u0430\u0435\u0442 \u0441\u043e\u0432\u0435\u0442\u044b \u0438 \u0434\u0435\u043b\u0438\u0442\u0441\u044f \u043e\u043f\u044b\u0442\u043e\u043c \u0441 \u0440\u043e\u0434\u0438\u0442\u0435\u043b\u044f\u043c\u0438, \u043a\u043e\u0442\u043e\u0440\u044b\u0435 \u043f\u0435\u0440\u0435\u0436\u0438\u043b\u0438 \u043f\u043e\u0442\u0435\u0440\u044e \u0440\u0435\u0431\u0435\u043d\u043a\u0430, \u0432\u044b\u043a\u0438\u0434\u044b\u0448 \u0438\u043b\u0438 \u043f\u0440\u0435\u0440\u044b\u0432\u0430\u043d\u0438\u0435 \u0431\u0435\u0440\u0435\u043c\u0435\u043d\u043d\u043e\u0441\u0442\u0438, \u0438 \u0431\u044b\u043b\u0438 \u0432\u044b\u043d\u0443\u0436\u0434\u0435\u043d\u044b \u0440\u0430\u043d\u043e \u0440\u0430\u0441\u0441\u0442\u0430\u0442\u044c\u0441\u044f \u0441\u043e \u0441\u0432\u043e\u0438\u043c \u0440\u0435\u0431\u0435\u043d\u043a\u043e\u043c.<\/p>\n<p>\u041d\u0430\u0436\u043c\u0438\u0442\u0435 \u043d\u0430 \u0438\u0437\u043e\u0431\u0440\u0430\u0436\u0435\u043d\u0438\u0435, \u0447\u0442\u043e\u0431\u044b \u0443\u0432\u0438\u0434\u0435\u0442\u044c \u0440\u0443\u043a\u043e\u0432\u043e\u0434\u0441\u0442\u0432\u043e \u0432 \u0444\u043e\u0440\u043c\u0430\u0442\u0435 PDF.<\/p>\n<p><strong><strong>\u0421\u043b\u0435\u0434\u0443\u044e\u0449\u0438\u0439:\u00a0<a href=\"https:\/\/vaiksed.ee\/ru\/vaikuse-laste-rahupaik\/\">\u041c\u0435\u0441\u0442\u043e \u0443\u043f\u043e\u043a\u043e\u0435\u043d\u0438\u044f \u0414\u0435\u0442\u0438 \u0442\u0438\u0448\u0438\u043d\u044b<\/a><\/strong><\/strong><\/p>\t\t\t\t\t\t<\/div>\n\t\t\t\t<\/div>\n\t\t\t\t\t<\/div>\n\t\t<\/div>\n\t\t\t\t\t\t\t<\/div>\n\t\t<\/section>\n\t\t\t\t\t\t\t<\/div>","protected":false},"excerpt":{"rendered":"<p>Tr\u00fckis &#8220;Vaikuse lapsed&#8221; annab n\u00f5u ja jagab kogemusi vanematele, kes on l\u00e4bi elanud lapse kaotuse, raseduse katkestamise v\u00f5i raseduse katkemise ning pidanud oma lapsega h\u00fcvasti j\u00e4tma. Kl\u00f5psa pildile, et n\u00e4ha&hellip;<\/p>","protected":false},"author":174446673,"featured_media":0,"parent":104,"menu_order":7,"comment_status":"closed","ping_status":"closed","template":"","meta":[],"yoast_head":"<!-- This site is optimized with the Yoast SEO plugin v20.12 - https:\/\/yoast.com\/wordpress\/plugins\/seo\/ -->\n<title>Vaikuse laste tr\u00fckis n\u00f5u ja abi jaoks | Vaikuse lapsed<\/title>\n<meta name=\"description\" content=\"Vaikuse laste tr\u00fckis on abiks vanematele ja l\u00e4hedastele, kes on kogenud lapse kaotust, raseduse katkemist v\u00f5i lapse surnults\u00fcndi. Leia teiste n\u00f5u ja kogemused siit.\" \/>\n<meta name=\"robots\" content=\"index, follow, max-snippet:-1, max-image-preview:large, max-video-preview:-1\" \/>\n<link rel=\"canonical\" href=\"https:\/\/vaiksed.ee\/ru\/praktilised-kusimused\/vaikuse-laste-trukis\/\" \/>\n<meta property=\"og:locale\" content=\"ru_RU\" \/>\n<meta property=\"og:type\" content=\"article\" \/>\n<meta property=\"og:title\" content=\"Vaikuse laste tr\u00fckis n\u00f5u ja abi jaoks | Vaikuse lapsed\" \/>\n<meta property=\"og:description\" content=\"Vaikuse laste tr\u00fckis on abiks vanematele ja l\u00e4hedastele, kes on kogenud lapse kaotust, raseduse katkemist v\u00f5i lapse surnults\u00fcndi. Leia teiste n\u00f5u ja kogemused siit.\" \/>\n<meta property=\"og:url\" content=\"https:\/\/vaiksed.ee\/ru\/praktilised-kusimused\/vaikuse-laste-trukis\/\" \/>\n<meta property=\"og:site_name\" content=\"Vaikuse lapsed\" \/>\n<meta property=\"article:modified_time\" content=\"2023-12-21T19:28:19+00:00\" \/>\n<meta property=\"og:image\" content=\"http:\/\/vaiksed.ee\/wp-content\/uploads\/2023\/12\/RAAMAT_Vaikuse-Lapsed-188x300.png\" \/>\n<meta name=\"twitter:card\" content=\"summary_large_image\" \/>\n<meta name=\"twitter:label1\" content=\"\u041f\u0440\u0438\u043c\u0435\u0440\u043d\u043e\u0435 \u0432\u0440\u0435\u043c\u044f \u0434\u043b\u044f \u0447\u0442\u0435\u043d\u0438\u044f\" \/>\n\t<meta name=\"twitter:data1\" content=\"1 \u043c\u0438\u043d\u0443\u0442\u0430\" \/>\n<script type=\"application\/ld+json\" class=\"yoast-schema-graph\">{\"@context\":\"https:\/\/schema.org\",\"@graph\":[{\"@type\":\"WebPage\",\"@id\":\"https:\/\/vaiksed.ee\/praktilised-kusimused\/vaikuse-laste-trukis\/\",\"url\":\"https:\/\/vaiksed.ee\/praktilised-kusimused\/vaikuse-laste-trukis\/\",\"name\":\"Vaikuse laste tr\u00fckis n\u00f5u ja abi jaoks | Vaikuse lapsed\",\"isPartOf\":{\"@id\":\"https:\/\/vaiksed.ee\/#website\"},\"datePublished\":\"2019-09-30T01:12:28+00:00\",\"dateModified\":\"2023-12-21T19:28:19+00:00\",\"description\":\"Vaikuse laste tr\u00fckis on abiks vanematele ja l\u00e4hedastele, kes on kogenud lapse kaotust, raseduse katkemist v\u00f5i lapse surnults\u00fcndi. Leia teiste n\u00f5u ja kogemused siit.\",\"breadcrumb\":{\"@id\":\"https:\/\/vaiksed.ee\/praktilised-kusimused\/vaikuse-laste-trukis\/#breadcrumb\"},\"inLanguage\":\"ru-RU\",\"potentialAction\":[{\"@type\":\"ReadAction\",\"target\":[\"https:\/\/vaiksed.ee\/praktilised-kusimused\/vaikuse-laste-trukis\/\"]}]},{\"@type\":\"BreadcrumbList\",\"@id\":\"https:\/\/vaiksed.ee\/praktilised-kusimused\/vaikuse-laste-trukis\/#breadcrumb\",\"itemListElement\":[{\"@type\":\"ListItem\",\"position\":1,\"name\":\"Home\",\"item\":\"https:\/\/vaiksed.ee\/\"},{\"@type\":\"ListItem\",\"position\":2,\"name\":\"Praktilised k\u00fcsimused\",\"item\":\"https:\/\/vaiksed.ee\/praktilised-kusimused\/\"},{\"@type\":\"ListItem\",\"position\":3,\"name\":\"Vaikuse Laste tr\u00fckis n\u00f5u ja abi jaoks\"}]},{\"@type\":\"WebSite\",\"@id\":\"https:\/\/vaiksed.ee\/#website\",\"url\":\"https:\/\/vaiksed.ee\/\",\"name\":\"Vaikuse lapsed\",\"description\":\"Vaikuselaps, las valvab su \u00fcle valguse vaim \u2013 rahu ja armastus\",\"publisher\":{\"@id\":\"https:\/\/vaiksed.ee\/#organization\"},\"potentialAction\":[{\"@type\":\"SearchAction\",\"target\":{\"@type\":\"EntryPoint\",\"urlTemplate\":\"https:\/\/vaiksed.ee\/?s={search_term_string}\"},\"query-input\":\"required name=search_term_string\"}],\"inLanguage\":\"ru-RU\"},{\"@type\":\"Organization\",\"@id\":\"https:\/\/vaiksed.ee\/#organization\",\"name\":\"Vaikuse lapsed\",\"url\":\"https:\/\/vaiksed.ee\/\",\"logo\":{\"@type\":\"ImageObject\",\"inLanguage\":\"ru-RU\",\"@id\":\"https:\/\/vaiksed.ee\/#\/schema\/logo\/image\/\",\"url\":\"https:\/\/vaiksed.ee\/wp-content\/uploads\/2022\/11\/173568.png\",\"contentUrl\":\"https:\/\/vaiksed.ee\/wp-content\/uploads\/2022\/11\/173568.png\",\"width\":500,\"height\":500,\"caption\":\"Vaikuse lapsed\"},\"image\":{\"@id\":\"https:\/\/vaiksed.ee\/#\/schema\/logo\/image\/\"}}]}<\/script>\n<!-- \/ Yoast SEO plugin. -->","yoast_head_json":{"title":"Vaikuse laste tr\u00fckis n\u00f5u ja abi jaoks | Vaikuse lapsed","description":"Vaikuse laste tr\u00fckis on abiks vanematele ja l\u00e4hedastele, kes on kogenud lapse kaotust, raseduse katkemist v\u00f5i lapse surnults\u00fcndi. Leia teiste n\u00f5u ja kogemused siit.","robots":{"index":"index","follow":"follow","max-snippet":"max-snippet:-1","max-image-preview":"max-image-preview:large","max-video-preview":"max-video-preview:-1"},"canonical":"https:\/\/vaiksed.ee\/ru\/praktilised-kusimused\/vaikuse-laste-trukis\/","og_locale":"ru_RU","og_type":"article","og_title":"Vaikuse laste tr\u00fckis n\u00f5u ja abi jaoks | Vaikuse lapsed","og_description":"Vaikuse laste tr\u00fckis on abiks vanematele ja l\u00e4hedastele, kes on kogenud lapse kaotust, raseduse katkemist v\u00f5i lapse surnults\u00fcndi. Leia teiste n\u00f5u ja kogemused siit.","og_url":"https:\/\/vaiksed.ee\/ru\/praktilised-kusimused\/vaikuse-laste-trukis\/","og_site_name":"Vaikuse lapsed","article_modified_time":"2023-12-21T19:28:19+00:00","og_image":[{"url":"http:\/\/vaiksed.ee\/wp-content\/uploads\/2023\/12\/RAAMAT_Vaikuse-Lapsed-188x300.png"}],"twitter_card":"summary_large_image","twitter_misc":{"\u041f\u0440\u0438\u043c\u0435\u0440\u043d\u043e\u0435 \u0432\u0440\u0435\u043c\u044f \u0434\u043b\u044f \u0447\u0442\u0435\u043d\u0438\u044f":"1 \u043c\u0438\u043d\u0443\u0442\u0430"},"schema":{"@context":"https:\/\/schema.org","@graph":[{"@type":"WebPage","@id":"https:\/\/vaiksed.ee\/praktilised-kusimused\/vaikuse-laste-trukis\/","url":"https:\/\/vaiksed.ee\/praktilised-kusimused\/vaikuse-laste-trukis\/","name":"Vaikuse laste tr\u00fckis n\u00f5u ja abi jaoks | Vaikuse lapsed","isPartOf":{"@id":"https:\/\/vaiksed.ee\/#website"},"datePublished":"2019-09-30T01:12:28+00:00","dateModified":"2023-12-21T19:28:19+00:00","description":"Vaikuse laste tr\u00fckis on abiks vanematele ja l\u00e4hedastele, kes on kogenud lapse kaotust, raseduse katkemist v\u00f5i lapse surnults\u00fcndi. Leia teiste n\u00f5u ja kogemused siit.","breadcrumb":{"@id":"https:\/\/vaiksed.ee\/praktilised-kusimused\/vaikuse-laste-trukis\/#breadcrumb"},"inLanguage":"ru-RU","potentialAction":[{"@type":"ReadAction","target":["https:\/\/vaiksed.ee\/praktilised-kusimused\/vaikuse-laste-trukis\/"]}]},{"@type":"BreadcrumbList","@id":"https:\/\/vaiksed.ee\/praktilised-kusimused\/vaikuse-laste-trukis\/#breadcrumb","itemListElement":[{"@type":"ListItem","position":1,"name":"Home","item":"https:\/\/vaiksed.ee\/"},{"@type":"ListItem","position":2,"name":"Praktilised k\u00fcsimused","item":"https:\/\/vaiksed.ee\/praktilised-kusimused\/"},{"@type":"ListItem","position":3,"name":"Vaikuse Laste tr\u00fckis n\u00f5u ja abi jaoks"}]},{"@type":"WebSite","@id":"https:\/\/vaiksed.ee\/#website","url":"https:\/\/vaiksed.ee\/","name":"Vaikuse lapsed","description":"Vaikuselaps, las valvab su \u00fcle valguse vaim \u2013 rahu ja armastus","publisher":{"@id":"https:\/\/vaiksed.ee\/#organization"},"potentialAction":[{"@type":"SearchAction","target":{"@type":"EntryPoint","urlTemplate":"https:\/\/vaiksed.ee\/?s={search_term_string}"},"query-input":"required name=search_term_string"}],"inLanguage":"ru-RU"},{"@type":"Organization","@id":"https:\/\/vaiksed.ee\/#organization","name":"Vaikuse lapsed","url":"https:\/\/vaiksed.ee\/","logo":{"@type":"ImageObject","inLanguage":"ru-RU","@id":"https:\/\/vaiksed.ee\/#\/schema\/logo\/image\/","url":"https:\/\/vaiksed.ee\/wp-content\/uploads\/2022\/11\/173568.png","contentUrl":"https:\/\/vaiksed.ee\/wp-content\/uploads\/2022\/11\/173568.png","width":500,"height":500,"caption":"Vaikuse lapsed"},"image":{"@id":"https:\/\/vaiksed.ee\/#\/schema\/logo\/image\/"}}]}},"_links":{"self":[{"href":"https:\/\/vaiksed.ee\/ru\/wp-json\/wp\/v2\/pages\/233"}],"collection":[{"href":"https:\/\/vaiksed.ee\/ru\/wp-json\/wp\/v2\/pages"}],"about":[{"href":"https:\/\/vaiksed.ee\/ru\/wp-json\/wp\/v2\/types\/page"}],"author":[{"embeddable":true,"href":"https:\/\/vaiksed.ee\/ru\/wp-json\/wp\/v2\/users\/174446673"}],"replies":[{"embeddable":true,"href":"https:\/\/vaiksed.ee\/ru\/wp-json\/wp\/v2\/comments?post=233"}],"version-history":[{"count":12,"href":"https:\/\/vaiksed.ee\/ru\/wp-json\/wp\/v2\/pages\/233\/revisions"}],"predecessor-version":[{"id":2700,"href":"https:\/\/vaiksed.ee\/ru\/wp-json\/wp\/v2\/pages\/233\/revisions\/2700"}],"up":[{"embeddable":true,"href":"https:\/\/vaiksed.ee\/ru\/wp-json\/wp\/v2\/pages\/104"}],"wp:attachment":[{"href":"https:\/\/vaiksed.ee\/ru\/wp-json\/wp\/v2\/media?parent=233"}],"curies":[{"name":"wp","href":"https:\/\/api.w.org\/{rel}","templated":true}]}}