{"id":229,"date":"2019-09-30T01:06:33","date_gmt":"2019-09-30T01:06:33","guid":{"rendered":"https:\/\/vaiksed.ee\/?page_id=229"},"modified":"2023-07-30T13:37:02","modified_gmt":"2023-07-30T13:37:02","slug":"kui-vajad-tuge","status":"publish","type":"page","link":"https:\/\/vaiksed.ee\/ru\/praktilised-kusimused\/kui-vajad-tuge\/","title":{"rendered":"\u041a\u043e\u043d\u0441\u0443\u043b\u044c\u0442\u0438\u0440\u043e\u0432\u0430\u043d\u0438\u0435 \u0438 \u043f\u043e\u043c\u043e\u0449\u044c \u043f\u0440\u0438 \u043f\u043e\u0442\u0435\u0440\u0435 \u0440\u0435\u0431\u0435\u043d\u043a\u0430"},"content":{"rendered":"<div class=\"wp-block-image\">\n<figure class=\"alignright size-large is-resized\"><img decoding=\"async\" src=\"https:\/\/vaiksed.ee\/wp-content\/uploads\/2019\/10\/tsitaat10.jpg?w=1024\" alt=\"\" class=\"wp-image-707\" width=\"450\" height=\"231\"\/><\/figure><\/div>\n\n\n<p>\u0415\u0441\u043b\u0438 \u0432\u0430\u043c \u043d\u0443\u0436\u043d\u043e \u043f\u0440\u044f\u043c\u043e \u0441\u0435\u0439\u0447\u0430\u0441, \u0441\u0440\u043e\u0447\u043d\u043e \u0441 \u043a\u0435\u043c-\u0442\u043e \u043f\u043e\u0433\u043e\u0432\u043e\u0440\u0438\u0442\u044c, \u0432\u043e\u0442 \u043a\u043e\u043d\u0442\u0430\u043a\u0442\u044b:<\/p>\n\n\n\n<ul>\n<li>\u0422\u0435\u043b\u0435\u0444\u043e\u043d \u043a\u0440\u0438\u0437\u0438\u0441\u043d\u043e\u0439 \u043f\u0441\u0438\u0445\u043e\u043b\u043e\u0433\u0438\u0447\u0435\u0441\u043a\u043e\u0439 \u043f\u043e\u043c\u043e\u0449\u0438: 631 4300 (\u041f\u043d. \u2013 \u041f\u0442., 9\u201320, \u0421\u0431., 10\u201320).<\/li>\n\n\n\n<li>\u0422\u0435\u043b\u0435\u0444\u043e\u043d \u0434\u043e\u0432\u0435\u0440\u0438\u044f 126 (\u0435\u0436\u0435\u0434\u043d\u0435\u0432\u043d\u043e, 17\u201303).<\/li>\n<\/ul>\n\n\n\n<p><strong>\u041a\u043e\u043d\u0441\u0443\u043b\u044c\u0442\u0430\u043d\u0442\u044b \u0438 \u0432\u043e\u043b\u043e\u043d\u0442\u0435\u0440\u044b \u043e\u0431\u0449\u0435\u0441\u0442\u0432\u0435\u043d\u043d\u043e\u0439 \u043e\u0440\u0433\u0430\u043d\u0438\u0437\u0430\u0446\u0438\u0438 \"\u0414\u0435\u0442\u0438 \u0442\u0438\u0448\u0438\u043d\u044b\"<\/strong><\/p>\n\n\n\n<p><a data-type=\"URL\" data-id=\"https:\/\/vaiksed.ee\/\" href=\"https:\/\/vaiksed.ee\/ru\/\">\u041d\u0430 \u0433\u043b\u0430\u0432\u043d\u043e\u0439 \u0441\u0442\u0440\u0430\u043d\u0438\u0446\u0435<\/a> \u0442\u044b \u043d\u0430\u0439\u0434\u0435\u0448\u044c \u043f\u0440\u043e\u0444\u0438\u043b\u0438 \u0438 \u043a\u043e\u043d\u0442\u0430\u043a\u0442\u043d\u044b\u0435 \u0434\u0430\u043d\u043d\u044b\u0435 \u043d\u0430\u0448\u0438\u0445 \u0440\u0430\u0432\u043d\u044b\u0445 \u043a\u043e\u043d\u0441\u0443\u043b\u044c\u0442\u0430\u043d\u0442\u043e\u0432, \u043f\u0441\u0438\u0445\u043e\u043b\u043e\u0433\u043e\u0432-\u043a\u043e\u043d\u0441\u0443\u043b\u044c\u0442\u0430\u043d\u0442\u043e\u0432 \u0438 \u0432\u043e\u043b\u043e\u043d\u0442\u0435\u0440\u043e\u0432 \u2014 \u043d\u0435 \u0441\u0442\u0435\u0441\u043d\u044f\u0439\u0441\u044f \u043e\u0431\u0440\u0430\u0449\u0430\u0442\u044c\u0441\u044f \u043a \u043d\u0430\u043c, \u0435\u0441\u043b\u0438 \u0442\u044b \u0445\u043e\u0447\u0435\u0448\u044c \u043f\u043e\u0433\u043e\u0432\u043e\u0440\u0438\u0442\u044c \u0441 \u0440\u043e\u0434\u0438\u0442\u0435\u043b\u0435\u043c, \u043a\u043e\u0442\u043e\u0440\u044b\u0439 \u043f\u0440\u043e\u0448\u0435\u043b \u0447\u0435\u0440\u0435\u0437 \u043f\u043e\u0434\u043e\u0431\u043d\u044b\u0439 \u043e\u043f\u044b\u0442. \u041a\u043e\u043d\u0441\u0443\u043b\u044c\u0442\u0430\u043d\u0442\u044b \u0438\u043c\u0435\u044e\u0442 \u0440\u0430\u0437\u043d\u044b\u0439 \u043e\u043f\u044b\u0442 \u0438 \u043f\u043e\u0434\u0433\u043e\u0442\u043e\u0432\u043a\u0443:<\/p>\n\n\n\n<p><strong>\u0420\u0430\u0432\u043d\u044b\u0439 \u043a\u043e\u043d\u0441\u0443\u043b\u044c\u0442\u0430\u043d\u0442<\/strong> \u2013 \u044d\u0442\u043e \u043f\u0440\u043e\u0444\u0435\u0441\u0441\u0438\u043e\u043d\u0430\u043b \u0441 \u043b\u0438\u0447\u043d\u044b\u043c \u043e\u043f\u044b\u0442\u043e\u043c \u0438 \u043f\u043e\u0434\u0433\u043e\u0442\u043e\u0432\u043a\u043e\u0439 \u0440\u0430\u0432\u043d\u043e\u0433\u043e \u043a\u043e\u043d\u0441\u0443\u043b\u044c\u0442\u0430\u043d\u0442\u0430. \u041f\u043e\u0434\u0440\u043e\u0431\u043d\u0435\u0435 \u043e \u0440\u0430\u0432\u043d\u043e\u043c \u043a\u043e\u043d\u0441\u0443\u043b\u044c\u0442\u0438\u0440\u043e\u0432\u0430\u043d\u0438\u0438 \u043c\u043e\u0436\u043d\u043e \u043f\u0440\u043e\u0447\u0438\u0442\u0430\u0442\u044c \u043d\u0430 \u0441\u0430\u0439\u0442\u0435 \u041f\u0430\u043b\u0430\u0442\u044b \u0440\u0430\u0432\u043d\u044b\u0445 \u043a\u043e\u043d\u0441\u0443\u043b\u044c\u0442\u0430\u043d\u0442\u043e\u0432: https:\/\/www.kogemuskoda.ee\/info\/.<\/p>\n\n\n\n<p><strong>\u0414\u0443\u0448\u0435\u043f\u043e\u043f\u0435\u0447\u0438\u0442\u0435\u043b\u044c <\/strong>\u2013 \u044d\u0442\u043e \u0447\u0435\u043b\u043e\u0432\u0435\u043a, \u043a\u043e\u0442\u043e\u0440\u044b\u0439, \u043f\u043e\u043c\u0438\u043c\u043e \u0431\u043e\u0433\u043e\u0441\u043b\u043e\u0432\u0441\u043a\u043e\u0433\u043e \u043e\u0431\u0440\u0430\u0437\u043e\u0432\u0430\u043d\u0438\u044f, \u043f\u0440\u043e\u0448\u0435\u043b \u0441\u043f\u0435\u0446\u0438\u0430\u043b\u044c\u043d\u0443\u044e \u043f\u043e\u0434\u0433\u043e\u0442\u043e\u0432\u043a\u0443 \u0434\u043b\u044f \u043f\u043e\u043c\u043e\u0449\u0438 \u0431\u043e\u043b\u044c\u043d\u044b\u043c, \u043a\u0440\u0438\u0437\u0438\u0441\u043d\u044b\u043c \u0438\u043b\u0438 \u0443\u043c\u0438\u0440\u0430\u044e\u0449\u0438\u043c \u043b\u044e\u0434\u044f\u043c. \u041a\u0440\u043e\u043c\u0435 \u0442\u043e\u0433\u043e, \u0440\u0430\u0431\u043e\u0442\u0430 \u0434\u0443\u0448\u0435\u043f\u043e\u043f\u0435\u0447\u0438\u0442\u0435\u043b\u044f \u0437\u0430\u0442\u0440\u0430\u0433\u0438\u0432\u0430\u0435\u0442 \u044d\u043a\u0437\u0438\u0441\u0442\u0435\u043d\u0446\u0438\u0430\u043b\u044c\u043d\u044b\u0435 \u0438 \u0433\u043b\u0443\u0431\u043e\u043a\u043e \u0434\u0443\u0445\u043e\u0432\u043d\u044b\u0435 \u043f\u043e\u0442\u0440\u0435\u0431\u043d\u043e\u0441\u0442\u0438 \u0447\u0435\u043b\u043e\u0432\u0435\u043a\u0430. \u0414\u0443\u0448\u0435\u043f\u043e\u043f\u0435\u0447\u0438\u0442\u0435\u043b\u044c \u0443\u0432\u0430\u0436\u0430\u0435\u0442 \u0440\u0435\u043b\u0438\u0433\u0438\u043e\u0437\u043d\u044b\u0435 \u0443\u0431\u0435\u0436\u0434\u0435\u043d\u0438\u044f \u0438 \u043f\u0440\u0430\u0432\u0430 \u0447\u0435\u043b\u043e\u0432\u0435\u043a\u0430 \u043d\u0435\u0437\u0430\u0432\u0438\u0441\u0438\u043c\u043e \u043e\u0442 \u0435\u0433\u043e \u043f\u0440\u043e\u0438\u0441\u0445\u043e\u0436\u0434\u0435\u043d\u0438\u044f, \u0446\u0435\u043d\u043d\u043e\u0441\u0442\u0435\u0439 \u0438\u043b\u0438 \u043c\u0438\u0440\u043e\u0432\u043e\u0437\u0437\u0440\u0435\u043d\u0438\u044f. \u0425\u043e\u0442\u044f \u0441 \u0434\u0443\u0448\u0435\u043f\u043e\u043f\u0435\u0447\u0438\u0442\u0435\u043b\u0435\u043c \u043c\u043e\u0436\u043d\u043e \u043e\u0431\u0441\u0443\u0436\u0434\u0430\u0442\u044c \u0438 \u0440\u0435\u043b\u0438\u0433\u0438\u043e\u0437\u043d\u044b\u0435 \u0442\u0435\u043c\u044b, \u0434\u0443\u0448\u0435\u043f\u043e\u043f\u0435\u0447\u0435\u043d\u0438\u0435 \u043d\u0435 \u044f\u0432\u043b\u044f\u0435\u0442\u0441\u044f \u043f\u0440\u043e\u043f\u043e\u0432\u0435\u0434\u043d\u0438\u0447\u0435\u0441\u043a\u043e\u0439 \u0434\u0435\u044f\u0442\u0435\u043b\u044c\u043d\u043e\u0441\u0442\u044c\u044e. \u0412\u0430\u0436\u043d\u043e \u0442\u043e, \u0447\u0442\u043e \u043f\u0440\u043e\u0438\u0441\u0445\u043e\u0434\u0438\u0442 \u0441 \u0447\u0435\u043b\u043e\u0432\u0435\u043a\u043e\u043c \u0438 \u043a\u0430\u043a \u043e\u043d \u0441\u0430\u043c \u044d\u0442\u043e \u0432\u043e\u0441\u043f\u0440\u0438\u043d\u0438\u043c\u0430\u0435\u0442. \u041f\u043e\u0434\u0440\u043e\u0431\u043d\u0435\u0435 \u043e \u0434\u0443\u0448\u0435\u043f\u043e\u043f\u0435\u0447\u0435\u043d\u0438\u0438 \u043c\u043e\u0436\u043d\u043e \u043f\u0440\u043e\u0447\u0438\u0442\u0430\u0442\u044c \u0437\u0434\u0435\u0441\u044c: https:\/\/hingehoid.ee\/<\/p>\n\n\n\n<p><strong>\u041f\u0441\u0438\u0445\u043e\u043b\u043e\u0433 <\/strong>\u2013 \u044d\u0442\u043e \u0447\u0435\u043b\u043e\u0432\u0435\u043a, \u043a\u043e\u0442\u043e\u0440\u044b\u0439 \u043f\u043e\u043b\u0443\u0447\u0438\u043b \u0441\u043f\u0435\u0446\u0438\u0430\u043b\u044c\u043d\u043e\u0441\u0442\u044c \u043f\u0441\u0438\u0445\u043e\u043b\u043e\u0433\u0430 \u0432 \u0443\u043d\u0438\u0432\u0435\u0440\u0441\u0438\u0442\u0435\u0442\u0435 \u0441 \u0430\u043a\u043a\u0440\u0435\u0434\u0438\u0442\u043e\u0432\u0430\u043d\u043d\u044b\u043c \u0443\u0447\u0435\u0431\u043d\u044b\u043c \u043f\u043b\u0430\u043d\u043e\u043c. \u041e\u0441\u043d\u043e\u0432\u043d\u0430\u044f \u0441\u0443\u0442\u044c \u0440\u0430\u0431\u043e\u0442\u044b \u043f\u0441\u0438\u0445\u043e\u043b\u043e\u0433\u0430 \u2013 \u043a\u043e\u043d\u0441\u0443\u043b\u044c\u0442\u0438\u0440\u043e\u0432\u0430\u043d\u0438\u0435 \u043f\u043e \u043f\u0441\u0438\u0445\u043e\u043b\u043e\u0433\u0438\u0447\u0435\u0441\u043a\u0438\u043c \u0432\u043e\u043f\u0440\u043e\u0441\u0430\u043c. <\/p>\n\n\n\n<p><strong>\u0412\u043e\u043b\u043e\u043d\u0442\u0435\u0440\u044b <\/strong>\u0442\u0430\u043a\u0436\u0435 \u0433\u043e\u0442\u043e\u0432\u044b \u043f\u043e\u043c\u043e\u0447\u044c \u0442\u0435\u0431\u0435 \u0441 \u0434\u0440\u0443\u0433\u0438\u043c\u0438 \u0432\u043e\u043f\u0440\u043e\u0441\u0430\u043c\u0438, \u043a\u043e\u0442\u043e\u0440\u044b\u0435 \u043c\u043e\u0433\u0443\u0442 \u0432\u043e\u0437\u043d\u0438\u043a\u043d\u0443\u0442\u044c \u0432 \u0441\u0432\u044f\u0437\u0438 \u0441 \u043f\u043e\u0442\u0435\u0440\u0435\u0439 \u0440\u0435\u0431\u0435\u043d\u043a\u0430 \u2013 \u0432\u0435\u0441\u0442\u0438 \u0434\u0435\u043b\u0430 \u0432 \u044d\u0442\u043e\u0442 \u043f\u0435\u0440\u0438\u043e\u0434, \u0431\u0435\u0437\u0443\u0441\u043b\u043e\u0432\u043d\u043e, \u043d\u0435\u043f\u0440\u043e\u0441\u0442\u043e, \u043f\u043e\u044d\u0442\u043e\u043c\u0443 \u0441\u043c\u0435\u043b\u043e \u043e\u0431\u0440\u0430\u0449\u0430\u0439\u0441\u044f \u0437\u0430 \u043f\u043e\u0434\u0434\u0435\u0440\u0436\u043a\u043e\u0439, \u0435\u0441\u043b\u0438 \u043e\u043d\u0430 \u0442\u0435\u0431\u0435 \u043d\u0443\u0436\u043d\u0430. \u0412\u043e\u043b\u043e\u043d\u0442\u0435\u0440\u044b \u0442\u0430\u043a\u0436\u0435 \u043c\u043e\u0433\u0443\u0442 \u043f\u043e\u0434\u0435\u043b\u0438\u0442\u044c\u0441\u044f \u0441\u0432\u043e\u0438\u043c \u043e\u043f\u044b\u0442\u043e\u043c \u043f\u043e\u0442\u0435\u0440\u0438 \u0440\u0435\u0431\u0435\u043d\u043a\u0430, \u043d\u043e, \u0432\u043e\u0437\u043c\u043e\u0436\u043d\u043e, \u0435\u0449\u0435 \u043d\u0435 \u043f\u0440\u043e\u0448\u043b\u0438 \u043e\u0431\u0443\u0447\u0435\u043d\u0438\u0435 \u043f\u043e \u043a\u043e\u043d\u0441\u0443\u043b\u044c\u0442\u0438\u0440\u043e\u0432\u0430\u043d\u0438\u044e. <\/p>\n\n\n\n<p><strong>\u0413\u0434\u0435 \u0435\u0449\u0435 \u043c\u043e\u0436\u043d\u043e \u043d\u0430\u0439\u0442\u0438 \u043f\u043e\u043c\u043e\u0449\u044c:<\/strong><\/p>\n\n\n\n<p class=\" translation-block\">\u0421\u043f\u0435\u0446\u0438\u0430\u043b\u0438\u0441\u0442\u044b \u043f\u043e \u043a\u0440\u0438\u0437\u0438\u0441\u0443 \u0431\u0435\u0440\u0435\u043c\u0435\u043d\u043d\u043e\u0441\u0442\u0438 \u043f\u0440\u0438\u043d\u0438\u043c\u0430\u044e\u0442 \u0432 \u043a\u0440\u0443\u043f\u043d\u044b\u0445 \u0431\u043e\u043b\u044c\u043d\u0438\u0446\u0430\u0445 \u0438 \u0443\u0435\u0437\u0434\u043d\u044b\u0445 \u0446\u0435\u043d\u0442\u0440\u0430\u0445 \u043f\u043e \u0432\u0441\u0435\u0439 \u042d\u0441\u0442\u043e\u043d\u0438\u0438. \u041a\u043e\u043d\u0442\u0430\u043a\u0442\u044b \u043a\u043e\u043d\u0441\u0443\u043b\u044c\u0442\u0430\u043d\u0442\u043e\u0432 \u0443\u043a\u0430\u0437\u0430\u043d\u044b \u043d\u0430 \u0441\u0430\u0439\u0442\u0435 <a rel=\"noreferrer noopener\" aria-label=\" (opens in a new tab)\" href=\"http:\/\/www.rasedus.ee\" target=\"_blank\"> www.rasedus.ee.<\/a><\/p>\n\n\n\n<p class=\" translation-block\">\u0422\u0430\u043a\u0436\u0435 \u043c\u043e\u0436\u043d\u043e \u043e\u0431\u0440\u0430\u0442\u0438\u0442\u044c\u0441\u044f \u043a \u043f\u0441\u0438\u0445\u043e\u043b\u043e\u0433\u0443, \u043a\u043e\u043d\u0442\u0430\u043a\u0442\u044b \u043a\u043e\u0442\u043e\u0440\u043e\u0433\u043e \u0435\u0441\u0442\u044c \u0432 \u043a\u043b\u0438\u043d\u0438\u043a\u0435 \u043f\u043e \u043c\u0435\u0441\u0442\u0443 \u0436\u0438\u0442\u0435\u043b\u044c\u0441\u0442\u0432\u0430, \u0438\u043b\u0438 \u043a \u0447\u0430\u0441\u0442\u043d\u043e\u043c\u0443 \u0441\u043f\u0435\u0446\u0438\u0430\u043b\u0438\u0441\u0442\u0443. \u041e\u0431\u0440\u0430\u0449\u0435\u043d\u0438\u0435 \u043a \u043f\u0441\u0438\u0445\u043e\u043b\u043e\u0433\u0443 \u043f\u043e \u043d\u0430\u043f\u0440\u0430\u0432\u043b\u0435\u043d\u0438\u044e \u0441\u0435\u043c\u0435\u0439\u043d\u043e\u0433\u043e \u0432\u0440\u0430\u0447\u0430 \u0431\u0435\u0441\u043f\u043b\u0430\u0442\u043d\u043e\u0435. \u0414\u043e\u043f\u043e\u043b\u043d\u0438\u0442\u0435\u043b\u044c\u043d\u0430\u044f \u0438\u043d\u0444\u043e\u0440\u043c\u0430\u0446\u0438\u044f \u043d\u0430 \u0441\u0430\u0439\u0442\u0435 <a href=\"http:\/\/www.peaasi.ee\" target=\"_self\">www.peaasi.ee<\/a>.<\/p>\n\n\n\n<p>\u041c\u043d\u043e\u0433\u0438\u043c \u043f\u043e\u043c\u043e\u0433\u0430\u044e\u0442 \u0438\u0441\u0442\u043e\u0440\u0438\u0438 \u0434\u0440\u0443\u0433\u0438\u0445 \u043b\u044e\u0434\u0435\u0439, \u0443 \u043a\u043e\u0442\u043e\u0440\u044b\u0445 \u0432 \u0436\u0438\u0437\u043d\u0438 \u0441\u043b\u0443\u0447\u0430\u043b\u043e\u0441\u044c \u0447\u0442\u043e-\u0442\u043e \u043f\u043e\u0445\u043e\u0436\u0435\u0435, \u2013 \u0432\u044b \u043d\u0435 \u043e\u0434\u0438\u043d\u043e\u043a\u0438 \u0432 \u0441\u0432\u043e\u0435\u043c \u0433\u043e\u0440\u0435.<\/p>\n\n\n<div class=\"wp-block-image\">\n<figure class=\"alignleft size-full is-resized\"><img decoding=\"async\" src=\"http:\/\/vaiksed.ee\/wp-content\/uploads\/2022\/12\/1601207_10152302113414860_1466735084_n.jpeg\" alt=\"\" class=\"wp-image-1761\" width=\"149\" height=\"196\" srcset=\"https:\/\/vaiksed.ee\/wp-content\/uploads\/2022\/12\/1601207_10152302113414860_1466735084_n.jpeg 684w, https:\/\/vaiksed.ee\/wp-content\/uploads\/2022\/12\/1601207_10152302113414860_1466735084_n-228x300.jpeg 228w, https:\/\/vaiksed.ee\/wp-content\/uploads\/2022\/12\/1601207_10152302113414860_1466735084_n-9x12.jpeg 9w, https:\/\/vaiksed.ee\/wp-content\/uploads\/2022\/12\/1601207_10152302113414860_1466735084_n-585x770.jpeg 585w\" sizes=\"(max-width: 149px) 100vw, 149px\" \/><figcaption class=\"wp-element-caption\">Facebook \u0433\u0440\u0443\u043f\u043f\u0430 <strong>Inglilapsed<\/strong><\/figcaption><\/figure><\/div>\n\n\n<ul>\n<li><strong>\u0422\u044b \u043c\u043e\u0436\u0435\u0448\u044c \u043f\u0440\u0438\u0441\u043e\u0435\u0434\u0438\u043d\u0438\u0442\u044c\u0441\u044f <a aria-label=\" (opens in a new tab)\" href=\"http:\/\/www.facebook.com\/groups\/inglilapsed\" target=\"_blank\" rel=\"noreferrer noopener\">\u043a \u0433\u0440\u0443\u043f\u043f\u0435 Inglilapsed \u0432 Facebook<\/a>, \u043a\u043e\u0442\u043e\u0440\u0430\u044f \u043e\u0431\u044a\u0435\u0434\u0438\u043d\u044f\u0435\u0442 \u0440\u043e\u0434\u0438\u0442\u0435\u043b\u0435\u0439, \u043f\u0435\u0440\u0435\u0436\u0438\u0432\u0448\u0438\u0445 \u043f\u043e\u0442\u0435\u0440\u044e \u0440\u0435\u0431\u0435\u043d\u043a\u0430.<\/strong><\/li>\n\n\n\n<li><a href=\"https:\/\/vaiksed.ee\/ru\/malestusteraamat\/\">\u0412 \u041a\u043d\u0438\u0433\u0435 \u043f\u0430\u043c\u044f\u0442\u0438<\/a> \u043c\u043e\u0436\u043d\u043e \u043f\u0440\u043e\u0447\u0438\u0442\u0430\u0442\u044c \u0438\u0441\u0442\u043e\u0440\u0438\u0438 \u0434\u0440\u0443\u0433\u0438\u0445 \u0440\u043e\u0434\u0438\u0442\u0435\u043b\u0435\u0439, \u043f\u0435\u0440\u0435\u0436\u0438\u0432\u0448\u0438\u0445 \u0441\u043c\u0435\u0440\u0442\u044c \u0441\u0432\u043e\u0435\u0433\u043e \u0440\u0435\u0431\u0435\u043d\u043a\u0430.<\/li>\n\n\n\n<li>\u041c\u044b \u0441\u043e\u0431\u0440\u0430\u043b\u0438 \u043d\u0435\u043a\u043e\u0442\u043e\u0440\u044b\u0435 <a href=\"https:\/\/vaiksed.ee\/ru\/2019\/09\/30\/artiklid-meedias\/\">\u043e\u043f\u0443\u0431\u043b\u0438\u043a\u043e\u0432\u0430\u043d\u043d\u044b\u0435 \u0440\u0430\u0441\u0441\u043a\u0430\u0437\u044b<\/a> \u043e \u0441\u0435\u043c\u044c\u044f\u0445, \u043a\u043e\u0442\u043e\u0440\u044b\u0435 \u043f\u0435\u0440\u0435\u0436\u0438\u043b\u0438 \u043f\u043e\u0442\u0435\u0440\u044e \u0440\u0435\u0431\u0435\u043d\u043a\u0430.<\/li>\n\n\n\n<li class=\" translation-block\">\u041c\u0430\u0442\u0435\u0440\u0438\u0430\u043b\u044b \u043d\u0430 \u0430\u043d\u0433\u043b\u0438\u0439\u0441\u043a\u043e\u043c \u044f\u0437\u044b\u043a\u0435 \u043f\u043e \u044d\u0442\u043e\u0439 \u0442\u0435\u043c\u0435 \u043c\u043e\u0436\u043d\u043e \u043d\u0430\u0439\u0442\u0438 \u043d\u0430 \u0441\u0430\u0439\u0442\u0435 \u0431\u0440\u0438\u0442\u0430\u043d\u0441\u043a\u043e\u0439 \u043e\u0440\u0433\u0430\u043d\u0438\u0437\u0430\u0446\u0438\u0438 <a href=\"https:\/\/www.sands.org.uk\" target=\"_self\">SANDS<\/a>.<\/li>\n\n\n\n<li>\u0412 \u0424\u0438\u043d\u043b\u044f\u043d\u0434\u0438\u0438 \u0440\u043e\u0434\u0438\u0442\u0435\u043b\u0435\u0439, \u043a\u043e\u0442\u043e\u0440\u044b\u0435 \u043f\u043e\u0442\u0435\u0440\u044f\u043b\u0438 \u0440\u0435\u0431\u0435\u043d\u043a\u0430, \u043f\u043e\u0434\u0434\u0435\u0440\u0436\u0438\u0432\u0430\u0435\u0442 \u043e\u0440\u0433\u0430\u043d\u0438\u0437\u0430\u0446\u0438\u044f <a rel=\"noreferrer noopener\" aria-label=\" (opens in a new tab)\" href=\"http:\/\/kapy.fi\" target=\"_blank\">K\u00c4PY<\/a>.<\/li>\n\n\n\n<li>\u0412 \u0410\u043d\u0433\u043b\u0438\u0438 \u0434\u0435\u0439\u0441\u0442\u0432\u0443\u0435\u0442 \u043e\u0440\u0433\u0430\u043d\u0438\u0437\u0430\u0446\u0438\u044f, \u043e\u0441\u043d\u043e\u0432\u0430\u043d\u043d\u0430\u044f \u043c\u0430\u0442\u0435\u0440\u044c\u044e, \u043f\u0435\u0440\u0435\u0436\u0438\u0432\u0448\u0435\u0439 \u043f\u043e\u0442\u0435\u0440\u044e \u0434\u0432\u043e\u0438\u0445 \u0434\u0435\u0442\u0435\u0439 <a data-type=\"URL\" data-id=\"https:\/\/www.theworstgirlgangever.co.uk\/\" href=\"https:\/\/www.theworstgirlgangever.co.uk\/\">The Worst Girl Gang Ever<\/a>.<\/li>\n<\/ul>\n\n\n\n<p class=\"has-text-align-right\"><br><strong><strong>\u0421\u043b\u0435\u0434\u0443\u044e\u0449\u0438\u0439: <a href=\"https:\/\/vaiksed.ee\/ru\/tugi-lapse-kaotuse-puhul\/vaikuse-laste-trukis\/\">Vaikuse Laste tr\u00fckis<\/a><\/strong><\/strong><\/p>","protected":false},"excerpt":{"rendered":"<p>Kui tunned, et tahad kohe praegu kellegagi r\u00e4\u00e4kida: MT\u00dc Vaikuse Lapsed n\u00f5ustajad ja vabatahtlikud Esilehelt leiad meie kogemusn\u00f5ustajate, n\u00f5ustajate ja vabatahtlike profiilid ja kontaktandmed &#8211; v\u00f5ta julgelt \u00fchendust kui soovid&hellip;<\/p>","protected":false},"author":174446673,"featured_media":0,"parent":104,"menu_order":5,"comment_status":"closed","ping_status":"closed","template":"","meta":[],"yoast_head":"<!-- This site is optimized with the Yoast SEO plugin v20.12 - https:\/\/yoast.com\/wordpress\/plugins\/seo\/ -->\n<title>Abi lapse kaotuse ja leinaga toime tulekuks | Vaikuse lapsed<\/title>\n<meta name=\"description\" content=\"Kui oled kogenud lapse kaotust, raseduse katkemist v\u00f5i lapse surnults\u00fcndi, siis v\u00f5imalikud kogemusn\u00f5ustajad ja spetsialistid leiad siit. Leia kontaktid siit.\" \/>\n<meta name=\"robots\" content=\"index, follow, max-snippet:-1, max-image-preview:large, max-video-preview:-1\" \/>\n<link rel=\"canonical\" href=\"https:\/\/vaiksed.ee\/ru\/praktilised-kusimused\/kui-vajad-tuge\/\" \/>\n<meta property=\"og:locale\" content=\"ru_RU\" \/>\n<meta property=\"og:type\" content=\"article\" \/>\n<meta property=\"og:title\" content=\"Abi lapse kaotuse ja leinaga toime tulekuks | Vaikuse lapsed\" \/>\n<meta property=\"og:description\" content=\"Kui oled kogenud lapse kaotust, raseduse katkemist v\u00f5i lapse surnults\u00fcndi, siis v\u00f5imalikud kogemusn\u00f5ustajad ja spetsialistid leiad siit. Leia kontaktid siit.\" \/>\n<meta property=\"og:url\" content=\"https:\/\/vaiksed.ee\/ru\/praktilised-kusimused\/kui-vajad-tuge\/\" \/>\n<meta property=\"og:site_name\" content=\"Vaikuse lapsed\" \/>\n<meta property=\"article:modified_time\" content=\"2023-07-30T13:37:02+00:00\" \/>\n<meta property=\"og:image\" content=\"https:\/\/vaiksed.ee\/wp-content\/uploads\/2019\/10\/tsitaat10.jpg?w=1024\" \/>\n<meta name=\"twitter:card\" content=\"summary_large_image\" \/>\n<meta name=\"twitter:label1\" content=\"\u041f\u0440\u0438\u043c\u0435\u0440\u043d\u043e\u0435 \u0432\u0440\u0435\u043c\u044f \u0434\u043b\u044f \u0447\u0442\u0435\u043d\u0438\u044f\" \/>\n\t<meta name=\"twitter:data1\" content=\"2 \u043c\u0438\u043d\u0443\u0442\u044b\" \/>\n<script type=\"application\/ld+json\" class=\"yoast-schema-graph\">{\"@context\":\"https:\/\/schema.org\",\"@graph\":[{\"@type\":\"WebPage\",\"@id\":\"https:\/\/vaiksed.ee\/praktilised-kusimused\/kui-vajad-tuge\/\",\"url\":\"https:\/\/vaiksed.ee\/praktilised-kusimused\/kui-vajad-tuge\/\",\"name\":\"Abi lapse kaotuse ja leinaga toime tulekuks | Vaikuse lapsed\",\"isPartOf\":{\"@id\":\"https:\/\/vaiksed.ee\/#website\"},\"datePublished\":\"2019-09-30T01:06:33+00:00\",\"dateModified\":\"2023-07-30T13:37:02+00:00\",\"description\":\"Kui oled kogenud lapse kaotust, raseduse katkemist v\u00f5i lapse surnults\u00fcndi, siis v\u00f5imalikud kogemusn\u00f5ustajad ja spetsialistid leiad siit. Leia kontaktid siit.\",\"breadcrumb\":{\"@id\":\"https:\/\/vaiksed.ee\/praktilised-kusimused\/kui-vajad-tuge\/#breadcrumb\"},\"inLanguage\":\"ru-RU\",\"potentialAction\":[{\"@type\":\"ReadAction\",\"target\":[\"https:\/\/vaiksed.ee\/praktilised-kusimused\/kui-vajad-tuge\/\"]}]},{\"@type\":\"BreadcrumbList\",\"@id\":\"https:\/\/vaiksed.ee\/praktilised-kusimused\/kui-vajad-tuge\/#breadcrumb\",\"itemListElement\":[{\"@type\":\"ListItem\",\"position\":1,\"name\":\"Home\",\"item\":\"https:\/\/vaiksed.ee\/\"},{\"@type\":\"ListItem\",\"position\":2,\"name\":\"Praktilised k\u00fcsimused\",\"item\":\"https:\/\/vaiksed.ee\/praktilised-kusimused\/\"},{\"@type\":\"ListItem\",\"position\":3,\"name\":\"Abi lapse kaotuse ja leinaga toime tulekuks\"}]},{\"@type\":\"WebSite\",\"@id\":\"https:\/\/vaiksed.ee\/#website\",\"url\":\"https:\/\/vaiksed.ee\/\",\"name\":\"Vaikuse lapsed\",\"description\":\"Vaikuselaps, las valvab su \u00fcle valguse vaim \u2013 rahu ja armastus\",\"publisher\":{\"@id\":\"https:\/\/vaiksed.ee\/#organization\"},\"potentialAction\":[{\"@type\":\"SearchAction\",\"target\":{\"@type\":\"EntryPoint\",\"urlTemplate\":\"https:\/\/vaiksed.ee\/?s={search_term_string}\"},\"query-input\":\"required name=search_term_string\"}],\"inLanguage\":\"ru-RU\"},{\"@type\":\"Organization\",\"@id\":\"https:\/\/vaiksed.ee\/#organization\",\"name\":\"Vaikuse lapsed\",\"url\":\"https:\/\/vaiksed.ee\/\",\"logo\":{\"@type\":\"ImageObject\",\"inLanguage\":\"ru-RU\",\"@id\":\"https:\/\/vaiksed.ee\/#\/schema\/logo\/image\/\",\"url\":\"https:\/\/vaiksed.ee\/wp-content\/uploads\/2022\/11\/173568.png\",\"contentUrl\":\"https:\/\/vaiksed.ee\/wp-content\/uploads\/2022\/11\/173568.png\",\"width\":500,\"height\":500,\"caption\":\"Vaikuse lapsed\"},\"image\":{\"@id\":\"https:\/\/vaiksed.ee\/#\/schema\/logo\/image\/\"}}]}<\/script>\n<!-- \/ Yoast SEO plugin. -->","yoast_head_json":{"title":"Abi lapse kaotuse ja leinaga toime tulekuks | Vaikuse lapsed","description":"Kui oled kogenud lapse kaotust, raseduse katkemist v\u00f5i lapse surnults\u00fcndi, siis v\u00f5imalikud kogemusn\u00f5ustajad ja spetsialistid leiad siit. Leia kontaktid siit.","robots":{"index":"index","follow":"follow","max-snippet":"max-snippet:-1","max-image-preview":"max-image-preview:large","max-video-preview":"max-video-preview:-1"},"canonical":"https:\/\/vaiksed.ee\/ru\/praktilised-kusimused\/kui-vajad-tuge\/","og_locale":"ru_RU","og_type":"article","og_title":"Abi lapse kaotuse ja leinaga toime tulekuks | Vaikuse lapsed","og_description":"Kui oled kogenud lapse kaotust, raseduse katkemist v\u00f5i lapse surnults\u00fcndi, siis v\u00f5imalikud kogemusn\u00f5ustajad ja spetsialistid leiad siit. Leia kontaktid siit.","og_url":"https:\/\/vaiksed.ee\/ru\/praktilised-kusimused\/kui-vajad-tuge\/","og_site_name":"Vaikuse lapsed","article_modified_time":"2023-07-30T13:37:02+00:00","og_image":[{"url":"https:\/\/vaiksed.ee\/wp-content\/uploads\/2019\/10\/tsitaat10.jpg?w=1024"}],"twitter_card":"summary_large_image","twitter_misc":{"\u041f\u0440\u0438\u043c\u0435\u0440\u043d\u043e\u0435 \u0432\u0440\u0435\u043c\u044f \u0434\u043b\u044f \u0447\u0442\u0435\u043d\u0438\u044f":"2 \u043c\u0438\u043d\u0443\u0442\u044b"},"schema":{"@context":"https:\/\/schema.org","@graph":[{"@type":"WebPage","@id":"https:\/\/vaiksed.ee\/praktilised-kusimused\/kui-vajad-tuge\/","url":"https:\/\/vaiksed.ee\/praktilised-kusimused\/kui-vajad-tuge\/","name":"Abi lapse kaotuse ja leinaga toime tulekuks | Vaikuse lapsed","isPartOf":{"@id":"https:\/\/vaiksed.ee\/#website"},"datePublished":"2019-09-30T01:06:33+00:00","dateModified":"2023-07-30T13:37:02+00:00","description":"Kui oled kogenud lapse kaotust, raseduse katkemist v\u00f5i lapse surnults\u00fcndi, siis v\u00f5imalikud kogemusn\u00f5ustajad ja spetsialistid leiad siit. Leia kontaktid siit.","breadcrumb":{"@id":"https:\/\/vaiksed.ee\/praktilised-kusimused\/kui-vajad-tuge\/#breadcrumb"},"inLanguage":"ru-RU","potentialAction":[{"@type":"ReadAction","target":["https:\/\/vaiksed.ee\/praktilised-kusimused\/kui-vajad-tuge\/"]}]},{"@type":"BreadcrumbList","@id":"https:\/\/vaiksed.ee\/praktilised-kusimused\/kui-vajad-tuge\/#breadcrumb","itemListElement":[{"@type":"ListItem","position":1,"name":"Home","item":"https:\/\/vaiksed.ee\/"},{"@type":"ListItem","position":2,"name":"Praktilised k\u00fcsimused","item":"https:\/\/vaiksed.ee\/praktilised-kusimused\/"},{"@type":"ListItem","position":3,"name":"Abi lapse kaotuse ja leinaga toime tulekuks"}]},{"@type":"WebSite","@id":"https:\/\/vaiksed.ee\/#website","url":"https:\/\/vaiksed.ee\/","name":"Vaikuse lapsed","description":"Vaikuselaps, las valvab su \u00fcle valguse vaim \u2013 rahu ja armastus","publisher":{"@id":"https:\/\/vaiksed.ee\/#organization"},"potentialAction":[{"@type":"SearchAction","target":{"@type":"EntryPoint","urlTemplate":"https:\/\/vaiksed.ee\/?s={search_term_string}"},"query-input":"required name=search_term_string"}],"inLanguage":"ru-RU"},{"@type":"Organization","@id":"https:\/\/vaiksed.ee\/#organization","name":"Vaikuse lapsed","url":"https:\/\/vaiksed.ee\/","logo":{"@type":"ImageObject","inLanguage":"ru-RU","@id":"https:\/\/vaiksed.ee\/#\/schema\/logo\/image\/","url":"https:\/\/vaiksed.ee\/wp-content\/uploads\/2022\/11\/173568.png","contentUrl":"https:\/\/vaiksed.ee\/wp-content\/uploads\/2022\/11\/173568.png","width":500,"height":500,"caption":"Vaikuse lapsed"},"image":{"@id":"https:\/\/vaiksed.ee\/#\/schema\/logo\/image\/"}}]}},"_links":{"self":[{"href":"https:\/\/vaiksed.ee\/ru\/wp-json\/wp\/v2\/pages\/229"}],"collection":[{"href":"https:\/\/vaiksed.ee\/ru\/wp-json\/wp\/v2\/pages"}],"about":[{"href":"https:\/\/vaiksed.ee\/ru\/wp-json\/wp\/v2\/types\/page"}],"author":[{"embeddable":true,"href":"https:\/\/vaiksed.ee\/ru\/wp-json\/wp\/v2\/users\/174446673"}],"replies":[{"embeddable":true,"href":"https:\/\/vaiksed.ee\/ru\/wp-json\/wp\/v2\/comments?post=229"}],"version-history":[{"count":28,"href":"https:\/\/vaiksed.ee\/ru\/wp-json\/wp\/v2\/pages\/229\/revisions"}],"predecessor-version":[{"id":2386,"href":"https:\/\/vaiksed.ee\/ru\/wp-json\/wp\/v2\/pages\/229\/revisions\/2386"}],"up":[{"embeddable":true,"href":"https:\/\/vaiksed.ee\/ru\/wp-json\/wp\/v2\/pages\/104"}],"wp:attachment":[{"href":"https:\/\/vaiksed.ee\/ru\/wp-json\/wp\/v2\/media?parent=229"}],"curies":[{"name":"wp","href":"https:\/\/api.w.org\/{rel}","templated":true}]}}