{"id":1973,"date":"2023-01-05T16:52:46","date_gmt":"2023-01-05T16:52:46","guid":{"rendered":"https:\/\/vaiksed.ee\/?page_id=1973"},"modified":"2023-07-02T10:25:24","modified_gmt":"2023-07-02T10:25:24","slug":"rahupaiga-kodukord","status":"publish","type":"page","link":"https:\/\/vaiksed.ee\/ru\/rahupaiga-kodukord\/","title":{"rendered":"Rahupaiga kodukord"},"content":{"rendered":"<div class=\"wp-block-image\">\n<figure class=\"alignright size-large is-resized\"><img decoding=\"async\" src=\"https:\/\/vaiksed.ee\/wp-content\/uploads\/2019\/10\/rahupaik2.jpg?w=960\" alt=\"\" class=\"wp-image-781\" width=\"470\" height=\"352\"\/><\/figure><\/div>\n\n\n<p>Vaikuse laste rahupaik on \u00fcks eriline koht, mis on \u00fchel v\u00f5i teisel kombel oluline meile k\u00f5igile. Meie hulgas on neid, kelle laps on rahupaika maetud; on neid, kes k\u00e4ivad seal m\u00e4lestamas enda v\u00f5i oma l\u00e4hedase last. On neid, kel pole k\u00fcll otsest isiklikku seost rahupaigaga, kuid kes seda kohta ometi s\u00fcdamel\u00e4hedaseks peavad.&nbsp;<\/p>\n\n\n\n<p>Just n\u00f5nda, \u00fchiselt, tahame selle paiga eest ka hoolt kanda. Pole \u00fcht kindlat aednikku v\u00f5i haljastajat, kes rahupaigas tegutseks, ja sellep\u00e4rast on hea, kui me omavahel teatud reeglites kokku lepime.<\/p>\n\n\n\n<p>Soovime rahupaigas hoida puhast ja selget joont, mist\u00f5ttu tegime m\u00e4lestusesemete osas 2022. aasta s\u00fcgisestel talgutel otsuse viia selleks ajaks sinna kogunenud veel terved m\u00e4lestusesemed kogudusemajja. Juhul, kui teie perel on lahkunud beebile olemas m\u00e4lestusese, siis palume see teil j\u00e4tta enda pere keskele.<\/p>\n\n\n\n<p>Lisaks vanale heale kastanipuule, mis oma oksad kaitsvalt \u00fcle rahupaiga sirutab, on rahupaiga m\u00e4lestuskivi ette istutatud 8\u201310 hooajalist lilletaime (kevadel sageli v\u00f5\u00f5rasemad, s\u00fcgiseti n\u00e4iteks kanarbikutaimed). Nende hankimise ja istutamise eest kannab kevadel emadep\u00e4eva ja s\u00fcgisel hingedep\u00e4eva paiku hoolt MT\u00dc Vaikuse Lapsed, samas ei ole keelatud vahepealsel perioodil ka peredel endal taimi sinna istutada. Seda, kas on aeg istutada uusi lilletaimi, tasub eelnevalt k\u00fcsida Risti kiriku \u00f5petajalt Annika Laatsilt &#8211; telefon +372 5564 9256; e-post annika.laats@eelk.ee.<\/p>\n\n\n\n<p>L\u00f5ikelillede jaoks oleme varunud maasse torgatavaid vaase. Leiad need rahupaigam\u00e4lestuskivi tagant.<\/p>\n\n\n\n<p>Rahupaiga hoolduseks leiab t\u00f6\u00f6riistu koguduse kuurist, ent kui see on parasjagu lukus ning kirikus ega kogudusemajas pole kedagi liikvel, siis tasub neid otsida naabruses asuvalt Risti kalmistult. Seal asub ka l\u00e4him kaev. Orgaaniliste j\u00e4\u00e4tmete jaoks on kalmistu p\u00f5hjak\u00fcljel pr\u00fcgihunnik ja mitteorgaaniliste j\u00e4\u00e4tmete jaoks maantee-poolsel k\u00fcljel pr\u00fcgikonteiner.<\/p>\n\n\n\n<p>Traditsiooniliselt toimuvad kaks korda aastas \u2013 kevadel emadep\u00e4eva ja s\u00fcgisel hingedep\u00e4eva paiku \u2013 rahupaigas talgud, mille k\u00e4igus korrastatakse \u00fchiselt m\u00e4lestuskivi \u00fcmbrust ning k\u00f5neldakse sellest, mis s\u00fcdamel. Talgute kohta saab t\u00e4psemat infot Vaikuse laste <a rel=\"noreferrer noopener\" aria-label=\" (opens in a new tab)\" href=\"http:\/\/www.facebook.com\/vaiksed\" target=\"_blank\">FaceBooki grupist<\/a> v\u00f5i liitudes MT\u00dc Vaikuse Lapsed meililistiga.<\/p>\n\n\n\n<p>Kui sul on m\u00f5tteid ja ettepanekuid m\u00e4lestuspaiga hooldamise ja kaunistamise kohta, siis jaga neid julgesti MT\u00dc Vaikuse Lapsed aadressil <a rel=\"noreferrer noopener\" aria-label=\" (opens in a new tab)\" href=\"mailto:info@vaiksed.ee\" target=\"_blank\">info@vaiksed.ee<\/a>.<\/p>\n\n\n\n<p class=\"has-text-align-right\"><strong>\u0421\u043b\u0435\u0434\u0443\u044e\u0449\u0438\u0439: <a href=\"https:\/\/vaiksed.ee\/ru\/malestustekarp\/\">\u0425\u0440\u0430\u043d\u0435\u043d\u0438\u0435 \u0432\u043e\u0441\u043f\u043e\u043c\u0438\u043d\u0430\u043d\u0438\u0439 \u043e \u043f\u043e\u0442\u0435\u0440\u044f\u043d\u043d\u043e\u043c \u0440\u0435\u0431\u0435\u043d\u043a\u0435<\/a><\/strong><\/p>","protected":false},"excerpt":{"rendered":"<p>Vaikuse laste rahupaik on \u00fcks eriline koht, mis on \u00fchel v\u00f5i teisel kombel oluline meile k\u00f5igile. Meie hulgas on neid, kelle laps on rahupaika maetud; on neid, kes k\u00e4ivad seal&hellip;<\/p>","protected":false},"author":174446671,"featured_media":0,"parent":0,"menu_order":0,"comment_status":"closed","ping_status":"closed","template":"","meta":[],"yoast_head":"<!-- This site is optimized with the Yoast SEO plugin v20.12 - https:\/\/yoast.com\/wordpress\/plugins\/seo\/ -->\n<title>Rahupaiga kodukord - Vaikuse lapsed<\/title>\n<meta name=\"robots\" content=\"index, follow, max-snippet:-1, max-image-preview:large, max-video-preview:-1\" \/>\n<link rel=\"canonical\" href=\"https:\/\/vaiksed.ee\/ru\/rahupaiga-kodukord\/\" \/>\n<meta property=\"og:locale\" content=\"ru_RU\" \/>\n<meta property=\"og:type\" content=\"article\" \/>\n<meta property=\"og:title\" content=\"Rahupaiga kodukord - Vaikuse lapsed\" \/>\n<meta property=\"og:description\" content=\"Vaikuse laste rahupaik on \u00fcks eriline koht, mis on \u00fchel v\u00f5i teisel kombel oluline meile k\u00f5igile. Meie hulgas on neid, kelle laps on rahupaika maetud; on neid, kes k\u00e4ivad seal&hellip;\" \/>\n<meta property=\"og:url\" content=\"https:\/\/vaiksed.ee\/ru\/rahupaiga-kodukord\/\" \/>\n<meta property=\"og:site_name\" content=\"Vaikuse lapsed\" \/>\n<meta property=\"article:modified_time\" content=\"2023-07-02T10:25:24+00:00\" \/>\n<meta property=\"og:image\" content=\"https:\/\/vaiksed.ee\/wp-content\/uploads\/2019\/10\/rahupaik2.jpg?w=960\" \/>\n<meta name=\"twitter:card\" content=\"summary_large_image\" \/>\n<meta name=\"twitter:label1\" content=\"\u041f\u0440\u0438\u043c\u0435\u0440\u043d\u043e\u0435 \u0432\u0440\u0435\u043c\u044f \u0434\u043b\u044f \u0447\u0442\u0435\u043d\u0438\u044f\" \/>\n\t<meta name=\"twitter:data1\" content=\"2 \u043c\u0438\u043d\u0443\u0442\u044b\" \/>\n<script type=\"application\/ld+json\" class=\"yoast-schema-graph\">{\"@context\":\"https:\/\/schema.org\",\"@graph\":[{\"@type\":\"WebPage\",\"@id\":\"https:\/\/vaiksed.ee\/rahupaiga-kodukord\/\",\"url\":\"https:\/\/vaiksed.ee\/rahupaiga-kodukord\/\",\"name\":\"Rahupaiga kodukord - Vaikuse lapsed\",\"isPartOf\":{\"@id\":\"https:\/\/vaiksed.ee\/#website\"},\"datePublished\":\"2023-01-05T16:52:46+00:00\",\"dateModified\":\"2023-07-02T10:25:24+00:00\",\"breadcrumb\":{\"@id\":\"https:\/\/vaiksed.ee\/rahupaiga-kodukord\/#breadcrumb\"},\"inLanguage\":\"ru-RU\",\"potentialAction\":[{\"@type\":\"ReadAction\",\"target\":[\"https:\/\/vaiksed.ee\/rahupaiga-kodukord\/\"]}]},{\"@type\":\"BreadcrumbList\",\"@id\":\"https:\/\/vaiksed.ee\/rahupaiga-kodukord\/#breadcrumb\",\"itemListElement\":[{\"@type\":\"ListItem\",\"position\":1,\"name\":\"Home\",\"item\":\"https:\/\/vaiksed.ee\/\"},{\"@type\":\"ListItem\",\"position\":2,\"name\":\"Rahupaiga kodukord\"}]},{\"@type\":\"WebSite\",\"@id\":\"https:\/\/vaiksed.ee\/#website\",\"url\":\"https:\/\/vaiksed.ee\/\",\"name\":\"Vaikuse lapsed\",\"description\":\"Vaikuselaps, las valvab su \u00fcle valguse vaim \u2013 rahu ja armastus\",\"publisher\":{\"@id\":\"https:\/\/vaiksed.ee\/#organization\"},\"potentialAction\":[{\"@type\":\"SearchAction\",\"target\":{\"@type\":\"EntryPoint\",\"urlTemplate\":\"https:\/\/vaiksed.ee\/?s={search_term_string}\"},\"query-input\":\"required name=search_term_string\"}],\"inLanguage\":\"ru-RU\"},{\"@type\":\"Organization\",\"@id\":\"https:\/\/vaiksed.ee\/#organization\",\"name\":\"Vaikuse lapsed\",\"url\":\"https:\/\/vaiksed.ee\/\",\"logo\":{\"@type\":\"ImageObject\",\"inLanguage\":\"ru-RU\",\"@id\":\"https:\/\/vaiksed.ee\/#\/schema\/logo\/image\/\",\"url\":\"https:\/\/vaiksed.ee\/wp-content\/uploads\/2022\/11\/173568.png\",\"contentUrl\":\"https:\/\/vaiksed.ee\/wp-content\/uploads\/2022\/11\/173568.png\",\"width\":500,\"height\":500,\"caption\":\"Vaikuse lapsed\"},\"image\":{\"@id\":\"https:\/\/vaiksed.ee\/#\/schema\/logo\/image\/\"}}]}<\/script>\n<!-- \/ Yoast SEO plugin. -->","yoast_head_json":{"title":"Rahupaiga kodukord - Vaikuse lapsed","robots":{"index":"index","follow":"follow","max-snippet":"max-snippet:-1","max-image-preview":"max-image-preview:large","max-video-preview":"max-video-preview:-1"},"canonical":"https:\/\/vaiksed.ee\/ru\/rahupaiga-kodukord\/","og_locale":"ru_RU","og_type":"article","og_title":"Rahupaiga kodukord - Vaikuse lapsed","og_description":"Vaikuse laste rahupaik on \u00fcks eriline koht, mis on \u00fchel v\u00f5i teisel kombel oluline meile k\u00f5igile. Meie hulgas on neid, kelle laps on rahupaika maetud; on neid, kes k\u00e4ivad seal&hellip;","og_url":"https:\/\/vaiksed.ee\/ru\/rahupaiga-kodukord\/","og_site_name":"Vaikuse lapsed","article_modified_time":"2023-07-02T10:25:24+00:00","og_image":[{"url":"https:\/\/vaiksed.ee\/wp-content\/uploads\/2019\/10\/rahupaik2.jpg?w=960"}],"twitter_card":"summary_large_image","twitter_misc":{"\u041f\u0440\u0438\u043c\u0435\u0440\u043d\u043e\u0435 \u0432\u0440\u0435\u043c\u044f \u0434\u043b\u044f \u0447\u0442\u0435\u043d\u0438\u044f":"2 \u043c\u0438\u043d\u0443\u0442\u044b"},"schema":{"@context":"https:\/\/schema.org","@graph":[{"@type":"WebPage","@id":"https:\/\/vaiksed.ee\/rahupaiga-kodukord\/","url":"https:\/\/vaiksed.ee\/rahupaiga-kodukord\/","name":"Rahupaiga kodukord - Vaikuse lapsed","isPartOf":{"@id":"https:\/\/vaiksed.ee\/#website"},"datePublished":"2023-01-05T16:52:46+00:00","dateModified":"2023-07-02T10:25:24+00:00","breadcrumb":{"@id":"https:\/\/vaiksed.ee\/rahupaiga-kodukord\/#breadcrumb"},"inLanguage":"ru-RU","potentialAction":[{"@type":"ReadAction","target":["https:\/\/vaiksed.ee\/rahupaiga-kodukord\/"]}]},{"@type":"BreadcrumbList","@id":"https:\/\/vaiksed.ee\/rahupaiga-kodukord\/#breadcrumb","itemListElement":[{"@type":"ListItem","position":1,"name":"Home","item":"https:\/\/vaiksed.ee\/"},{"@type":"ListItem","position":2,"name":"Rahupaiga kodukord"}]},{"@type":"WebSite","@id":"https:\/\/vaiksed.ee\/#website","url":"https:\/\/vaiksed.ee\/","name":"Vaikuse lapsed","description":"Vaikuselaps, las valvab su \u00fcle valguse vaim \u2013 rahu ja armastus","publisher":{"@id":"https:\/\/vaiksed.ee\/#organization"},"potentialAction":[{"@type":"SearchAction","target":{"@type":"EntryPoint","urlTemplate":"https:\/\/vaiksed.ee\/?s={search_term_string}"},"query-input":"required name=search_term_string"}],"inLanguage":"ru-RU"},{"@type":"Organization","@id":"https:\/\/vaiksed.ee\/#organization","name":"Vaikuse lapsed","url":"https:\/\/vaiksed.ee\/","logo":{"@type":"ImageObject","inLanguage":"ru-RU","@id":"https:\/\/vaiksed.ee\/#\/schema\/logo\/image\/","url":"https:\/\/vaiksed.ee\/wp-content\/uploads\/2022\/11\/173568.png","contentUrl":"https:\/\/vaiksed.ee\/wp-content\/uploads\/2022\/11\/173568.png","width":500,"height":500,"caption":"Vaikuse lapsed"},"image":{"@id":"https:\/\/vaiksed.ee\/#\/schema\/logo\/image\/"}}]}},"_links":{"self":[{"href":"https:\/\/vaiksed.ee\/ru\/wp-json\/wp\/v2\/pages\/1973"}],"collection":[{"href":"https:\/\/vaiksed.ee\/ru\/wp-json\/wp\/v2\/pages"}],"about":[{"href":"https:\/\/vaiksed.ee\/ru\/wp-json\/wp\/v2\/types\/page"}],"author":[{"embeddable":true,"href":"https:\/\/vaiksed.ee\/ru\/wp-json\/wp\/v2\/users\/174446671"}],"replies":[{"embeddable":true,"href":"https:\/\/vaiksed.ee\/ru\/wp-json\/wp\/v2\/comments?post=1973"}],"version-history":[{"count":4,"href":"https:\/\/vaiksed.ee\/ru\/wp-json\/wp\/v2\/pages\/1973\/revisions"}],"predecessor-version":[{"id":2346,"href":"https:\/\/vaiksed.ee\/ru\/wp-json\/wp\/v2\/pages\/1973\/revisions\/2346"}],"wp:attachment":[{"href":"https:\/\/vaiksed.ee\/ru\/wp-json\/wp\/v2\/media?parent=1973"}],"curies":[{"name":"wp","href":"https:\/\/api.w.org\/{rel}","templated":true}]}}