{"id":194,"date":"2019-09-30T00:26:02","date_gmt":"2019-09-30T00:26:02","guid":{"rendered":"https:\/\/vaiksed.ee\/?page_id=194"},"modified":"2024-10-05T15:49:16","modified_gmt":"2024-10-05T15:49:16","slug":"kontakt","status":"publish","type":"page","link":"https:\/\/vaiksed.ee\/ru\/mtu-vaikuse-lapsed\/kontakt\/","title":{"rendered":"C\u0432\u044f\u0436\u0438\u0442\u0435\u0441\u044c \u0441 \u043d\u0430\u043c\u0438"},"content":{"rendered":"<p><strong>MT\u00dc Vaikuse Lapsed (\u0414\u0435\u0442\u0438 \u0442\u0438\u0448\u0438\u043d\u044b)<br><\/strong>\u0420\u0435\u0433. \u043a\u043e\u0434: 80302347<br>\u0410\u0434\u0440\u0435\u0441: Risti kirik, Harju-Risti k\u00fcla, L\u00e4\u00e4ne-Harju vald, Harjumaa 76002<br>\u0410\u0434\u0440\u0435\u0441 \u044d\u043b\u0435\u043a\u0442\u0440\u043e\u043d\u043d\u043e\u0439 \u043f\u043e\u0447\u0442\u044b: <a href=\"mailto:info@vaiksed.ee\" target=\"_blank\" rel=\"noreferrer noopener\">info@vaiksed.ee<\/a><br><br>MT\u00dc Vaikuse Lapsed juhatusse kuuluvad Hilly-Helena Tammessaar, Anna Lihodedova ja Kristina Marfeldt. MT\u00dc-ga Vaikuse Lapsed saab \u00fchendust e-posti aadressil <a aria-label=\" (opens in a new tab)\" href=\"mailto:info@vaiksed.ee\" target=\"_blank\" rel=\"noreferrer noopener\">info@vaiksed.ee<\/a> \u0438\u043b\u0438 \u0447\u0435\u0440\u0435\u0437 Facebook <a aria-label=\" (opens in a new tab)\" href=\"http:\/\/www.facebook.com\/vaiksed\" target=\"_blank\" rel=\"noreferrer noopener\">www.facebook.com\/vaiksed<\/a> .<\/p>\n\n\n\n<p>\u0415\u0441\u043b\u0438 \u0432\u044b \u0447\u0443\u0432\u0441\u0442\u0432\u0443\u0435\u0442\u0435, \u0447\u0442\u043e \u0445\u043e\u0442\u0435\u043b\u0438 \u0431\u044b \u043e\u0431\u0449\u0430\u0442\u044c\u0441\u044f \u0441 \u0434\u0440\u0443\u0433\u0438\u043c\u0438 \u0441\u0435\u043c\u044c\u044f\u043c\u0438, \u043a\u043e\u0442\u043e\u0440\u044b\u0435 \u043f\u0435\u0440\u0435\u0436\u0438\u043b\u0438 \u0447\u0442\u043e-\u0442\u043e \u043f\u043e\u0445\u043e\u0436\u0435\u0435, \u043f\u0440\u0438\u0441\u043e\u0435\u0434\u0438\u043d\u044f\u0439\u0442\u0435\u0441\u044c \u043a \u0433\u0440\u0443\u043f\u043f\u0435 Facebook Inglilapsed <a rel=\"noreferrer noopener\" aria-label=\" (opens in a new tab)\" href=\"http:\/\/www.facebook.com\/groups\/inglilapsed\" target=\"_blank\">www.facebook.com\/groups\/inglilapsed<\/a>.<\/p>\n\n\n\n<p>\u0415\u0441\u043b\u0438 \u0432\u044b \u0447\u0443\u0432\u0441\u0442\u0432\u0443\u0435\u0442\u0435, \u0447\u0442\u043e \u0432\u0430\u043c \u043d\u0443\u0436\u043d\u0430 \u043f\u0440\u043e\u0444\u0435\u0441\u0441\u0438\u043e\u043d\u0430\u043b\u044c\u043d\u0430\u044f \u043f\u043e\u043c\u043e\u0449\u044c, \u0441\u043e\u0432\u0435\u0442\u0443\u0435\u043c \u043e\u0431\u0440\u0430\u0442\u0438\u0442\u044c\u0441\u044f \u043a \u043e\u043f\u044b\u0442\u043d\u043e\u043c\u0443 \u0441\u043f\u0435\u0446\u0438\u0430\u043b\u0438\u0441\u0442\u0443, \u043a\u043e\u043d\u0441\u0443\u043b\u044c\u0442\u0430\u043d\u0442\u0443 \u043f\u043e \u043a\u0440\u0438\u0437\u0438\u0441\u0443 \u0431\u0435\u0440\u0435\u043c\u0435\u043d\u043d\u043e\u0441\u0442\u0438, \u043f\u0441\u0438\u0445\u043e\u043b\u043e\u0433\u0443 \u0438\u043b\u0438 \u0437\u0430 \u0434\u0443\u0448\u0435\u043f\u043e\u043f\u0435\u0447\u0435\u043d\u0438\u0435\u043c. \u041d\u0435\u043a\u043e\u0442\u043e\u0440\u044b\u0435 \u0442\u0430\u043a\u0438\u0435 \u043a\u043e\u043d\u0442\u0430\u043a\u0442\u044b \u043c\u043e\u0436\u043d\u043e \u043d\u0430\u0439\u0442\u0438 <a href=\"https:\/\/vaiksed.ee\/ru\/praktilised-kusimused\/kui-vajad-tuge\/\">\u0437\u0434\u0435\u0441\u044c<\/a>.<br><\/p>\n\n\n\n<p class=\"has-text-align-right\"><strong><strong>\u0421\u043b\u0435\u0434\u0443\u044e\u0449\u0438\u0439: <a href=\"https:\/\/vaiksed.ee\/ru\/toeta-mtu-tegemisi\/\">\u041f\u043e\u0434\u0434\u0435\u0440\u0436\u0438\u0442\u0435 \u0434\u0435\u044f\u0442\u0435\u043b\u044c\u043d\u043e\u0441\u0442\u044c MT\u00dc Vaikuse Lapsed<\/a><\/strong><\/strong><\/p>","protected":false},"excerpt":{"rendered":"<p>MT\u00dc Vaikuse LapsedRegistrikood: 80302347Aadress: Risti kirik, Harju-Risti k\u00fcla, L\u00e4\u00e4ne-Harju vald, Harjumaa 76002E-posti aadress: info@vaiksed.ee MT\u00dc Vaikuse Lapsed juhatusse kuuluvad Hilly-Helena Tammessaar, Anna Lihodedova ja Kristina Marfeldt. MT\u00dc-ga Vaikuse Lapsed saab&hellip;<\/p>","protected":false},"author":174446673,"featured_media":0,"parent":87,"menu_order":4,"comment_status":"closed","ping_status":"closed","template":"","meta":[],"yoast_head":"<!-- This site is optimized with the Yoast SEO plugin v20.12 - https:\/\/yoast.com\/wordpress\/plugins\/seo\/ -->\n<title>Kontakt | Vaikuse lapsed<\/title>\n<meta name=\"description\" content=\"MT\u00dc Vaikuse lapsed on loodud eesm\u00e4rgiga toetada raseduse katkemisel v\u00f5i imikueas surnud laste vanemaid ning l\u00e4hedasi. Kogemusn\u00f5ustajad, info ja tugi. Loe siit.\" \/>\n<meta name=\"robots\" content=\"index, follow, max-snippet:-1, max-image-preview:large, max-video-preview:-1\" \/>\n<link rel=\"canonical\" href=\"https:\/\/vaiksed.ee\/ru\/mtu-vaikuse-lapsed\/kontakt\/\" \/>\n<meta property=\"og:locale\" content=\"ru_RU\" \/>\n<meta property=\"og:type\" content=\"article\" \/>\n<meta property=\"og:title\" content=\"Kontakt | Vaikuse lapsed\" \/>\n<meta property=\"og:description\" content=\"MT\u00dc Vaikuse lapsed on loodud eesm\u00e4rgiga toetada raseduse katkemisel v\u00f5i imikueas surnud laste vanemaid ning l\u00e4hedasi. Kogemusn\u00f5ustajad, info ja tugi. Loe siit.\" \/>\n<meta property=\"og:url\" content=\"https:\/\/vaiksed.ee\/ru\/mtu-vaikuse-lapsed\/kontakt\/\" \/>\n<meta property=\"og:site_name\" content=\"Vaikuse lapsed\" \/>\n<meta property=\"article:modified_time\" content=\"2024-10-05T15:49:16+00:00\" \/>\n<meta name=\"twitter:card\" content=\"summary_large_image\" \/>\n<meta name=\"twitter:label1\" content=\"\u041f\u0440\u0438\u043c\u0435\u0440\u043d\u043e\u0435 \u0432\u0440\u0435\u043c\u044f \u0434\u043b\u044f \u0447\u0442\u0435\u043d\u0438\u044f\" \/>\n\t<meta name=\"twitter:data1\" content=\"1 \u043c\u0438\u043d\u0443\u0442\u0430\" \/>\n<script type=\"application\/ld+json\" class=\"yoast-schema-graph\">{\"@context\":\"https:\/\/schema.org\",\"@graph\":[{\"@type\":\"WebPage\",\"@id\":\"https:\/\/vaiksed.ee\/mtu-vaikuse-lapsed\/kontakt\/\",\"url\":\"https:\/\/vaiksed.ee\/mtu-vaikuse-lapsed\/kontakt\/\",\"name\":\"Kontakt | Vaikuse lapsed\",\"isPartOf\":{\"@id\":\"https:\/\/vaiksed.ee\/#website\"},\"datePublished\":\"2019-09-30T00:26:02+00:00\",\"dateModified\":\"2024-10-05T15:49:16+00:00\",\"description\":\"MT\u00dc Vaikuse lapsed on loodud eesm\u00e4rgiga toetada raseduse katkemisel v\u00f5i imikueas surnud laste vanemaid ning l\u00e4hedasi. Kogemusn\u00f5ustajad, info ja tugi. Loe siit.\",\"breadcrumb\":{\"@id\":\"https:\/\/vaiksed.ee\/mtu-vaikuse-lapsed\/kontakt\/#breadcrumb\"},\"inLanguage\":\"ru-RU\",\"potentialAction\":[{\"@type\":\"ReadAction\",\"target\":[\"https:\/\/vaiksed.ee\/mtu-vaikuse-lapsed\/kontakt\/\"]}]},{\"@type\":\"BreadcrumbList\",\"@id\":\"https:\/\/vaiksed.ee\/mtu-vaikuse-lapsed\/kontakt\/#breadcrumb\",\"itemListElement\":[{\"@type\":\"ListItem\",\"position\":1,\"name\":\"Home\",\"item\":\"https:\/\/vaiksed.ee\/\"},{\"@type\":\"ListItem\",\"position\":2,\"name\":\"MT\u00dc Vaikuse Lapsed\",\"item\":\"https:\/\/vaiksed.ee\/mtu-vaikuse-lapsed\/\"},{\"@type\":\"ListItem\",\"position\":3,\"name\":\"Kontakt\"}]},{\"@type\":\"WebSite\",\"@id\":\"https:\/\/vaiksed.ee\/#website\",\"url\":\"https:\/\/vaiksed.ee\/\",\"name\":\"Vaikuse lapsed\",\"description\":\"Vaikuselaps, las valvab su \u00fcle valguse vaim \u2013 rahu ja armastus\",\"publisher\":{\"@id\":\"https:\/\/vaiksed.ee\/#organization\"},\"potentialAction\":[{\"@type\":\"SearchAction\",\"target\":{\"@type\":\"EntryPoint\",\"urlTemplate\":\"https:\/\/vaiksed.ee\/?s={search_term_string}\"},\"query-input\":\"required name=search_term_string\"}],\"inLanguage\":\"ru-RU\"},{\"@type\":\"Organization\",\"@id\":\"https:\/\/vaiksed.ee\/#organization\",\"name\":\"Vaikuse lapsed\",\"url\":\"https:\/\/vaiksed.ee\/\",\"logo\":{\"@type\":\"ImageObject\",\"inLanguage\":\"ru-RU\",\"@id\":\"https:\/\/vaiksed.ee\/#\/schema\/logo\/image\/\",\"url\":\"https:\/\/vaiksed.ee\/wp-content\/uploads\/2022\/11\/173568.png\",\"contentUrl\":\"https:\/\/vaiksed.ee\/wp-content\/uploads\/2022\/11\/173568.png\",\"width\":500,\"height\":500,\"caption\":\"Vaikuse lapsed\"},\"image\":{\"@id\":\"https:\/\/vaiksed.ee\/#\/schema\/logo\/image\/\"}}]}<\/script>\n<!-- \/ Yoast SEO plugin. -->","yoast_head_json":{"title":"Kontakt | Vaikuse lapsed","description":"MT\u00dc Vaikuse lapsed on loodud eesm\u00e4rgiga toetada raseduse katkemisel v\u00f5i imikueas surnud laste vanemaid ning l\u00e4hedasi. Kogemusn\u00f5ustajad, info ja tugi. Loe siit.","robots":{"index":"index","follow":"follow","max-snippet":"max-snippet:-1","max-image-preview":"max-image-preview:large","max-video-preview":"max-video-preview:-1"},"canonical":"https:\/\/vaiksed.ee\/ru\/mtu-vaikuse-lapsed\/kontakt\/","og_locale":"ru_RU","og_type":"article","og_title":"Kontakt | Vaikuse lapsed","og_description":"MT\u00dc Vaikuse lapsed on loodud eesm\u00e4rgiga toetada raseduse katkemisel v\u00f5i imikueas surnud laste vanemaid ning l\u00e4hedasi. Kogemusn\u00f5ustajad, info ja tugi. Loe siit.","og_url":"https:\/\/vaiksed.ee\/ru\/mtu-vaikuse-lapsed\/kontakt\/","og_site_name":"Vaikuse lapsed","article_modified_time":"2024-10-05T15:49:16+00:00","twitter_card":"summary_large_image","twitter_misc":{"\u041f\u0440\u0438\u043c\u0435\u0440\u043d\u043e\u0435 \u0432\u0440\u0435\u043c\u044f \u0434\u043b\u044f \u0447\u0442\u0435\u043d\u0438\u044f":"1 \u043c\u0438\u043d\u0443\u0442\u0430"},"schema":{"@context":"https:\/\/schema.org","@graph":[{"@type":"WebPage","@id":"https:\/\/vaiksed.ee\/mtu-vaikuse-lapsed\/kontakt\/","url":"https:\/\/vaiksed.ee\/mtu-vaikuse-lapsed\/kontakt\/","name":"Kontakt | Vaikuse lapsed","isPartOf":{"@id":"https:\/\/vaiksed.ee\/#website"},"datePublished":"2019-09-30T00:26:02+00:00","dateModified":"2024-10-05T15:49:16+00:00","description":"MT\u00dc Vaikuse lapsed on loodud eesm\u00e4rgiga toetada raseduse katkemisel v\u00f5i imikueas surnud laste vanemaid ning l\u00e4hedasi. Kogemusn\u00f5ustajad, info ja tugi. Loe siit.","breadcrumb":{"@id":"https:\/\/vaiksed.ee\/mtu-vaikuse-lapsed\/kontakt\/#breadcrumb"},"inLanguage":"ru-RU","potentialAction":[{"@type":"ReadAction","target":["https:\/\/vaiksed.ee\/mtu-vaikuse-lapsed\/kontakt\/"]}]},{"@type":"BreadcrumbList","@id":"https:\/\/vaiksed.ee\/mtu-vaikuse-lapsed\/kontakt\/#breadcrumb","itemListElement":[{"@type":"ListItem","position":1,"name":"Home","item":"https:\/\/vaiksed.ee\/"},{"@type":"ListItem","position":2,"name":"MT\u00dc Vaikuse Lapsed","item":"https:\/\/vaiksed.ee\/mtu-vaikuse-lapsed\/"},{"@type":"ListItem","position":3,"name":"Kontakt"}]},{"@type":"WebSite","@id":"https:\/\/vaiksed.ee\/#website","url":"https:\/\/vaiksed.ee\/","name":"Vaikuse lapsed","description":"Vaikuselaps, las valvab su \u00fcle valguse vaim \u2013 rahu ja armastus","publisher":{"@id":"https:\/\/vaiksed.ee\/#organization"},"potentialAction":[{"@type":"SearchAction","target":{"@type":"EntryPoint","urlTemplate":"https:\/\/vaiksed.ee\/?s={search_term_string}"},"query-input":"required name=search_term_string"}],"inLanguage":"ru-RU"},{"@type":"Organization","@id":"https:\/\/vaiksed.ee\/#organization","name":"Vaikuse lapsed","url":"https:\/\/vaiksed.ee\/","logo":{"@type":"ImageObject","inLanguage":"ru-RU","@id":"https:\/\/vaiksed.ee\/#\/schema\/logo\/image\/","url":"https:\/\/vaiksed.ee\/wp-content\/uploads\/2022\/11\/173568.png","contentUrl":"https:\/\/vaiksed.ee\/wp-content\/uploads\/2022\/11\/173568.png","width":500,"height":500,"caption":"Vaikuse lapsed"},"image":{"@id":"https:\/\/vaiksed.ee\/#\/schema\/logo\/image\/"}}]}},"_links":{"self":[{"href":"https:\/\/vaiksed.ee\/ru\/wp-json\/wp\/v2\/pages\/194"}],"collection":[{"href":"https:\/\/vaiksed.ee\/ru\/wp-json\/wp\/v2\/pages"}],"about":[{"href":"https:\/\/vaiksed.ee\/ru\/wp-json\/wp\/v2\/types\/page"}],"author":[{"embeddable":true,"href":"https:\/\/vaiksed.ee\/ru\/wp-json\/wp\/v2\/users\/174446673"}],"replies":[{"embeddable":true,"href":"https:\/\/vaiksed.ee\/ru\/wp-json\/wp\/v2\/comments?post=194"}],"version-history":[{"count":9,"href":"https:\/\/vaiksed.ee\/ru\/wp-json\/wp\/v2\/pages\/194\/revisions"}],"predecessor-version":[{"id":2837,"href":"https:\/\/vaiksed.ee\/ru\/wp-json\/wp\/v2\/pages\/194\/revisions\/2837"}],"up":[{"embeddable":true,"href":"https:\/\/vaiksed.ee\/ru\/wp-json\/wp\/v2\/pages\/87"}],"wp:attachment":[{"href":"https:\/\/vaiksed.ee\/ru\/wp-json\/wp\/v2\/media?parent=194"}],"curies":[{"name":"wp","href":"https:\/\/api.w.org\/{rel}","templated":true}]}}