{"id":183,"date":"2019-09-30T00:16:28","date_gmt":"2019-09-30T00:16:28","guid":{"rendered":"https:\/\/vaiksed.ee\/?page_id=183"},"modified":"2025-05-14T08:29:02","modified_gmt":"2025-05-14T08:29:02","slug":"mtu-lugu","status":"publish","type":"page","link":"https:\/\/vaiksed.ee\/ru\/mtu-vaikuse-lapsed\/mtu-lugu\/","title":{"rendered":"\u0418\u0441\u0442\u043e\u0440\u0438\u044f \u0441\u043e\u0437\u0434\u0430\u043d\u0438\u044f MT\u00dc Vaikuse lapsed"},"content":{"rendered":"<p>MT\u00dc Vaikuse Lapsed \u0443\u0447\u0440\u0435\u0434\u0438\u043b\u0438 \u0432 2010 \u0433\u043e\u0434\u0443 \u0410\u0440\u0438\u0442\u0430 \u0438 \u041f\u043e\u043b \u0424\u0435\u0437\u0435\u0440\u0441\u0442\u043e\u0443\u043d\u044b, \u043a\u043e\u0442\u043e\u0440\u044b\u0435 \u043f\u043e\u0441\u043b\u0435 \u0441\u043c\u0435\u0440\u0442\u0438 \u0441\u0432\u043e\u0435\u0433\u043e \u043c\u0430\u043b\u0435\u043d\u044c\u043a\u043e\u0433\u043e \u0441\u044b\u043d\u0430 \u041e\u043b\u0438\u0432\u0435\u0440\u0430 \u0440\u0435\u0448\u0438\u043b\u0438 \u043f\u043e \u043f\u0440\u0438\u043c\u0435\u0440\u0443 \u043d\u0435\u043a\u043e\u0442\u043e\u0440\u044b\u0445 \u0434\u0440\u0443\u0433\u0438\u0445 \u0441\u0442\u0440\u0430\u043d\u044b \u043e\u0440\u0433\u0430\u043d\u0438\u0437\u043e\u0432\u0430\u0442\u044c \u0432 \u042d\u0441\u0442\u043e\u043d\u0438\u0438 \u043c\u0435\u0441\u0442\u043e \u043f\u043e\u043c\u0438\u043d\u043e\u0432\u0435\u043d\u0438\u044f \u0438 \u043f\u043e\u0433\u0440\u0435\u0431\u0435\u043d\u0438\u044f \u0434\u0435\u0442\u0435\u0439, \u0443\u043c\u0435\u0440\u0448\u0438\u0445 \u0432\u043e \u0432\u0440\u0435\u043c\u044f \u0431\u0435\u0440\u0435\u043c\u0435\u043d\u043d\u043e\u0441\u0442\u0438 \u0438\u043b\u0438 \u0432 \u043c\u043b\u0430\u0434\u0435\u043d\u0447\u0435\u0441\u0442\u0432\u0435.<\/p>\n\n\n\n<p>\u041d\u0430 \u0442\u043e\u0442 \u043c\u043e\u043c\u0435\u043d\u0442 \u043f\u043e\u0434\u043e\u0431\u043d\u043e\u0435 \u043c\u0435\u0441\u0442\u043e \u0431\u044b\u043b\u043e \u0432 \u0420\u0438\u0433\u0435, \u043a\u0443\u0434\u0430 \u0410\u0440\u0438\u0442\u0430 \u0442\u0435\u043f\u0435\u0440\u044c \u0438 \u043f\u0435\u0440\u0435\u0435\u0445\u0430\u043b\u0430. \u0410 \u0432 \u042d\u0441\u0442\u043e\u043d\u0438\u0438 \u0432 \u0441\u0432\u043e\u0438\u0445 \u043f\u043e\u0438\u0441\u043a\u0430\u0445 \u043f\u0430\u0440\u0430 \u0432\u044b\u0448\u043b\u0430 \u043d\u0430 \u043f\u0430\u0441\u0442\u043e\u0440\u0430 \u043f\u0440\u0438\u0445\u043e\u0434\u0430 \u0420\u0438\u0441\u0442\u0438 \u0410\u043d\u043d\u0438\u043a\u0443 \u041b\u0430\u0430\u0442\u0441, \u043a\u043e\u0442\u043e\u0440\u0430\u044f \u0432\u0441\u0435\u043c \u0441\u0435\u0440\u0434\u0446\u0435\u043c \u043f\u0440\u0438\u043d\u044f\u043b\u0430 \u0438\u0434\u0435\u044e \u043e\u0431\u0443\u0441\u0442\u0440\u043e\u0439\u0441\u0442\u0432\u0430 \u043c\u0435\u0441\u0442\u0430 \u0443\u043f\u043e\u043a\u043e\u0435\u043d\u0438\u044f \u0432 \u0441\u0430\u0434\u0443 \u0446\u0435\u0440\u043a\u0432\u0438 \u0425\u0430\u0440\u044c\u044e-\u0420\u0438\u0441\u0442\u0438. \u0411\u044b\u043b\u043e \u043f\u0440\u0438\u043b\u043e\u0436\u0435\u043d\u043e \u043c\u043d\u043e\u0433\u043e \u0441\u0438\u043b, \u0447\u0442\u043e\u0431\u044b \u043d\u0430\u0439\u0442\u0438 \u0444\u0438\u043d\u0430\u043d\u0441\u0438\u0440\u043e\u0432\u0430\u043d\u0438\u0435, \u0437\u0430\u043a\u0430\u0437\u0430\u0442\u044c \u043f\u0440\u043e\u0435\u043a\u0442 \u0438 \u0440\u0430\u0431\u043e\u0442\u044b, \u0438 \u0432 \u0438\u044e\u043b\u0435 2011 \u0433\u043e\u0434\u0430 \u043c\u0435\u0441\u0442\u043e \u0443\u043f\u043e\u043a\u043e\u0435\u043d\u0438\u044f \u0414\u0435\u0442\u0438 \u0442\u0438\u0448\u0438\u043d\u044b \u0431\u044b\u043b\u043e \u0433\u043e\u0442\u043e\u0432\u043e.<\/p>\n\n\n\n<p>Peale rahupaiga loomist andsid Arita ja Paul Featherstone ning projekti vedanud Evelin Niinemaa-Tamm MT\u00dc juhtimise teatepulga \u00fcle Juta Palmer, Eidi Elisabeth Aidla ja Katrin Ritsole, kes on pikalt MT\u00dc tegemisi juhtinud. Annika Laats on Risti koguduse \u00f5petajana leinas peredele j\u00e4tkuvalt toeks ning aitab l\u00e4bi viia rahupaigas toimuvaid matuse- ja m\u00e4lestustalitusi.<\/p>\n\n\n\n<p>Vahemikus 2021-2023 olid MT\u00dc juhatuse liikmeteks Triinu Tints, Kristina Marfeldt ja Ave Liiv.<br>Alates 2024 on MT\u00dc juhatuse liikmeteks Anna Lihodedova (esinaine), Kristina Marfeldt ja Hilly-Helena Tammessaar.<\/p>\n\n\n\n<p class=\"has-text-color has-medium-font-size\" style=\"color:#339999\"><strong>\u0418\u0441\u0442\u043e\u0440\u0438\u044f<\/strong><\/p>\n\n\n\n<ul>\n<li>\u0412 2011 \u0433\u043e\u0434\u0443 \u0431\u044b\u043b\u043e \u0437\u0430\u0432\u0435\u0440\u0448\u0435\u043d\u043e \u0441\u0442\u0440\u043e\u0438\u0442\u0435\u043b\u044c\u0441\u0442\u0432\u043e \u043c\u0435\u0441\u0442\u0430 \u0443\u043f\u043e\u043a\u043e\u0435\u043d\u0438\u044f \u0414\u0435\u0442\u0435\u0439 \u0442\u0438\u0448\u0438\u043d\u044b \u2013 \u043c\u0435\u043c\u043e\u0440\u0438\u0430\u043b\u0430 \u0438 \u043c\u0435\u0441\u0442\u0430 \u0437\u0430\u0445\u043e\u0440\u043e\u043d\u0435\u043d\u0438\u044f \u0434\u043b\u044f \u0441\u0435\u043c\u0435\u0439, \u043f\u0435\u0440\u0435\u0436\u0438\u0432\u0448\u0438\u0445 \u043f\u043e\u0442\u0435\u0440\u044e \u0440\u0435\u0431\u0435\u043d\u043a\u0430 \u0432\u043e \u0432\u0440\u0435\u043c\u044f \u0431\u0435\u0440\u0435\u043c\u0435\u043d\u043d\u043e\u0441\u0442\u0438 \u0438\u043b\u0438 \u0432 \u043c\u043b\u0430\u0434\u0435\u043d\u0447\u0435\u0441\u0442\u0432\u0435.&nbsp;<\/li>\n\n\n\n<li>\u0421 2015 \u0433\u043e\u0434\u0430 MT\u00dc Vaikuse Lapsed \u0443\u0441\u0442\u0440\u0430\u0438\u0432\u0430\u0435\u0442 \u043c\u0430\u0441\u0442\u0435\u0440\u0441\u043a\u0438\u0435, \u0432 \u043a\u043e\u0442\u043e\u0440\u044b\u0445 \u0436\u0435\u043b\u0430\u044e\u0449\u0438\u0435 \u0438\u0437\u0433\u043e\u0442\u0430\u0432\u043b\u0438\u0432\u0430\u044e\u0442 \u043f\u0430\u043c\u044f\u0442\u043d\u044b\u0435 \u0448\u043a\u0430\u0442\u0443\u043b\u043a\u0438. \u041f\u0430\u043c\u044f\u0442\u043d\u044b\u0435 \u0448\u043a\u0430\u0442\u0443\u043b\u043a\u0438 \u0440\u043e\u0434\u0438\u043b\u044c\u043d\u044b\u0435 \u0434\u043e\u043c\u0430 \u0438 \u0431\u043e\u043b\u044c\u043d\u0438\u0446\u044b \u043c\u043e\u0433\u0443\u0442 \u0434\u0430\u0440\u0438\u0442\u044c \u0441\u0435\u043c\u044c\u044f\u043c, \u043f\u043e\u0442\u0435\u0440\u044f\u0432\u0448\u0438\u043c \u0440\u0435\u0431\u0435\u043d\u043a\u0430.<\/li>\n\n\n\n<li>\u0421 2016 \u0433\u043e\u0434\u0430 MT\u00dc Vaikuse Lapsed \u043f\u0440\u043e\u0432\u043e\u0434\u0438\u0442 \u043a\u0443\u0440\u0441\u044b \u0434\u043b\u044f \u043f\u0435\u0440\u0441\u043e\u043d\u0430\u043b\u0430 \u0431\u043e\u043b\u044c\u043d\u0438\u0446 \u042d\u0441\u0442\u043e\u043d\u0438\u0438, \u0447\u0442\u043e\u0431\u044b \u0438\u043d\u0444\u043e\u0440\u043c\u0438\u0440\u043e\u0432\u0430\u0442\u044c \u043c\u0435\u0434\u0440\u0430\u0431\u043e\u0442\u043d\u0438\u043a\u043e\u0432 \u043e \u043f\u043e\u0442\u0440\u0435\u0431\u043d\u043e\u0441\u0442\u044f\u0445 \u0441\u0435\u043c\u0435\u0439, \u043a\u043e\u0442\u043e\u0440\u044b\u0435 \u043f\u043e\u0442\u0435\u0440\u044f\u043b\u0438 \u0440\u0435\u0431\u0435\u043d\u043a\u0430, \u0438 \u043e \u0432\u043e\u0437\u043c\u043e\u0436\u043d\u043e\u0441\u0442\u044f\u0445 \u0438\u0445 \u043f\u043e\u0434\u0434\u0435\u0440\u0436\u043a\u0438.<\/li>\n\n\n\n<li>\u0412 2016 \u0433\u043e\u0434\u0443 \u043f\u0440\u0438 \u043f\u043e\u0434\u0434\u0435\u0440\u0436\u043a\u0435 \u0424\u043e\u043d\u0434\u0430 \u0433\u0440\u0430\u0436\u0434\u0430\u043d\u0441\u043a\u043e\u0433\u043e \u043e\u0431\u0449\u0435\u0441\u0442\u0432\u0430 \u0438 \u041c\u0438\u043d\u0438\u0441\u0442\u0435\u0440\u0441\u0442\u0432\u0430 \u0432\u043d\u0443\u0442\u0440\u0435\u043d\u043d\u0438\u0445 \u0434\u0435\u043b \u0431\u044b\u043b\u0438 \u0432\u044b\u043f\u0443\u0449\u0435\u043d\u044b \u043f\u0443\u0431\u043b\u0438\u043a\u0430\u0446\u0438\u0438 \u00ab\u0414\u0435\u0442\u0438 \u0442\u0438\u0448\u0438\u043d\u044b. \u0418\u043d\u0444\u043e\u0440\u043c\u0430\u0446\u0438\u043e\u043d\u043d\u044b\u0439 \u043c\u0430\u0442\u0435\u0440\u0438\u0430\u043b \u0434\u043b\u044f \u0441\u0435\u043c\u0435\u0439, \u043f\u043e\u0442\u0435\u0440\u044f\u0432\u0448\u0438\u0445 \u0440\u0435\u0431\u0435\u043d\u043a\u0430\u00bb \u0438 \u00ab\u0427\u0442\u043e \u0434\u0435\u043b\u0430\u0442\u044c \u043f\u043e\u0441\u043b\u0435 \u043f\u043e\u0442\u0435\u0440\u0438 \u0440\u0435\u0431\u0435\u043d\u043a\u0430\u00bb.<\/li>\n\n\n\n<li>\u0412 2021 \u0433\u043e\u0434\u0443 \u0432 \u0440\u0430\u043c\u043a\u0430\u0445 \u0440\u0430\u0443\u043d\u0434\u0430 \u043f\u0440\u0438\u0435\u043c\u0430 \u0437\u0430\u044f\u0432\u043e\u043a \u043d\u0430 \u0440\u0430\u0437\u0432\u0438\u0442\u0438\u0435 \u043d\u0435\u0433\u043e\u0441\u0443\u0434\u0430\u0440\u0441\u0442\u0432\u0435\u043d\u043d\u044b\u0445 \u043e\u0440\u0433\u0430\u043d\u0438\u0437\u0430\u0446\u0438\u0439 \u0424\u043e\u043d\u0434 \u043f\u043e\u0434\u0434\u0435\u0440\u0436\u043a\u0438 \u0433\u0440\u0430\u0436\u0434\u0430\u043d\u0441\u043a\u043e\u0433\u043e \u043e\u0431\u0449\u0435\u0441\u0442\u0432\u0430 \u043f\u0440\u043e\u0444\u0438\u043d\u0430\u043d\u0441\u0438\u0440\u043e\u0432\u0430\u043b \u043f\u0440\u043e\u0435\u043a\u0442 MT\u00dc Vaikuse Lapsed \u00ab\u0420\u0430\u0437\u0432\u0438\u0442\u0438\u0435 \u0441\u0435\u0442\u0438 \u043f\u043e\u0434\u0434\u0435\u0440\u0436\u043a\u0438 \u0441\u0435\u043c\u0435\u0439, \u043f\u0435\u0440\u0435\u0436\u0438\u0432\u0448\u0438\u0445 \u043f\u043e\u0442\u0435\u0440\u044e \u0440\u0435\u0431\u0435\u043d\u043a\u0430\u00bb \u043d\u0430 \u0441\u0443\u043c\u043c\u0443 24 848,0 \u0435\u0432\u0440\u043e.<\/li>\n<\/ul>\n\n\n\n<p class=\"has-text-align-right\"><br><strong>\u0421\u043b\u0435\u0434\u0443\u044e\u0449\u0438\u0439: <a href=\"https:\/\/vaiksed.ee\/ru\/mtu-vaikuse-lapsed\/kontakt\/\">MT\u00dc Vaikuse Lapsed kontakt<\/a><\/strong><br><\/p>","protected":false},"excerpt":{"rendered":"<p>MT\u00dc Vaikuse Lapsed algatasid 2010. aastal Arita ja Paul Featherstone, kes p\u00e4rast oma pisikese poja Oliveri surma otsustasid rajada Eestisse m\u00f5nede teiste riikide eeskujul raseduse ajal v\u00f5i imikueas surnud laste&hellip;<\/p>","protected":false},"author":174446673,"featured_media":0,"parent":87,"menu_order":1,"comment_status":"closed","ping_status":"closed","template":"","meta":[],"yoast_head":"<!-- This site is optimized with the Yoast SEO plugin v20.12 - https:\/\/yoast.com\/wordpress\/plugins\/seo\/ -->\n<title>MT\u00dc Vaikuse Lapsed lugu | Vaikuse lapsed<\/title>\n<meta name=\"description\" content=\"MT\u00dc Vaikuse Lapsed sai alguse 2010. aastal, kui teiste riikide eeskujul rajati raseduse katkemisel v\u00f5i imikueas surnud laste m\u00e4lestus- ja matmispaik. Loe siit.\" \/>\n<meta name=\"robots\" content=\"index, follow, max-snippet:-1, max-image-preview:large, max-video-preview:-1\" \/>\n<link rel=\"canonical\" href=\"https:\/\/vaiksed.ee\/ru\/mtu-vaikuse-lapsed\/mtu-lugu\/\" \/>\n<meta property=\"og:locale\" content=\"ru_RU\" \/>\n<meta property=\"og:type\" content=\"article\" \/>\n<meta property=\"og:title\" content=\"MT\u00dc Vaikuse Lapsed lugu | Vaikuse lapsed\" \/>\n<meta property=\"og:description\" content=\"MT\u00dc Vaikuse Lapsed sai alguse 2010. aastal, kui teiste riikide eeskujul rajati raseduse katkemisel v\u00f5i imikueas surnud laste m\u00e4lestus- ja matmispaik. Loe siit.\" \/>\n<meta property=\"og:url\" content=\"https:\/\/vaiksed.ee\/ru\/mtu-vaikuse-lapsed\/mtu-lugu\/\" \/>\n<meta property=\"og:site_name\" content=\"Vaikuse lapsed\" \/>\n<meta property=\"article:modified_time\" content=\"2025-05-14T08:29:02+00:00\" \/>\n<meta name=\"twitter:card\" content=\"summary_large_image\" \/>\n<meta name=\"twitter:label1\" content=\"\u041f\u0440\u0438\u043c\u0435\u0440\u043d\u043e\u0435 \u0432\u0440\u0435\u043c\u044f \u0434\u043b\u044f \u0447\u0442\u0435\u043d\u0438\u044f\" \/>\n\t<meta name=\"twitter:data1\" content=\"2 \u043c\u0438\u043d\u0443\u0442\u044b\" \/>\n<script type=\"application\/ld+json\" class=\"yoast-schema-graph\">{\"@context\":\"https:\/\/schema.org\",\"@graph\":[{\"@type\":\"WebPage\",\"@id\":\"https:\/\/vaiksed.ee\/mtu-vaikuse-lapsed\/mtu-lugu\/\",\"url\":\"https:\/\/vaiksed.ee\/mtu-vaikuse-lapsed\/mtu-lugu\/\",\"name\":\"MT\u00dc Vaikuse Lapsed lugu | Vaikuse lapsed\",\"isPartOf\":{\"@id\":\"https:\/\/vaiksed.ee\/#website\"},\"datePublished\":\"2019-09-30T00:16:28+00:00\",\"dateModified\":\"2025-05-14T08:29:02+00:00\",\"description\":\"MT\u00dc Vaikuse Lapsed sai alguse 2010. aastal, kui teiste riikide eeskujul rajati raseduse katkemisel v\u00f5i imikueas surnud laste m\u00e4lestus- ja matmispaik. Loe siit.\",\"breadcrumb\":{\"@id\":\"https:\/\/vaiksed.ee\/mtu-vaikuse-lapsed\/mtu-lugu\/#breadcrumb\"},\"inLanguage\":\"ru-RU\",\"potentialAction\":[{\"@type\":\"ReadAction\",\"target\":[\"https:\/\/vaiksed.ee\/mtu-vaikuse-lapsed\/mtu-lugu\/\"]}]},{\"@type\":\"BreadcrumbList\",\"@id\":\"https:\/\/vaiksed.ee\/mtu-vaikuse-lapsed\/mtu-lugu\/#breadcrumb\",\"itemListElement\":[{\"@type\":\"ListItem\",\"position\":1,\"name\":\"Home\",\"item\":\"https:\/\/vaiksed.ee\/\"},{\"@type\":\"ListItem\",\"position\":2,\"name\":\"MT\u00dc Vaikuse Lapsed\",\"item\":\"https:\/\/vaiksed.ee\/mtu-vaikuse-lapsed\/\"},{\"@type\":\"ListItem\",\"position\":3,\"name\":\"MT\u00dc Vaikuse Lapsed lugu\"}]},{\"@type\":\"WebSite\",\"@id\":\"https:\/\/vaiksed.ee\/#website\",\"url\":\"https:\/\/vaiksed.ee\/\",\"name\":\"Vaikuse lapsed\",\"description\":\"Vaikuselaps, las valvab su \u00fcle valguse vaim \u2013 rahu ja armastus\",\"publisher\":{\"@id\":\"https:\/\/vaiksed.ee\/#organization\"},\"potentialAction\":[{\"@type\":\"SearchAction\",\"target\":{\"@type\":\"EntryPoint\",\"urlTemplate\":\"https:\/\/vaiksed.ee\/?s={search_term_string}\"},\"query-input\":\"required name=search_term_string\"}],\"inLanguage\":\"ru-RU\"},{\"@type\":\"Organization\",\"@id\":\"https:\/\/vaiksed.ee\/#organization\",\"name\":\"Vaikuse lapsed\",\"url\":\"https:\/\/vaiksed.ee\/\",\"logo\":{\"@type\":\"ImageObject\",\"inLanguage\":\"ru-RU\",\"@id\":\"https:\/\/vaiksed.ee\/#\/schema\/logo\/image\/\",\"url\":\"https:\/\/vaiksed.ee\/wp-content\/uploads\/2022\/11\/173568.png\",\"contentUrl\":\"https:\/\/vaiksed.ee\/wp-content\/uploads\/2022\/11\/173568.png\",\"width\":500,\"height\":500,\"caption\":\"Vaikuse lapsed\"},\"image\":{\"@id\":\"https:\/\/vaiksed.ee\/#\/schema\/logo\/image\/\"}}]}<\/script>\n<!-- \/ Yoast SEO plugin. -->","yoast_head_json":{"title":"MT\u00dc Vaikuse Lapsed lugu | Vaikuse lapsed","description":"MT\u00dc Vaikuse Lapsed sai alguse 2010. aastal, kui teiste riikide eeskujul rajati raseduse katkemisel v\u00f5i imikueas surnud laste m\u00e4lestus- ja matmispaik. Loe siit.","robots":{"index":"index","follow":"follow","max-snippet":"max-snippet:-1","max-image-preview":"max-image-preview:large","max-video-preview":"max-video-preview:-1"},"canonical":"https:\/\/vaiksed.ee\/ru\/mtu-vaikuse-lapsed\/mtu-lugu\/","og_locale":"ru_RU","og_type":"article","og_title":"MT\u00dc Vaikuse Lapsed lugu | Vaikuse lapsed","og_description":"MT\u00dc Vaikuse Lapsed sai alguse 2010. aastal, kui teiste riikide eeskujul rajati raseduse katkemisel v\u00f5i imikueas surnud laste m\u00e4lestus- ja matmispaik. Loe siit.","og_url":"https:\/\/vaiksed.ee\/ru\/mtu-vaikuse-lapsed\/mtu-lugu\/","og_site_name":"Vaikuse lapsed","article_modified_time":"2025-05-14T08:29:02+00:00","twitter_card":"summary_large_image","twitter_misc":{"\u041f\u0440\u0438\u043c\u0435\u0440\u043d\u043e\u0435 \u0432\u0440\u0435\u043c\u044f \u0434\u043b\u044f \u0447\u0442\u0435\u043d\u0438\u044f":"2 \u043c\u0438\u043d\u0443\u0442\u044b"},"schema":{"@context":"https:\/\/schema.org","@graph":[{"@type":"WebPage","@id":"https:\/\/vaiksed.ee\/mtu-vaikuse-lapsed\/mtu-lugu\/","url":"https:\/\/vaiksed.ee\/mtu-vaikuse-lapsed\/mtu-lugu\/","name":"MT\u00dc Vaikuse Lapsed lugu | Vaikuse lapsed","isPartOf":{"@id":"https:\/\/vaiksed.ee\/#website"},"datePublished":"2019-09-30T00:16:28+00:00","dateModified":"2025-05-14T08:29:02+00:00","description":"MT\u00dc Vaikuse Lapsed sai alguse 2010. aastal, kui teiste riikide eeskujul rajati raseduse katkemisel v\u00f5i imikueas surnud laste m\u00e4lestus- ja matmispaik. Loe siit.","breadcrumb":{"@id":"https:\/\/vaiksed.ee\/mtu-vaikuse-lapsed\/mtu-lugu\/#breadcrumb"},"inLanguage":"ru-RU","potentialAction":[{"@type":"ReadAction","target":["https:\/\/vaiksed.ee\/mtu-vaikuse-lapsed\/mtu-lugu\/"]}]},{"@type":"BreadcrumbList","@id":"https:\/\/vaiksed.ee\/mtu-vaikuse-lapsed\/mtu-lugu\/#breadcrumb","itemListElement":[{"@type":"ListItem","position":1,"name":"Home","item":"https:\/\/vaiksed.ee\/"},{"@type":"ListItem","position":2,"name":"MT\u00dc Vaikuse Lapsed","item":"https:\/\/vaiksed.ee\/mtu-vaikuse-lapsed\/"},{"@type":"ListItem","position":3,"name":"MT\u00dc Vaikuse Lapsed lugu"}]},{"@type":"WebSite","@id":"https:\/\/vaiksed.ee\/#website","url":"https:\/\/vaiksed.ee\/","name":"Vaikuse lapsed","description":"Vaikuselaps, las valvab su \u00fcle valguse vaim \u2013 rahu ja armastus","publisher":{"@id":"https:\/\/vaiksed.ee\/#organization"},"potentialAction":[{"@type":"SearchAction","target":{"@type":"EntryPoint","urlTemplate":"https:\/\/vaiksed.ee\/?s={search_term_string}"},"query-input":"required name=search_term_string"}],"inLanguage":"ru-RU"},{"@type":"Organization","@id":"https:\/\/vaiksed.ee\/#organization","name":"Vaikuse lapsed","url":"https:\/\/vaiksed.ee\/","logo":{"@type":"ImageObject","inLanguage":"ru-RU","@id":"https:\/\/vaiksed.ee\/#\/schema\/logo\/image\/","url":"https:\/\/vaiksed.ee\/wp-content\/uploads\/2022\/11\/173568.png","contentUrl":"https:\/\/vaiksed.ee\/wp-content\/uploads\/2022\/11\/173568.png","width":500,"height":500,"caption":"Vaikuse lapsed"},"image":{"@id":"https:\/\/vaiksed.ee\/#\/schema\/logo\/image\/"}}]}},"_links":{"self":[{"href":"https:\/\/vaiksed.ee\/ru\/wp-json\/wp\/v2\/pages\/183"}],"collection":[{"href":"https:\/\/vaiksed.ee\/ru\/wp-json\/wp\/v2\/pages"}],"about":[{"href":"https:\/\/vaiksed.ee\/ru\/wp-json\/wp\/v2\/types\/page"}],"author":[{"embeddable":true,"href":"https:\/\/vaiksed.ee\/ru\/wp-json\/wp\/v2\/users\/174446673"}],"replies":[{"embeddable":true,"href":"https:\/\/vaiksed.ee\/ru\/wp-json\/wp\/v2\/comments?post=183"}],"version-history":[{"count":16,"href":"https:\/\/vaiksed.ee\/ru\/wp-json\/wp\/v2\/pages\/183\/revisions"}],"predecessor-version":[{"id":2850,"href":"https:\/\/vaiksed.ee\/ru\/wp-json\/wp\/v2\/pages\/183\/revisions\/2850"}],"up":[{"embeddable":true,"href":"https:\/\/vaiksed.ee\/ru\/wp-json\/wp\/v2\/pages\/87"}],"wp:attachment":[{"href":"https:\/\/vaiksed.ee\/ru\/wp-json\/wp\/v2\/media?parent=183"}],"curies":[{"name":"wp","href":"https:\/\/api.w.org\/{rel}","templated":true}]}}