{"id":1344,"date":"2022-11-13T22:17:27","date_gmt":"2022-11-13T22:17:27","guid":{"rendered":"https:\/\/vaiksed.ee\/?page_id=1344"},"modified":"2023-11-22T17:31:35","modified_gmt":"2023-11-22T17:31:35","slug":"ave-liiv","status":"publish","type":"page","link":"https:\/\/vaiksed.ee\/ru\/ave-liiv\/","title":{"rendered":"Ave Liiv"},"content":{"rendered":"<div data-elementor-type=\"wp-page\" data-elementor-id=\"1344\" class=\"elementor elementor-1344\">\n\t\t\t\t\t\t\t\t\t<section class=\"penci-section penci-disSticky penci-structure-20 elementor-section elementor-top-section elementor-element elementor-element-1652abd9 elementor-section-boxed elementor-section-height-default elementor-section-height-default\" data-id=\"1652abd9\" data-element_type=\"section\">\n\t\t\t\t\t\t<div class=\"elementor-container elementor-column-gap-default\">\n\t\t\t\t\t<div class=\"penci-ercol-50 penci-ercol-order-1 penci-sticky-ct    elementor-column elementor-col-50 elementor-top-column elementor-element elementor-element-7610f9b\" data-id=\"7610f9b\" data-element_type=\"column\">\n\t\t\t<div class=\"elementor-widget-wrap elementor-element-populated\">\n\t\t\t\t\t\t\t\t<div class=\"elementor-element elementor-element-67556b93 elementor-widget elementor-widget-image\" data-id=\"67556b93\" data-element_type=\"widget\" data-widget_type=\"image.default\">\n\t\t\t\t<div class=\"elementor-widget-container\">\n\t\t\t<style>\/*! elementor - v3.12.0 - 29-03-2023 *\/\n.elementor-widget-image{text-align:center}.elementor-widget-image a{display:inline-block}.elementor-widget-image a img[src$=\".svg\"]{width:48px}.elementor-widget-image img{vertical-align:middle;display:inline-block}<\/style>\t\t\t\t\t\t\t\t\t\t\t\t<img decoding=\"async\" width=\"1024\" height=\"512\" src=\"https:\/\/vaiksed.ee\/wp-content\/uploads\/2022\/11\/Ave-2-scaled-e1670878765690-1024x512.jpg\" class=\"attachment-large size-large wp-image-1230\" alt=\"\" srcset=\"https:\/\/vaiksed.ee\/wp-content\/uploads\/2022\/11\/Ave-2-scaled-e1670878765690-1024x512.jpg 1024w, https:\/\/vaiksed.ee\/wp-content\/uploads\/2022\/11\/Ave-2-scaled-e1670878765690-300x150.jpg 300w, https:\/\/vaiksed.ee\/wp-content\/uploads\/2022\/11\/Ave-2-scaled-e1670878765690-768x384.jpg 768w, https:\/\/vaiksed.ee\/wp-content\/uploads\/2022\/11\/Ave-2-scaled-e1670878765690-1536x768.jpg 1536w, https:\/\/vaiksed.ee\/wp-content\/uploads\/2022\/11\/Ave-2-scaled-e1670878765690-2048x1024.jpg 2048w, https:\/\/vaiksed.ee\/wp-content\/uploads\/2022\/11\/Ave-2-scaled-e1670878765690-18x9.jpg 18w, https:\/\/vaiksed.ee\/wp-content\/uploads\/2022\/11\/Ave-2-scaled-e1670878765690-1920x960.jpg 1920w, https:\/\/vaiksed.ee\/wp-content\/uploads\/2022\/11\/Ave-2-scaled-e1670878765690-1170x585.jpg 1170w, https:\/\/vaiksed.ee\/wp-content\/uploads\/2022\/11\/Ave-2-scaled-e1670878765690-585x293.jpg 585w\" sizes=\"(max-width: 1024px) 100vw, 1024px\" \/>\t\t\t\t\t\t\t\t\t\t\t\t\t\t\t<\/div>\n\t\t\t\t<\/div>\n\t\t\t\t\t<\/div>\n\t\t<\/div>\n\t\t\t\t<div class=\"penci-ercol-50 penci-ercol-order-2 penci-sticky-ct    elementor-column elementor-col-50 elementor-top-column elementor-element elementor-element-593de271\" data-id=\"593de271\" data-element_type=\"column\">\n\t\t\t<div class=\"elementor-widget-wrap elementor-element-populated\">\n\t\t\t\t\t\t\t\t<div class=\"elementor-element elementor-element-511cb12e elementor-widget__width-initial elementor-widget elementor-widget-text-editor\" data-id=\"511cb12e\" data-element_type=\"widget\" data-widget_type=\"text-editor.default\">\n\t\t\t\t<div class=\"elementor-widget-container\">\n\t\t\t<style>\/*! elementor - v3.12.0 - 29-03-2023 *\/\n.elementor-widget-text-editor.elementor-drop-cap-view-stacked .elementor-drop-cap{background-color:#69727d;color:#fff}.elementor-widget-text-editor.elementor-drop-cap-view-framed .elementor-drop-cap{color:#69727d;border:3px solid;background-color:transparent}.elementor-widget-text-editor:not(.elementor-drop-cap-view-default) .elementor-drop-cap{margin-top:8px}.elementor-widget-text-editor:not(.elementor-drop-cap-view-default) .elementor-drop-cap-letter{width:1em;height:1em}.elementor-widget-text-editor .elementor-drop-cap{float:left;text-align:center;line-height:1;font-size:50px}.elementor-widget-text-editor .elementor-drop-cap-letter{display:inline-block}<\/style>\t\t\t\t<p style=\"font-size: 14px; text-align: start; font-family: Roboto, sans-serif; color: #7a7a7a;\"><b>M\u00e4lestuskarpide t\u00f6\u00f6tubade juhendaja; Vabatahtlik liige<\/b><\/p>\n<p style=\"font-size: 14px; text-align: start; font-family: Roboto, sans-serif; color: #7a7a7a;\"><b>Suhtluskeeled:<\/b><span style=\"font-weight: 400;\"> eesti<\/span><\/p>\n<p style=\"font-size: 14px; text-align: start; font-family: Roboto, sans-serif; font-weight: 400; color: #7a7a7a;\"><strong>Kontaktandmed:<\/strong>&nbsp;ave@vaiksed.ee<\/p>\n<p style=\"text-align: start;\">\n<\/p><p style=\"text-align: start; font-weight: 400; font-size: 14px; font-family: Roboto, sans-serif; color: #7a7a7a;\">\n<\/p>\t\t\t\t\t\t<\/div>\n\t\t\t\t<\/div>\n\t\t\t\t\t<\/div>\n\t\t<\/div>\n\t\t\t\t\t\t\t<\/div>\n\t\t<\/section>\n\t\t\t\t<section class=\"penci-section penci-disSticky penci-structure-10 elementor-section elementor-top-section elementor-element elementor-element-5fbe2212 elementor-section-boxed elementor-section-height-default elementor-section-height-default\" data-id=\"5fbe2212\" data-element_type=\"section\">\n\t\t\t\t\t\t<div class=\"elementor-container elementor-column-gap-default\">\n\t\t\t\t\t<div class=\"penci-ercol-100 penci-ercol-order-1 penci-sticky-ct    elementor-column elementor-col-100 elementor-top-column elementor-element elementor-element-6a43023d\" data-id=\"6a43023d\" data-element_type=\"column\">\n\t\t\t<div class=\"elementor-widget-wrap elementor-element-populated\">\n\t\t\t\t\t\t\t\t<div class=\"elementor-element elementor-element-3f56a4f3 elementor-widget elementor-widget-text-editor\" data-id=\"3f56a4f3\" data-element_type=\"widget\" data-widget_type=\"text-editor.default\">\n\t\t\t\t<div class=\"elementor-widget-container\">\n\t\t\t\t\t\t\t<p><!-- wp:image {\"align\":\"center\",\"id\":1231,\"sizeSlug\":\"large\",\"linkDestination\":\"none\"} --><!-- \/wp:image --><!-- wp:paragraph --><!-- \/wp:paragraph --><!-- wp:paragraph --><\/p>\n<p><span style=\"color: inherit; font-family: inherit; font-size: inherit; font-weight: inherit; text-align: inherit;\">Olen heas\u00fcdamlik ja positiivse ellusuhtumisega ema, kes teab liigagi h\u00e4sti, mis on hingevalu. 2019. aasta suvel 39+ rasedusn\u00e4dalal kaotasin poja, kes suri \u00fcsasiseselt naban\u00f6\u00f6ri t\u00f5elise s\u00f5lme t\u00f5ttu, ja sel hetkel tundus v\u00f5imatuna m\u00f5te oma eluga edasi minna. Valu oli tohutu ja pisarate voolul ei tahtud l\u00f5ppu tulla. \u00d5nneks, t\u00e4nu l\u00e4hedaste, spetsialistide ja sarnase kogemusega inimeste toele ja m\u00f5istmisele, oli v\u00f5imalik see aeg \u00fcle elada.<\/span><\/p>\n<p>Lisaks kaotatud pojale olen ma ema veel 3-le inglilapsele, kellest \u00fche kaotasin 12ndal rasedusn\u00e4dalal v\u00e4\u00e4rarengu t\u00f5ttu. \u00dcks rasedus peetus enne kui see alata j\u00f5udis ja \u00fche raseduse katkestasin omal soovil. K\u00f5ik need kaotused on olnud omamoodi keerulised ja rasked. Need on mind muutnud\u2026<\/p>\n<p>Minu peres kasvab ka \u00fcks laps, keda ma v\u00e4ga armastan. Tema pakub mulle palju r\u00f5\u00f5mu ja ka suuri v\u00e4ljakutseid. <br \/>Oma kogemustest tulenevalt soovin olla toeks sarnase keerulise teekonnaga inimestele. Usun, et oma kogemuse jagamine kellegagi, kes on sarnases olukorras olnud, kergendab veidikenegi valu ja aitab eluga edasi minna.<br \/>Olen hea kuulaja ja m\u00f5istan, mida t\u00e4hendab suur hingevalu.<\/p>\n<p><!-- \/wp:paragraph --><!-- wp:paragraph --><!-- \/wp:paragraph --><\/p>\t\t\t\t\t\t<\/div>\n\t\t\t\t<\/div>\n\t\t\t\t\t<\/div>\n\t\t<\/div>\n\t\t\t\t\t\t\t<\/div>\n\t\t<\/section>\n\t\t\t\t\t\t\t<\/div>","protected":false},"excerpt":{"rendered":"<p>M\u00e4lestuskarpide t\u00f6\u00f6tubade juhendaja; Vabatahtlik liige Suhtluskeeled: eesti Kontaktandmed:&nbsp;ave@vaiksed.ee Olen heas\u00fcdamlik ja positiivse ellusuhtumisega ema, kes teab liigagi h\u00e4sti, mis on hingevalu. 2019. aasta suvel 39+ rasedusn\u00e4dalal kaotasin poja, kes suri&hellip;<\/p>","protected":false},"author":174446671,"featured_media":0,"parent":0,"menu_order":0,"comment_status":"closed","ping_status":"closed","template":"","meta":[],"yoast_head":"<!-- This site is optimized with the Yoast SEO plugin v20.12 - https:\/\/yoast.com\/wordpress\/plugins\/seo\/ -->\n<title>Ave Liiv - Vaikuse lapsed<\/title>\n<meta name=\"robots\" content=\"index, follow, max-snippet:-1, max-image-preview:large, max-video-preview:-1\" \/>\n<link rel=\"canonical\" href=\"https:\/\/vaiksed.ee\/ru\/ave-liiv\/\" \/>\n<meta property=\"og:locale\" content=\"ru_RU\" \/>\n<meta property=\"og:type\" content=\"article\" \/>\n<meta property=\"og:title\" content=\"Ave Liiv - Vaikuse lapsed\" \/>\n<meta property=\"og:description\" content=\"M\u00e4lestuskarpide t\u00f6\u00f6tubade juhendaja; Vabatahtlik liige Suhtluskeeled: eesti Kontaktandmed:&nbsp;ave@vaiksed.ee Olen heas\u00fcdamlik ja positiivse ellusuhtumisega ema, kes teab liigagi h\u00e4sti, mis on hingevalu. 2019. aasta suvel 39+ rasedusn\u00e4dalal kaotasin poja, kes suri&hellip;\" \/>\n<meta property=\"og:url\" content=\"https:\/\/vaiksed.ee\/ru\/ave-liiv\/\" \/>\n<meta property=\"og:site_name\" content=\"Vaikuse lapsed\" \/>\n<meta property=\"article:modified_time\" content=\"2023-11-22T17:31:35+00:00\" \/>\n<meta property=\"og:image\" content=\"http:\/\/vaiksed.ee\/wp-content\/uploads\/2022\/11\/Ave-2-scaled-e1670878765690-1024x512.jpg\" \/>\n<meta name=\"twitter:card\" content=\"summary_large_image\" \/>\n<meta name=\"twitter:label1\" content=\"\u041f\u0440\u0438\u043c\u0435\u0440\u043d\u043e\u0435 \u0432\u0440\u0435\u043c\u044f \u0434\u043b\u044f \u0447\u0442\u0435\u043d\u0438\u044f\" \/>\n\t<meta name=\"twitter:data1\" content=\"1 \u043c\u0438\u043d\u0443\u0442\u0430\" \/>\n<script type=\"application\/ld+json\" class=\"yoast-schema-graph\">{\"@context\":\"https:\/\/schema.org\",\"@graph\":[{\"@type\":\"WebPage\",\"@id\":\"https:\/\/vaiksed.ee\/ave-liiv\/\",\"url\":\"https:\/\/vaiksed.ee\/ave-liiv\/\",\"name\":\"Ave Liiv - Vaikuse lapsed\",\"isPartOf\":{\"@id\":\"https:\/\/vaiksed.ee\/#website\"},\"datePublished\":\"2022-11-13T22:17:27+00:00\",\"dateModified\":\"2023-11-22T17:31:35+00:00\",\"breadcrumb\":{\"@id\":\"https:\/\/vaiksed.ee\/ave-liiv\/#breadcrumb\"},\"inLanguage\":\"ru-RU\",\"potentialAction\":[{\"@type\":\"ReadAction\",\"target\":[\"https:\/\/vaiksed.ee\/ave-liiv\/\"]}]},{\"@type\":\"BreadcrumbList\",\"@id\":\"https:\/\/vaiksed.ee\/ave-liiv\/#breadcrumb\",\"itemListElement\":[{\"@type\":\"ListItem\",\"position\":1,\"name\":\"Home\",\"item\":\"https:\/\/vaiksed.ee\/\"},{\"@type\":\"ListItem\",\"position\":2,\"name\":\"Ave Liiv\"}]},{\"@type\":\"WebSite\",\"@id\":\"https:\/\/vaiksed.ee\/#website\",\"url\":\"https:\/\/vaiksed.ee\/\",\"name\":\"Vaikuse lapsed\",\"description\":\"Vaikuselaps, las valvab su \u00fcle valguse vaim \u2013 rahu ja armastus\",\"publisher\":{\"@id\":\"https:\/\/vaiksed.ee\/#organization\"},\"potentialAction\":[{\"@type\":\"SearchAction\",\"target\":{\"@type\":\"EntryPoint\",\"urlTemplate\":\"https:\/\/vaiksed.ee\/?s={search_term_string}\"},\"query-input\":\"required name=search_term_string\"}],\"inLanguage\":\"ru-RU\"},{\"@type\":\"Organization\",\"@id\":\"https:\/\/vaiksed.ee\/#organization\",\"name\":\"Vaikuse lapsed\",\"url\":\"https:\/\/vaiksed.ee\/\",\"logo\":{\"@type\":\"ImageObject\",\"inLanguage\":\"ru-RU\",\"@id\":\"https:\/\/vaiksed.ee\/#\/schema\/logo\/image\/\",\"url\":\"https:\/\/vaiksed.ee\/wp-content\/uploads\/2022\/11\/173568.png\",\"contentUrl\":\"https:\/\/vaiksed.ee\/wp-content\/uploads\/2022\/11\/173568.png\",\"width\":500,\"height\":500,\"caption\":\"Vaikuse lapsed\"},\"image\":{\"@id\":\"https:\/\/vaiksed.ee\/#\/schema\/logo\/image\/\"}}]}<\/script>\n<!-- \/ Yoast SEO plugin. -->","yoast_head_json":{"title":"Ave Liiv - Vaikuse lapsed","robots":{"index":"index","follow":"follow","max-snippet":"max-snippet:-1","max-image-preview":"max-image-preview:large","max-video-preview":"max-video-preview:-1"},"canonical":"https:\/\/vaiksed.ee\/ru\/ave-liiv\/","og_locale":"ru_RU","og_type":"article","og_title":"Ave Liiv - Vaikuse lapsed","og_description":"M\u00e4lestuskarpide t\u00f6\u00f6tubade juhendaja; Vabatahtlik liige Suhtluskeeled: eesti Kontaktandmed:&nbsp;ave@vaiksed.ee Olen heas\u00fcdamlik ja positiivse ellusuhtumisega ema, kes teab liigagi h\u00e4sti, mis on hingevalu. 2019. aasta suvel 39+ rasedusn\u00e4dalal kaotasin poja, kes suri&hellip;","og_url":"https:\/\/vaiksed.ee\/ru\/ave-liiv\/","og_site_name":"Vaikuse lapsed","article_modified_time":"2023-11-22T17:31:35+00:00","og_image":[{"url":"http:\/\/vaiksed.ee\/wp-content\/uploads\/2022\/11\/Ave-2-scaled-e1670878765690-1024x512.jpg"}],"twitter_card":"summary_large_image","twitter_misc":{"\u041f\u0440\u0438\u043c\u0435\u0440\u043d\u043e\u0435 \u0432\u0440\u0435\u043c\u044f \u0434\u043b\u044f \u0447\u0442\u0435\u043d\u0438\u044f":"1 \u043c\u0438\u043d\u0443\u0442\u0430"},"schema":{"@context":"https:\/\/schema.org","@graph":[{"@type":"WebPage","@id":"https:\/\/vaiksed.ee\/ave-liiv\/","url":"https:\/\/vaiksed.ee\/ave-liiv\/","name":"Ave Liiv - Vaikuse lapsed","isPartOf":{"@id":"https:\/\/vaiksed.ee\/#website"},"datePublished":"2022-11-13T22:17:27+00:00","dateModified":"2023-11-22T17:31:35+00:00","breadcrumb":{"@id":"https:\/\/vaiksed.ee\/ave-liiv\/#breadcrumb"},"inLanguage":"ru-RU","potentialAction":[{"@type":"ReadAction","target":["https:\/\/vaiksed.ee\/ave-liiv\/"]}]},{"@type":"BreadcrumbList","@id":"https:\/\/vaiksed.ee\/ave-liiv\/#breadcrumb","itemListElement":[{"@type":"ListItem","position":1,"name":"Home","item":"https:\/\/vaiksed.ee\/"},{"@type":"ListItem","position":2,"name":"Ave Liiv"}]},{"@type":"WebSite","@id":"https:\/\/vaiksed.ee\/#website","url":"https:\/\/vaiksed.ee\/","name":"Vaikuse lapsed","description":"Vaikuselaps, las valvab su \u00fcle valguse vaim \u2013 rahu ja armastus","publisher":{"@id":"https:\/\/vaiksed.ee\/#organization"},"potentialAction":[{"@type":"SearchAction","target":{"@type":"EntryPoint","urlTemplate":"https:\/\/vaiksed.ee\/?s={search_term_string}"},"query-input":"required name=search_term_string"}],"inLanguage":"ru-RU"},{"@type":"Organization","@id":"https:\/\/vaiksed.ee\/#organization","name":"Vaikuse lapsed","url":"https:\/\/vaiksed.ee\/","logo":{"@type":"ImageObject","inLanguage":"ru-RU","@id":"https:\/\/vaiksed.ee\/#\/schema\/logo\/image\/","url":"https:\/\/vaiksed.ee\/wp-content\/uploads\/2022\/11\/173568.png","contentUrl":"https:\/\/vaiksed.ee\/wp-content\/uploads\/2022\/11\/173568.png","width":500,"height":500,"caption":"Vaikuse lapsed"},"image":{"@id":"https:\/\/vaiksed.ee\/#\/schema\/logo\/image\/"}}]}},"_links":{"self":[{"href":"https:\/\/vaiksed.ee\/ru\/wp-json\/wp\/v2\/pages\/1344"}],"collection":[{"href":"https:\/\/vaiksed.ee\/ru\/wp-json\/wp\/v2\/pages"}],"about":[{"href":"https:\/\/vaiksed.ee\/ru\/wp-json\/wp\/v2\/types\/page"}],"author":[{"embeddable":true,"href":"https:\/\/vaiksed.ee\/ru\/wp-json\/wp\/v2\/users\/174446671"}],"replies":[{"embeddable":true,"href":"https:\/\/vaiksed.ee\/ru\/wp-json\/wp\/v2\/comments?post=1344"}],"version-history":[{"count":34,"href":"https:\/\/vaiksed.ee\/ru\/wp-json\/wp\/v2\/pages\/1344\/revisions"}],"predecessor-version":[{"id":2602,"href":"https:\/\/vaiksed.ee\/ru\/wp-json\/wp\/v2\/pages\/1344\/revisions\/2602"}],"wp:attachment":[{"href":"https:\/\/vaiksed.ee\/ru\/wp-json\/wp\/v2\/media?parent=1344"}],"curies":[{"name":"wp","href":"https:\/\/api.w.org\/{rel}","templated":true}]}}