{"id":1339,"date":"2022-11-13T22:10:47","date_gmt":"2022-11-13T22:10:47","guid":{"rendered":"https:\/\/vaiksed.ee\/?page_id=1339"},"modified":"2025-09-14T16:28:16","modified_gmt":"2025-09-14T16:28:16","slug":"anna-lihodedova","status":"publish","type":"page","link":"https:\/\/vaiksed.ee\/ru\/anna-lihodedova\/","title":{"rendered":"Anna Lihodedova"},"content":{"rendered":"<div data-elementor-type=\"wp-page\" data-elementor-id=\"1339\" class=\"elementor elementor-1339\">\n\t\t\t\t\t\t\t\t\t<section class=\"penci-section penci-disSticky penci-structure-20 elementor-section elementor-top-section elementor-element elementor-element-616100a3 elementor-section-boxed elementor-section-height-default elementor-section-height-default\" data-id=\"616100a3\" data-element_type=\"section\">\n\t\t\t\t\t\t<div class=\"elementor-container elementor-column-gap-default\">\n\t\t\t\t\t<div class=\"penci-ercol-50 penci-ercol-order-1 penci-sticky-ct    elementor-column elementor-col-50 elementor-top-column elementor-element elementor-element-535129b2\" data-id=\"535129b2\" data-element_type=\"column\">\n\t\t\t<div class=\"elementor-widget-wrap elementor-element-populated\">\n\t\t\t\t\t\t\t\t<div class=\"elementor-element elementor-element-1339d2b5 elementor-widget elementor-widget-image\" data-id=\"1339d2b5\" data-element_type=\"widget\" data-widget_type=\"image.default\">\n\t\t\t\t<div class=\"elementor-widget-container\">\n\t\t\t<style>\/*! elementor - v3.12.0 - 29-03-2023 *\/\n.elementor-widget-image{text-align:center}.elementor-widget-image a{display:inline-block}.elementor-widget-image a img[src$=\".svg\"]{width:48px}.elementor-widget-image img{vertical-align:middle;display:inline-block}<\/style>\t\t\t\t\t\t\t\t\t\t\t\t<img decoding=\"async\" width=\"1024\" height=\"683\" src=\"https:\/\/vaiksed.ee\/wp-content\/uploads\/2022\/11\/Anna-8-1024x683.jpg\" class=\"attachment-large size-large wp-image-1228\" alt=\"anna Lihodedova\" srcset=\"https:\/\/vaiksed.ee\/wp-content\/uploads\/2022\/11\/Anna-8-1024x683.jpg 1024w, https:\/\/vaiksed.ee\/wp-content\/uploads\/2022\/11\/Anna-8-300x200.jpg 300w, https:\/\/vaiksed.ee\/wp-content\/uploads\/2022\/11\/Anna-8-768x512.jpg 768w, https:\/\/vaiksed.ee\/wp-content\/uploads\/2022\/11\/Anna-8-1536x1024.jpg 1536w, https:\/\/vaiksed.ee\/wp-content\/uploads\/2022\/11\/Anna-8-2048x1365.jpg 2048w, https:\/\/vaiksed.ee\/wp-content\/uploads\/2022\/11\/Anna-8-18x12.jpg 18w, https:\/\/vaiksed.ee\/wp-content\/uploads\/2022\/11\/Anna-8-624x416.jpg 624w\" sizes=\"(max-width: 1024px) 100vw, 1024px\" \/>\t\t\t\t\t\t\t\t\t\t\t\t\t\t\t<\/div>\n\t\t\t\t<\/div>\n\t\t\t\t\t<\/div>\n\t\t<\/div>\n\t\t\t\t<div class=\"penci-ercol-50 penci-ercol-order-2 penci-sticky-ct    elementor-column elementor-col-50 elementor-top-column elementor-element elementor-element-17d02c27\" data-id=\"17d02c27\" data-element_type=\"column\">\n\t\t\t<div class=\"elementor-widget-wrap elementor-element-populated\">\n\t\t\t\t\t\t\t\t<div class=\"elementor-element elementor-element-d94571d elementor-widget elementor-widget-text-editor\" data-id=\"d94571d\" data-element_type=\"widget\" data-widget_type=\"text-editor.default\">\n\t\t\t\t<div class=\"elementor-widget-container\">\n\t\t\t<style>\/*! elementor - v3.12.0 - 29-03-2023 *\/\n.elementor-widget-text-editor.elementor-drop-cap-view-stacked .elementor-drop-cap{background-color:#69727d;color:#fff}.elementor-widget-text-editor.elementor-drop-cap-view-framed .elementor-drop-cap{color:#69727d;border:3px solid;background-color:transparent}.elementor-widget-text-editor:not(.elementor-drop-cap-view-default) .elementor-drop-cap{margin-top:8px}.elementor-widget-text-editor:not(.elementor-drop-cap-view-default) .elementor-drop-cap-letter{width:1em;height:1em}.elementor-widget-text-editor .elementor-drop-cap{float:left;text-align:center;line-height:1;font-size:50px}.elementor-widget-text-editor .elementor-drop-cap-letter{display:inline-block}<\/style>\t\t\t\t<p><b>MT\u00dc juhatuse liige, Kogemusn\u00f5ustaja<\/b><\/p>\n<p><b>Suhtluskeeled:<\/b> eesti, inglise, vene<\/p>\n<p><b>N\u00f5ustamise piirkond: <\/b>Tallinn, veebin\u00f5ustamise v\u00f5imalus<\/p>\n<p><b>Kontaktandmed: <\/b>anna@vaiksed.ee<\/p>\n<p>Aastal 2020 ma sain esmakordselt emaks. Meie ootasime oma kaksikuid mitu aastat, neil oli aga meie juurde tulekuga kiire ja nad s\u00fcndisid enneaegselt. Minu poeg ja t\u00fctar olid tublid v\u00f5itlejad kuid kahjuks kumbki neist ei v\u00f5idelnud ennast haiglast koju.<\/p>\n<p><\/p>\n<div>&nbsp;<b style=\"font-family: var( --e-global-typography-text-font-family ), Sans-serif; outline-color: currentcolor;\">NB! Hetkel n\u00f5ustamist ei paku<\/b><\/div>\t\t\t\t\t\t<\/div>\n\t\t\t\t<\/div>\n\t\t\t\t\t<\/div>\n\t\t<\/div>\n\t\t\t\t\t\t\t<\/div>\n\t\t<\/section>\n\t\t\t\t\t\t\t<\/div>","protected":false},"excerpt":{"rendered":"<p>MT\u00dc juhatuse liige, Kogemusn\u00f5ustaja Suhtluskeeled: eesti, inglise, vene N\u00f5ustamise piirkond: Tallinn, veebin\u00f5ustamise v\u00f5imalus Kontaktandmed: anna@vaiksed.ee Aastal 2020 ma sain esmakordselt emaks. Meie ootasime oma kaksikuid mitu aastat, neil oli aga&hellip;<\/p>","protected":false},"author":174446671,"featured_media":0,"parent":0,"menu_order":0,"comment_status":"closed","ping_status":"closed","template":"","meta":[],"yoast_head":"<!-- This site is optimized with the Yoast SEO plugin v20.12 - https:\/\/yoast.com\/wordpress\/plugins\/seo\/ -->\n<title>Anna Lihodedova - Vaikuse lapsed<\/title>\n<meta name=\"robots\" content=\"index, follow, max-snippet:-1, max-image-preview:large, max-video-preview:-1\" \/>\n<link rel=\"canonical\" href=\"https:\/\/vaiksed.ee\/ru\/anna-lihodedova\/\" \/>\n<meta property=\"og:locale\" content=\"ru_RU\" \/>\n<meta property=\"og:type\" content=\"article\" \/>\n<meta property=\"og:title\" content=\"Anna Lihodedova - Vaikuse lapsed\" \/>\n<meta property=\"og:description\" content=\"MT\u00dc juhatuse liige, Kogemusn\u00f5ustaja Suhtluskeeled: eesti, inglise, vene N\u00f5ustamise piirkond: Tallinn, veebin\u00f5ustamise v\u00f5imalus Kontaktandmed: anna@vaiksed.ee Aastal 2020 ma sain esmakordselt emaks. Meie ootasime oma kaksikuid mitu aastat, neil oli aga&hellip;\" \/>\n<meta property=\"og:url\" content=\"https:\/\/vaiksed.ee\/ru\/anna-lihodedova\/\" \/>\n<meta property=\"og:site_name\" content=\"Vaikuse lapsed\" \/>\n<meta property=\"article:modified_time\" content=\"2025-09-14T16:28:16+00:00\" \/>\n<meta property=\"og:image\" content=\"http:\/\/vaiksed.ee\/wp-content\/uploads\/2022\/11\/Anna-8-1024x683.jpg\" \/>\n<meta name=\"twitter:card\" content=\"summary_large_image\" \/>\n<meta name=\"twitter:label1\" content=\"\u041f\u0440\u0438\u043c\u0435\u0440\u043d\u043e\u0435 \u0432\u0440\u0435\u043c\u044f \u0434\u043b\u044f \u0447\u0442\u0435\u043d\u0438\u044f\" \/>\n\t<meta name=\"twitter:data1\" content=\"1 \u043c\u0438\u043d\u0443\u0442\u0430\" \/>\n<script type=\"application\/ld+json\" class=\"yoast-schema-graph\">{\"@context\":\"https:\/\/schema.org\",\"@graph\":[{\"@type\":\"WebPage\",\"@id\":\"https:\/\/vaiksed.ee\/anna-lihodedova\/\",\"url\":\"https:\/\/vaiksed.ee\/anna-lihodedova\/\",\"name\":\"Anna Lihodedova - Vaikuse lapsed\",\"isPartOf\":{\"@id\":\"https:\/\/vaiksed.ee\/#website\"},\"datePublished\":\"2022-11-13T22:10:47+00:00\",\"dateModified\":\"2025-09-14T16:28:16+00:00\",\"breadcrumb\":{\"@id\":\"https:\/\/vaiksed.ee\/anna-lihodedova\/#breadcrumb\"},\"inLanguage\":\"ru-RU\",\"potentialAction\":[{\"@type\":\"ReadAction\",\"target\":[\"https:\/\/vaiksed.ee\/anna-lihodedova\/\"]}]},{\"@type\":\"BreadcrumbList\",\"@id\":\"https:\/\/vaiksed.ee\/anna-lihodedova\/#breadcrumb\",\"itemListElement\":[{\"@type\":\"ListItem\",\"position\":1,\"name\":\"Home\",\"item\":\"https:\/\/vaiksed.ee\/\"},{\"@type\":\"ListItem\",\"position\":2,\"name\":\"Anna Lihodedova\"}]},{\"@type\":\"WebSite\",\"@id\":\"https:\/\/vaiksed.ee\/#website\",\"url\":\"https:\/\/vaiksed.ee\/\",\"name\":\"Vaikuse lapsed\",\"description\":\"Vaikuselaps, las valvab su \u00fcle valguse vaim \u2013 rahu ja armastus\",\"publisher\":{\"@id\":\"https:\/\/vaiksed.ee\/#organization\"},\"potentialAction\":[{\"@type\":\"SearchAction\",\"target\":{\"@type\":\"EntryPoint\",\"urlTemplate\":\"https:\/\/vaiksed.ee\/?s={search_term_string}\"},\"query-input\":\"required name=search_term_string\"}],\"inLanguage\":\"ru-RU\"},{\"@type\":\"Organization\",\"@id\":\"https:\/\/vaiksed.ee\/#organization\",\"name\":\"Vaikuse lapsed\",\"url\":\"https:\/\/vaiksed.ee\/\",\"logo\":{\"@type\":\"ImageObject\",\"inLanguage\":\"ru-RU\",\"@id\":\"https:\/\/vaiksed.ee\/#\/schema\/logo\/image\/\",\"url\":\"https:\/\/vaiksed.ee\/wp-content\/uploads\/2022\/11\/173568.png\",\"contentUrl\":\"https:\/\/vaiksed.ee\/wp-content\/uploads\/2022\/11\/173568.png\",\"width\":500,\"height\":500,\"caption\":\"Vaikuse lapsed\"},\"image\":{\"@id\":\"https:\/\/vaiksed.ee\/#\/schema\/logo\/image\/\"}}]}<\/script>\n<!-- \/ Yoast SEO plugin. -->","yoast_head_json":{"title":"Anna Lihodedova - Vaikuse lapsed","robots":{"index":"index","follow":"follow","max-snippet":"max-snippet:-1","max-image-preview":"max-image-preview:large","max-video-preview":"max-video-preview:-1"},"canonical":"https:\/\/vaiksed.ee\/ru\/anna-lihodedova\/","og_locale":"ru_RU","og_type":"article","og_title":"Anna Lihodedova - Vaikuse lapsed","og_description":"MT\u00dc juhatuse liige, Kogemusn\u00f5ustaja Suhtluskeeled: eesti, inglise, vene N\u00f5ustamise piirkond: Tallinn, veebin\u00f5ustamise v\u00f5imalus Kontaktandmed: anna@vaiksed.ee Aastal 2020 ma sain esmakordselt emaks. Meie ootasime oma kaksikuid mitu aastat, neil oli aga&hellip;","og_url":"https:\/\/vaiksed.ee\/ru\/anna-lihodedova\/","og_site_name":"Vaikuse lapsed","article_modified_time":"2025-09-14T16:28:16+00:00","og_image":[{"url":"http:\/\/vaiksed.ee\/wp-content\/uploads\/2022\/11\/Anna-8-1024x683.jpg"}],"twitter_card":"summary_large_image","twitter_misc":{"\u041f\u0440\u0438\u043c\u0435\u0440\u043d\u043e\u0435 \u0432\u0440\u0435\u043c\u044f \u0434\u043b\u044f \u0447\u0442\u0435\u043d\u0438\u044f":"1 \u043c\u0438\u043d\u0443\u0442\u0430"},"schema":{"@context":"https:\/\/schema.org","@graph":[{"@type":"WebPage","@id":"https:\/\/vaiksed.ee\/anna-lihodedova\/","url":"https:\/\/vaiksed.ee\/anna-lihodedova\/","name":"Anna Lihodedova - Vaikuse lapsed","isPartOf":{"@id":"https:\/\/vaiksed.ee\/#website"},"datePublished":"2022-11-13T22:10:47+00:00","dateModified":"2025-09-14T16:28:16+00:00","breadcrumb":{"@id":"https:\/\/vaiksed.ee\/anna-lihodedova\/#breadcrumb"},"inLanguage":"ru-RU","potentialAction":[{"@type":"ReadAction","target":["https:\/\/vaiksed.ee\/anna-lihodedova\/"]}]},{"@type":"BreadcrumbList","@id":"https:\/\/vaiksed.ee\/anna-lihodedova\/#breadcrumb","itemListElement":[{"@type":"ListItem","position":1,"name":"Home","item":"https:\/\/vaiksed.ee\/"},{"@type":"ListItem","position":2,"name":"Anna Lihodedova"}]},{"@type":"WebSite","@id":"https:\/\/vaiksed.ee\/#website","url":"https:\/\/vaiksed.ee\/","name":"Vaikuse lapsed","description":"Vaikuselaps, las valvab su \u00fcle valguse vaim \u2013 rahu ja armastus","publisher":{"@id":"https:\/\/vaiksed.ee\/#organization"},"potentialAction":[{"@type":"SearchAction","target":{"@type":"EntryPoint","urlTemplate":"https:\/\/vaiksed.ee\/?s={search_term_string}"},"query-input":"required name=search_term_string"}],"inLanguage":"ru-RU"},{"@type":"Organization","@id":"https:\/\/vaiksed.ee\/#organization","name":"Vaikuse lapsed","url":"https:\/\/vaiksed.ee\/","logo":{"@type":"ImageObject","inLanguage":"ru-RU","@id":"https:\/\/vaiksed.ee\/#\/schema\/logo\/image\/","url":"https:\/\/vaiksed.ee\/wp-content\/uploads\/2022\/11\/173568.png","contentUrl":"https:\/\/vaiksed.ee\/wp-content\/uploads\/2022\/11\/173568.png","width":500,"height":500,"caption":"Vaikuse lapsed"},"image":{"@id":"https:\/\/vaiksed.ee\/#\/schema\/logo\/image\/"}}]}},"_links":{"self":[{"href":"https:\/\/vaiksed.ee\/ru\/wp-json\/wp\/v2\/pages\/1339"}],"collection":[{"href":"https:\/\/vaiksed.ee\/ru\/wp-json\/wp\/v2\/pages"}],"about":[{"href":"https:\/\/vaiksed.ee\/ru\/wp-json\/wp\/v2\/types\/page"}],"author":[{"embeddable":true,"href":"https:\/\/vaiksed.ee\/ru\/wp-json\/wp\/v2\/users\/174446671"}],"replies":[{"embeddable":true,"href":"https:\/\/vaiksed.ee\/ru\/wp-json\/wp\/v2\/comments?post=1339"}],"version-history":[{"count":28,"href":"https:\/\/vaiksed.ee\/ru\/wp-json\/wp\/v2\/pages\/1339\/revisions"}],"predecessor-version":[{"id":2857,"href":"https:\/\/vaiksed.ee\/ru\/wp-json\/wp\/v2\/pages\/1339\/revisions\/2857"}],"wp:attachment":[{"href":"https:\/\/vaiksed.ee\/ru\/wp-json\/wp\/v2\/media?parent=1339"}],"curies":[{"name":"wp","href":"https:\/\/api.w.org\/{rel}","templated":true}]}}