{"id":1315,"date":"2022-11-13T21:59:22","date_gmt":"2022-11-13T21:59:22","guid":{"rendered":"https:\/\/vaiksed.ee\/?page_id=1315"},"modified":"2023-02-07T17:22:02","modified_gmt":"2023-02-07T17:22:02","slug":"kristel-harjaks","status":"publish","type":"page","link":"https:\/\/vaiksed.ee\/ru\/kristel-harjaks\/","title":{"rendered":"Kristel Harjaks"},"content":{"rendered":"<div data-elementor-type=\"wp-page\" data-elementor-id=\"1315\" class=\"elementor elementor-1315\">\n\t\t\t\t\t\t\t\t\t<section class=\"penci-section penci-disSticky penci-structure-20 elementor-section elementor-top-section elementor-element elementor-element-3d2325a7 elementor-section-boxed elementor-section-height-default elementor-section-height-default\" data-id=\"3d2325a7\" data-element_type=\"section\">\n\t\t\t\t\t\t<div class=\"elementor-container elementor-column-gap-default\">\n\t\t\t\t\t<div class=\"penci-ercol-50 penci-ercol-order-1 penci-sticky-ct    elementor-column elementor-col-50 elementor-top-column elementor-element elementor-element-4d19dbe\" data-id=\"4d19dbe\" data-element_type=\"column\">\n\t\t\t<div class=\"elementor-widget-wrap elementor-element-populated\">\n\t\t\t\t\t\t\t\t<div class=\"elementor-element elementor-element-44c315bd elementor-widget elementor-widget-image\" data-id=\"44c315bd\" data-element_type=\"widget\" data-widget_type=\"image.default\">\n\t\t\t\t<div class=\"elementor-widget-container\">\n\t\t\t<style>\/*! elementor - v3.12.0 - 29-03-2023 *\/\n.elementor-widget-image{text-align:center}.elementor-widget-image a{display:inline-block}.elementor-widget-image a img[src$=\".svg\"]{width:48px}.elementor-widget-image img{vertical-align:middle;display:inline-block}<\/style>\t\t\t\t\t\t\t\t\t\t\t\t<img decoding=\"async\" width=\"225\" height=\"300\" src=\"https:\/\/vaiksed.ee\/wp-content\/uploads\/2022\/12\/kirstel3-225x300.jpg\" class=\"attachment-medium size-medium wp-image-1614\" alt=\"\" srcset=\"https:\/\/vaiksed.ee\/wp-content\/uploads\/2022\/12\/kirstel3-225x300.jpg 225w, https:\/\/vaiksed.ee\/wp-content\/uploads\/2022\/12\/kirstel3-9x12.jpg 9w, https:\/\/vaiksed.ee\/wp-content\/uploads\/2022\/12\/kirstel3.jpg 480w\" sizes=\"(max-width: 225px) 100vw, 225px\" \/>\t\t\t\t\t\t\t\t\t\t\t\t\t\t\t<\/div>\n\t\t\t\t<\/div>\n\t\t\t\t\t<\/div>\n\t\t<\/div>\n\t\t\t\t<div class=\"penci-ercol-50 penci-ercol-order-2 penci-sticky-ct    elementor-column elementor-col-50 elementor-top-column elementor-element elementor-element-299b4aaf\" data-id=\"299b4aaf\" data-element_type=\"column\">\n\t\t\t<div class=\"elementor-widget-wrap elementor-element-populated\">\n\t\t\t\t\t\t\t\t<div class=\"elementor-element elementor-element-10a7d50 elementor-widget elementor-widget-text-editor\" data-id=\"10a7d50\" data-element_type=\"widget\" data-widget_type=\"text-editor.default\">\n\t\t\t\t<div class=\"elementor-widget-container\">\n\t\t\t<style>\/*! elementor - v3.12.0 - 29-03-2023 *\/\n.elementor-widget-text-editor.elementor-drop-cap-view-stacked .elementor-drop-cap{background-color:#69727d;color:#fff}.elementor-widget-text-editor.elementor-drop-cap-view-framed .elementor-drop-cap{color:#69727d;border:3px solid;background-color:transparent}.elementor-widget-text-editor:not(.elementor-drop-cap-view-default) .elementor-drop-cap{margin-top:8px}.elementor-widget-text-editor:not(.elementor-drop-cap-view-default) .elementor-drop-cap-letter{width:1em;height:1em}.elementor-widget-text-editor .elementor-drop-cap{float:left;text-align:center;line-height:1;font-size:50px}.elementor-widget-text-editor .elementor-drop-cap-letter{display:inline-block}<\/style>\t\t\t\t<h2 style=\"font-size: 14px; text-align: start; font-family: Roboto, sans-serif; color: #7a7a7a;\"><span style=\"color: inherit; font-family: inherit; font-size: inherit;\"><b>\u0414\u0443\u0448\u0435\u043f\u043e\u043f\u0435\u0447\u0438\u0442\u0435\u043b\u044c<\/b><\/span><\/h2>\n<p style=\"text-align: start;\"><span style=\"color: inherit; font-family: inherit; font-size: inherit;\"><b>Suhtluskeeled<\/b><\/span><span style=\"color: inherit; font-family: inherit; font-size: inherit; font-weight: inherit;\">: eesti, soome<\/span><\/p>\n<p style=\"text-align: start;\"><b>N\u00f5ustamise piirkond<\/b>: veebikohtumised, kokkuleppeliselt kohtumised Eestis<\/p>\n<p style=\"text-align: start;\"><b>Kontaktandmed:&nbsp;<\/b>kristel@vaiksed.ee, +358443200054<\/p>\n<p style=\"text-align: start;\"><span style=\"color: inherit; font-family: inherit; font-size: inherit; font-weight: inherit;\">Hariduselt teoloog. Olen hea kuulaja. Mulle meeldivad hingehoidlikud vestlused, mis pakuvad tuge ja m\u00f5istmist, elujulguse ja lootuse otsimist ka lootusetuna tunduvas olukorras. Nende eesm\u00e4rgiks on j\u00f5ustada sinu argip\u00e4eva. Olen lapse kaotanud lapsevanem. Valmidus on pikemaajalisemat koost\u00f6\u00f6d teha.&nbsp;<\/span><\/p>\t\t\t\t\t\t<\/div>\n\t\t\t\t<\/div>\n\t\t\t\t\t<\/div>\n\t\t<\/div>\n\t\t\t\t\t\t\t<\/div>\n\t\t<\/section>\n\t\t\t\t\t\t\t<\/div>","protected":false},"excerpt":{"rendered":"<p>Hingehoidja Suhtluskeeled: eesti, soome N\u00f5ustamise piirkond: veebikohtumised, kokkuleppeliselt kohtumised Eestis Kontaktandmed:&nbsp;kristel@vaiksed.ee, +358443200054 Hariduselt teoloog. Olen hea kuulaja. Mulle meeldivad hingehoidlikud vestlused, mis pakuvad tuge ja m\u00f5istmist, elujulguse ja lootuse otsimist&hellip;<\/p>","protected":false},"author":174446671,"featured_media":0,"parent":0,"menu_order":0,"comment_status":"closed","ping_status":"closed","template":"","meta":[],"yoast_head":"<!-- This site is optimized with the Yoast SEO plugin v20.12 - https:\/\/yoast.com\/wordpress\/plugins\/seo\/ -->\n<title>Kristel Harjaks - Vaikuse lapsed<\/title>\n<meta name=\"robots\" content=\"index, follow, max-snippet:-1, max-image-preview:large, max-video-preview:-1\" \/>\n<link rel=\"canonical\" href=\"https:\/\/vaiksed.ee\/ru\/kristel-harjaks\/\" \/>\n<meta property=\"og:locale\" content=\"ru_RU\" \/>\n<meta property=\"og:type\" content=\"article\" \/>\n<meta property=\"og:title\" content=\"Kristel Harjaks - Vaikuse lapsed\" \/>\n<meta property=\"og:description\" content=\"Hingehoidja Suhtluskeeled: eesti, soome N\u00f5ustamise piirkond: veebikohtumised, kokkuleppeliselt kohtumised Eestis Kontaktandmed:&nbsp;kristel@vaiksed.ee, +358443200054 Hariduselt teoloog. Olen hea kuulaja. Mulle meeldivad hingehoidlikud vestlused, mis pakuvad tuge ja m\u00f5istmist, elujulguse ja lootuse otsimist&hellip;\" \/>\n<meta property=\"og:url\" content=\"https:\/\/vaiksed.ee\/ru\/kristel-harjaks\/\" \/>\n<meta property=\"og:site_name\" content=\"Vaikuse lapsed\" \/>\n<meta property=\"article:modified_time\" content=\"2023-02-07T17:22:02+00:00\" \/>\n<meta property=\"og:image\" content=\"http:\/\/vaiksed.ee\/wp-content\/uploads\/2022\/12\/kirstel3-225x300.jpg\" \/>\n<meta name=\"twitter:card\" content=\"summary_large_image\" \/>\n<script type=\"application\/ld+json\" class=\"yoast-schema-graph\">{\"@context\":\"https:\/\/schema.org\",\"@graph\":[{\"@type\":\"WebPage\",\"@id\":\"https:\/\/vaiksed.ee\/kristel-harjaks\/\",\"url\":\"https:\/\/vaiksed.ee\/kristel-harjaks\/\",\"name\":\"Kristel Harjaks - Vaikuse lapsed\",\"isPartOf\":{\"@id\":\"https:\/\/vaiksed.ee\/#website\"},\"datePublished\":\"2022-11-13T21:59:22+00:00\",\"dateModified\":\"2023-02-07T17:22:02+00:00\",\"breadcrumb\":{\"@id\":\"https:\/\/vaiksed.ee\/kristel-harjaks\/#breadcrumb\"},\"inLanguage\":\"ru-RU\",\"potentialAction\":[{\"@type\":\"ReadAction\",\"target\":[\"https:\/\/vaiksed.ee\/kristel-harjaks\/\"]}]},{\"@type\":\"BreadcrumbList\",\"@id\":\"https:\/\/vaiksed.ee\/kristel-harjaks\/#breadcrumb\",\"itemListElement\":[{\"@type\":\"ListItem\",\"position\":1,\"name\":\"Home\",\"item\":\"https:\/\/vaiksed.ee\/\"},{\"@type\":\"ListItem\",\"position\":2,\"name\":\"Kristel Harjaks\"}]},{\"@type\":\"WebSite\",\"@id\":\"https:\/\/vaiksed.ee\/#website\",\"url\":\"https:\/\/vaiksed.ee\/\",\"name\":\"Vaikuse lapsed\",\"description\":\"Vaikuselaps, las valvab su \u00fcle valguse vaim \u2013 rahu ja armastus\",\"publisher\":{\"@id\":\"https:\/\/vaiksed.ee\/#organization\"},\"potentialAction\":[{\"@type\":\"SearchAction\",\"target\":{\"@type\":\"EntryPoint\",\"urlTemplate\":\"https:\/\/vaiksed.ee\/?s={search_term_string}\"},\"query-input\":\"required name=search_term_string\"}],\"inLanguage\":\"ru-RU\"},{\"@type\":\"Organization\",\"@id\":\"https:\/\/vaiksed.ee\/#organization\",\"name\":\"Vaikuse lapsed\",\"url\":\"https:\/\/vaiksed.ee\/\",\"logo\":{\"@type\":\"ImageObject\",\"inLanguage\":\"ru-RU\",\"@id\":\"https:\/\/vaiksed.ee\/#\/schema\/logo\/image\/\",\"url\":\"https:\/\/vaiksed.ee\/wp-content\/uploads\/2022\/11\/173568.png\",\"contentUrl\":\"https:\/\/vaiksed.ee\/wp-content\/uploads\/2022\/11\/173568.png\",\"width\":500,\"height\":500,\"caption\":\"Vaikuse lapsed\"},\"image\":{\"@id\":\"https:\/\/vaiksed.ee\/#\/schema\/logo\/image\/\"}}]}<\/script>\n<!-- \/ Yoast SEO plugin. -->","yoast_head_json":{"title":"Kristel Harjaks - Vaikuse lapsed","robots":{"index":"index","follow":"follow","max-snippet":"max-snippet:-1","max-image-preview":"max-image-preview:large","max-video-preview":"max-video-preview:-1"},"canonical":"https:\/\/vaiksed.ee\/ru\/kristel-harjaks\/","og_locale":"ru_RU","og_type":"article","og_title":"Kristel Harjaks - Vaikuse lapsed","og_description":"Hingehoidja Suhtluskeeled: eesti, soome N\u00f5ustamise piirkond: veebikohtumised, kokkuleppeliselt kohtumised Eestis Kontaktandmed:&nbsp;kristel@vaiksed.ee, +358443200054 Hariduselt teoloog. Olen hea kuulaja. Mulle meeldivad hingehoidlikud vestlused, mis pakuvad tuge ja m\u00f5istmist, elujulguse ja lootuse otsimist&hellip;","og_url":"https:\/\/vaiksed.ee\/ru\/kristel-harjaks\/","og_site_name":"Vaikuse lapsed","article_modified_time":"2023-02-07T17:22:02+00:00","og_image":[{"url":"http:\/\/vaiksed.ee\/wp-content\/uploads\/2022\/12\/kirstel3-225x300.jpg"}],"twitter_card":"summary_large_image","schema":{"@context":"https:\/\/schema.org","@graph":[{"@type":"WebPage","@id":"https:\/\/vaiksed.ee\/kristel-harjaks\/","url":"https:\/\/vaiksed.ee\/kristel-harjaks\/","name":"Kristel Harjaks - Vaikuse lapsed","isPartOf":{"@id":"https:\/\/vaiksed.ee\/#website"},"datePublished":"2022-11-13T21:59:22+00:00","dateModified":"2023-02-07T17:22:02+00:00","breadcrumb":{"@id":"https:\/\/vaiksed.ee\/kristel-harjaks\/#breadcrumb"},"inLanguage":"ru-RU","potentialAction":[{"@type":"ReadAction","target":["https:\/\/vaiksed.ee\/kristel-harjaks\/"]}]},{"@type":"BreadcrumbList","@id":"https:\/\/vaiksed.ee\/kristel-harjaks\/#breadcrumb","itemListElement":[{"@type":"ListItem","position":1,"name":"Home","item":"https:\/\/vaiksed.ee\/"},{"@type":"ListItem","position":2,"name":"Kristel Harjaks"}]},{"@type":"WebSite","@id":"https:\/\/vaiksed.ee\/#website","url":"https:\/\/vaiksed.ee\/","name":"Vaikuse lapsed","description":"Vaikuselaps, las valvab su \u00fcle valguse vaim \u2013 rahu ja armastus","publisher":{"@id":"https:\/\/vaiksed.ee\/#organization"},"potentialAction":[{"@type":"SearchAction","target":{"@type":"EntryPoint","urlTemplate":"https:\/\/vaiksed.ee\/?s={search_term_string}"},"query-input":"required name=search_term_string"}],"inLanguage":"ru-RU"},{"@type":"Organization","@id":"https:\/\/vaiksed.ee\/#organization","name":"Vaikuse lapsed","url":"https:\/\/vaiksed.ee\/","logo":{"@type":"ImageObject","inLanguage":"ru-RU","@id":"https:\/\/vaiksed.ee\/#\/schema\/logo\/image\/","url":"https:\/\/vaiksed.ee\/wp-content\/uploads\/2022\/11\/173568.png","contentUrl":"https:\/\/vaiksed.ee\/wp-content\/uploads\/2022\/11\/173568.png","width":500,"height":500,"caption":"Vaikuse lapsed"},"image":{"@id":"https:\/\/vaiksed.ee\/#\/schema\/logo\/image\/"}}]}},"_links":{"self":[{"href":"https:\/\/vaiksed.ee\/ru\/wp-json\/wp\/v2\/pages\/1315"}],"collection":[{"href":"https:\/\/vaiksed.ee\/ru\/wp-json\/wp\/v2\/pages"}],"about":[{"href":"https:\/\/vaiksed.ee\/ru\/wp-json\/wp\/v2\/types\/page"}],"author":[{"embeddable":true,"href":"https:\/\/vaiksed.ee\/ru\/wp-json\/wp\/v2\/users\/174446671"}],"replies":[{"embeddable":true,"href":"https:\/\/vaiksed.ee\/ru\/wp-json\/wp\/v2\/comments?post=1315"}],"version-history":[{"count":33,"href":"https:\/\/vaiksed.ee\/ru\/wp-json\/wp\/v2\/pages\/1315\/revisions"}],"predecessor-version":[{"id":2248,"href":"https:\/\/vaiksed.ee\/ru\/wp-json\/wp\/v2\/pages\/1315\/revisions\/2248"}],"wp:attachment":[{"href":"https:\/\/vaiksed.ee\/ru\/wp-json\/wp\/v2\/media?parent=1315"}],"curies":[{"name":"wp","href":"https:\/\/api.w.org\/{rel}","templated":true}]}}