{"id":1256,"date":"2022-11-13T19:43:24","date_gmt":"2022-11-13T19:43:24","guid":{"rendered":"https:\/\/vaiksed.ee\/?page_id=1256"},"modified":"2023-02-01T15:24:23","modified_gmt":"2023-02-01T15:24:23","slug":"helena-taliharm","status":"publish","type":"page","link":"https:\/\/vaiksed.ee\/ru\/helena-taliharm\/","title":{"rendered":"Helena Talih\u00e4rm"},"content":{"rendered":"<div data-elementor-type=\"wp-page\" data-elementor-id=\"1256\" class=\"elementor elementor-1256\">\n\t\t\t\t\t\t\t\t\t<section class=\"penci-section penci-disSticky penci-structure-20 elementor-section elementor-top-section elementor-element elementor-element-6c6595d elementor-section-boxed elementor-section-height-default elementor-section-height-default\" data-id=\"6c6595d\" data-element_type=\"section\">\n\t\t\t\t\t\t<div class=\"elementor-container elementor-column-gap-default\">\n\t\t\t\t\t<div class=\"penci-ercol-50 penci-ercol-order-1 penci-sticky-ct    elementor-column elementor-col-50 elementor-top-column elementor-element elementor-element-7955ecb\" data-id=\"7955ecb\" data-element_type=\"column\">\n\t\t\t<div class=\"elementor-widget-wrap elementor-element-populated\">\n\t\t\t\t\t\t\t\t<div class=\"elementor-element elementor-element-bad74c8 elementor-widget elementor-widget-image\" data-id=\"bad74c8\" data-element_type=\"widget\" data-widget_type=\"image.default\">\n\t\t\t\t<div class=\"elementor-widget-container\">\n\t\t\t<style>\/*! elementor - v3.12.0 - 29-03-2023 *\/\n.elementor-widget-image{text-align:center}.elementor-widget-image a{display:inline-block}.elementor-widget-image a img[src$=\".svg\"]{width:48px}.elementor-widget-image img{vertical-align:middle;display:inline-block}<\/style>\t\t\t\t\t\t\t\t\t\t\t\t<img decoding=\"async\" width=\"1024\" height=\"512\" src=\"https:\/\/vaiksed.ee\/wp-content\/uploads\/2022\/11\/Helena-6-scaled-e1670879097442-1024x512.jpg\" class=\"attachment-large size-large wp-image-1232\" alt=\"helena taliharm\" srcset=\"https:\/\/vaiksed.ee\/wp-content\/uploads\/2022\/11\/Helena-6-scaled-e1670879097442-1024x512.jpg 1024w, https:\/\/vaiksed.ee\/wp-content\/uploads\/2022\/11\/Helena-6-scaled-e1670879097442-300x150.jpg 300w, https:\/\/vaiksed.ee\/wp-content\/uploads\/2022\/11\/Helena-6-scaled-e1670879097442-768x384.jpg 768w, https:\/\/vaiksed.ee\/wp-content\/uploads\/2022\/11\/Helena-6-scaled-e1670879097442-1536x768.jpg 1536w, https:\/\/vaiksed.ee\/wp-content\/uploads\/2022\/11\/Helena-6-scaled-e1670879097442-2048x1024.jpg 2048w, https:\/\/vaiksed.ee\/wp-content\/uploads\/2022\/11\/Helena-6-scaled-e1670879097442-18x9.jpg 18w, https:\/\/vaiksed.ee\/wp-content\/uploads\/2022\/11\/Helena-6-scaled-e1670879097442-1920x960.jpg 1920w, https:\/\/vaiksed.ee\/wp-content\/uploads\/2022\/11\/Helena-6-scaled-e1670879097442-1170x585.jpg 1170w, https:\/\/vaiksed.ee\/wp-content\/uploads\/2022\/11\/Helena-6-scaled-e1670879097442-585x293.jpg 585w\" sizes=\"(max-width: 1024px) 100vw, 1024px\" \/>\t\t\t\t\t\t\t\t\t\t\t\t\t\t\t<\/div>\n\t\t\t\t<\/div>\n\t\t\t\t\t<\/div>\n\t\t<\/div>\n\t\t\t\t<div class=\"penci-ercol-50 penci-ercol-order-2 penci-sticky-ct    elementor-column elementor-col-50 elementor-top-column elementor-element elementor-element-d801e0c\" data-id=\"d801e0c\" data-element_type=\"column\">\n\t\t\t<div class=\"elementor-widget-wrap elementor-element-populated\">\n\t\t\t\t\t\t\t\t<div class=\"elementor-element elementor-element-4447adb elementor-widget elementor-widget-penci-text-block\" data-id=\"4447adb\" data-element_type=\"widget\" data-widget_type=\"penci-text-block.default\">\n\t\t\t\t<div class=\"elementor-widget-container\">\n\t\t\t\t\t<div class=\"penci-block-vc penci-text-editor\">\r\n\t\t\t\t\t\t<div class=\"penci-block_content\">\r\n\t\t\t\t<div class=\"elementor-text-editor elementor-clearfix\"><p style=\"font-size: 14px; text-align: start; font-family: Roboto, sans-serif; color: #7a7a7a;\"><span style=\"font-weight: bold;\">Ps\u00fchholoog, Kogemusn\u00f5ustaja<\/span><\/p>\n<p style=\"font-size: 14px; text-align: start; font-family: Roboto, sans-serif; color: #7a7a7a;\"><span style=\"font-weight: bold;\">Suhtluskeeled:\u00a0<\/span>eesti, inglise<\/p>\n<p style=\"font-size: 14px; text-align: start; font-family: Roboto, sans-serif; color: #7a7a7a;\"><span style=\"font-weight: bold;\">N\u00f5ustamise piirkond:<\/span>\u00a0Isiklik kabinet Tallinnas, veebikohtumise v\u00f5imalus<\/p>\n<p style=\"font-size: 14px; text-align: start; font-family: Roboto, sans-serif; color: #7a7a7a;\"><span style=\"font-weight: bold;\">Kontaktandmed:<\/span><br \/><a style=\"color: #7a7a7a;\" href=\"mailto:helena@taliharmteraapia.ee\">helena@taliharmteraapia.ee<\/a><br \/>5911 1157<\/p>\n<p style=\"font-size: 14px; text-align: start; font-family: Roboto, sans-serif; color: #7a7a7a;\"><span style=\"font-weight: bold;\">Teenuse hind:<\/span>\u00a060.-\/1h.\u00a0<br \/><a href=\"http:\/\/www.taliharmteraapia.ee\/\" target=\"_blank\" rel=\"noreferrer noopener\">www.taliharmteraapia.ee<\/a><\/p><\/div>\r\n\t\t\t<\/div>\r\n\t\t<\/div>\r\n\t\t\t\t<\/div>\n\t\t\t\t<\/div>\n\t\t\t\t\t<\/div>\n\t\t<\/div>\n\t\t\t\t\t\t\t<\/div>\n\t\t<\/section>\n\t\t\t\t<section class=\"penci-section penci-disSticky penci-structure-10 elementor-section elementor-top-section elementor-element elementor-element-72d31b07 elementor-section-boxed elementor-section-height-default elementor-section-height-default\" data-id=\"72d31b07\" data-element_type=\"section\">\n\t\t\t\t\t\t<div class=\"elementor-container elementor-column-gap-default\">\n\t\t\t\t\t<div class=\"penci-ercol-100 penci-ercol-order-1 penci-sticky-ct    elementor-column elementor-col-100 elementor-top-column elementor-element elementor-element-786e711c\" data-id=\"786e711c\" data-element_type=\"column\">\n\t\t\t<div class=\"elementor-widget-wrap elementor-element-populated\">\n\t\t\t\t\t\t\t\t<div class=\"elementor-element elementor-element-5955122d elementor-widget elementor-widget-text-editor\" data-id=\"5955122d\" data-element_type=\"widget\" data-widget_type=\"text-editor.default\">\n\t\t\t\t<div class=\"elementor-widget-container\">\n\t\t\t<style>\/*! elementor - v3.12.0 - 29-03-2023 *\/\n.elementor-widget-text-editor.elementor-drop-cap-view-stacked .elementor-drop-cap{background-color:#69727d;color:#fff}.elementor-widget-text-editor.elementor-drop-cap-view-framed .elementor-drop-cap{color:#69727d;border:3px solid;background-color:transparent}.elementor-widget-text-editor:not(.elementor-drop-cap-view-default) .elementor-drop-cap{margin-top:8px}.elementor-widget-text-editor:not(.elementor-drop-cap-view-default) .elementor-drop-cap-letter{width:1em;height:1em}.elementor-widget-text-editor .elementor-drop-cap{float:left;text-align:center;line-height:1;font-size:50px}.elementor-widget-text-editor .elementor-drop-cap-letter{display:inline-block}<\/style>\t\t\t\t<p><!-- wp:image {\"align\":\"center\",\"id\":1231,\"sizeSlug\":\"large\",\"linkDestination\":\"none\"} --><!-- \/wp:image --><!-- wp:paragraph --><!-- \/wp:paragraph --><!-- wp:paragraph --><\/p>\n<p>Olen omandanud magistrikraadi ps\u00fchholoogias ja sellealast t\u00f6\u00f6kogemust on kokku 8 aastat ca 200 kliendiga. Lisakoolitustena olen \u00f5ppinud pereteraapiat ja kriisin\u00f5ustamist baastasemel. Samuti on mul l\u00e4bitud kogemusn\u00f5ustaja v\u00e4lja\u00f5pe ja praktika lapsekaotuse teemal.<\/p>\n<p><!-- \/wp:paragraph --><!-- wp:paragraph --><!-- \/wp:paragraph --><\/p>\t\t\t\t\t\t<\/div>\n\t\t\t\t<\/div>\n\t\t\t\t\t<\/div>\n\t\t<\/div>\n\t\t\t\t\t\t\t<\/div>\n\t\t<\/section>\n\t\t\t\t\t\t\t<\/div>","protected":false},"excerpt":{"rendered":"<p>Ps\u00fchholoog, Kogemusn\u00f5ustaja Suhtluskeeled:\u00a0eesti, inglise N\u00f5ustamise piirkond:\u00a0Isiklik kabinet Tallinnas, veebikohtumise v\u00f5imalus Kontaktandmed:helena@taliharmteraapia.ee5911 1157 Teenuse hind:\u00a060.-\/1h.\u00a0www.taliharmteraapia.ee Olen omandanud magistrikraadi ps\u00fchholoogias ja sellealast t\u00f6\u00f6kogemust on kokku 8 aastat ca 200 kliendiga. Lisakoolitustena olen&hellip;<\/p>","protected":false},"author":174446671,"featured_media":0,"parent":0,"menu_order":0,"comment_status":"closed","ping_status":"closed","template":"","meta":[],"yoast_head":"<!-- This site is optimized with the Yoast SEO plugin v20.12 - https:\/\/yoast.com\/wordpress\/plugins\/seo\/ -->\n<title>Helena Talih\u00e4rm - Vaikuse lapsed<\/title>\n<meta name=\"robots\" content=\"index, follow, max-snippet:-1, max-image-preview:large, max-video-preview:-1\" \/>\n<link rel=\"canonical\" href=\"https:\/\/vaiksed.ee\/ru\/helena-taliharm\/\" \/>\n<meta property=\"og:locale\" content=\"ru_RU\" \/>\n<meta property=\"og:type\" content=\"article\" \/>\n<meta property=\"og:title\" content=\"Helena Talih\u00e4rm - Vaikuse lapsed\" \/>\n<meta property=\"og:description\" content=\"Ps\u00fchholoog, Kogemusn\u00f5ustaja Suhtluskeeled:\u00a0eesti, inglise N\u00f5ustamise piirkond:\u00a0Isiklik kabinet Tallinnas, veebikohtumise v\u00f5imalus Kontaktandmed:helena@taliharmteraapia.ee5911 1157 Teenuse hind:\u00a060.-\/1h.\u00a0www.taliharmteraapia.ee Olen omandanud magistrikraadi ps\u00fchholoogias ja sellealast t\u00f6\u00f6kogemust on kokku 8 aastat ca 200 kliendiga. Lisakoolitustena olen&hellip;\" \/>\n<meta property=\"og:url\" content=\"https:\/\/vaiksed.ee\/ru\/helena-taliharm\/\" \/>\n<meta property=\"og:site_name\" content=\"Vaikuse lapsed\" \/>\n<meta property=\"article:modified_time\" content=\"2023-02-01T15:24:23+00:00\" \/>\n<meta property=\"og:image\" content=\"http:\/\/vaiksed.ee\/wp-content\/uploads\/2022\/11\/Helena-6-scaled-e1670879097442-1024x512.jpg\" \/>\n<meta name=\"twitter:card\" content=\"summary_large_image\" \/>\n<script type=\"application\/ld+json\" class=\"yoast-schema-graph\">{\"@context\":\"https:\/\/schema.org\",\"@graph\":[{\"@type\":\"WebPage\",\"@id\":\"https:\/\/vaiksed.ee\/helena-taliharm\/\",\"url\":\"https:\/\/vaiksed.ee\/helena-taliharm\/\",\"name\":\"Helena Talih\u00e4rm - Vaikuse lapsed\",\"isPartOf\":{\"@id\":\"https:\/\/vaiksed.ee\/#website\"},\"datePublished\":\"2022-11-13T19:43:24+00:00\",\"dateModified\":\"2023-02-01T15:24:23+00:00\",\"breadcrumb\":{\"@id\":\"https:\/\/vaiksed.ee\/helena-taliharm\/#breadcrumb\"},\"inLanguage\":\"ru-RU\",\"potentialAction\":[{\"@type\":\"ReadAction\",\"target\":[\"https:\/\/vaiksed.ee\/helena-taliharm\/\"]}]},{\"@type\":\"BreadcrumbList\",\"@id\":\"https:\/\/vaiksed.ee\/helena-taliharm\/#breadcrumb\",\"itemListElement\":[{\"@type\":\"ListItem\",\"position\":1,\"name\":\"Home\",\"item\":\"https:\/\/vaiksed.ee\/\"},{\"@type\":\"ListItem\",\"position\":2,\"name\":\"Helena Talih\u00e4rm\"}]},{\"@type\":\"WebSite\",\"@id\":\"https:\/\/vaiksed.ee\/#website\",\"url\":\"https:\/\/vaiksed.ee\/\",\"name\":\"Vaikuse lapsed\",\"description\":\"Vaikuselaps, las valvab su \u00fcle valguse vaim \u2013 rahu ja armastus\",\"publisher\":{\"@id\":\"https:\/\/vaiksed.ee\/#organization\"},\"potentialAction\":[{\"@type\":\"SearchAction\",\"target\":{\"@type\":\"EntryPoint\",\"urlTemplate\":\"https:\/\/vaiksed.ee\/?s={search_term_string}\"},\"query-input\":\"required name=search_term_string\"}],\"inLanguage\":\"ru-RU\"},{\"@type\":\"Organization\",\"@id\":\"https:\/\/vaiksed.ee\/#organization\",\"name\":\"Vaikuse lapsed\",\"url\":\"https:\/\/vaiksed.ee\/\",\"logo\":{\"@type\":\"ImageObject\",\"inLanguage\":\"ru-RU\",\"@id\":\"https:\/\/vaiksed.ee\/#\/schema\/logo\/image\/\",\"url\":\"https:\/\/vaiksed.ee\/wp-content\/uploads\/2022\/11\/173568.png\",\"contentUrl\":\"https:\/\/vaiksed.ee\/wp-content\/uploads\/2022\/11\/173568.png\",\"width\":500,\"height\":500,\"caption\":\"Vaikuse lapsed\"},\"image\":{\"@id\":\"https:\/\/vaiksed.ee\/#\/schema\/logo\/image\/\"}}]}<\/script>\n<!-- \/ Yoast SEO plugin. -->","yoast_head_json":{"title":"Helena Talih\u00e4rm - Vaikuse lapsed","robots":{"index":"index","follow":"follow","max-snippet":"max-snippet:-1","max-image-preview":"max-image-preview:large","max-video-preview":"max-video-preview:-1"},"canonical":"https:\/\/vaiksed.ee\/ru\/helena-taliharm\/","og_locale":"ru_RU","og_type":"article","og_title":"Helena Talih\u00e4rm - Vaikuse lapsed","og_description":"Ps\u00fchholoog, Kogemusn\u00f5ustaja Suhtluskeeled:\u00a0eesti, inglise N\u00f5ustamise piirkond:\u00a0Isiklik kabinet Tallinnas, veebikohtumise v\u00f5imalus Kontaktandmed:helena@taliharmteraapia.ee5911 1157 Teenuse hind:\u00a060.-\/1h.\u00a0www.taliharmteraapia.ee Olen omandanud magistrikraadi ps\u00fchholoogias ja sellealast t\u00f6\u00f6kogemust on kokku 8 aastat ca 200 kliendiga. Lisakoolitustena olen&hellip;","og_url":"https:\/\/vaiksed.ee\/ru\/helena-taliharm\/","og_site_name":"Vaikuse lapsed","article_modified_time":"2023-02-01T15:24:23+00:00","og_image":[{"url":"http:\/\/vaiksed.ee\/wp-content\/uploads\/2022\/11\/Helena-6-scaled-e1670879097442-1024x512.jpg"}],"twitter_card":"summary_large_image","schema":{"@context":"https:\/\/schema.org","@graph":[{"@type":"WebPage","@id":"https:\/\/vaiksed.ee\/helena-taliharm\/","url":"https:\/\/vaiksed.ee\/helena-taliharm\/","name":"Helena Talih\u00e4rm - Vaikuse lapsed","isPartOf":{"@id":"https:\/\/vaiksed.ee\/#website"},"datePublished":"2022-11-13T19:43:24+00:00","dateModified":"2023-02-01T15:24:23+00:00","breadcrumb":{"@id":"https:\/\/vaiksed.ee\/helena-taliharm\/#breadcrumb"},"inLanguage":"ru-RU","potentialAction":[{"@type":"ReadAction","target":["https:\/\/vaiksed.ee\/helena-taliharm\/"]}]},{"@type":"BreadcrumbList","@id":"https:\/\/vaiksed.ee\/helena-taliharm\/#breadcrumb","itemListElement":[{"@type":"ListItem","position":1,"name":"Home","item":"https:\/\/vaiksed.ee\/"},{"@type":"ListItem","position":2,"name":"Helena Talih\u00e4rm"}]},{"@type":"WebSite","@id":"https:\/\/vaiksed.ee\/#website","url":"https:\/\/vaiksed.ee\/","name":"Vaikuse lapsed","description":"Vaikuselaps, las valvab su \u00fcle valguse vaim \u2013 rahu ja armastus","publisher":{"@id":"https:\/\/vaiksed.ee\/#organization"},"potentialAction":[{"@type":"SearchAction","target":{"@type":"EntryPoint","urlTemplate":"https:\/\/vaiksed.ee\/?s={search_term_string}"},"query-input":"required name=search_term_string"}],"inLanguage":"ru-RU"},{"@type":"Organization","@id":"https:\/\/vaiksed.ee\/#organization","name":"Vaikuse lapsed","url":"https:\/\/vaiksed.ee\/","logo":{"@type":"ImageObject","inLanguage":"ru-RU","@id":"https:\/\/vaiksed.ee\/#\/schema\/logo\/image\/","url":"https:\/\/vaiksed.ee\/wp-content\/uploads\/2022\/11\/173568.png","contentUrl":"https:\/\/vaiksed.ee\/wp-content\/uploads\/2022\/11\/173568.png","width":500,"height":500,"caption":"Vaikuse lapsed"},"image":{"@id":"https:\/\/vaiksed.ee\/#\/schema\/logo\/image\/"}}]}},"_links":{"self":[{"href":"https:\/\/vaiksed.ee\/ru\/wp-json\/wp\/v2\/pages\/1256"}],"collection":[{"href":"https:\/\/vaiksed.ee\/ru\/wp-json\/wp\/v2\/pages"}],"about":[{"href":"https:\/\/vaiksed.ee\/ru\/wp-json\/wp\/v2\/types\/page"}],"author":[{"embeddable":true,"href":"https:\/\/vaiksed.ee\/ru\/wp-json\/wp\/v2\/users\/174446671"}],"replies":[{"embeddable":true,"href":"https:\/\/vaiksed.ee\/ru\/wp-json\/wp\/v2\/comments?post=1256"}],"version-history":[{"count":49,"href":"https:\/\/vaiksed.ee\/ru\/wp-json\/wp\/v2\/pages\/1256\/revisions"}],"predecessor-version":[{"id":2244,"href":"https:\/\/vaiksed.ee\/ru\/wp-json\/wp\/v2\/pages\/1256\/revisions\/2244"}],"wp:attachment":[{"href":"https:\/\/vaiksed.ee\/ru\/wp-json\/wp\/v2\/media?parent=1256"}],"curies":[{"name":"wp","href":"https:\/\/api.w.org\/{rel}","templated":true}]}}