{"id":1246,"date":"2022-11-13T19:36:39","date_gmt":"2022-11-13T19:36:39","guid":{"rendered":"https:\/\/vaiksed.ee\/?page_id=1246"},"modified":"2022-12-14T21:11:31","modified_gmt":"2022-12-14T21:11:31","slug":"elen-pirso","status":"publish","type":"page","link":"https:\/\/vaiksed.ee\/ru\/elen-pirso\/","title":{"rendered":"Elen Pirso"},"content":{"rendered":"<div data-elementor-type=\"wp-page\" data-elementor-id=\"1246\" class=\"elementor elementor-1246\">\n\t\t\t\t\t\t\t\t\t<section class=\"penci-section penci-disSticky penci-structure-20 elementor-section elementor-top-section elementor-element elementor-element-15e365e elementor-section-boxed elementor-section-height-default elementor-section-height-default\" data-id=\"15e365e\" data-element_type=\"section\">\n\t\t\t\t\t\t<div class=\"elementor-container elementor-column-gap-default\">\n\t\t\t\t\t<div class=\"penci-ercol-50 penci-ercol-order-1 penci-sticky-ct    elementor-column elementor-col-50 elementor-top-column elementor-element elementor-element-1dc60fa\" data-id=\"1dc60fa\" data-element_type=\"column\">\n\t\t\t<div class=\"elementor-widget-wrap elementor-element-populated\">\n\t\t\t\t\t\t\t\t<div class=\"elementor-element elementor-element-bb2e117 elementor-widget elementor-widget-image\" data-id=\"bb2e117\" data-element_type=\"widget\" data-widget_type=\"image.default\">\n\t\t\t\t<div class=\"elementor-widget-container\">\n\t\t\t<style>\/*! elementor - v3.12.0 - 29-03-2023 *\/\n.elementor-widget-image{text-align:center}.elementor-widget-image a{display:inline-block}.elementor-widget-image a img[src$=\".svg\"]{width:48px}.elementor-widget-image img{vertical-align:middle;display:inline-block}<\/style>\t\t\t\t\t\t\t\t\t\t\t\t<img decoding=\"async\" width=\"1024\" height=\"512\" src=\"https:\/\/vaiksed.ee\/wp-content\/uploads\/2022\/11\/Elen-24-scaled-e1670882766748-1024x512.jpg\" class=\"attachment-large size-large wp-image-1231\" alt=\"elen pirso\" srcset=\"https:\/\/vaiksed.ee\/wp-content\/uploads\/2022\/11\/Elen-24-scaled-e1670882766748-1024x512.jpg 1024w, https:\/\/vaiksed.ee\/wp-content\/uploads\/2022\/11\/Elen-24-scaled-e1670882766748-300x150.jpg 300w, https:\/\/vaiksed.ee\/wp-content\/uploads\/2022\/11\/Elen-24-scaled-e1670882766748-768x384.jpg 768w, https:\/\/vaiksed.ee\/wp-content\/uploads\/2022\/11\/Elen-24-scaled-e1670882766748-1536x768.jpg 1536w, https:\/\/vaiksed.ee\/wp-content\/uploads\/2022\/11\/Elen-24-scaled-e1670882766748-2048x1024.jpg 2048w, https:\/\/vaiksed.ee\/wp-content\/uploads\/2022\/11\/Elen-24-scaled-e1670882766748-18x9.jpg 18w, https:\/\/vaiksed.ee\/wp-content\/uploads\/2022\/11\/Elen-24-scaled-e1670882766748-1920x960.jpg 1920w, https:\/\/vaiksed.ee\/wp-content\/uploads\/2022\/11\/Elen-24-scaled-e1670882766748-1170x585.jpg 1170w, https:\/\/vaiksed.ee\/wp-content\/uploads\/2022\/11\/Elen-24-scaled-e1670882766748-585x293.jpg 585w\" sizes=\"(max-width: 1024px) 100vw, 1024px\" \/>\t\t\t\t\t\t\t\t\t\t\t\t\t\t\t<\/div>\n\t\t\t\t<\/div>\n\t\t\t\t\t<\/div>\n\t\t<\/div>\n\t\t\t\t<div class=\"penci-ercol-50 penci-ercol-order-2 penci-sticky-ct    elementor-column elementor-col-50 elementor-top-column elementor-element elementor-element-8ee5b71\" data-id=\"8ee5b71\" data-element_type=\"column\">\n\t\t\t<div class=\"elementor-widget-wrap elementor-element-populated\">\n\t\t\t\t\t\t\t\t<div class=\"elementor-element elementor-element-d9fdafe elementor-widget elementor-widget-text-editor\" data-id=\"d9fdafe\" data-element_type=\"widget\" data-widget_type=\"text-editor.default\">\n\t\t\t\t<div class=\"elementor-widget-container\">\n\t\t\t<style>\/*! elementor - v3.12.0 - 29-03-2023 *\/\n.elementor-widget-text-editor.elementor-drop-cap-view-stacked .elementor-drop-cap{background-color:#69727d;color:#fff}.elementor-widget-text-editor.elementor-drop-cap-view-framed .elementor-drop-cap{color:#69727d;border:3px solid;background-color:transparent}.elementor-widget-text-editor:not(.elementor-drop-cap-view-default) .elementor-drop-cap{margin-top:8px}.elementor-widget-text-editor:not(.elementor-drop-cap-view-default) .elementor-drop-cap-letter{width:1em;height:1em}.elementor-widget-text-editor .elementor-drop-cap{float:left;text-align:center;line-height:1;font-size:50px}.elementor-widget-text-editor .elementor-drop-cap-letter{display:inline-block}<\/style>\t\t\t\t<p><span style=\"color: #7a7a7a; font-family: Roboto, sans-serif;\"><span style=\"font-size: 14px;\"><b>\u0420\u0430\u0432\u043d\u044b\u0439 \u043a\u043e\u043d\u0441\u0443\u043b\u044c\u0442\u0430\u043d\u0442<\/b><\/span><\/span><\/p>\n<h1 style=\"font-size: 14px; font-family: Roboto, sans-serif; color: #7a7a7a; letter-spacing: normal;\"><b>Suhtluskeeled:<\/b><span style=\"font-weight: 400;\"> eesti, inglise<\/span><\/h1>\n<p style=\"font-size: 14px; text-align: start; font-family: Roboto, sans-serif; color: #7a7a7a;\"><b>N\u00f5ustamise piirkond: <\/b><span style=\"font-weight: 400;\">Tallinn, Harjumaa, veebikohtumise v\u00f5imalus<\/span><\/p>\n<p style=\"font-size: 14px; text-align: start; font-weight: 400; font-family: Roboto, sans-serif; color: #7a7a7a;\"><strong>Kontaktandmed:<\/strong>\u00a0elenpirso@gmail.com<\/p>\t\t\t\t\t\t<\/div>\n\t\t\t\t<\/div>\n\t\t\t\t\t<\/div>\n\t\t<\/div>\n\t\t\t\t\t\t\t<\/div>\n\t\t<\/section>\n\t\t\t\t<section class=\"penci-section penci-disSticky penci-structure-10 elementor-section elementor-top-section elementor-element elementor-element-62351feb elementor-section-boxed elementor-section-height-default elementor-section-height-default\" data-id=\"62351feb\" data-element_type=\"section\">\n\t\t\t\t\t\t<div class=\"elementor-container elementor-column-gap-default\">\n\t\t\t\t\t<div class=\"penci-ercol-100 penci-ercol-order-1 penci-sticky-ct    elementor-column elementor-col-100 elementor-top-column elementor-element elementor-element-6d42b28d\" data-id=\"6d42b28d\" data-element_type=\"column\">\n\t\t\t<div class=\"elementor-widget-wrap elementor-element-populated\">\n\t\t\t\t\t\t\t\t<div class=\"elementor-element elementor-element-73aa27b3 elementor-widget elementor-widget-text-editor\" data-id=\"73aa27b3\" data-element_type=\"widget\" data-widget_type=\"text-editor.default\">\n\t\t\t\t<div class=\"elementor-widget-container\">\n\t\t\t\t\t\t\t<p><!-- wp:image {\"align\":\"center\",\"id\":1231,\"sizeSlug\":\"large\",\"linkDestination\":\"none\"} --><!-- \/wp:image --><!-- wp:paragraph --><!-- \/wp:paragraph --><!-- wp:paragraph --><\/p>\n<p>Minu poeg s\u00fcndis ajalise ja t\u00e4iesti terve lapsena ilusal oktoobri s\u00fcgisp\u00e4eval. Kaks ja pool aastat hiljem ei viidanud mitte miski, et see \u00f5htu on meil koos viimane. Hommikuks teda ei olnud. Ka mitmeid kuid uurimist hiljem, ei leitud p\u00f5hjust. Olen aastatega l\u00e4bi teinud pika tee ning leidnud endas tasakaalu, olen valmis jagama enda tasakaaluotsingute kogemusi.<\/p>\n<p><!-- \/wp:paragraph --><!-- wp:paragraph --><!-- \/wp:paragraph --><\/p>\t\t\t\t\t\t<\/div>\n\t\t\t\t<\/div>\n\t\t\t\t\t<\/div>\n\t\t<\/div>\n\t\t\t\t\t\t\t<\/div>\n\t\t<\/section>\n\t\t\t\t\t\t\t<\/div>","protected":false},"excerpt":{"rendered":"<p>Kogemusn\u00f5ustaja Suhtluskeeled: eesti, inglise N\u00f5ustamise piirkond: Tallinn, Harjumaa, veebikohtumise v\u00f5imalus Kontaktandmed:\u00a0elenpirso@gmail.com Minu poeg s\u00fcndis ajalise ja t\u00e4iesti terve lapsena ilusal oktoobri s\u00fcgisp\u00e4eval. Kaks ja pool aastat hiljem ei viidanud mitte&hellip;<\/p>","protected":false},"author":174446671,"featured_media":0,"parent":0,"menu_order":0,"comment_status":"closed","ping_status":"closed","template":"","meta":[],"yoast_head":"<!-- This site is optimized with the Yoast SEO plugin v20.12 - https:\/\/yoast.com\/wordpress\/plugins\/seo\/ -->\n<title>Elen Pirso - Vaikuse lapsed<\/title>\n<meta name=\"robots\" content=\"index, follow, max-snippet:-1, max-image-preview:large, max-video-preview:-1\" \/>\n<link rel=\"canonical\" href=\"https:\/\/vaiksed.ee\/ru\/elen-pirso\/\" \/>\n<meta property=\"og:locale\" content=\"ru_RU\" \/>\n<meta property=\"og:type\" content=\"article\" \/>\n<meta property=\"og:title\" content=\"Elen Pirso - Vaikuse lapsed\" \/>\n<meta property=\"og:description\" content=\"Kogemusn\u00f5ustaja Suhtluskeeled: eesti, inglise N\u00f5ustamise piirkond: Tallinn, Harjumaa, veebikohtumise v\u00f5imalus Kontaktandmed:\u00a0elenpirso@gmail.com Minu poeg s\u00fcndis ajalise ja t\u00e4iesti terve lapsena ilusal oktoobri s\u00fcgisp\u00e4eval. Kaks ja pool aastat hiljem ei viidanud mitte&hellip;\" \/>\n<meta property=\"og:url\" content=\"https:\/\/vaiksed.ee\/ru\/elen-pirso\/\" \/>\n<meta property=\"og:site_name\" content=\"Vaikuse lapsed\" \/>\n<meta property=\"article:modified_time\" content=\"2022-12-14T21:11:31+00:00\" \/>\n<meta property=\"og:image\" content=\"http:\/\/vaiksed.ee\/wp-content\/uploads\/2022\/11\/Elen-24-scaled-e1670882766748-1024x512.jpg\" \/>\n<meta name=\"twitter:card\" content=\"summary_large_image\" \/>\n<script type=\"application\/ld+json\" class=\"yoast-schema-graph\">{\"@context\":\"https:\/\/schema.org\",\"@graph\":[{\"@type\":\"WebPage\",\"@id\":\"https:\/\/vaiksed.ee\/elen-pirso\/\",\"url\":\"https:\/\/vaiksed.ee\/elen-pirso\/\",\"name\":\"Elen Pirso - Vaikuse lapsed\",\"isPartOf\":{\"@id\":\"https:\/\/vaiksed.ee\/#website\"},\"datePublished\":\"2022-11-13T19:36:39+00:00\",\"dateModified\":\"2022-12-14T21:11:31+00:00\",\"breadcrumb\":{\"@id\":\"https:\/\/vaiksed.ee\/elen-pirso\/#breadcrumb\"},\"inLanguage\":\"ru-RU\",\"potentialAction\":[{\"@type\":\"ReadAction\",\"target\":[\"https:\/\/vaiksed.ee\/elen-pirso\/\"]}]},{\"@type\":\"BreadcrumbList\",\"@id\":\"https:\/\/vaiksed.ee\/elen-pirso\/#breadcrumb\",\"itemListElement\":[{\"@type\":\"ListItem\",\"position\":1,\"name\":\"Home\",\"item\":\"https:\/\/vaiksed.ee\/\"},{\"@type\":\"ListItem\",\"position\":2,\"name\":\"Elen Pirso\"}]},{\"@type\":\"WebSite\",\"@id\":\"https:\/\/vaiksed.ee\/#website\",\"url\":\"https:\/\/vaiksed.ee\/\",\"name\":\"Vaikuse lapsed\",\"description\":\"Vaikuselaps, las valvab su \u00fcle valguse vaim \u2013 rahu ja armastus\",\"publisher\":{\"@id\":\"https:\/\/vaiksed.ee\/#organization\"},\"potentialAction\":[{\"@type\":\"SearchAction\",\"target\":{\"@type\":\"EntryPoint\",\"urlTemplate\":\"https:\/\/vaiksed.ee\/?s={search_term_string}\"},\"query-input\":\"required name=search_term_string\"}],\"inLanguage\":\"ru-RU\"},{\"@type\":\"Organization\",\"@id\":\"https:\/\/vaiksed.ee\/#organization\",\"name\":\"Vaikuse lapsed\",\"url\":\"https:\/\/vaiksed.ee\/\",\"logo\":{\"@type\":\"ImageObject\",\"inLanguage\":\"ru-RU\",\"@id\":\"https:\/\/vaiksed.ee\/#\/schema\/logo\/image\/\",\"url\":\"https:\/\/vaiksed.ee\/wp-content\/uploads\/2022\/11\/173568.png\",\"contentUrl\":\"https:\/\/vaiksed.ee\/wp-content\/uploads\/2022\/11\/173568.png\",\"width\":500,\"height\":500,\"caption\":\"Vaikuse lapsed\"},\"image\":{\"@id\":\"https:\/\/vaiksed.ee\/#\/schema\/logo\/image\/\"}}]}<\/script>\n<!-- \/ Yoast SEO plugin. -->","yoast_head_json":{"title":"Elen Pirso - Vaikuse lapsed","robots":{"index":"index","follow":"follow","max-snippet":"max-snippet:-1","max-image-preview":"max-image-preview:large","max-video-preview":"max-video-preview:-1"},"canonical":"https:\/\/vaiksed.ee\/ru\/elen-pirso\/","og_locale":"ru_RU","og_type":"article","og_title":"Elen Pirso - Vaikuse lapsed","og_description":"Kogemusn\u00f5ustaja Suhtluskeeled: eesti, inglise N\u00f5ustamise piirkond: Tallinn, Harjumaa, veebikohtumise v\u00f5imalus Kontaktandmed:\u00a0elenpirso@gmail.com Minu poeg s\u00fcndis ajalise ja t\u00e4iesti terve lapsena ilusal oktoobri s\u00fcgisp\u00e4eval. Kaks ja pool aastat hiljem ei viidanud mitte&hellip;","og_url":"https:\/\/vaiksed.ee\/ru\/elen-pirso\/","og_site_name":"Vaikuse lapsed","article_modified_time":"2022-12-14T21:11:31+00:00","og_image":[{"url":"http:\/\/vaiksed.ee\/wp-content\/uploads\/2022\/11\/Elen-24-scaled-e1670882766748-1024x512.jpg"}],"twitter_card":"summary_large_image","schema":{"@context":"https:\/\/schema.org","@graph":[{"@type":"WebPage","@id":"https:\/\/vaiksed.ee\/elen-pirso\/","url":"https:\/\/vaiksed.ee\/elen-pirso\/","name":"Elen Pirso - Vaikuse lapsed","isPartOf":{"@id":"https:\/\/vaiksed.ee\/#website"},"datePublished":"2022-11-13T19:36:39+00:00","dateModified":"2022-12-14T21:11:31+00:00","breadcrumb":{"@id":"https:\/\/vaiksed.ee\/elen-pirso\/#breadcrumb"},"inLanguage":"ru-RU","potentialAction":[{"@type":"ReadAction","target":["https:\/\/vaiksed.ee\/elen-pirso\/"]}]},{"@type":"BreadcrumbList","@id":"https:\/\/vaiksed.ee\/elen-pirso\/#breadcrumb","itemListElement":[{"@type":"ListItem","position":1,"name":"Home","item":"https:\/\/vaiksed.ee\/"},{"@type":"ListItem","position":2,"name":"Elen Pirso"}]},{"@type":"WebSite","@id":"https:\/\/vaiksed.ee\/#website","url":"https:\/\/vaiksed.ee\/","name":"Vaikuse lapsed","description":"Vaikuselaps, las valvab su \u00fcle valguse vaim \u2013 rahu ja armastus","publisher":{"@id":"https:\/\/vaiksed.ee\/#organization"},"potentialAction":[{"@type":"SearchAction","target":{"@type":"EntryPoint","urlTemplate":"https:\/\/vaiksed.ee\/?s={search_term_string}"},"query-input":"required name=search_term_string"}],"inLanguage":"ru-RU"},{"@type":"Organization","@id":"https:\/\/vaiksed.ee\/#organization","name":"Vaikuse lapsed","url":"https:\/\/vaiksed.ee\/","logo":{"@type":"ImageObject","inLanguage":"ru-RU","@id":"https:\/\/vaiksed.ee\/#\/schema\/logo\/image\/","url":"https:\/\/vaiksed.ee\/wp-content\/uploads\/2022\/11\/173568.png","contentUrl":"https:\/\/vaiksed.ee\/wp-content\/uploads\/2022\/11\/173568.png","width":500,"height":500,"caption":"Vaikuse lapsed"},"image":{"@id":"https:\/\/vaiksed.ee\/#\/schema\/logo\/image\/"}}]}},"_links":{"self":[{"href":"https:\/\/vaiksed.ee\/ru\/wp-json\/wp\/v2\/pages\/1246"}],"collection":[{"href":"https:\/\/vaiksed.ee\/ru\/wp-json\/wp\/v2\/pages"}],"about":[{"href":"https:\/\/vaiksed.ee\/ru\/wp-json\/wp\/v2\/types\/page"}],"author":[{"embeddable":true,"href":"https:\/\/vaiksed.ee\/ru\/wp-json\/wp\/v2\/users\/174446671"}],"replies":[{"embeddable":true,"href":"https:\/\/vaiksed.ee\/ru\/wp-json\/wp\/v2\/comments?post=1246"}],"version-history":[{"count":31,"href":"https:\/\/vaiksed.ee\/ru\/wp-json\/wp\/v2\/pages\/1246\/revisions"}],"predecessor-version":[{"id":1786,"href":"https:\/\/vaiksed.ee\/ru\/wp-json\/wp\/v2\/pages\/1246\/revisions\/1786"}],"wp:attachment":[{"href":"https:\/\/vaiksed.ee\/ru\/wp-json\/wp\/v2\/media?parent=1246"}],"curies":[{"name":"wp","href":"https:\/\/api.w.org\/{rel}","templated":true}]}}