{"id":87,"date":"2019-09-29T21:21:28","date_gmt":"2019-09-29T21:21:28","guid":{"rendered":"https:\/\/vaiksed.ee\/?page_id=87"},"modified":"2023-10-15T11:21:52","modified_gmt":"2023-10-15T11:21:52","slug":"mtu-vaikuse-lapsed","status":"publish","type":"page","link":"https:\/\/vaiksed.ee\/en\/mtu-vaikuse-lapsed\/","title":{"rendered":"NGO Vaikuse Lapsed"},"content":{"rendered":"<div data-elementor-type=\"wp-page\" data-elementor-id=\"87\" class=\"elementor elementor-87\">\n\t\t\t\t\t\t\t\t\t<section class=\"penci-section penci-disSticky penci-structure-20 elementor-section elementor-top-section elementor-element elementor-element-c8f2534 elementor-section-boxed elementor-section-height-default elementor-section-height-default\" data-id=\"c8f2534\" data-element_type=\"section\">\n\t\t\t\t\t\t<div class=\"elementor-container elementor-column-gap-default\">\n\t\t\t\t\t<div class=\"penci-ercol-50 penci-ercol-order-1 penci-sticky-ct    elementor-column elementor-col-50 elementor-top-column elementor-element elementor-element-412125b\" data-id=\"412125b\" data-element_type=\"column\">\n\t\t\t<div class=\"elementor-widget-wrap elementor-element-populated\">\n\t\t\t\t\t\t\t\t<div class=\"elementor-element elementor-element-62d3323 elementor-widget__width-initial elementor-widget elementor-widget-text-editor\" data-id=\"62d3323\" data-element_type=\"widget\" data-widget_type=\"text-editor.default\">\n\t\t\t\t<div class=\"elementor-widget-container\">\n\t\t\t<style>\/*! elementor - v3.12.0 - 29-03-2023 *\/\n.elementor-widget-text-editor.elementor-drop-cap-view-stacked .elementor-drop-cap{background-color:#69727d;color:#fff}.elementor-widget-text-editor.elementor-drop-cap-view-framed .elementor-drop-cap{color:#69727d;border:3px solid;background-color:transparent}.elementor-widget-text-editor:not(.elementor-drop-cap-view-default) .elementor-drop-cap{margin-top:8px}.elementor-widget-text-editor:not(.elementor-drop-cap-view-default) .elementor-drop-cap-letter{width:1em;height:1em}.elementor-widget-text-editor .elementor-drop-cap{float:left;text-align:center;line-height:1;font-size:50px}.elementor-widget-text-editor .elementor-drop-cap-letter{display:inline-block}<\/style>\t\t\t\t<p>MT\u00dc Vaikuse Lapsed peamine eesm\u00e4rk on toetada vanemaid, kelle lapse kaotuse p\u00f5hjustas raseduse katkemine, raseduse katkestamine, surnults\u00fcnd v\u00f5i surm lapse esimeste elup\u00e4evade ajal. Samuti on MT\u00dc eesm\u00e4rk informeerida avalikkust ja haiglate personali lapse kaotust kogenud vanemate vajadustest ja probleemidest.<\/p>\n<p><span style=\"color: inherit; font-family: inherit; font-size: inherit; font-weight: inherit; text-align: inherit;\">MT\u00dc Vaikuse Lapsed korraldab lapse kaotust kogenud vanematele kingitavate m\u00e4lestuskarpide meisterdamist ja haiglatele jaotamist, koostab infomaterjale lapse kaotanud vanematele ja aitab korraldada Harju-Ristil asuva Vaikuse laste rahupaiga t\u00f6\u00f6d.<\/span><\/p>\n<p><span style=\"color: inherit; font-family: inherit; font-size: inherit; font-weight: inherit; text-align: inherit;\">MT\u00dc liikmed on vabatahtlikud, kellest enamus on ise l\u00e4bi elanud oma lapse surma ja on seet\u00f5ttu k\u00f5ige paremini kursis sellega, millist tuge v\u00f5i n\u00f5u inimestel sellisel hetkel k\u00f5ige rohkem tarvis on. Veel koondame kogemusn\u00f5ustajaid ja n\u00f5ustajaid, kelle poole lapse kaotuse \u00fcle elanud vanemad ning l\u00e4hedased saavad p\u00f6\u00f6rduda.<\/span><\/p>\n<p>You can get the latest information about the activities of NGO Vaikuse Lapsed from our\u00a0<a href=\"https:\/\/www.facebook.com\/vaiksed\" target=\"_blank\" rel=\"noreferrer noopener\" aria-label=\" (opens in a new tab)\">Facebook page<\/a>\u00a0or by joining the mailing list. You can find the documents related to NGO activities from\u00a0<a href=\"https:\/\/vaiksed.ee\/en\/2019\/09\/30\/dokumendid\/\" target=\"_blank\" rel=\"noreferrer noopener\" aria-label=\"leiad siit (opens in a new tab)\">here<\/a>.<\/p>\n<p>If you would like to join the mailing list, please fill out the request below.<\/p>\t\t\t\t\t\t<\/div>\n\t\t\t\t<\/div>\n\t\t\t\t\t<\/div>\n\t\t<\/div>\n\t\t\t\t<div class=\"penci-ercol-50 penci-ercol-order-2 penci-sticky-ct    elementor-column elementor-col-50 elementor-top-column elementor-element elementor-element-b5df5f8\" data-id=\"b5df5f8\" data-element_type=\"column\">\n\t\t\t<div class=\"elementor-widget-wrap elementor-element-populated\">\n\t\t\t\t\t\t\t\t<div class=\"elementor-element elementor-element-0ee68dc elementor-widget elementor-widget-penci-text-block\" data-id=\"0ee68dc\" data-element_type=\"widget\" data-widget_type=\"penci-text-block.default\">\n\t\t\t\t<div class=\"elementor-widget-container\">\n\t\t\t\t\t<div class=\"penci-block-vc penci-text-editor\">\r\n\t\t\t\t\t\t<div class=\"penci-block_content\">\r\n\t\t\t\t<div class=\"elementor-text-editor elementor-clearfix\"><p><strong style=\"color: #7a7a7a; font-family: Roboto, sans-serif;\"><strong><a href=\"https:\/\/vaiksed.ee\/en\/mtu-vaikuse-lapsed\/mtu-lugu\/\">Our story<\/a><\/strong><\/strong><\/p>\n<p><strong style=\"font-size: inherit; text-align: inherit; font-family: var(--pcbody-font);\"><a href=\"https:\/\/vaiksed.ee\/en\/dokumendid\/\">Documents<\/a><\/strong><\/p>\n<p><strong style=\"font-size: inherit; text-align: inherit; font-family: var(--pcbody-font);\"><a href=\"https:\/\/vaiksed.ee\/en\/mtu-vaikuse-lapsed\/kontakt\/\">Contacts<\/a><\/strong><\/p>\n<p><strong><a href=\"https:\/\/vaiksed.ee\/en\/toeta-mtu-tegemisi\/\">Support the activities of the NGO<\/a><\/strong><\/p><\/div>\r\n\t\t\t<\/div>\r\n\t\t<\/div>\r\n\t\t\t\t<\/div>\n\t\t\t\t<\/div>\n\t\t\t\t\t<\/div>\n\t\t<\/div>\n\t\t\t\t\t\t\t<\/div>\n\t\t<\/section>\n\t\t\t\t\t\t\t<\/div>","protected":false},"excerpt":{"rendered":"<p>MT\u00dc Vaikuse Lapsed peamine eesm\u00e4rk on toetada vanemaid, kelle lapse kaotuse p\u00f5hjustas raseduse katkemine, raseduse katkestamine, surnults\u00fcnd v\u00f5i surm lapse esimeste elup\u00e4evade ajal. Samuti on MT\u00dc eesm\u00e4rk informeerida avalikkust ja&hellip;<\/p>","protected":false},"author":174446673,"featured_media":0,"parent":0,"menu_order":6,"comment_status":"closed","ping_status":"closed","template":"","meta":[],"yoast_head":"<!-- This site is optimized with the Yoast SEO plugin v20.12 - https:\/\/yoast.com\/wordpress\/plugins\/seo\/ -->\n<title>MT\u00dc Vaikuse lapsed | Vaikuse lapsed<\/title>\n<meta name=\"description\" content=\"MT\u00dc Vaikuse lapsed on abiks lapse kaotuse ja leinaga toime tulekuks. Ka informeerida avalikkust ja haiglate personali lapse kaotanud vanemate vajadustest. Loe siit.\" \/>\n<meta name=\"robots\" content=\"index, follow, max-snippet:-1, max-image-preview:large, max-video-preview:-1\" \/>\n<link rel=\"canonical\" href=\"https:\/\/vaiksed.ee\/en\/mtu-vaikuse-lapsed\/\" \/>\n<meta property=\"og:locale\" content=\"en_GB\" \/>\n<meta property=\"og:type\" content=\"article\" \/>\n<meta property=\"og:title\" content=\"MT\u00dc Vaikuse lapsed | Vaikuse lapsed\" \/>\n<meta property=\"og:description\" content=\"MT\u00dc Vaikuse lapsed on abiks lapse kaotuse ja leinaga toime tulekuks. Ka informeerida avalikkust ja haiglate personali lapse kaotanud vanemate vajadustest. Loe siit.\" \/>\n<meta property=\"og:url\" content=\"https:\/\/vaiksed.ee\/en\/mtu-vaikuse-lapsed\/\" \/>\n<meta property=\"og:site_name\" content=\"Vaikuse lapsed\" \/>\n<meta property=\"article:modified_time\" content=\"2023-10-15T11:21:52+00:00\" \/>\n<meta name=\"twitter:card\" content=\"summary_large_image\" \/>\n<meta name=\"twitter:label1\" content=\"Estimated reading time\" \/>\n\t<meta name=\"twitter:data1\" content=\"1 minute\" \/>\n<script type=\"application\/ld+json\" class=\"yoast-schema-graph\">{\"@context\":\"https:\/\/schema.org\",\"@graph\":[{\"@type\":\"WebPage\",\"@id\":\"https:\/\/vaiksed.ee\/mtu-vaikuse-lapsed\/\",\"url\":\"https:\/\/vaiksed.ee\/mtu-vaikuse-lapsed\/\",\"name\":\"MT\u00dc Vaikuse lapsed | Vaikuse lapsed\",\"isPartOf\":{\"@id\":\"https:\/\/vaiksed.ee\/#website\"},\"datePublished\":\"2019-09-29T21:21:28+00:00\",\"dateModified\":\"2023-10-15T11:21:52+00:00\",\"description\":\"MT\u00dc Vaikuse lapsed on abiks lapse kaotuse ja leinaga toime tulekuks. Ka informeerida avalikkust ja haiglate personali lapse kaotanud vanemate vajadustest. Loe siit.\",\"breadcrumb\":{\"@id\":\"https:\/\/vaiksed.ee\/mtu-vaikuse-lapsed\/#breadcrumb\"},\"inLanguage\":\"en-GB\",\"potentialAction\":[{\"@type\":\"ReadAction\",\"target\":[\"https:\/\/vaiksed.ee\/mtu-vaikuse-lapsed\/\"]}]},{\"@type\":\"BreadcrumbList\",\"@id\":\"https:\/\/vaiksed.ee\/mtu-vaikuse-lapsed\/#breadcrumb\",\"itemListElement\":[{\"@type\":\"ListItem\",\"position\":1,\"name\":\"Home\",\"item\":\"https:\/\/vaiksed.ee\/\"},{\"@type\":\"ListItem\",\"position\":2,\"name\":\"MT\u00dc Vaikuse Lapsed\"}]},{\"@type\":\"WebSite\",\"@id\":\"https:\/\/vaiksed.ee\/#website\",\"url\":\"https:\/\/vaiksed.ee\/\",\"name\":\"Vaikuse lapsed\",\"description\":\"Vaikuselaps, las valvab su \u00fcle valguse vaim \u2013 rahu ja armastus\",\"publisher\":{\"@id\":\"https:\/\/vaiksed.ee\/#organization\"},\"potentialAction\":[{\"@type\":\"SearchAction\",\"target\":{\"@type\":\"EntryPoint\",\"urlTemplate\":\"https:\/\/vaiksed.ee\/?s={search_term_string}\"},\"query-input\":\"required name=search_term_string\"}],\"inLanguage\":\"en-GB\"},{\"@type\":\"Organization\",\"@id\":\"https:\/\/vaiksed.ee\/#organization\",\"name\":\"Vaikuse lapsed\",\"url\":\"https:\/\/vaiksed.ee\/\",\"logo\":{\"@type\":\"ImageObject\",\"inLanguage\":\"en-GB\",\"@id\":\"https:\/\/vaiksed.ee\/#\/schema\/logo\/image\/\",\"url\":\"https:\/\/vaiksed.ee\/wp-content\/uploads\/2022\/11\/173568.png\",\"contentUrl\":\"https:\/\/vaiksed.ee\/wp-content\/uploads\/2022\/11\/173568.png\",\"width\":500,\"height\":500,\"caption\":\"Vaikuse lapsed\"},\"image\":{\"@id\":\"https:\/\/vaiksed.ee\/#\/schema\/logo\/image\/\"}}]}<\/script>\n<!-- \/ Yoast SEO plugin. -->","yoast_head_json":{"title":"MT\u00dc Vaikuse lapsed | Vaikuse lapsed","description":"MT\u00dc Vaikuse lapsed on abiks lapse kaotuse ja leinaga toime tulekuks. Ka informeerida avalikkust ja haiglate personali lapse kaotanud vanemate vajadustest. Loe siit.","robots":{"index":"index","follow":"follow","max-snippet":"max-snippet:-1","max-image-preview":"max-image-preview:large","max-video-preview":"max-video-preview:-1"},"canonical":"https:\/\/vaiksed.ee\/en\/mtu-vaikuse-lapsed\/","og_locale":"en_GB","og_type":"article","og_title":"MT\u00dc Vaikuse lapsed | Vaikuse lapsed","og_description":"MT\u00dc Vaikuse lapsed on abiks lapse kaotuse ja leinaga toime tulekuks. Ka informeerida avalikkust ja haiglate personali lapse kaotanud vanemate vajadustest. Loe siit.","og_url":"https:\/\/vaiksed.ee\/en\/mtu-vaikuse-lapsed\/","og_site_name":"Vaikuse lapsed","article_modified_time":"2023-10-15T11:21:52+00:00","twitter_card":"summary_large_image","twitter_misc":{"Estimated reading time":"1 minute"},"schema":{"@context":"https:\/\/schema.org","@graph":[{"@type":"WebPage","@id":"https:\/\/vaiksed.ee\/mtu-vaikuse-lapsed\/","url":"https:\/\/vaiksed.ee\/mtu-vaikuse-lapsed\/","name":"MT\u00dc Vaikuse lapsed | Vaikuse lapsed","isPartOf":{"@id":"https:\/\/vaiksed.ee\/#website"},"datePublished":"2019-09-29T21:21:28+00:00","dateModified":"2023-10-15T11:21:52+00:00","description":"MT\u00dc Vaikuse lapsed on abiks lapse kaotuse ja leinaga toime tulekuks. Ka informeerida avalikkust ja haiglate personali lapse kaotanud vanemate vajadustest. Loe siit.","breadcrumb":{"@id":"https:\/\/vaiksed.ee\/mtu-vaikuse-lapsed\/#breadcrumb"},"inLanguage":"en-GB","potentialAction":[{"@type":"ReadAction","target":["https:\/\/vaiksed.ee\/mtu-vaikuse-lapsed\/"]}]},{"@type":"BreadcrumbList","@id":"https:\/\/vaiksed.ee\/mtu-vaikuse-lapsed\/#breadcrumb","itemListElement":[{"@type":"ListItem","position":1,"name":"Home","item":"https:\/\/vaiksed.ee\/"},{"@type":"ListItem","position":2,"name":"MT\u00dc Vaikuse Lapsed"}]},{"@type":"WebSite","@id":"https:\/\/vaiksed.ee\/#website","url":"https:\/\/vaiksed.ee\/","name":"Vaikuse lapsed","description":"Vaikuselaps, las valvab su \u00fcle valguse vaim \u2013 rahu ja armastus","publisher":{"@id":"https:\/\/vaiksed.ee\/#organization"},"potentialAction":[{"@type":"SearchAction","target":{"@type":"EntryPoint","urlTemplate":"https:\/\/vaiksed.ee\/?s={search_term_string}"},"query-input":"required name=search_term_string"}],"inLanguage":"en-GB"},{"@type":"Organization","@id":"https:\/\/vaiksed.ee\/#organization","name":"Vaikuse lapsed","url":"https:\/\/vaiksed.ee\/","logo":{"@type":"ImageObject","inLanguage":"en-GB","@id":"https:\/\/vaiksed.ee\/#\/schema\/logo\/image\/","url":"https:\/\/vaiksed.ee\/wp-content\/uploads\/2022\/11\/173568.png","contentUrl":"https:\/\/vaiksed.ee\/wp-content\/uploads\/2022\/11\/173568.png","width":500,"height":500,"caption":"Vaikuse lapsed"},"image":{"@id":"https:\/\/vaiksed.ee\/#\/schema\/logo\/image\/"}}]}},"_links":{"self":[{"href":"https:\/\/vaiksed.ee\/en\/wp-json\/wp\/v2\/pages\/87"}],"collection":[{"href":"https:\/\/vaiksed.ee\/en\/wp-json\/wp\/v2\/pages"}],"about":[{"href":"https:\/\/vaiksed.ee\/en\/wp-json\/wp\/v2\/types\/page"}],"author":[{"embeddable":true,"href":"https:\/\/vaiksed.ee\/en\/wp-json\/wp\/v2\/users\/174446673"}],"replies":[{"embeddable":true,"href":"https:\/\/vaiksed.ee\/en\/wp-json\/wp\/v2\/comments?post=87"}],"version-history":[{"count":37,"href":"https:\/\/vaiksed.ee\/en\/wp-json\/wp\/v2\/pages\/87\/revisions"}],"predecessor-version":[{"id":2554,"href":"https:\/\/vaiksed.ee\/en\/wp-json\/wp\/v2\/pages\/87\/revisions\/2554"}],"wp:attachment":[{"href":"https:\/\/vaiksed.ee\/en\/wp-json\/wp\/v2\/media?parent=87"}],"curies":[{"name":"wp","href":"https:\/\/api.w.org\/{rel}","templated":true}]}}