{"id":317,"date":"2019-09-30T02:56:25","date_gmt":"2019-09-30T02:56:25","guid":{"rendered":"https:\/\/vaiksed.ee\/?page_id=317"},"modified":"2024-02-27T19:57:56","modified_gmt":"2024-02-27T19:57:56","slug":"toeta-mtu-tegemisi","status":"publish","type":"page","link":"https:\/\/vaiksed.ee\/en\/toeta-mtu-tegemisi\/","title":{"rendered":"Support the activities of the NGO"},"content":{"rendered":"<div data-elementor-type=\"wp-page\" data-elementor-id=\"317\" class=\"elementor elementor-317\">\n\t\t\t\t\t\t\t\t\t<section class=\"penci-section penci-disSticky penci-structure-22 elementor-section elementor-top-section elementor-element elementor-element-08db680 elementor-section-boxed elementor-section-height-default elementor-section-height-default\" data-id=\"08db680\" data-element_type=\"section\">\n\t\t\t\t\t\t<div class=\"elementor-container elementor-column-gap-default\">\n\t\t\t\t\t<div class=\"penci-ercol-66 penci-ercol-order-1 penci-sticky-ct    elementor-column elementor-col-66 elementor-top-column elementor-element elementor-element-9e2ffce\" data-id=\"9e2ffce\" data-element_type=\"column\">\n\t\t\t<div class=\"elementor-widget-wrap elementor-element-populated\">\n\t\t\t\t\t\t\t\t<div class=\"elementor-element elementor-element-3e08831 elementor-widget elementor-widget-text-editor\" data-id=\"3e08831\" data-element_type=\"widget\" data-widget_type=\"text-editor.default\">\n\t\t\t\t<div class=\"elementor-widget-container\">\n\t\t\t<style>\/*! elementor - v3.12.0 - 29-03-2023 *\/\n.elementor-widget-text-editor.elementor-drop-cap-view-stacked .elementor-drop-cap{background-color:#69727d;color:#fff}.elementor-widget-text-editor.elementor-drop-cap-view-framed .elementor-drop-cap{color:#69727d;border:3px solid;background-color:transparent}.elementor-widget-text-editor:not(.elementor-drop-cap-view-default) .elementor-drop-cap{margin-top:8px}.elementor-widget-text-editor:not(.elementor-drop-cap-view-default) .elementor-drop-cap-letter{width:1em;height:1em}.elementor-widget-text-editor .elementor-drop-cap{float:left;text-align:center;line-height:1;font-size:50px}.elementor-widget-text-editor .elementor-drop-cap-letter{display:inline-block}<\/style>\t\t\t\t<p>Kui sa soovid toetada vanemaid, kelle lapse kaotuse on p\u00f5hjustanud raseduse katkemine, raseduse katkestamine, lapse surnults\u00fcnd v\u00f5i surm esimestel elup\u00e4evadel, on sul v\u00f5imalik hakata MT\u00dc Vaikuse Lapsed toetajaks. Selleks on mitu v\u00f5imalust.<\/p><p><strong>Support the activities of the NGO financially<\/strong><\/p><p>Ootame sinu annetust MT\u00dc Vaikuse Lapsed kontole EE502200221048925078<\/p><p>Financial support helps us to landscape and maintain the sanctuary for children born silent, fund memorial box activities and raise money for new long-term projects. We also use donations to pay the monthly domain fee for the\u00a0<a href=\"https:\/\/vaiksed.ee\/en\/\" target=\"_blank\" rel=\"noreferrer noopener\" aria-label=\" (avaneb uuel vahekaardil)\">www.vaiksed.ee<\/a>\u00a0website.<\/p><p>MT\u00dc Vaikuse Lapsed has been included in the list of non-profit associations with income tax benefits as of 1 January 2018, which means that all our donators receive income tax benefits to the extent of the donations made.<\/p><p>We are especially grateful to those supporters who help finance the activities of the NGO in the form of monthly fixed payments.<\/p><p><strong>Aita meil valmistada m\u00e4lestustekarpe ja nende sisusid<\/strong><\/p><p>Lapse kaotust kogenud vanematele kingitakse haiglast v\u00f5i s\u00fcnnitusmajast m\u00e4lestuseks kaunis\u00a0<a href=\"https:\/\/vaiksed.ee\/en\/malestustekarp\/\" target=\"_blank\" rel=\"noreferrer noopener\" aria-label=\"m\u00e4lestustekarp (avaneb uuel vahelehel)\">memorial box<\/a>, millesse saab koguda beebit meenutavaid esemeid. Sul on v\u00f5imalik toetada m\u00e4lestustekarpide valmistamist, annetades meile materjale v\u00f5i esemeid v\u00f5i korraldades m\u00e4lestustekarpide meisterdamise t\u00f6\u00f6tuba.\u00a0<\/p><p>T\u00e4psema info leiad\u00a0<a href=\"https:\/\/vaiksed.ee\/en\/malestustekarp\/\" target=\"_blank\" rel=\"noopener\"><span style=\"font-weight: bold;\">siit<\/span><\/a>\u00a0v\u00f5i kirjutades info@vaiksed.ee.<\/p><p><b>Aita meil valmistada m\u00e4lestuskottidesse minevaid m\u00e4nguasju<\/b><\/p><p>Varajases raseduse j\u00e4rgus lapse kaotust kogenud vanematele kingitakse haiglast m\u00e4lestustekott koos pisikeste m\u00e4nguasjadega.<\/p><p>Kui tunned soovi aidata t\u00e4ita meie m\u00e4lestustekotte pisikeste m\u00e4nguasjadega, siis t\u00e4psema info leiad\u00a0<a href=\"https:\/\/vaiksed.ee\/en\/malestustekarp\/\" target=\"_blank\" rel=\"noopener\"><b>siit<\/b><\/a>\u00a0v\u00f5i kirjutades info@vaiksed.ee.<\/p><p><strong>Support us with advice and actions<\/strong><\/p><p>Kui sa tunned, et sa saad oma teadmiste ja oskustega MT\u00dc-le kuidagi muud moodi kasulik olla, v\u00f5ta meiega julgesti \u00fchendust\u00a0<a href=\"mailto:info@vaiksed.ee\" target=\"_blank\" rel=\"noreferrer noopener\" aria-label=\" (avaneb uuel vahekaardil)\">aadressil info@vaiksed.ee<\/a>.<\/p><p>\u00a0<\/p><figure><img decoding=\"async\" src=\"https:\/\/vaiksed.ee\/wp-content\/uploads\/2020\/05\/hea-annetuste-koguja-rgb-300.png?w=298\" alt=\"\" width=\"130\" height=\"130\" \/><\/figure><p>\u00a0<\/p><p>MT\u00dc Vaikuse Lapsed follows\u00a0<a href=\"https:\/\/heakodanik.ee\/wp-content\/uploads\/2015\/10\/annetuste-kogumise-hea-tava.pdf?fbclid=IwAR05bojUC6BNfLW39UI3iwfVFfkemLLVV6AbJy_w9SFJ-W1ZBhTybpE8uNo\" target=\"_blank\" rel=\"noreferrer noopener\">the best practice in collecting donations.<\/a>.<\/p><figure><img decoding=\"async\" src=\"https:\/\/vaiksed.ee\/wp-content\/uploads\/2022\/08\/kysk-logo-ee-1-1024x141.jpeg\" alt=\"\" \/><\/figure><p>2021. aastal rahastas Sihtasutus Kodaniku\u00fchiskonna Sihtkapital vaba\u00fchenduste arenguh\u00fcppe taotlusvooru raames MT\u00dc Vaikuse Lapsed projekti &#8220;Lapse kaotanud perede tugiv\u00f5rgustiku arendamine&#8221; summas 24848,0 eurot.<\/p>\t\t\t\t\t\t<\/div>\n\t\t\t\t<\/div>\n\t\t\t\t\t<\/div>\n\t\t<\/div>\n\t\t\t\t<div class=\"penci-ercol-33 penci-ercol-order-2 penci-sticky-sb penci-sidebarSC   elementor-column elementor-col-33 elementor-top-column elementor-element elementor-element-06f5296\" data-id=\"06f5296\" data-element_type=\"column\">\n\t\t\t<div class=\"elementor-widget-wrap elementor-element-populated\">\n\t\t\t\t\t\t\t\t<div class=\"elementor-element elementor-element-f9f9901 elementor-widget elementor-widget-html\" data-id=\"f9f9901\" data-element_type=\"widget\" data-widget_type=\"html.default\">\n\t\t\t\t<div class=\"elementor-widget-container\">\n\t\t\t<div data-project=\"c7673d20-3878-42ff-bb7b-8525692d719d\" data-locale=\"et\" class=\"mkdf-snippet\"><\/div>\n<script src=\"https:\/\/payment.maksekeskus.ee\/static\/js\/donation\/donation.js\"><\/script>\t\t<\/div>\n\t\t\t\t<\/div>\n\t\t\t\t<div class=\"elementor-element elementor-element-2de9436 elementor-widget elementor-widget-text-editor\" data-id=\"2de9436\" data-element_type=\"widget\" data-widget_type=\"text-editor.default\">\n\t\t\t\t<div class=\"elementor-widget-container\">\n\t\t\t\t\t\t\t<p><strong>Thank you!<\/strong><\/p><p>We are sincerely grateful to all our supporters!<\/p><p>With your donations, we can support families who have had to say goodbye to their child(ren) forever. With the donations, we have been able to create the sanctuary for children born silent, bring memorial boxes and information materials to maternity and children\u2019s hospitals across Estonia, and carry out training for medical professionals.<\/p><p><strong>We would like to thank:<\/strong><\/p><ul><li>Kodaniku\u00fchiskonna Sihtkapital<\/li><li>Joik O\u00dc<\/li><li>Hilding Anders Baltic AS<\/li><li>Sandberg Eesti Salong<\/li><li>Fiesta Design Tapeedisalong<\/li><li>Nard O\u00dc<\/li><li>Tallinna T\u00f6\u00f6stushariduskeskus<\/li><li>Riigi Tugiteenuste Keskus<\/li><li>Sangar AS<\/li><li>Olustvere Teenindus- ja Maamajanduskool<\/li><li>Eesti Politsei Nais\u00fchenduse P\u00f5hja osakond<\/li><li>Hasartm\u00e4ngumaksu N\u00f5ukogu<\/li><li>Wool and Woollen<\/li><li>Biolatte Eesti\/H\u00e4rm O\u00dc<\/li><li>Daniel Levi Viinalass ja &#8220;Su n\u00e4gu k\u00f5lab tuttavalt&#8221;<\/li><li>Tallinna Tervishoiu K\u00f5rgkool<\/li><li>Eesti s\u00fcnnitusmajad ja haiglad<\/li><li>SA V\u00e4\u00e4rtustades Elu<\/li><li>Eesti Perinatoloogia Selts<\/li><li>Tabasalu Eakate P\u00e4evakeskus<\/li><li>Bake My Day O\u00dc<\/li><li>Toimetaja t\u00f5lkeb\u00fcroo<\/li><li>Empower 4Wind O\u00dc<\/li><li>Sendsmaily O\u00dc<\/li><li>Programmable Equity O\u00dc<\/li><li>BREMAN O\u00dc<\/li><li>Rebecca Liis Armus O\u00dc<\/li><\/ul><p>We would also like to thank all the individuals who have used their time and knowledge to contribute to the activities of the NGO.<\/p>\t\t\t\t\t\t<\/div>\n\t\t\t\t<\/div>\n\t\t\t\t\t<\/div>\n\t\t<\/div>\n\t\t\t\t\t\t\t<\/div>\n\t\t<\/section>\n\t\t\t\t\t\t\t<\/div>","protected":false},"excerpt":{"rendered":"<p>Kui sa soovid toetada vanemaid, kelle lapse kaotuse on p\u00f5hjustanud raseduse katkemine, raseduse katkestamine, lapse surnults\u00fcnd v\u00f5i surm esimestel elup\u00e4evadel, on sul v\u00f5imalik hakata MT\u00dc Vaikuse Lapsed toetajaks. Selleks on&hellip;<\/p>","protected":false},"author":174446673,"featured_media":0,"parent":0,"menu_order":8,"comment_status":"closed","ping_status":"closed","template":"","meta":[],"yoast_head":"<!-- This site is optimized with the Yoast SEO plugin v20.12 - https:\/\/yoast.com\/wordpress\/plugins\/seo\/ -->\n<title>Toeta MT\u00dc tegemisi | Vaikuse lapsed<\/title>\n<meta name=\"description\" content=\"MT\u00dc Vaikuse lapsed loodi aastal 2010 eesm\u00e4rgiga toetada raseduse katkemisel v\u00f5i imikueas surnud laste vanemaid ning l\u00e4hedasi. Vahendid tegevuse toetamiseks siit.\" \/>\n<meta name=\"robots\" content=\"index, follow, max-snippet:-1, max-image-preview:large, max-video-preview:-1\" \/>\n<link rel=\"canonical\" href=\"https:\/\/vaiksed.ee\/en\/toeta-mtu-tegemisi\/\" \/>\n<meta property=\"og:locale\" content=\"en_GB\" \/>\n<meta property=\"og:type\" content=\"article\" \/>\n<meta property=\"og:title\" content=\"Toeta MT\u00dc tegemisi | Vaikuse lapsed\" \/>\n<meta property=\"og:description\" content=\"MT\u00dc Vaikuse lapsed loodi aastal 2010 eesm\u00e4rgiga toetada raseduse katkemisel v\u00f5i imikueas surnud laste vanemaid ning l\u00e4hedasi. Vahendid tegevuse toetamiseks siit.\" \/>\n<meta property=\"og:url\" content=\"https:\/\/vaiksed.ee\/en\/toeta-mtu-tegemisi\/\" \/>\n<meta property=\"og:site_name\" content=\"Vaikuse lapsed\" \/>\n<meta property=\"article:modified_time\" content=\"2024-02-27T19:57:56+00:00\" \/>\n<meta property=\"og:image\" content=\"https:\/\/vaiksed.ee\/wp-content\/uploads\/2020\/05\/hea-annetuste-koguja-rgb-300.png?w=298\" \/>\n<meta name=\"twitter:card\" content=\"summary_large_image\" \/>\n<meta name=\"twitter:label1\" content=\"Estimated reading time\" \/>\n\t<meta name=\"twitter:data1\" content=\"3 minutes\" \/>\n<script type=\"application\/ld+json\" class=\"yoast-schema-graph\">{\"@context\":\"https:\/\/schema.org\",\"@graph\":[{\"@type\":\"WebPage\",\"@id\":\"https:\/\/vaiksed.ee\/toeta-mtu-tegemisi\/\",\"url\":\"https:\/\/vaiksed.ee\/toeta-mtu-tegemisi\/\",\"name\":\"Toeta MT\u00dc tegemisi | Vaikuse lapsed\",\"isPartOf\":{\"@id\":\"https:\/\/vaiksed.ee\/#website\"},\"datePublished\":\"2019-09-30T02:56:25+00:00\",\"dateModified\":\"2024-02-27T19:57:56+00:00\",\"description\":\"MT\u00dc Vaikuse lapsed loodi aastal 2010 eesm\u00e4rgiga toetada raseduse katkemisel v\u00f5i imikueas surnud laste vanemaid ning l\u00e4hedasi. Vahendid tegevuse toetamiseks siit.\",\"breadcrumb\":{\"@id\":\"https:\/\/vaiksed.ee\/toeta-mtu-tegemisi\/#breadcrumb\"},\"inLanguage\":\"en-GB\",\"potentialAction\":[{\"@type\":\"ReadAction\",\"target\":[\"https:\/\/vaiksed.ee\/toeta-mtu-tegemisi\/\"]}]},{\"@type\":\"BreadcrumbList\",\"@id\":\"https:\/\/vaiksed.ee\/toeta-mtu-tegemisi\/#breadcrumb\",\"itemListElement\":[{\"@type\":\"ListItem\",\"position\":1,\"name\":\"Home\",\"item\":\"https:\/\/vaiksed.ee\/\"},{\"@type\":\"ListItem\",\"position\":2,\"name\":\"Toeta MT\u00dc tegemisi\"}]},{\"@type\":\"WebSite\",\"@id\":\"https:\/\/vaiksed.ee\/#website\",\"url\":\"https:\/\/vaiksed.ee\/\",\"name\":\"Vaikuse lapsed\",\"description\":\"Vaikuselaps, las valvab su \u00fcle valguse vaim \u2013 rahu ja armastus\",\"publisher\":{\"@id\":\"https:\/\/vaiksed.ee\/#organization\"},\"potentialAction\":[{\"@type\":\"SearchAction\",\"target\":{\"@type\":\"EntryPoint\",\"urlTemplate\":\"https:\/\/vaiksed.ee\/?s={search_term_string}\"},\"query-input\":\"required name=search_term_string\"}],\"inLanguage\":\"en-GB\"},{\"@type\":\"Organization\",\"@id\":\"https:\/\/vaiksed.ee\/#organization\",\"name\":\"Vaikuse lapsed\",\"url\":\"https:\/\/vaiksed.ee\/\",\"logo\":{\"@type\":\"ImageObject\",\"inLanguage\":\"en-GB\",\"@id\":\"https:\/\/vaiksed.ee\/#\/schema\/logo\/image\/\",\"url\":\"https:\/\/vaiksed.ee\/wp-content\/uploads\/2022\/11\/173568.png\",\"contentUrl\":\"https:\/\/vaiksed.ee\/wp-content\/uploads\/2022\/11\/173568.png\",\"width\":500,\"height\":500,\"caption\":\"Vaikuse lapsed\"},\"image\":{\"@id\":\"https:\/\/vaiksed.ee\/#\/schema\/logo\/image\/\"}}]}<\/script>\n<!-- \/ Yoast SEO plugin. -->","yoast_head_json":{"title":"Toeta MT\u00dc tegemisi | Vaikuse lapsed","description":"MT\u00dc Vaikuse lapsed loodi aastal 2010 eesm\u00e4rgiga toetada raseduse katkemisel v\u00f5i imikueas surnud laste vanemaid ning l\u00e4hedasi. Vahendid tegevuse toetamiseks siit.","robots":{"index":"index","follow":"follow","max-snippet":"max-snippet:-1","max-image-preview":"max-image-preview:large","max-video-preview":"max-video-preview:-1"},"canonical":"https:\/\/vaiksed.ee\/en\/toeta-mtu-tegemisi\/","og_locale":"en_GB","og_type":"article","og_title":"Toeta MT\u00dc tegemisi | Vaikuse lapsed","og_description":"MT\u00dc Vaikuse lapsed loodi aastal 2010 eesm\u00e4rgiga toetada raseduse katkemisel v\u00f5i imikueas surnud laste vanemaid ning l\u00e4hedasi. Vahendid tegevuse toetamiseks siit.","og_url":"https:\/\/vaiksed.ee\/en\/toeta-mtu-tegemisi\/","og_site_name":"Vaikuse lapsed","article_modified_time":"2024-02-27T19:57:56+00:00","og_image":[{"url":"https:\/\/vaiksed.ee\/wp-content\/uploads\/2020\/05\/hea-annetuste-koguja-rgb-300.png?w=298"}],"twitter_card":"summary_large_image","twitter_misc":{"Estimated reading time":"3 minutes"},"schema":{"@context":"https:\/\/schema.org","@graph":[{"@type":"WebPage","@id":"https:\/\/vaiksed.ee\/toeta-mtu-tegemisi\/","url":"https:\/\/vaiksed.ee\/toeta-mtu-tegemisi\/","name":"Toeta MT\u00dc tegemisi | Vaikuse lapsed","isPartOf":{"@id":"https:\/\/vaiksed.ee\/#website"},"datePublished":"2019-09-30T02:56:25+00:00","dateModified":"2024-02-27T19:57:56+00:00","description":"MT\u00dc Vaikuse lapsed loodi aastal 2010 eesm\u00e4rgiga toetada raseduse katkemisel v\u00f5i imikueas surnud laste vanemaid ning l\u00e4hedasi. Vahendid tegevuse toetamiseks siit.","breadcrumb":{"@id":"https:\/\/vaiksed.ee\/toeta-mtu-tegemisi\/#breadcrumb"},"inLanguage":"en-GB","potentialAction":[{"@type":"ReadAction","target":["https:\/\/vaiksed.ee\/toeta-mtu-tegemisi\/"]}]},{"@type":"BreadcrumbList","@id":"https:\/\/vaiksed.ee\/toeta-mtu-tegemisi\/#breadcrumb","itemListElement":[{"@type":"ListItem","position":1,"name":"Home","item":"https:\/\/vaiksed.ee\/"},{"@type":"ListItem","position":2,"name":"Toeta MT\u00dc tegemisi"}]},{"@type":"WebSite","@id":"https:\/\/vaiksed.ee\/#website","url":"https:\/\/vaiksed.ee\/","name":"Vaikuse lapsed","description":"Vaikuselaps, las valvab su \u00fcle valguse vaim \u2013 rahu ja armastus","publisher":{"@id":"https:\/\/vaiksed.ee\/#organization"},"potentialAction":[{"@type":"SearchAction","target":{"@type":"EntryPoint","urlTemplate":"https:\/\/vaiksed.ee\/?s={search_term_string}"},"query-input":"required name=search_term_string"}],"inLanguage":"en-GB"},{"@type":"Organization","@id":"https:\/\/vaiksed.ee\/#organization","name":"Vaikuse lapsed","url":"https:\/\/vaiksed.ee\/","logo":{"@type":"ImageObject","inLanguage":"en-GB","@id":"https:\/\/vaiksed.ee\/#\/schema\/logo\/image\/","url":"https:\/\/vaiksed.ee\/wp-content\/uploads\/2022\/11\/173568.png","contentUrl":"https:\/\/vaiksed.ee\/wp-content\/uploads\/2022\/11\/173568.png","width":500,"height":500,"caption":"Vaikuse lapsed"},"image":{"@id":"https:\/\/vaiksed.ee\/#\/schema\/logo\/image\/"}}]}},"_links":{"self":[{"href":"https:\/\/vaiksed.ee\/en\/wp-json\/wp\/v2\/pages\/317"}],"collection":[{"href":"https:\/\/vaiksed.ee\/en\/wp-json\/wp\/v2\/pages"}],"about":[{"href":"https:\/\/vaiksed.ee\/en\/wp-json\/wp\/v2\/types\/page"}],"author":[{"embeddable":true,"href":"https:\/\/vaiksed.ee\/en\/wp-json\/wp\/v2\/users\/174446673"}],"replies":[{"embeddable":true,"href":"https:\/\/vaiksed.ee\/en\/wp-json\/wp\/v2\/comments?post=317"}],"version-history":[{"count":67,"href":"https:\/\/vaiksed.ee\/en\/wp-json\/wp\/v2\/pages\/317\/revisions"}],"predecessor-version":[{"id":2813,"href":"https:\/\/vaiksed.ee\/en\/wp-json\/wp\/v2\/pages\/317\/revisions\/2813"}],"wp:attachment":[{"href":"https:\/\/vaiksed.ee\/en\/wp-json\/wp\/v2\/media?parent=317"}],"curies":[{"name":"wp","href":"https:\/\/api.w.org\/{rel}","templated":true}]}}