{"id":31,"date":"2019-09-30T05:17:33","date_gmt":"2019-09-30T05:17:33","guid":{"rendered":"https:\/\/vaiksed.ee\/?page_id=31"},"modified":"2023-12-21T18:02:54","modified_gmt":"2023-12-21T18:02:54","slug":"vaikuse-laste-rahupaik","status":"publish","type":"page","link":"https:\/\/vaiksed.ee\/en\/vaikuse-laste-rahupaik\/","title":{"rendered":"A sanctuary for children born silent"},"content":{"rendered":"<div data-elementor-type=\"wp-page\" data-elementor-id=\"31\" class=\"elementor elementor-31\">\n\t\t\t\t\t\t\t\t\t<section class=\"penci-section penci-disSticky penci-structure-20 elementor-section elementor-top-section elementor-element elementor-element-d84c324 elementor-section-boxed elementor-section-height-default elementor-section-height-default\" data-id=\"d84c324\" data-element_type=\"section\">\n\t\t\t\t\t\t<div class=\"elementor-container elementor-column-gap-default\">\n\t\t\t\t\t<div class=\"penci-ercol-50 penci-ercol-order-1 penci-sticky-ct    elementor-column elementor-col-50 elementor-top-column elementor-element elementor-element-97e8e8b\" data-id=\"97e8e8b\" data-element_type=\"column\">\n\t\t\t<div class=\"elementor-widget-wrap elementor-element-populated\">\n\t\t\t\t\t\t\t\t<div class=\"elementor-element elementor-element-ce07738 elementor-widget elementor-widget-image\" data-id=\"ce07738\" data-element_type=\"widget\" data-widget_type=\"image.default\">\n\t\t\t\t<div class=\"elementor-widget-container\">\n\t\t\t<style>\/*! elementor - v3.12.0 - 29-03-2023 *\/\n.elementor-widget-image{text-align:center}.elementor-widget-image a{display:inline-block}.elementor-widget-image a img[src$=\".svg\"]{width:48px}.elementor-widget-image img{vertical-align:middle;display:inline-block}<\/style>\t\t\t\t\t\t\t\t\t\t\t\t<img decoding=\"async\" width=\"450\" height=\"450\" src=\"https:\/\/vaiksed.ee\/wp-content\/uploads\/2019\/10\/rahupaik-2.jpg\" class=\"attachment-large size-large wp-image-490\" alt=\"\" \/>\t\t\t\t\t\t\t\t\t\t\t\t\t\t\t<\/div>\n\t\t\t\t<\/div>\n\t\t\t\t\t<\/div>\n\t\t<\/div>\n\t\t\t\t<div class=\"penci-ercol-50 penci-ercol-order-2 penci-sticky-ct    elementor-column elementor-col-50 elementor-top-column elementor-element elementor-element-95e29f3\" data-id=\"95e29f3\" data-element_type=\"column\">\n\t\t\t<div class=\"elementor-widget-wrap elementor-element-populated\">\n\t\t\t\t\t\t\t\t<div class=\"elementor-element elementor-element-a0ca961 elementor-widget elementor-widget-text-editor\" data-id=\"a0ca961\" data-element_type=\"widget\" data-widget_type=\"text-editor.default\">\n\t\t\t\t<div class=\"elementor-widget-container\">\n\t\t\t<style>\/*! elementor - v3.12.0 - 29-03-2023 *\/\n.elementor-widget-text-editor.elementor-drop-cap-view-stacked .elementor-drop-cap{background-color:#69727d;color:#fff}.elementor-widget-text-editor.elementor-drop-cap-view-framed .elementor-drop-cap{color:#69727d;border:3px solid;background-color:transparent}.elementor-widget-text-editor:not(.elementor-drop-cap-view-default) .elementor-drop-cap{margin-top:8px}.elementor-widget-text-editor:not(.elementor-drop-cap-view-default) .elementor-drop-cap-letter{width:1em;height:1em}.elementor-widget-text-editor .elementor-drop-cap{float:left;text-align:center;line-height:1;font-size:50px}.elementor-widget-text-editor .elementor-drop-cap-letter{display:inline-block}<\/style>\t\t\t\t<p><b>L\u00e4\u00e4ne-Harju vallas,\u00a0<a href=\"https:\/\/goo.gl\/maps\/4AnmHQSbpy59FN6q6\" target=\"_blank\" rel=\"noreferrer noopener\" aria-label=\"Harju-Risti kirikaias (avatakse uues sakis)\">Harju-Risti chuchyard<\/a>\u00a0asub Vaikuse laste rahupaik.\u00a0<\/b>See on koht, mis on m\u00f5eldud peredele, kes on kogenud lapse surnults\u00fcndi v\u00f5i lapse kaotust vasts\u00fcndinueas. Samuti pakub m\u00e4lestuspaik tuge neile, kes leinavad oma looteeas ehk raseduse katkemise t\u00f5ttu kaotatud last, kellel v\u00f5ib-olla hauda polegi.<\/p>\n<p><span style=\"color: inherit; font-family: inherit; font-size: inherit; font-weight: inherit; text-align: inherit;\">Many parents do not feel comfortable with leaving the tiny, unpampered body of their baby in a strange and bleak cemetery. Many young parents do not yet have a family lot in any of the cemeteries, because their own death seems ages away. For those families, the sanctuary for children born silent offers a chance to bury their child\u2019s ashes.<\/span><\/p>\n<p><b>Rahupaigas ei ole ridamisi v\u00e4ikeseid hauaplatse, vaid \u00fcks maamulda ulatuv, vaskplaadi ja pisikeste jalaj\u00e4lgedega kaetud avaus ehk haud. Lapse matusel kallatakse tema tuhk sinna, kus on ees ootamas juba palud teised temasugused.\u00a0<\/b><\/p>\n<p><span style=\"color: inherit; font-family: inherit; font-size: inherit; font-weight: inherit; text-align: inherit;\">The initiative to create the sanctuary came from a family who found help in their sorrow from a similar sanctuary in Riga. The experience of many other countries shows that this kind of place provides support in grief. It is also helpful to know that you are not alone \u2013 that there are others who have felt this unbearable pain and yet found the strength to carry on.<\/span><\/p>\t\t\t\t\t\t<\/div>\n\t\t\t\t<\/div>\n\t\t\t\t\t<\/div>\n\t\t<\/div>\n\t\t\t\t\t\t\t<\/div>\n\t\t<\/section>\n\t\t\t\t<section class=\"penci-section penci-disSticky penci-structure-10 elementor-section elementor-top-section elementor-element elementor-element-647df4fa elementor-section-boxed elementor-section-height-default elementor-section-height-default\" data-id=\"647df4fa\" data-element_type=\"section\">\n\t\t\t\t\t\t<div class=\"elementor-container elementor-column-gap-default\">\n\t\t\t\t\t<div class=\"penci-ercol-100 penci-ercol-order-1 penci-sticky-ct    elementor-column elementor-col-100 elementor-top-column elementor-element elementor-element-68f34884\" data-id=\"68f34884\" data-element_type=\"column\">\n\t\t\t<div class=\"elementor-widget-wrap elementor-element-populated\">\n\t\t\t\t\t\t\t\t<div class=\"elementor-element elementor-element-f67a157 elementor-widget__width-initial elementor-widget elementor-widget-text-editor\" data-id=\"f67a157\" data-element_type=\"widget\" data-widget_type=\"text-editor.default\">\n\t\t\t\t<div class=\"elementor-widget-container\">\n\t\t\t\t\t\t\t<p><!-- wp:image {\"align\":\"left\",\"id\":490,\"width\":500,\"height\":500,\"sizeSlug\":\"large\"} --><\/p>\n<p><span style=\"color: inherit; font-family: inherit; font-size: inherit; font-weight: inherit; text-align: inherit;\">Traditsiooniks on kujunenud, et kaks korda aastas \u2013 kevadel emadep\u00e4eva ja s\u00fcgisel hingedep\u00e4eva paiku \u2013 saavad Vaikuse laste vanemad rahupaigas kokku. \u00dcheskoos korrastatakse m\u00e4lestuskivi \u00fcmbrust ning k\u00f5neldakse sellest, mis s\u00fcdamel.\u00a0<\/span><span style=\"color: inherit; font-family: inherit; font-size: inherit; font-weight: inherit; text-align: inherit;\">Rahupaiga valmimist\u00a0<\/span><span style=\"color: inherit; font-family: inherit; font-size: inherit; font-weight: inherit; text-align: inherit;\">on toetanud <\/span><a style=\"font-family: inherit; font-size: inherit; font-weight: inherit; text-align: inherit;\" href=\"http:\/\/www.pria.ee\/et\/toetused\/valdkond\/leader\" target=\"_blank\" rel=\"noreferrer noopener\" aria-label=\" (opens in a new tab)\">Pria Leader-meede<\/a><span style=\"color: inherit; font-family: inherit; font-size: inherit; font-weight: inherit; text-align: inherit;\">, <\/span><a style=\"font-family: inherit; font-size: inherit; font-weight: inherit; text-align: inherit;\" href=\"http:\/\/www.ekn.ee\/index.php\">Eesti Kirikute N\u00f5ukogu<\/a><span style=\"color: inherit; font-family: inherit; font-size: inherit; font-weight: inherit; text-align: inherit;\">, paljud eraisikud ja kogudused.<\/span><strong style=\"font-family: inherit; font-size: inherit; text-align: inherit; color: #339999;\">\u00a0<\/strong><\/p>\n<p class=\"has-text-color has-medium-font-size\" style=\"color: #339999;\"><strong>Burial in the sanctuary\u00a0\u00a0<\/strong><\/p>\n<p><!-- \/wp:paragraph --><\/p>\n<p><!-- wp:paragraph --><\/p>\n<p>For more information on the possibilities of burial in the sanctuary for children born silent, please contact Annika Laats, pastor of the Risti church by phone at 5564 9256 or by e-mail at annika.laats@eelk.ee.<\/p>\n<p><!-- \/wp:paragraph --><\/p>\n<p><!-- wp:paragraph --><\/p>\n<p>According to the Cemetery Act, all funerals, including ash burials, must be registered in the cemetery.<\/p>\n<p><!-- \/wp:paragraph --><\/p>\n<p><!-- wp:paragraph --><\/p>\n<p>If you want to bury the remains in another cemetery, contact the local pastor or cemetery. You can find contact information for cemeteries at <a href=\"http:\/\/www.kalmistud.ee\" target=\"_blank\" rel=\"noreferrer noopener\" aria-label=\" (opens in a new tab)\">www.kalmistud.ee<\/a>.<\/p>\n<p><!-- \/wp:paragraph --><\/p>\n<p><!-- wp:paragraph --><\/p>\n<p><b>Emad ja isad, kelle beebid puhkavad Vaikuse laste rahupaigas, on omavahel kokku leppinud rahupaiga kodukorra.<\/b> <b>Selle kohta saad <a href=\"https:\/\/vaiksed.ee\/en\/rahupaiga-kodukord\/\">more information here<\/a>.<\/b><\/p>\n<p><!-- \/wp:paragraph --><\/p>\n<p><!-- wp:paragraph {\"align\":\"right\"} --><\/p>\n<p class=\"has-text-align-right\"><strong><strong>Next <a href=\"https:\/\/vaiksed.ee\/en\/malestustekarp\/\">Memorial box<\/a><\/strong><\/strong><\/p>\n<p><!-- \/wp:paragraph --><\/p>\t\t\t\t\t\t<\/div>\n\t\t\t\t<\/div>\n\t\t\t\t\t<\/div>\n\t\t<\/div>\n\t\t\t\t\t\t\t<\/div>\n\t\t<\/section>\n\t\t\t\t\t\t\t<\/div>","protected":false},"excerpt":{"rendered":"<p>L\u00e4\u00e4ne-Harju vallas,\u00a0Harju-Risti kirikaias\u00a0asub Vaikuse laste rahupaik.\u00a0See on koht, mis on m\u00f5eldud peredele, kes on kogenud lapse surnults\u00fcndi v\u00f5i lapse kaotust vasts\u00fcndinueas. Samuti pakub m\u00e4lestuspaik tuge neile, kes leinavad oma looteeas&hellip;<\/p>","protected":false},"author":174446673,"featured_media":0,"parent":0,"menu_order":4,"comment_status":"closed","ping_status":"closed","template":"","meta":[],"yoast_head":"<!-- This site is optimized with the Yoast SEO plugin v20.12 - https:\/\/yoast.com\/wordpress\/plugins\/seo\/ -->\n<title>Vaikuse laste rahupaik | Vaikuse lapsed<\/title>\n<meta name=\"description\" content=\"Vaikuse laste rahupaik on peredele, kes on lapse kaotanud enne s\u00fcndi raseduse katkemisel v\u00f5i vasts\u00fcndinueas. Tugi leinaga toime tulekuks. Tutvu m\u00e4lestuspaigaga siin.\" \/>\n<meta name=\"robots\" content=\"index, follow, max-snippet:-1, max-image-preview:large, max-video-preview:-1\" \/>\n<link rel=\"canonical\" href=\"https:\/\/vaiksed.ee\/en\/vaikuse-laste-rahupaik\/\" \/>\n<meta property=\"og:locale\" content=\"en_GB\" \/>\n<meta property=\"og:type\" content=\"article\" \/>\n<meta property=\"og:title\" content=\"Vaikuse laste rahupaik | Vaikuse lapsed\" \/>\n<meta property=\"og:description\" content=\"Vaikuse laste rahupaik on peredele, kes on lapse kaotanud enne s\u00fcndi raseduse katkemisel v\u00f5i vasts\u00fcndinueas. Tugi leinaga toime tulekuks. Tutvu m\u00e4lestuspaigaga siin.\" \/>\n<meta property=\"og:url\" content=\"https:\/\/vaiksed.ee\/en\/vaikuse-laste-rahupaik\/\" \/>\n<meta property=\"og:site_name\" content=\"Vaikuse lapsed\" \/>\n<meta property=\"article:modified_time\" content=\"2023-12-21T18:02:54+00:00\" \/>\n<meta property=\"og:image\" content=\"http:\/\/vaiksed.ee\/wp-content\/uploads\/2019\/10\/rahupaik-2.jpg\" \/>\n<meta name=\"twitter:card\" content=\"summary_large_image\" \/>\n<meta name=\"twitter:label1\" content=\"Estimated reading time\" \/>\n\t<meta name=\"twitter:data1\" content=\"2 minutes\" \/>\n<script type=\"application\/ld+json\" class=\"yoast-schema-graph\">{\"@context\":\"https:\/\/schema.org\",\"@graph\":[{\"@type\":\"WebPage\",\"@id\":\"https:\/\/vaiksed.ee\/vaikuse-laste-rahupaik\/\",\"url\":\"https:\/\/vaiksed.ee\/vaikuse-laste-rahupaik\/\",\"name\":\"Vaikuse laste rahupaik | Vaikuse lapsed\",\"isPartOf\":{\"@id\":\"https:\/\/vaiksed.ee\/#website\"},\"datePublished\":\"2019-09-30T05:17:33+00:00\",\"dateModified\":\"2023-12-21T18:02:54+00:00\",\"description\":\"Vaikuse laste rahupaik on peredele, kes on lapse kaotanud enne s\u00fcndi raseduse katkemisel v\u00f5i vasts\u00fcndinueas. Tugi leinaga toime tulekuks. Tutvu m\u00e4lestuspaigaga siin.\",\"breadcrumb\":{\"@id\":\"https:\/\/vaiksed.ee\/vaikuse-laste-rahupaik\/#breadcrumb\"},\"inLanguage\":\"en-GB\",\"potentialAction\":[{\"@type\":\"ReadAction\",\"target\":[\"https:\/\/vaiksed.ee\/vaikuse-laste-rahupaik\/\"]}]},{\"@type\":\"BreadcrumbList\",\"@id\":\"https:\/\/vaiksed.ee\/vaikuse-laste-rahupaik\/#breadcrumb\",\"itemListElement\":[{\"@type\":\"ListItem\",\"position\":1,\"name\":\"Home\",\"item\":\"https:\/\/vaiksed.ee\/\"},{\"@type\":\"ListItem\",\"position\":2,\"name\":\"Vaikuse laste rahupaik\"}]},{\"@type\":\"WebSite\",\"@id\":\"https:\/\/vaiksed.ee\/#website\",\"url\":\"https:\/\/vaiksed.ee\/\",\"name\":\"Vaikuse lapsed\",\"description\":\"Vaikuselaps, las valvab su \u00fcle valguse vaim \u2013 rahu ja armastus\",\"publisher\":{\"@id\":\"https:\/\/vaiksed.ee\/#organization\"},\"potentialAction\":[{\"@type\":\"SearchAction\",\"target\":{\"@type\":\"EntryPoint\",\"urlTemplate\":\"https:\/\/vaiksed.ee\/?s={search_term_string}\"},\"query-input\":\"required name=search_term_string\"}],\"inLanguage\":\"en-GB\"},{\"@type\":\"Organization\",\"@id\":\"https:\/\/vaiksed.ee\/#organization\",\"name\":\"Vaikuse lapsed\",\"url\":\"https:\/\/vaiksed.ee\/\",\"logo\":{\"@type\":\"ImageObject\",\"inLanguage\":\"en-GB\",\"@id\":\"https:\/\/vaiksed.ee\/#\/schema\/logo\/image\/\",\"url\":\"https:\/\/vaiksed.ee\/wp-content\/uploads\/2022\/11\/173568.png\",\"contentUrl\":\"https:\/\/vaiksed.ee\/wp-content\/uploads\/2022\/11\/173568.png\",\"width\":500,\"height\":500,\"caption\":\"Vaikuse lapsed\"},\"image\":{\"@id\":\"https:\/\/vaiksed.ee\/#\/schema\/logo\/image\/\"}}]}<\/script>\n<!-- \/ Yoast SEO plugin. -->","yoast_head_json":{"title":"Vaikuse laste rahupaik | Vaikuse lapsed","description":"Vaikuse laste rahupaik on peredele, kes on lapse kaotanud enne s\u00fcndi raseduse katkemisel v\u00f5i vasts\u00fcndinueas. Tugi leinaga toime tulekuks. Tutvu m\u00e4lestuspaigaga siin.","robots":{"index":"index","follow":"follow","max-snippet":"max-snippet:-1","max-image-preview":"max-image-preview:large","max-video-preview":"max-video-preview:-1"},"canonical":"https:\/\/vaiksed.ee\/en\/vaikuse-laste-rahupaik\/","og_locale":"en_GB","og_type":"article","og_title":"Vaikuse laste rahupaik | Vaikuse lapsed","og_description":"Vaikuse laste rahupaik on peredele, kes on lapse kaotanud enne s\u00fcndi raseduse katkemisel v\u00f5i vasts\u00fcndinueas. Tugi leinaga toime tulekuks. Tutvu m\u00e4lestuspaigaga siin.","og_url":"https:\/\/vaiksed.ee\/en\/vaikuse-laste-rahupaik\/","og_site_name":"Vaikuse lapsed","article_modified_time":"2023-12-21T18:02:54+00:00","og_image":[{"url":"http:\/\/vaiksed.ee\/wp-content\/uploads\/2019\/10\/rahupaik-2.jpg"}],"twitter_card":"summary_large_image","twitter_misc":{"Estimated reading time":"2 minutes"},"schema":{"@context":"https:\/\/schema.org","@graph":[{"@type":"WebPage","@id":"https:\/\/vaiksed.ee\/vaikuse-laste-rahupaik\/","url":"https:\/\/vaiksed.ee\/vaikuse-laste-rahupaik\/","name":"Vaikuse laste rahupaik | Vaikuse lapsed","isPartOf":{"@id":"https:\/\/vaiksed.ee\/#website"},"datePublished":"2019-09-30T05:17:33+00:00","dateModified":"2023-12-21T18:02:54+00:00","description":"Vaikuse laste rahupaik on peredele, kes on lapse kaotanud enne s\u00fcndi raseduse katkemisel v\u00f5i vasts\u00fcndinueas. Tugi leinaga toime tulekuks. Tutvu m\u00e4lestuspaigaga siin.","breadcrumb":{"@id":"https:\/\/vaiksed.ee\/vaikuse-laste-rahupaik\/#breadcrumb"},"inLanguage":"en-GB","potentialAction":[{"@type":"ReadAction","target":["https:\/\/vaiksed.ee\/vaikuse-laste-rahupaik\/"]}]},{"@type":"BreadcrumbList","@id":"https:\/\/vaiksed.ee\/vaikuse-laste-rahupaik\/#breadcrumb","itemListElement":[{"@type":"ListItem","position":1,"name":"Home","item":"https:\/\/vaiksed.ee\/"},{"@type":"ListItem","position":2,"name":"Vaikuse laste rahupaik"}]},{"@type":"WebSite","@id":"https:\/\/vaiksed.ee\/#website","url":"https:\/\/vaiksed.ee\/","name":"Vaikuse lapsed","description":"Vaikuselaps, las valvab su \u00fcle valguse vaim \u2013 rahu ja armastus","publisher":{"@id":"https:\/\/vaiksed.ee\/#organization"},"potentialAction":[{"@type":"SearchAction","target":{"@type":"EntryPoint","urlTemplate":"https:\/\/vaiksed.ee\/?s={search_term_string}"},"query-input":"required name=search_term_string"}],"inLanguage":"en-GB"},{"@type":"Organization","@id":"https:\/\/vaiksed.ee\/#organization","name":"Vaikuse lapsed","url":"https:\/\/vaiksed.ee\/","logo":{"@type":"ImageObject","inLanguage":"en-GB","@id":"https:\/\/vaiksed.ee\/#\/schema\/logo\/image\/","url":"https:\/\/vaiksed.ee\/wp-content\/uploads\/2022\/11\/173568.png","contentUrl":"https:\/\/vaiksed.ee\/wp-content\/uploads\/2022\/11\/173568.png","width":500,"height":500,"caption":"Vaikuse lapsed"},"image":{"@id":"https:\/\/vaiksed.ee\/#\/schema\/logo\/image\/"}}]}},"_links":{"self":[{"href":"https:\/\/vaiksed.ee\/en\/wp-json\/wp\/v2\/pages\/31"}],"collection":[{"href":"https:\/\/vaiksed.ee\/en\/wp-json\/wp\/v2\/pages"}],"about":[{"href":"https:\/\/vaiksed.ee\/en\/wp-json\/wp\/v2\/types\/page"}],"author":[{"embeddable":true,"href":"https:\/\/vaiksed.ee\/en\/wp-json\/wp\/v2\/users\/174446673"}],"replies":[{"embeddable":true,"href":"https:\/\/vaiksed.ee\/en\/wp-json\/wp\/v2\/comments?post=31"}],"version-history":[{"count":46,"href":"https:\/\/vaiksed.ee\/en\/wp-json\/wp\/v2\/pages\/31\/revisions"}],"predecessor-version":[{"id":2655,"href":"https:\/\/vaiksed.ee\/en\/wp-json\/wp\/v2\/pages\/31\/revisions\/2655"}],"wp:attachment":[{"href":"https:\/\/vaiksed.ee\/en\/wp-json\/wp\/v2\/media?parent=31"}],"curies":[{"name":"wp","href":"https:\/\/api.w.org\/{rel}","templated":true}]}}