{"id":229,"date":"2019-09-30T01:06:33","date_gmt":"2019-09-30T01:06:33","guid":{"rendered":"https:\/\/vaiksed.ee\/?page_id=229"},"modified":"2023-07-30T13:37:02","modified_gmt":"2023-07-30T13:37:02","slug":"kui-vajad-tuge","status":"publish","type":"page","link":"https:\/\/vaiksed.ee\/en\/praktilised-kusimused\/kui-vajad-tuge\/","title":{"rendered":"Abi lapse kaotuse ja leinaga toime tulekuks"},"content":{"rendered":"<div class=\"wp-block-image\">\n<figure class=\"alignright size-large is-resized\"><img decoding=\"async\" src=\"https:\/\/vaiksed.ee\/wp-content\/uploads\/2019\/10\/tsitaat10.jpg?w=1024\" alt=\"\" class=\"wp-image-707\" width=\"450\" height=\"231\"\/><\/figure><\/div>\n\n\n<p>If you feel like you want to talk to someone right now:<\/p>\n\n\n\n<ul>\n<li>Psychological crisis counselling by phone 631 4300 (Mon\u2013Fri 9\u201320, Sat 10\u201320)<\/li>\n\n\n\n<li>Helpline 126 (every day 17\u201303)<\/li>\n<\/ul>\n\n\n\n<p><strong>MT\u00dc Vaikuse Lapsed n\u00f5ustajad ja vabatahtlikud<\/strong><\/p>\n\n\n\n<p><a data-type=\"URL\" data-id=\"https:\/\/vaiksed.ee\/\" href=\"https:\/\/vaiksed.ee\/en\/\">Esilehelt<\/a> leiad meie kogemusn\u00f5ustajate, n\u00f5ustajate ja vabatahtlike profiilid ja kontaktandmed &#8211; v\u00f5ta julgelt \u00fchendust kui soovid sarnase kogemuse l\u00e4bi elanud vanemaga r\u00e4\u00e4kida. N\u00f5ustajatel on erinev taust ning v\u00e4lja\u00f5pe:<\/p>\n\n\n\n<p><strong>Kogemusn\u00f5ustaja<\/strong> &#8211; on professionaal, kellel on isiklik kogemus ning kogemusn\u00f5ustamise v\u00e4lja\u00f5pe. Kogemusn\u00f5ustamise kohta saad rohkem lugeda Kogemusn\u00f5ustamise Koja kodulehelt: https:\/\/www.kogemuskoda.ee\/info\/.<\/p>\n\n\n\n<p><strong>Hingehoidja <\/strong>&#8211; Hingehoidja on isik, kes lisaks teoloogilisele haridusele on saanud erilise ettevalmistuse aitamaks haigeid, kriisis olevaid v\u00f5i surevaid inimesi. Lisaks h\u00f5lmab hingehoidja t\u00f6\u00f6 inimese s\u00fcgavalt eksistentsiaalseid ja vaimseid vajadusi. Hingehoidja austab inimv\u00e4\u00e4rikust, usulisi veendumusi ja inim\u00f5igusi inimese taustast, v\u00e4\u00e4rtushinnangutest v\u00f5i maailmavaatest olenemata. Ehkki hingehoidjaga saab arutleda ka religioossetel teemadel, ei ole hingehoid misjoni ega kuulutust\u00f6\u00f6. Oluline on see, mis inimesega toimub ja kuidas ta ise seda tajub. L\u00e4hemalt saad hingehoiust lugeda siit: https:\/\/hingehoid.ee\/<\/p>\n\n\n\n<p><strong>Ps\u00fchholoog <\/strong>&#8211; on l\u00f5petanud ps\u00fchholoogia eriala \u00f5ppekava m\u00f5nes akrediteeritud \u00f5ppekavaga \u00fclikoolis. Ps\u00fchholoogi t\u00f6\u00f6 p\u00f5hisisuks on n\u00f5ustamine ps\u00fchholoogilistes k\u00fcsimustes. <\/p>\n\n\n\n<p><strong>Vabatahtlikud <\/strong>on n\u00f5us aitama Sind ka muudes k\u00fcsimustes, mis seoses lapse kaotusega tekkida v\u00f5ivad &#8211; asjaajamine sel perioodil ei ole kindlasti kerge, seega k\u00fcsi julgelt tuge, kui seda vajad. Samuti saavad vabatahtlikud jagada enda v\u00e4\u00e4rtuslikku kogemust lapse kaotuse kohta, kuid neil ei pruugi olla veel n\u00f5ustamist toetava v\u00e4lja\u00f5pet l\u00f5petatud. <\/p>\n\n\n\n<p><strong>Kust leiad veel abi:<\/strong><\/p>\n\n\n\n<p class=\" translation-block\">Pregnancy crisis specialists receive patients in larger hospitals and county centres all over Estonia. Contact information of counsellors can be found at <a rel=\"noreferrer noopener\" aria-label=\" (opens in a new tab)\" href=\"http:\/\/www.rasedus.ee\" target=\"_blank\"> www.rasedus.ee.<\/a><\/p>\n\n\n\n<p class=\" translation-block\">You can also contact a psychologist, whose contact information can be found in a clinic or private practice of your place of residence. Visiting a psychologist is free of charge if you have a referral from your family doctor. You can find additional information on the website <a href=\"https:\/\/peaasi.ee\/en\/\" target=\"_self\">www.peaasi.ee<\/a>.<\/p>\n\n\n\n<p>Many also find it helpful to hear stories from others who have been through a similar experience, as it lets them know that they are not the only ones this has happened to.<\/p>\n\n\n<div class=\"wp-block-image\">\n<figure class=\"alignleft size-full is-resized\"><img decoding=\"async\" src=\"http:\/\/vaiksed.ee\/wp-content\/uploads\/2022\/12\/1601207_10152302113414860_1466735084_n.jpeg\" alt=\"\" class=\"wp-image-1761\" width=\"149\" height=\"196\" srcset=\"https:\/\/vaiksed.ee\/wp-content\/uploads\/2022\/12\/1601207_10152302113414860_1466735084_n.jpeg 684w, https:\/\/vaiksed.ee\/wp-content\/uploads\/2022\/12\/1601207_10152302113414860_1466735084_n-228x300.jpeg 228w, https:\/\/vaiksed.ee\/wp-content\/uploads\/2022\/12\/1601207_10152302113414860_1466735084_n-9x12.jpeg 9w, https:\/\/vaiksed.ee\/wp-content\/uploads\/2022\/12\/1601207_10152302113414860_1466735084_n-585x770.jpeg 585w\" sizes=\"(max-width: 149px) 100vw, 149px\" \/><figcaption class=\"wp-element-caption\">Facebooki grupp <strong>Inglilapsed<\/strong><\/figcaption><\/figure><\/div>\n\n\n<ul>\n<li><strong>You can join the <a aria-label=\" (opens in a new tab)\" href=\"http:\/\/www.facebook.com\/groups\/inglilapsed\" target=\"_blank\" rel=\"noreferrer noopener\">Facebook group Inglilapsed<\/a>, mis \u00fchendab lapse kaotuse l\u00e4bi elanud vanemaid.<\/strong><\/li>\n\n\n\n<li><a href=\"https:\/\/vaiksed.ee\/en\/malestusteraamat\/\">The Memory Book<\/a> includes stories from other parents who have lost their child.<\/li>\n\n\n\n<li>We have collected some <a href=\"https:\/\/vaiksed.ee\/en\/2019\/09\/30\/artiklid-meedias\/\">stories from the media<\/a> about families who have had similar experiences.<\/li>\n\n\n\n<li class=\" translation-block\">Materials on this subject in English can be found on the <a href=\"https:\/\/www.sands.org.uk\" target=\"_self\">website of SANDS<\/a>, a UK-based organisation.<\/li>\n\n\n\n<li>In Finland, parents who have lost a child can get support from the <a rel=\"noreferrer noopener\" aria-label=\" (opens in a new tab)\" href=\"http:\/\/kapy.fi\" target=\"_blank\">organisation K\u00c4PY<\/a>.<\/li>\n\n\n\n<li>Inglismaal tegutseb kahe lapse kaotust kogenud ema poolt loodud organisatsioon <a data-type=\"URL\" data-id=\"https:\/\/www.theworstgirlgangever.co.uk\/\" href=\"https:\/\/www.theworstgirlgangever.co.uk\/\">The Worst Girl Gang Ever<\/a>.<\/li>\n<\/ul>\n\n\n\n<p class=\"has-text-align-right\"><br><strong><strong>Next <a href=\"https:\/\/vaiksed.ee\/en\/tugi-lapse-kaotuse-puhul\/vaikuse-laste-trukis\/\">Print of Vaikuse Lapsed<\/a><\/strong><\/strong><\/p>","protected":false},"excerpt":{"rendered":"<p>Kui tunned, et tahad kohe praegu kellegagi r\u00e4\u00e4kida: MT\u00dc Vaikuse Lapsed n\u00f5ustajad ja vabatahtlikud Esilehelt leiad meie kogemusn\u00f5ustajate, n\u00f5ustajate ja vabatahtlike profiilid ja kontaktandmed &#8211; v\u00f5ta julgelt \u00fchendust kui soovid&hellip;<\/p>","protected":false},"author":174446673,"featured_media":0,"parent":104,"menu_order":5,"comment_status":"closed","ping_status":"closed","template":"","meta":[],"yoast_head":"<!-- This site is optimized with the Yoast SEO plugin v20.12 - https:\/\/yoast.com\/wordpress\/plugins\/seo\/ -->\n<title>Abi lapse kaotuse ja leinaga toime tulekuks | Vaikuse lapsed<\/title>\n<meta name=\"description\" content=\"Kui oled kogenud lapse kaotust, raseduse katkemist v\u00f5i lapse surnults\u00fcndi, siis v\u00f5imalikud kogemusn\u00f5ustajad ja spetsialistid leiad siit. Leia kontaktid siit.\" \/>\n<meta name=\"robots\" content=\"index, follow, max-snippet:-1, max-image-preview:large, max-video-preview:-1\" \/>\n<link rel=\"canonical\" href=\"https:\/\/vaiksed.ee\/en\/praktilised-kusimused\/kui-vajad-tuge\/\" \/>\n<meta property=\"og:locale\" content=\"en_GB\" \/>\n<meta property=\"og:type\" content=\"article\" \/>\n<meta property=\"og:title\" content=\"Abi lapse kaotuse ja leinaga toime tulekuks | Vaikuse lapsed\" \/>\n<meta property=\"og:description\" content=\"Kui oled kogenud lapse kaotust, raseduse katkemist v\u00f5i lapse surnults\u00fcndi, siis v\u00f5imalikud kogemusn\u00f5ustajad ja spetsialistid leiad siit. Leia kontaktid siit.\" \/>\n<meta property=\"og:url\" content=\"https:\/\/vaiksed.ee\/en\/praktilised-kusimused\/kui-vajad-tuge\/\" \/>\n<meta property=\"og:site_name\" content=\"Vaikuse lapsed\" \/>\n<meta property=\"article:modified_time\" content=\"2023-07-30T13:37:02+00:00\" \/>\n<meta property=\"og:image\" content=\"https:\/\/vaiksed.ee\/wp-content\/uploads\/2019\/10\/tsitaat10.jpg?w=1024\" \/>\n<meta name=\"twitter:card\" content=\"summary_large_image\" \/>\n<meta name=\"twitter:label1\" content=\"Estimated reading time\" \/>\n\t<meta name=\"twitter:data1\" content=\"2 minutes\" \/>\n<script type=\"application\/ld+json\" class=\"yoast-schema-graph\">{\"@context\":\"https:\/\/schema.org\",\"@graph\":[{\"@type\":\"WebPage\",\"@id\":\"https:\/\/vaiksed.ee\/praktilised-kusimused\/kui-vajad-tuge\/\",\"url\":\"https:\/\/vaiksed.ee\/praktilised-kusimused\/kui-vajad-tuge\/\",\"name\":\"Abi lapse kaotuse ja leinaga toime tulekuks | Vaikuse lapsed\",\"isPartOf\":{\"@id\":\"https:\/\/vaiksed.ee\/#website\"},\"datePublished\":\"2019-09-30T01:06:33+00:00\",\"dateModified\":\"2023-07-30T13:37:02+00:00\",\"description\":\"Kui oled kogenud lapse kaotust, raseduse katkemist v\u00f5i lapse surnults\u00fcndi, siis v\u00f5imalikud kogemusn\u00f5ustajad ja spetsialistid leiad siit. Leia kontaktid siit.\",\"breadcrumb\":{\"@id\":\"https:\/\/vaiksed.ee\/praktilised-kusimused\/kui-vajad-tuge\/#breadcrumb\"},\"inLanguage\":\"en-GB\",\"potentialAction\":[{\"@type\":\"ReadAction\",\"target\":[\"https:\/\/vaiksed.ee\/praktilised-kusimused\/kui-vajad-tuge\/\"]}]},{\"@type\":\"BreadcrumbList\",\"@id\":\"https:\/\/vaiksed.ee\/praktilised-kusimused\/kui-vajad-tuge\/#breadcrumb\",\"itemListElement\":[{\"@type\":\"ListItem\",\"position\":1,\"name\":\"Home\",\"item\":\"https:\/\/vaiksed.ee\/\"},{\"@type\":\"ListItem\",\"position\":2,\"name\":\"Praktilised k\u00fcsimused\",\"item\":\"https:\/\/vaiksed.ee\/praktilised-kusimused\/\"},{\"@type\":\"ListItem\",\"position\":3,\"name\":\"Abi lapse kaotuse ja leinaga toime tulekuks\"}]},{\"@type\":\"WebSite\",\"@id\":\"https:\/\/vaiksed.ee\/#website\",\"url\":\"https:\/\/vaiksed.ee\/\",\"name\":\"Vaikuse lapsed\",\"description\":\"Vaikuselaps, las valvab su \u00fcle valguse vaim \u2013 rahu ja armastus\",\"publisher\":{\"@id\":\"https:\/\/vaiksed.ee\/#organization\"},\"potentialAction\":[{\"@type\":\"SearchAction\",\"target\":{\"@type\":\"EntryPoint\",\"urlTemplate\":\"https:\/\/vaiksed.ee\/?s={search_term_string}\"},\"query-input\":\"required name=search_term_string\"}],\"inLanguage\":\"en-GB\"},{\"@type\":\"Organization\",\"@id\":\"https:\/\/vaiksed.ee\/#organization\",\"name\":\"Vaikuse lapsed\",\"url\":\"https:\/\/vaiksed.ee\/\",\"logo\":{\"@type\":\"ImageObject\",\"inLanguage\":\"en-GB\",\"@id\":\"https:\/\/vaiksed.ee\/#\/schema\/logo\/image\/\",\"url\":\"https:\/\/vaiksed.ee\/wp-content\/uploads\/2022\/11\/173568.png\",\"contentUrl\":\"https:\/\/vaiksed.ee\/wp-content\/uploads\/2022\/11\/173568.png\",\"width\":500,\"height\":500,\"caption\":\"Vaikuse lapsed\"},\"image\":{\"@id\":\"https:\/\/vaiksed.ee\/#\/schema\/logo\/image\/\"}}]}<\/script>\n<!-- \/ Yoast SEO plugin. -->","yoast_head_json":{"title":"Abi lapse kaotuse ja leinaga toime tulekuks | Vaikuse lapsed","description":"Kui oled kogenud lapse kaotust, raseduse katkemist v\u00f5i lapse surnults\u00fcndi, siis v\u00f5imalikud kogemusn\u00f5ustajad ja spetsialistid leiad siit. Leia kontaktid siit.","robots":{"index":"index","follow":"follow","max-snippet":"max-snippet:-1","max-image-preview":"max-image-preview:large","max-video-preview":"max-video-preview:-1"},"canonical":"https:\/\/vaiksed.ee\/en\/praktilised-kusimused\/kui-vajad-tuge\/","og_locale":"en_GB","og_type":"article","og_title":"Abi lapse kaotuse ja leinaga toime tulekuks | Vaikuse lapsed","og_description":"Kui oled kogenud lapse kaotust, raseduse katkemist v\u00f5i lapse surnults\u00fcndi, siis v\u00f5imalikud kogemusn\u00f5ustajad ja spetsialistid leiad siit. Leia kontaktid siit.","og_url":"https:\/\/vaiksed.ee\/en\/praktilised-kusimused\/kui-vajad-tuge\/","og_site_name":"Vaikuse lapsed","article_modified_time":"2023-07-30T13:37:02+00:00","og_image":[{"url":"https:\/\/vaiksed.ee\/wp-content\/uploads\/2019\/10\/tsitaat10.jpg?w=1024"}],"twitter_card":"summary_large_image","twitter_misc":{"Estimated reading time":"2 minutes"},"schema":{"@context":"https:\/\/schema.org","@graph":[{"@type":"WebPage","@id":"https:\/\/vaiksed.ee\/praktilised-kusimused\/kui-vajad-tuge\/","url":"https:\/\/vaiksed.ee\/praktilised-kusimused\/kui-vajad-tuge\/","name":"Abi lapse kaotuse ja leinaga toime tulekuks | Vaikuse lapsed","isPartOf":{"@id":"https:\/\/vaiksed.ee\/#website"},"datePublished":"2019-09-30T01:06:33+00:00","dateModified":"2023-07-30T13:37:02+00:00","description":"Kui oled kogenud lapse kaotust, raseduse katkemist v\u00f5i lapse surnults\u00fcndi, siis v\u00f5imalikud kogemusn\u00f5ustajad ja spetsialistid leiad siit. Leia kontaktid siit.","breadcrumb":{"@id":"https:\/\/vaiksed.ee\/praktilised-kusimused\/kui-vajad-tuge\/#breadcrumb"},"inLanguage":"en-GB","potentialAction":[{"@type":"ReadAction","target":["https:\/\/vaiksed.ee\/praktilised-kusimused\/kui-vajad-tuge\/"]}]},{"@type":"BreadcrumbList","@id":"https:\/\/vaiksed.ee\/praktilised-kusimused\/kui-vajad-tuge\/#breadcrumb","itemListElement":[{"@type":"ListItem","position":1,"name":"Home","item":"https:\/\/vaiksed.ee\/"},{"@type":"ListItem","position":2,"name":"Praktilised k\u00fcsimused","item":"https:\/\/vaiksed.ee\/praktilised-kusimused\/"},{"@type":"ListItem","position":3,"name":"Abi lapse kaotuse ja leinaga toime tulekuks"}]},{"@type":"WebSite","@id":"https:\/\/vaiksed.ee\/#website","url":"https:\/\/vaiksed.ee\/","name":"Vaikuse lapsed","description":"Vaikuselaps, las valvab su \u00fcle valguse vaim \u2013 rahu ja armastus","publisher":{"@id":"https:\/\/vaiksed.ee\/#organization"},"potentialAction":[{"@type":"SearchAction","target":{"@type":"EntryPoint","urlTemplate":"https:\/\/vaiksed.ee\/?s={search_term_string}"},"query-input":"required name=search_term_string"}],"inLanguage":"en-GB"},{"@type":"Organization","@id":"https:\/\/vaiksed.ee\/#organization","name":"Vaikuse lapsed","url":"https:\/\/vaiksed.ee\/","logo":{"@type":"ImageObject","inLanguage":"en-GB","@id":"https:\/\/vaiksed.ee\/#\/schema\/logo\/image\/","url":"https:\/\/vaiksed.ee\/wp-content\/uploads\/2022\/11\/173568.png","contentUrl":"https:\/\/vaiksed.ee\/wp-content\/uploads\/2022\/11\/173568.png","width":500,"height":500,"caption":"Vaikuse lapsed"},"image":{"@id":"https:\/\/vaiksed.ee\/#\/schema\/logo\/image\/"}}]}},"_links":{"self":[{"href":"https:\/\/vaiksed.ee\/en\/wp-json\/wp\/v2\/pages\/229"}],"collection":[{"href":"https:\/\/vaiksed.ee\/en\/wp-json\/wp\/v2\/pages"}],"about":[{"href":"https:\/\/vaiksed.ee\/en\/wp-json\/wp\/v2\/types\/page"}],"author":[{"embeddable":true,"href":"https:\/\/vaiksed.ee\/en\/wp-json\/wp\/v2\/users\/174446673"}],"replies":[{"embeddable":true,"href":"https:\/\/vaiksed.ee\/en\/wp-json\/wp\/v2\/comments?post=229"}],"version-history":[{"count":28,"href":"https:\/\/vaiksed.ee\/en\/wp-json\/wp\/v2\/pages\/229\/revisions"}],"predecessor-version":[{"id":2386,"href":"https:\/\/vaiksed.ee\/en\/wp-json\/wp\/v2\/pages\/229\/revisions\/2386"}],"up":[{"embeddable":true,"href":"https:\/\/vaiksed.ee\/en\/wp-json\/wp\/v2\/pages\/104"}],"wp:attachment":[{"href":"https:\/\/vaiksed.ee\/en\/wp-json\/wp\/v2\/media?parent=229"}],"curies":[{"name":"wp","href":"https:\/\/api.w.org\/{rel}","templated":true}]}}