{"id":221,"date":"2019-09-30T00:56:55","date_gmt":"2019-09-30T00:56:55","guid":{"rendered":"https:\/\/vaiksed.ee\/?page_id=221"},"modified":"2023-07-30T13:33:50","modified_gmt":"2023-07-30T13:33:50","slug":"tagasi-igapaevaellu","status":"publish","type":"page","link":"https:\/\/vaiksed.ee\/en\/praktilised-kusimused\/tagasi-igapaevaellu\/","title":{"rendered":"Tagasi igap\u00e4evaellu p\u00e4rast lapse kaotust"},"content":{"rendered":"<div class=\"wp-block-image\">\n<figure class=\"alignright size-large is-resized\"><img decoding=\"async\" src=\"https:\/\/vaiksed.ee\/wp-content\/uploads\/2019\/10\/tsitaat4.jpg?w=1024\" alt=\"\" class=\"wp-image-701\" width=\"433\" height=\"241\"\/><\/figure><\/div>\n\n\n<p><br>Lapse kaotusega seoses on vanematel tarvis leida lahendus k\u00fcsimusele, kuidas suhelda edasi teiste inimestega enda \u00fcmber. Kas ja mida \u00f6elda s\u00f5pradele, tuttavatele, kolleegidele, naabritele ja teistele inimestele? Lapse kaotusest r\u00e4\u00e4kida ei ole kerge. Samuti on valusad hetked, kui keegi k\u00fcsib lapseootuse kohta v\u00f5i uurib, kas v\u00f5ib neid \u00f5nnitleda.<\/p>\n\n\n\n<p>Kui teised ei tea pere kaotusest, v\u00f5ib kergesti tekkida olukord, mis ohustab vaevaga saavutatud emotsionaalset tasakaalu, kuni selleni, et hirm teiste inimeste k\u00fcsimuste ees v\u00f5ib panna pere isolatsiooni. Sellep\u00e4rast on vanematele lihtsam, kui v\u00f5imalikult paljud inimesed nende \u00fcmber on lapse kaotusest teadlikud.<\/p>\n\n\n\n<p>Another difficult situation for the parents is when one of the expected twins dies. They have to find a way to rejoice and mourn at the same time. What complicates the matters is that some of the people in their lives know they are expecting two children \u2013 the parents receive congratulations but no support in their grief. That is why it is important to share the sad news alongside the good.<\/p>\n\n\n\n<p>Sharing this with others could be as simple as saying that the other child died before or shortly after birth. If you feel able to, you can give the details and answer questions. However, if you do not want to answer any questions, you can just say that you don\u2019t want to or can't talk any more about it.<\/p>\n\n\n\n<p>If the parents themselves do not have the strength to spread the message, they can ask a family member or friend to do it. In addition to delivering the sad news, they may also be asked to let others know how the parents would like to be treated. It is usually difficult to tolerate pity \u2013 asking to avoid it can be one of the requests. They can also say whether the parents want to talk about their experience or whether it is better that others do not ask questions about the details without the parents\u2019 introduction.<\/p>\n\n\n\n<p>Sageli kardavad s\u00f5brad ja tuttavad lapse kaotust kogenud perega suhelda. Kardetakse h\u00e4irida v\u00f5i midagi valesti teha, ei osata k\u00e4ituda v\u00f5i ei teata, mida \u00f6elda. Enamasti on s\u00f5prade eemale hoidmine valus ja pettumust valmistav. Seep\u00e4rast v\u00f5ib anda neile teada, et kontakti v\u00f5tmine ja kokkusaamise kutsed on vaatamata leinale endiselt oodatud. M\u00f5ne aja m\u00f6\u00f6dudes v\u00f5ib tekkida soov tunda end elus osalemas ning selle juures on teistelt tulnud ettepanekud abiks.<\/p>\n\n\n\n<p class=\"has-text-color has-medium-font-size\" style=\"color:#339999\"><strong><strong>Next pregnancy<\/strong><\/strong><\/p>\n\n\n\n<p>Meditsiinilises m\u00f5ttes pole v\u00e4ga t\u00e4pset selgust, kui pikalt ja ka kas \u00fcldse peab uuest rasedusest p\u00e4rast raseduse katkemist v\u00f5i surnults\u00fcndi hoiduma. Erandiks on ehk keisril\u00f5ige, mille puhul v\u00f5iks v\u00e4hemalt kolm kuud v\u00f5i veelgi parem pool aastat aega anda haavade paranemiseks ja \u00f5mblusmaterjali lahustumiseks. Kui on olnud raseduse katkemine v\u00f5i raseduse katkestamine meditsiinilistel n\u00e4idustustel v\u00f5i vaginaalne s\u00fcnnitus, v\u00f5iks enne uut rasedust olla v\u00e4hemalt \u00fcks (parem veel kui kaks) normaalset menstruatsiooni \u2013 see on m\u00e4rk, et emakas ja munasarjade t\u00f6\u00f6 on korras.<\/p>\n\n\n\n<p>Planning for your next pregnancy primarily depends on how ready you are emotionally. Some people want another child as soon as possible to cope with the loss. In any case, whatever your circumstances, you have to ask yourself whether you are ready for the very small chance that the pregnancy will also not lead to the birth of a healthy child. There are many emotions that need to settle and be worked through \u2013 guilt, emptiness, grief, the feeling that you are \u201cbetraying\u201d the child who died by planning a new baby \u2013 and different people have very different feelings about the next pregnancy.<\/p>\n\n\n\n<p>For some diseases (such as diabetes, thyroid diseases, kidney diseases, heart diseases, high blood pressure, and autoimmune diseases), maternal health and the potential cost of the disease and medications used must be considered and the new pregnancy should be planned accordingly.<\/p>\n\n\n\n<p>Enne j\u00e4rgmise raseduse planeerimist on tihtipeale n\u00e4idustatud uuringud v\u00f5imaliku raseduse katkemise v\u00f5i surnults\u00fcnni p\u00f5hjuse leidmiseks \u2013 siis tuleks uue rasestumisega oodata seni, kuni uuringute vastused olemas. N\u00e4iteks loote kaasas\u00fcndinud v\u00e4\u00e4rarendite korral aitab geneetik hinnata nende kordumise riski ja uurib vajadusel nii ema kui isa.<\/p>\n\n\n<div class=\"wp-block-image\">\n<figure class=\"alignleft size-large is-resized\"><img decoding=\"async\" src=\"https:\/\/vaiksed.ee\/wp-content\/uploads\/2019\/10\/tsitaat8.jpg?w=1024\" alt=\"\" class=\"wp-image-716\" width=\"459\" height=\"232\"\/><\/figure><\/div>\n\n\n<p>However, it should be borne in mind that in about 30% of stillbirths, the exact cause of death of the child remains unidentified. Also, it is often not just a single disease or condition, but a number of different causes being intertwined.<\/p>\n\n\n\n<p>Igal juhul on surnults\u00fcnni korral n\u00e4idustatud j\u00e4rgmise raseduse p\u00f5hjalikum ja sagedasem j\u00e4lgimine, eelistatult arsti juures. K\u00f5ige olulisem on esimesel visiidil koos arstiga anal\u00fc\u00fcsida p\u00f5hjalikult eelmise raseduse kulgu ja teha konkreetne plaan, mida ja kui sageli uurida ning milliste tulemuste korral uuringud veelgi sagedamini n\u00e4idustatud on.<\/p>\n\n\n\n<p class=\"has-text-align-right\"><br><strong><strong>Next <a href=\"https:\/\/vaiksed.ee\/en\/tugi-lapse-kaotuse-puhul\/kui-vajad-tuge\/\">If you need advice<\/a><\/strong><\/strong><\/p>","protected":false},"excerpt":{"rendered":"<p>Lapse kaotusega seoses on vanematel tarvis leida lahendus k\u00fcsimusele, kuidas suhelda edasi teiste inimestega enda \u00fcmber. Kas ja mida \u00f6elda s\u00f5pradele, tuttavatele, kolleegidele, naabritele ja teistele inimestele? Lapse kaotusest r\u00e4\u00e4kida&hellip;<\/p>","protected":false},"author":174446673,"featured_media":0,"parent":104,"menu_order":4,"comment_status":"closed","ping_status":"closed","template":"","meta":[],"yoast_head":"<!-- This site is optimized with the Yoast SEO plugin v20.12 - https:\/\/yoast.com\/wordpress\/plugins\/seo\/ -->\n<title>Tagasi igap\u00e4evaellu p\u00e4rast lapse kaotust | Vaikuse lapsed<\/title>\n<meta name=\"description\" content=\"Kuidas naasta tagasi igap\u00e4evaellu p\u00e4rast lapse kaotust, tegeleda leinaga ja mida tuleks teada j\u00e4rgmisest rasedusest? Loe rohkem MT\u00dc Vaiksed lapsed kodulehelt.\" \/>\n<meta name=\"robots\" content=\"index, follow, max-snippet:-1, max-image-preview:large, max-video-preview:-1\" \/>\n<link rel=\"canonical\" href=\"https:\/\/vaiksed.ee\/en\/praktilised-kusimused\/tagasi-igapaevaellu\/\" \/>\n<meta property=\"og:locale\" content=\"en_GB\" \/>\n<meta property=\"og:type\" content=\"article\" \/>\n<meta property=\"og:title\" content=\"Tagasi igap\u00e4evaellu p\u00e4rast lapse kaotust | Vaikuse lapsed\" \/>\n<meta property=\"og:description\" content=\"Kuidas naasta tagasi igap\u00e4evaellu p\u00e4rast lapse kaotust, tegeleda leinaga ja mida tuleks teada j\u00e4rgmisest rasedusest? Loe rohkem MT\u00dc Vaiksed lapsed kodulehelt.\" \/>\n<meta property=\"og:url\" content=\"https:\/\/vaiksed.ee\/en\/praktilised-kusimused\/tagasi-igapaevaellu\/\" \/>\n<meta property=\"og:site_name\" content=\"Vaikuse lapsed\" \/>\n<meta property=\"article:modified_time\" content=\"2023-07-30T13:33:50+00:00\" \/>\n<meta property=\"og:image\" content=\"https:\/\/vaiksed.ee\/wp-content\/uploads\/2019\/10\/tsitaat4.jpg?w=1024\" \/>\n<meta name=\"twitter:card\" content=\"summary_large_image\" \/>\n<meta name=\"twitter:label1\" content=\"Estimated reading time\" \/>\n\t<meta name=\"twitter:data1\" content=\"4 minutes\" \/>\n<script type=\"application\/ld+json\" class=\"yoast-schema-graph\">{\"@context\":\"https:\/\/schema.org\",\"@graph\":[{\"@type\":\"WebPage\",\"@id\":\"https:\/\/vaiksed.ee\/praktilised-kusimused\/tagasi-igapaevaellu\/\",\"url\":\"https:\/\/vaiksed.ee\/praktilised-kusimused\/tagasi-igapaevaellu\/\",\"name\":\"Tagasi igap\u00e4evaellu p\u00e4rast lapse kaotust | Vaikuse lapsed\",\"isPartOf\":{\"@id\":\"https:\/\/vaiksed.ee\/#website\"},\"datePublished\":\"2019-09-30T00:56:55+00:00\",\"dateModified\":\"2023-07-30T13:33:50+00:00\",\"description\":\"Kuidas naasta tagasi igap\u00e4evaellu p\u00e4rast lapse kaotust, tegeleda leinaga ja mida tuleks teada j\u00e4rgmisest rasedusest? Loe rohkem MT\u00dc Vaiksed lapsed kodulehelt.\",\"breadcrumb\":{\"@id\":\"https:\/\/vaiksed.ee\/praktilised-kusimused\/tagasi-igapaevaellu\/#breadcrumb\"},\"inLanguage\":\"en-GB\",\"potentialAction\":[{\"@type\":\"ReadAction\",\"target\":[\"https:\/\/vaiksed.ee\/praktilised-kusimused\/tagasi-igapaevaellu\/\"]}]},{\"@type\":\"BreadcrumbList\",\"@id\":\"https:\/\/vaiksed.ee\/praktilised-kusimused\/tagasi-igapaevaellu\/#breadcrumb\",\"itemListElement\":[{\"@type\":\"ListItem\",\"position\":1,\"name\":\"Home\",\"item\":\"https:\/\/vaiksed.ee\/\"},{\"@type\":\"ListItem\",\"position\":2,\"name\":\"Praktilised k\u00fcsimused\",\"item\":\"https:\/\/vaiksed.ee\/praktilised-kusimused\/\"},{\"@type\":\"ListItem\",\"position\":3,\"name\":\"Tagasi igap\u00e4evaellu p\u00e4rast lapse kaotust\"}]},{\"@type\":\"WebSite\",\"@id\":\"https:\/\/vaiksed.ee\/#website\",\"url\":\"https:\/\/vaiksed.ee\/\",\"name\":\"Vaikuse lapsed\",\"description\":\"Vaikuselaps, las valvab su \u00fcle valguse vaim \u2013 rahu ja armastus\",\"publisher\":{\"@id\":\"https:\/\/vaiksed.ee\/#organization\"},\"potentialAction\":[{\"@type\":\"SearchAction\",\"target\":{\"@type\":\"EntryPoint\",\"urlTemplate\":\"https:\/\/vaiksed.ee\/?s={search_term_string}\"},\"query-input\":\"required name=search_term_string\"}],\"inLanguage\":\"en-GB\"},{\"@type\":\"Organization\",\"@id\":\"https:\/\/vaiksed.ee\/#organization\",\"name\":\"Vaikuse lapsed\",\"url\":\"https:\/\/vaiksed.ee\/\",\"logo\":{\"@type\":\"ImageObject\",\"inLanguage\":\"en-GB\",\"@id\":\"https:\/\/vaiksed.ee\/#\/schema\/logo\/image\/\",\"url\":\"https:\/\/vaiksed.ee\/wp-content\/uploads\/2022\/11\/173568.png\",\"contentUrl\":\"https:\/\/vaiksed.ee\/wp-content\/uploads\/2022\/11\/173568.png\",\"width\":500,\"height\":500,\"caption\":\"Vaikuse lapsed\"},\"image\":{\"@id\":\"https:\/\/vaiksed.ee\/#\/schema\/logo\/image\/\"}}]}<\/script>\n<!-- \/ Yoast SEO plugin. -->","yoast_head_json":{"title":"Tagasi igap\u00e4evaellu p\u00e4rast lapse kaotust | Vaikuse lapsed","description":"Kuidas naasta tagasi igap\u00e4evaellu p\u00e4rast lapse kaotust, tegeleda leinaga ja mida tuleks teada j\u00e4rgmisest rasedusest? Loe rohkem MT\u00dc Vaiksed lapsed kodulehelt.","robots":{"index":"index","follow":"follow","max-snippet":"max-snippet:-1","max-image-preview":"max-image-preview:large","max-video-preview":"max-video-preview:-1"},"canonical":"https:\/\/vaiksed.ee\/en\/praktilised-kusimused\/tagasi-igapaevaellu\/","og_locale":"en_GB","og_type":"article","og_title":"Tagasi igap\u00e4evaellu p\u00e4rast lapse kaotust | Vaikuse lapsed","og_description":"Kuidas naasta tagasi igap\u00e4evaellu p\u00e4rast lapse kaotust, tegeleda leinaga ja mida tuleks teada j\u00e4rgmisest rasedusest? Loe rohkem MT\u00dc Vaiksed lapsed kodulehelt.","og_url":"https:\/\/vaiksed.ee\/en\/praktilised-kusimused\/tagasi-igapaevaellu\/","og_site_name":"Vaikuse lapsed","article_modified_time":"2023-07-30T13:33:50+00:00","og_image":[{"url":"https:\/\/vaiksed.ee\/wp-content\/uploads\/2019\/10\/tsitaat4.jpg?w=1024"}],"twitter_card":"summary_large_image","twitter_misc":{"Estimated reading time":"4 minutes"},"schema":{"@context":"https:\/\/schema.org","@graph":[{"@type":"WebPage","@id":"https:\/\/vaiksed.ee\/praktilised-kusimused\/tagasi-igapaevaellu\/","url":"https:\/\/vaiksed.ee\/praktilised-kusimused\/tagasi-igapaevaellu\/","name":"Tagasi igap\u00e4evaellu p\u00e4rast lapse kaotust | Vaikuse lapsed","isPartOf":{"@id":"https:\/\/vaiksed.ee\/#website"},"datePublished":"2019-09-30T00:56:55+00:00","dateModified":"2023-07-30T13:33:50+00:00","description":"Kuidas naasta tagasi igap\u00e4evaellu p\u00e4rast lapse kaotust, tegeleda leinaga ja mida tuleks teada j\u00e4rgmisest rasedusest? Loe rohkem MT\u00dc Vaiksed lapsed kodulehelt.","breadcrumb":{"@id":"https:\/\/vaiksed.ee\/praktilised-kusimused\/tagasi-igapaevaellu\/#breadcrumb"},"inLanguage":"en-GB","potentialAction":[{"@type":"ReadAction","target":["https:\/\/vaiksed.ee\/praktilised-kusimused\/tagasi-igapaevaellu\/"]}]},{"@type":"BreadcrumbList","@id":"https:\/\/vaiksed.ee\/praktilised-kusimused\/tagasi-igapaevaellu\/#breadcrumb","itemListElement":[{"@type":"ListItem","position":1,"name":"Home","item":"https:\/\/vaiksed.ee\/"},{"@type":"ListItem","position":2,"name":"Praktilised k\u00fcsimused","item":"https:\/\/vaiksed.ee\/praktilised-kusimused\/"},{"@type":"ListItem","position":3,"name":"Tagasi igap\u00e4evaellu p\u00e4rast lapse kaotust"}]},{"@type":"WebSite","@id":"https:\/\/vaiksed.ee\/#website","url":"https:\/\/vaiksed.ee\/","name":"Vaikuse lapsed","description":"Vaikuselaps, las valvab su \u00fcle valguse vaim \u2013 rahu ja armastus","publisher":{"@id":"https:\/\/vaiksed.ee\/#organization"},"potentialAction":[{"@type":"SearchAction","target":{"@type":"EntryPoint","urlTemplate":"https:\/\/vaiksed.ee\/?s={search_term_string}"},"query-input":"required name=search_term_string"}],"inLanguage":"en-GB"},{"@type":"Organization","@id":"https:\/\/vaiksed.ee\/#organization","name":"Vaikuse lapsed","url":"https:\/\/vaiksed.ee\/","logo":{"@type":"ImageObject","inLanguage":"en-GB","@id":"https:\/\/vaiksed.ee\/#\/schema\/logo\/image\/","url":"https:\/\/vaiksed.ee\/wp-content\/uploads\/2022\/11\/173568.png","contentUrl":"https:\/\/vaiksed.ee\/wp-content\/uploads\/2022\/11\/173568.png","width":500,"height":500,"caption":"Vaikuse lapsed"},"image":{"@id":"https:\/\/vaiksed.ee\/#\/schema\/logo\/image\/"}}]}},"_links":{"self":[{"href":"https:\/\/vaiksed.ee\/en\/wp-json\/wp\/v2\/pages\/221"}],"collection":[{"href":"https:\/\/vaiksed.ee\/en\/wp-json\/wp\/v2\/pages"}],"about":[{"href":"https:\/\/vaiksed.ee\/en\/wp-json\/wp\/v2\/types\/page"}],"author":[{"embeddable":true,"href":"https:\/\/vaiksed.ee\/en\/wp-json\/wp\/v2\/users\/174446673"}],"replies":[{"embeddable":true,"href":"https:\/\/vaiksed.ee\/en\/wp-json\/wp\/v2\/comments?post=221"}],"version-history":[{"count":11,"href":"https:\/\/vaiksed.ee\/en\/wp-json\/wp\/v2\/pages\/221\/revisions"}],"predecessor-version":[{"id":2383,"href":"https:\/\/vaiksed.ee\/en\/wp-json\/wp\/v2\/pages\/221\/revisions\/2383"}],"up":[{"embeddable":true,"href":"https:\/\/vaiksed.ee\/en\/wp-json\/wp\/v2\/pages\/104"}],"wp:attachment":[{"href":"https:\/\/vaiksed.ee\/en\/wp-json\/wp\/v2\/media?parent=221"}],"curies":[{"name":"wp","href":"https:\/\/api.w.org\/{rel}","templated":true}]}}