{"id":2188,"date":"2023-01-31T11:25:48","date_gmt":"2023-01-31T11:25:48","guid":{"rendered":"https:\/\/vaiksed.ee\/?page_id=2188"},"modified":"2024-01-03T17:57:55","modified_gmt":"2024-01-03T17:57:55","slug":"hilly-helena-tammessaar","status":"publish","type":"page","link":"https:\/\/vaiksed.ee\/en\/hilly-helena-tammessaar\/","title":{"rendered":"Hilly-Helena Tammessaar"},"content":{"rendered":"<div data-elementor-type=\"wp-page\" data-elementor-id=\"2188\" class=\"elementor elementor-2188\">\n\t\t\t\t\t\t\t\t\t<section class=\"penci-section penci-disSticky penci-structure-20 elementor-section elementor-top-section elementor-element elementor-element-dd5bee6 elementor-section-boxed elementor-section-height-default elementor-section-height-default\" data-id=\"dd5bee6\" data-element_type=\"section\">\n\t\t\t\t\t\t<div class=\"elementor-container elementor-column-gap-default\">\n\t\t\t\t\t<div class=\"penci-ercol-50 penci-ercol-order-1 penci-sticky-ct    elementor-column elementor-col-50 elementor-top-column elementor-element elementor-element-4c08e5d\" data-id=\"4c08e5d\" data-element_type=\"column\">\n\t\t\t<div class=\"elementor-widget-wrap elementor-element-populated\">\n\t\t\t\t\t\t\t\t<div class=\"elementor-element elementor-element-0356ab2 elementor-widget elementor-widget-image\" data-id=\"0356ab2\" data-element_type=\"widget\" data-widget_type=\"image.default\">\n\t\t\t\t<div class=\"elementor-widget-container\">\n\t\t\t<style>\/*! elementor - v3.12.0 - 29-03-2023 *\/\n.elementor-widget-image{text-align:center}.elementor-widget-image a{display:inline-block}.elementor-widget-image a img[src$=\".svg\"]{width:48px}.elementor-widget-image img{vertical-align:middle;display:inline-block}<\/style>\t\t\t\t\t\t\t\t\t\t\t\t<img decoding=\"async\" width=\"202\" height=\"300\" src=\"https:\/\/vaiksed.ee\/wp-content\/uploads\/2024\/01\/Hilly-Tammessaar-202x300.jpg\" class=\"attachment-medium size-medium wp-image-2781\" alt=\"\" srcset=\"https:\/\/vaiksed.ee\/wp-content\/uploads\/2024\/01\/Hilly-Tammessaar-202x300.jpg 202w, https:\/\/vaiksed.ee\/wp-content\/uploads\/2024\/01\/Hilly-Tammessaar-8x12.jpg 8w, https:\/\/vaiksed.ee\/wp-content\/uploads\/2024\/01\/Hilly-Tammessaar-585x869.jpg 585w, https:\/\/vaiksed.ee\/wp-content\/uploads\/2024\/01\/Hilly-Tammessaar.jpg 604w\" sizes=\"(max-width: 202px) 100vw, 202px\" \/>\t\t\t\t\t\t\t\t\t\t\t\t\t\t\t<\/div>\n\t\t\t\t<\/div>\n\t\t\t\t\t<\/div>\n\t\t<\/div>\n\t\t\t\t<div class=\"penci-ercol-50 penci-ercol-order-2 penci-sticky-ct    elementor-column elementor-col-50 elementor-top-column elementor-element elementor-element-f548957\" data-id=\"f548957\" data-element_type=\"column\">\n\t\t\t<div class=\"elementor-widget-wrap elementor-element-populated\">\n\t\t\t\t\t\t\t\t<div class=\"elementor-element elementor-element-59fb1b5 elementor-widget elementor-widget-text-editor\" data-id=\"59fb1b5\" data-element_type=\"widget\" data-widget_type=\"text-editor.default\">\n\t\t\t\t<div class=\"elementor-widget-container\">\n\t\t\t<style>\/*! elementor - v3.12.0 - 29-03-2023 *\/\n.elementor-widget-text-editor.elementor-drop-cap-view-stacked .elementor-drop-cap{background-color:#69727d;color:#fff}.elementor-widget-text-editor.elementor-drop-cap-view-framed .elementor-drop-cap{color:#69727d;border:3px solid;background-color:transparent}.elementor-widget-text-editor:not(.elementor-drop-cap-view-default) .elementor-drop-cap{margin-top:8px}.elementor-widget-text-editor:not(.elementor-drop-cap-view-default) .elementor-drop-cap-letter{width:1em;height:1em}.elementor-widget-text-editor .elementor-drop-cap{float:left;text-align:center;line-height:1;font-size:50px}.elementor-widget-text-editor .elementor-drop-cap-letter{display:inline-block}<\/style>\t\t\t\t<p style=\"font-size: 14px; text-align: start; font-family: Roboto, sans-serif; color: #7a7a7a;\"><b>MT\u00dc juhatuse liige, Vabatahtlik toetaja<\/b><\/p>\n<p style=\"font-size: 14px; text-align: start; font-family: Roboto, sans-serif; color: #7a7a7a;\"><b>Suhtluskeeled: <\/b><span style=\"font-weight: 400;\">eesti, (inglise)<\/span><\/p>\n<p style=\"font-size: 14px; text-align: start; font-family: Roboto, sans-serif; color: #7a7a7a;\"><b>Piirkond: <\/b><span style=\"font-weight: 400;\">Tallinn, veebikohtumine<\/span><\/p>\n<p style=\"font-size: 14px; text-align: start; font-family: Roboto, sans-serif; font-weight: 400; color: #7a7a7a;\"><strong>Kontaktandmed:<\/strong>&nbsp;hilly@vaiksed.ee<\/p>\n<p style=\"text-align: start;\"><span style=\"color: #7a7a7a; font-family: Roboto, sans-serif; font-size: 14px; font-weight: 400;\">Olen 3. lapse ema. <\/span>Minu vanemad lapsed on siia ilma tulekuga kiirustanud &#8211; vanim lastest, t\u00fctar, s\u00fcndis raseduse 30. n\u00e4dalal. Teine, poeg, s\u00fcndis 32. n\u00e4dalal.&nbsp; Vestlused pojaga j\u00e4id tema ootuse aega, silmast silma ei \u00f5nnestunud meil kahjuks mitte kunagi tutvuda.<\/p>\n<p style=\"text-align: start;\"><span style=\"color: inherit; font-family: inherit; font-size: inherit; font-weight: inherit;\">18. aastat kandsin seda valu \u00fcksi hinges. T\u00e4na tean, kui oluline on olla inimestega, kes on l\u00e4bi elanud sarnase olukorra. Tunnen, et olen oma inimeste seas ja hoitud.<\/span><\/p>\n<p style=\"text-align: start;\">Meie pere pesamuna ootasin \u00fcle 10. aasta. Praegu aga astume koos teismeeale vastu ja elame seiklusrikast elu.<\/p>\n<p>Olen vajadusel valmis oma kogemust jagama nii kohtudes kui ka veebi teel. Tegelen aktiivselt MT\u00dc Vaikuse Lapsed turunduse teemadega ning m\u00e4lestuskarpide t\u00f6\u00f6tubade korraldamisega.<\/p>\t\t\t\t\t\t<\/div>\n\t\t\t\t<\/div>\n\t\t\t\t\t<\/div>\n\t\t<\/div>\n\t\t\t\t\t\t\t<\/div>\n\t\t<\/section>\n\t\t\t\t\t\t\t<\/div>","protected":false},"excerpt":{"rendered":"<p>MT\u00dc juhatuse liige, Vabatahtlik toetaja Suhtluskeeled: eesti, (inglise) Piirkond: Tallinn, veebikohtumine Kontaktandmed:&nbsp;hilly@vaiksed.ee Olen 3. lapse ema. Minu vanemad lapsed on siia ilma tulekuga kiirustanud &#8211; vanim lastest, t\u00fctar, s\u00fcndis raseduse&hellip;<\/p>","protected":false},"author":174446671,"featured_media":0,"parent":0,"menu_order":0,"comment_status":"closed","ping_status":"closed","template":"","meta":[],"yoast_head":"<!-- This site is optimized with the Yoast SEO plugin v20.12 - https:\/\/yoast.com\/wordpress\/plugins\/seo\/ -->\n<title>Hilly-Helena Tammessaar - Vaikuse lapsed<\/title>\n<meta name=\"robots\" content=\"index, follow, max-snippet:-1, max-image-preview:large, max-video-preview:-1\" \/>\n<link rel=\"canonical\" href=\"https:\/\/vaiksed.ee\/en\/hilly-helena-tammessaar\/\" \/>\n<meta property=\"og:locale\" content=\"en_GB\" \/>\n<meta property=\"og:type\" content=\"article\" \/>\n<meta property=\"og:title\" content=\"Hilly-Helena Tammessaar - Vaikuse lapsed\" \/>\n<meta property=\"og:description\" content=\"MT\u00dc juhatuse liige, Vabatahtlik toetaja Suhtluskeeled: eesti, (inglise) Piirkond: Tallinn, veebikohtumine Kontaktandmed:&nbsp;hilly@vaiksed.ee Olen 3. lapse ema. Minu vanemad lapsed on siia ilma tulekuga kiirustanud &#8211; vanim lastest, t\u00fctar, s\u00fcndis raseduse&hellip;\" \/>\n<meta property=\"og:url\" content=\"https:\/\/vaiksed.ee\/en\/hilly-helena-tammessaar\/\" \/>\n<meta property=\"og:site_name\" content=\"Vaikuse lapsed\" \/>\n<meta property=\"article:modified_time\" content=\"2024-01-03T17:57:55+00:00\" \/>\n<meta property=\"og:image\" content=\"http:\/\/vaiksed.ee\/wp-content\/uploads\/2024\/01\/Hilly-Tammessaar-202x300.jpg\" \/>\n<meta name=\"twitter:card\" content=\"summary_large_image\" \/>\n<meta name=\"twitter:label1\" content=\"Estimated reading time\" \/>\n\t<meta name=\"twitter:data1\" content=\"1 minute\" \/>\n<script type=\"application\/ld+json\" class=\"yoast-schema-graph\">{\"@context\":\"https:\/\/schema.org\",\"@graph\":[{\"@type\":\"WebPage\",\"@id\":\"https:\/\/vaiksed.ee\/hilly-helena-tammessaar\/\",\"url\":\"https:\/\/vaiksed.ee\/hilly-helena-tammessaar\/\",\"name\":\"Hilly-Helena Tammessaar - Vaikuse lapsed\",\"isPartOf\":{\"@id\":\"https:\/\/vaiksed.ee\/#website\"},\"datePublished\":\"2023-01-31T11:25:48+00:00\",\"dateModified\":\"2024-01-03T17:57:55+00:00\",\"breadcrumb\":{\"@id\":\"https:\/\/vaiksed.ee\/hilly-helena-tammessaar\/#breadcrumb\"},\"inLanguage\":\"en-GB\",\"potentialAction\":[{\"@type\":\"ReadAction\",\"target\":[\"https:\/\/vaiksed.ee\/hilly-helena-tammessaar\/\"]}]},{\"@type\":\"BreadcrumbList\",\"@id\":\"https:\/\/vaiksed.ee\/hilly-helena-tammessaar\/#breadcrumb\",\"itemListElement\":[{\"@type\":\"ListItem\",\"position\":1,\"name\":\"Home\",\"item\":\"https:\/\/vaiksed.ee\/\"},{\"@type\":\"ListItem\",\"position\":2,\"name\":\"Hilly-Helena Tammessaar\"}]},{\"@type\":\"WebSite\",\"@id\":\"https:\/\/vaiksed.ee\/#website\",\"url\":\"https:\/\/vaiksed.ee\/\",\"name\":\"Vaikuse lapsed\",\"description\":\"Vaikuselaps, las valvab su \u00fcle valguse vaim \u2013 rahu ja armastus\",\"publisher\":{\"@id\":\"https:\/\/vaiksed.ee\/#organization\"},\"potentialAction\":[{\"@type\":\"SearchAction\",\"target\":{\"@type\":\"EntryPoint\",\"urlTemplate\":\"https:\/\/vaiksed.ee\/?s={search_term_string}\"},\"query-input\":\"required name=search_term_string\"}],\"inLanguage\":\"en-GB\"},{\"@type\":\"Organization\",\"@id\":\"https:\/\/vaiksed.ee\/#organization\",\"name\":\"Vaikuse lapsed\",\"url\":\"https:\/\/vaiksed.ee\/\",\"logo\":{\"@type\":\"ImageObject\",\"inLanguage\":\"en-GB\",\"@id\":\"https:\/\/vaiksed.ee\/#\/schema\/logo\/image\/\",\"url\":\"https:\/\/vaiksed.ee\/wp-content\/uploads\/2022\/11\/173568.png\",\"contentUrl\":\"https:\/\/vaiksed.ee\/wp-content\/uploads\/2022\/11\/173568.png\",\"width\":500,\"height\":500,\"caption\":\"Vaikuse lapsed\"},\"image\":{\"@id\":\"https:\/\/vaiksed.ee\/#\/schema\/logo\/image\/\"}}]}<\/script>\n<!-- \/ Yoast SEO plugin. -->","yoast_head_json":{"title":"Hilly-Helena Tammessaar - Vaikuse lapsed","robots":{"index":"index","follow":"follow","max-snippet":"max-snippet:-1","max-image-preview":"max-image-preview:large","max-video-preview":"max-video-preview:-1"},"canonical":"https:\/\/vaiksed.ee\/en\/hilly-helena-tammessaar\/","og_locale":"en_GB","og_type":"article","og_title":"Hilly-Helena Tammessaar - Vaikuse lapsed","og_description":"MT\u00dc juhatuse liige, Vabatahtlik toetaja Suhtluskeeled: eesti, (inglise) Piirkond: Tallinn, veebikohtumine Kontaktandmed:&nbsp;hilly@vaiksed.ee Olen 3. lapse ema. Minu vanemad lapsed on siia ilma tulekuga kiirustanud &#8211; vanim lastest, t\u00fctar, s\u00fcndis raseduse&hellip;","og_url":"https:\/\/vaiksed.ee\/en\/hilly-helena-tammessaar\/","og_site_name":"Vaikuse lapsed","article_modified_time":"2024-01-03T17:57:55+00:00","og_image":[{"url":"http:\/\/vaiksed.ee\/wp-content\/uploads\/2024\/01\/Hilly-Tammessaar-202x300.jpg"}],"twitter_card":"summary_large_image","twitter_misc":{"Estimated reading time":"1 minute"},"schema":{"@context":"https:\/\/schema.org","@graph":[{"@type":"WebPage","@id":"https:\/\/vaiksed.ee\/hilly-helena-tammessaar\/","url":"https:\/\/vaiksed.ee\/hilly-helena-tammessaar\/","name":"Hilly-Helena Tammessaar - Vaikuse lapsed","isPartOf":{"@id":"https:\/\/vaiksed.ee\/#website"},"datePublished":"2023-01-31T11:25:48+00:00","dateModified":"2024-01-03T17:57:55+00:00","breadcrumb":{"@id":"https:\/\/vaiksed.ee\/hilly-helena-tammessaar\/#breadcrumb"},"inLanguage":"en-GB","potentialAction":[{"@type":"ReadAction","target":["https:\/\/vaiksed.ee\/hilly-helena-tammessaar\/"]}]},{"@type":"BreadcrumbList","@id":"https:\/\/vaiksed.ee\/hilly-helena-tammessaar\/#breadcrumb","itemListElement":[{"@type":"ListItem","position":1,"name":"Home","item":"https:\/\/vaiksed.ee\/"},{"@type":"ListItem","position":2,"name":"Hilly-Helena Tammessaar"}]},{"@type":"WebSite","@id":"https:\/\/vaiksed.ee\/#website","url":"https:\/\/vaiksed.ee\/","name":"Vaikuse lapsed","description":"Vaikuselaps, las valvab su \u00fcle valguse vaim \u2013 rahu ja armastus","publisher":{"@id":"https:\/\/vaiksed.ee\/#organization"},"potentialAction":[{"@type":"SearchAction","target":{"@type":"EntryPoint","urlTemplate":"https:\/\/vaiksed.ee\/?s={search_term_string}"},"query-input":"required name=search_term_string"}],"inLanguage":"en-GB"},{"@type":"Organization","@id":"https:\/\/vaiksed.ee\/#organization","name":"Vaikuse lapsed","url":"https:\/\/vaiksed.ee\/","logo":{"@type":"ImageObject","inLanguage":"en-GB","@id":"https:\/\/vaiksed.ee\/#\/schema\/logo\/image\/","url":"https:\/\/vaiksed.ee\/wp-content\/uploads\/2022\/11\/173568.png","contentUrl":"https:\/\/vaiksed.ee\/wp-content\/uploads\/2022\/11\/173568.png","width":500,"height":500,"caption":"Vaikuse lapsed"},"image":{"@id":"https:\/\/vaiksed.ee\/#\/schema\/logo\/image\/"}}]}},"_links":{"self":[{"href":"https:\/\/vaiksed.ee\/en\/wp-json\/wp\/v2\/pages\/2188"}],"collection":[{"href":"https:\/\/vaiksed.ee\/en\/wp-json\/wp\/v2\/pages"}],"about":[{"href":"https:\/\/vaiksed.ee\/en\/wp-json\/wp\/v2\/types\/page"}],"author":[{"embeddable":true,"href":"https:\/\/vaiksed.ee\/en\/wp-json\/wp\/v2\/users\/174446671"}],"replies":[{"embeddable":true,"href":"https:\/\/vaiksed.ee\/en\/wp-json\/wp\/v2\/comments?post=2188"}],"version-history":[{"count":34,"href":"https:\/\/vaiksed.ee\/en\/wp-json\/wp\/v2\/pages\/2188\/revisions"}],"predecessor-version":[{"id":2784,"href":"https:\/\/vaiksed.ee\/en\/wp-json\/wp\/v2\/pages\/2188\/revisions\/2784"}],"wp:attachment":[{"href":"https:\/\/vaiksed.ee\/en\/wp-json\/wp\/v2\/media?parent=2188"}],"curies":[{"name":"wp","href":"https:\/\/api.w.org\/{rel}","templated":true}]}}