{"id":217,"date":"2019-09-30T00:54:31","date_gmt":"2019-09-30T00:54:31","guid":{"rendered":"https:\/\/vaiksed.ee\/?page_id=217"},"modified":"2023-07-30T13:03:06","modified_gmt":"2023-07-30T13:03:06","slug":"kusimused-naistearstile","status":"publish","type":"page","link":"https:\/\/vaiksed.ee\/en\/praktilised-kusimused\/kusimused-naistearstile\/","title":{"rendered":"Questions for a gynaecologist"},"content":{"rendered":"<div class=\"wp-block-image\">\n<figure class=\"alignright size-large is-resized\"><img decoding=\"async\" src=\"https:\/\/vaiksed.ee\/wp-content\/uploads\/2019\/10\/tsitaat5.jpg?w=1024\" alt=\"\" class=\"wp-image-704\" width=\"413\" height=\"223\"\/><\/figure><\/div>\n\n\n<p><br>Sellelt lehelt leiad k\u00fcsimused naistearstile, mis puudutavad ema tervist p\u00e4rast s\u00fcnnitust, raseduse katkemist v\u00f5i raseduse katkestamist. Samuti jagab naistearst infot selle kohta, kuidas uuritakse juhtunut ning mida j\u00e4rgmise raseduse puhul silmas pidada.<\/p>\n\n\n\n<p>We encourage you to consult your doctor about the necessary tests and analyses. Note down your questions before the visit, as it makes it easier for you to focus on the important information if you become emotional.<\/p>\n\n\n\n<p class=\"has-text-color\" style=\"color:#339999\"><strong><strong>Mida pidada silmas ema tervise seisukohalt p\u00e4rast lapse surnults\u00fcndi v\u00f5i raseduse katkemist?<\/strong><\/strong><\/p>\n\n\n\n<p>Kui ei esine selgeid haigusseisundeid, mis vajavad spetsiifilist j\u00e4lgimist ja ravi (n\u00e4iteks pre-eklampsia, eklampsia, platsenta enneaegne irdumine ja suur verekaotus, raskekujuline p\u00f5letik\/sepsis, trombioht, diabeet), siis kulgeb s\u00fcnnitusj\u00e4rgne periood kehalises m\u00f5ttes lapse surnults\u00fcnni puhul samamoodi nagu eluss\u00fcnni korral. Kuna rinnaga toitmist ei toimu, siis tavaliselt eelistavad patsiendid, et piima tekkimist rindadesse p\u00e4rsitakse. Selleks kirjutab arst vastava ravimi.<\/p>\n\n\n\n<p class=\"has-text-color\" style=\"color:#339999\"><strong><strong>When to go for a postpartum checkup?<\/strong><\/strong><\/p>\n\n\n\n<p>If you have no physical ailments, you should get a postpartum checkup about 6 weeks after delivery. During this time, the postpartum discharge has stopped and you may already have had the first menstruation. The uterus is back to its normal size, tissue integrity has been restored in the case of vaginal and\/or perineal tearing, and the wound has healed if you had a caesarean section. The doctor will check whether everything has gone as expected.<\/p>\n\n\n\n<p>Kui on toimunud raseduse katkemine v\u00f5i raseduse katkestamine kas tablettidega v\u00f5i kirurgiliselt, siis peaks kaebuste puudumisel kontrolli minema 2\u20133 n\u00e4dala m\u00f6\u00f6dudes katkemisest\/katkestamisest.<\/p>\n\n\n\n<p class=\"has-text-color\" style=\"color:#339999\"><strong><strong>What is covered by a gynaecological examination?<\/strong><\/strong><\/p>\n\n\n\n<p>If the placenta and child were sent for a pathoanatomical examination, it is likely that the test results will be available by then. The results will determine whether the mother or father should have additional tests done. For example, in the case of inflammation, it is recommended to re-examine the genital tract for possible pathogenic microbes and\/or to test for viral diseases.<\/p>\n\n\n\n<p>Kui on esinenud loote v\u00e4\u00e4rareng, on tihti n\u00e4idustatud uuringud ja n\u00f5ustamine geneetiku juures, m\u00f5nel juhul on n\u00e4idustatud uuringud h\u00fc\u00fcbisvuss\u00fcsteemi hindamiseks. Lisauuringute maht s\u00f5ltub sellest, mis v\u00f5is olla k\u00f5ige t\u00f5en\u00e4olisem p\u00f5hjendus surnults\u00fcndimisele.<\/p>\n\n\n\n<p>Raseduse katkemise v\u00f5i raseduse katkestamise puhul kas tablettidega v\u00f5i kirurgiliselt vaadatakse \u00fcle (enamasti ultraheliuuringuga), kas emaka terviklikkus on taastunud ja kas katkemine on olnud t\u00e4ielik. Koos arstiga saab l\u00e4bi arutada, kas ja millised lisauuringud on vajalikud. Kui peaks esinema tugev verejooks, valud alak\u00f5hus ja\/v\u00f5i palavik, tuleks koheselt arstile p\u00f6\u00f6rduda, vajadusel erakorralise meditsiini osakonda v\u00f5i haiglasse.<\/p>\n\n\n\n<p class=\"has-text-color\" style=\"color:#339999\"><strong><strong>How is the death of a child\/abortion investigated?<\/strong><\/strong><\/p>\n\n\n\n<p>Kui toimunud on surnults\u00fcnd, siis uuritakse eraldi nii platsentat kui last. Hinnatakse m\u00f5lema vastavust raseduse suurusele, lapse v\u00e4ljan\u00e4gemist (n\u00e4iteks kas on v\u00e4liseid v\u00f5i sisemisi muutusi, mis viitaksid v\u00f5imalikule kromosoomi- v\u00f5i geenihaigusele v\u00f5i v\u00e4\u00e4rarengule); kudede tasandil hinnatakse p\u00f5letiku esinemist, samuti on v\u00f5imalik hinnata, kui kaua enne s\u00fcnnitust loode v\u00f5is hukkuda.<\/p>\n\n\n\n<p>Enamuse enne 12. rasedusn\u00e4dalat toimunud iseenesliku raseduse katkemise puhul on tegemist nii-\u00f6elda loodusliku valikuga \u2013 loote arengus on midagi lootusetult valesti l\u00e4inud (enamasti on tegemist kromosoomide jagunemisega seotud seisundiga). Registreeritult katkeb umbes 10\u201315% k\u00f5igist rasedustest, tegelikkuses on neid kindlasti rohkem.<\/p>\n\n\n\n<p>It is internationally agreed that additional studies (congenital coagulation disorders, autoimmune diseases and consultation with a geneticist) are indicated if three consecutive pregnancies were terminated before 12 weeks of gestation.<br><\/p>\n\n\n\n<p class=\"has-text-align-right\"><strong><strong>Next <a href=\"https:\/\/vaiksed.ee\/en\/tugi-lapse-kaotuse-puhul\/tagasi-igapaevaellu\/\">Back to everyday life<\/a><\/strong><br><\/strong><\/p>","protected":false},"excerpt":{"rendered":"<p>Sellelt lehelt leiad k\u00fcsimused naistearstile, mis puudutavad ema tervist p\u00e4rast s\u00fcnnitust, raseduse katkemist v\u00f5i raseduse katkestamist. Samuti jagab naistearst infot selle kohta, kuidas uuritakse juhtunut ning mida j\u00e4rgmise raseduse puhul&hellip;<\/p>","protected":false},"author":174446673,"featured_media":0,"parent":104,"menu_order":3,"comment_status":"closed","ping_status":"closed","template":"","meta":[],"yoast_head":"<!-- This site is optimized with the Yoast SEO plugin v20.12 - https:\/\/yoast.com\/wordpress\/plugins\/seo\/ -->\n<title>K\u00fcsimused naistearstile lapse kaotuse j\u00e4rel | Vaikuse lapsed<\/title>\n<meta name=\"description\" content=\"Kui toimub raseduse katkemine v\u00f5i lapse kaotus s\u00fcnnitusel v\u00f5i sellele j\u00e4rgnevalt, aitab naistearst selgitada v\u00f5imalikke p\u00f5hjuseid uuringutega. Loe visiidi kohta.\" \/>\n<meta name=\"robots\" content=\"index, follow, max-snippet:-1, max-image-preview:large, max-video-preview:-1\" \/>\n<link rel=\"canonical\" href=\"https:\/\/vaiksed.ee\/en\/praktilised-kusimused\/kusimused-naistearstile\/\" \/>\n<meta property=\"og:locale\" content=\"en_GB\" \/>\n<meta property=\"og:type\" content=\"article\" \/>\n<meta property=\"og:title\" content=\"K\u00fcsimused naistearstile lapse kaotuse j\u00e4rel | Vaikuse lapsed\" \/>\n<meta property=\"og:description\" content=\"Kui toimub raseduse katkemine v\u00f5i lapse kaotus s\u00fcnnitusel v\u00f5i sellele j\u00e4rgnevalt, aitab naistearst selgitada v\u00f5imalikke p\u00f5hjuseid uuringutega. Loe visiidi kohta.\" \/>\n<meta property=\"og:url\" content=\"https:\/\/vaiksed.ee\/en\/praktilised-kusimused\/kusimused-naistearstile\/\" \/>\n<meta property=\"og:site_name\" content=\"Vaikuse lapsed\" \/>\n<meta property=\"article:modified_time\" content=\"2023-07-30T13:03:06+00:00\" \/>\n<meta property=\"og:image\" content=\"https:\/\/vaiksed.ee\/wp-content\/uploads\/2019\/10\/tsitaat5.jpg?w=1024\" \/>\n<meta name=\"twitter:card\" content=\"summary_large_image\" \/>\n<meta name=\"twitter:label1\" content=\"Estimated reading time\" \/>\n\t<meta name=\"twitter:data1\" content=\"3 minutes\" \/>\n<script type=\"application\/ld+json\" class=\"yoast-schema-graph\">{\"@context\":\"https:\/\/schema.org\",\"@graph\":[{\"@type\":\"WebPage\",\"@id\":\"https:\/\/vaiksed.ee\/praktilised-kusimused\/kusimused-naistearstile\/\",\"url\":\"https:\/\/vaiksed.ee\/praktilised-kusimused\/kusimused-naistearstile\/\",\"name\":\"K\u00fcsimused naistearstile lapse kaotuse j\u00e4rel | Vaikuse lapsed\",\"isPartOf\":{\"@id\":\"https:\/\/vaiksed.ee\/#website\"},\"datePublished\":\"2019-09-30T00:54:31+00:00\",\"dateModified\":\"2023-07-30T13:03:06+00:00\",\"description\":\"Kui toimub raseduse katkemine v\u00f5i lapse kaotus s\u00fcnnitusel v\u00f5i sellele j\u00e4rgnevalt, aitab naistearst selgitada v\u00f5imalikke p\u00f5hjuseid uuringutega. Loe visiidi kohta.\",\"breadcrumb\":{\"@id\":\"https:\/\/vaiksed.ee\/praktilised-kusimused\/kusimused-naistearstile\/#breadcrumb\"},\"inLanguage\":\"en-GB\",\"potentialAction\":[{\"@type\":\"ReadAction\",\"target\":[\"https:\/\/vaiksed.ee\/praktilised-kusimused\/kusimused-naistearstile\/\"]}]},{\"@type\":\"BreadcrumbList\",\"@id\":\"https:\/\/vaiksed.ee\/praktilised-kusimused\/kusimused-naistearstile\/#breadcrumb\",\"itemListElement\":[{\"@type\":\"ListItem\",\"position\":1,\"name\":\"Home\",\"item\":\"https:\/\/vaiksed.ee\/\"},{\"@type\":\"ListItem\",\"position\":2,\"name\":\"Praktilised k\u00fcsimused\",\"item\":\"https:\/\/vaiksed.ee\/praktilised-kusimused\/\"},{\"@type\":\"ListItem\",\"position\":3,\"name\":\"K\u00fcsimused naistearstile\"}]},{\"@type\":\"WebSite\",\"@id\":\"https:\/\/vaiksed.ee\/#website\",\"url\":\"https:\/\/vaiksed.ee\/\",\"name\":\"Vaikuse lapsed\",\"description\":\"Vaikuselaps, las valvab su \u00fcle valguse vaim \u2013 rahu ja armastus\",\"publisher\":{\"@id\":\"https:\/\/vaiksed.ee\/#organization\"},\"potentialAction\":[{\"@type\":\"SearchAction\",\"target\":{\"@type\":\"EntryPoint\",\"urlTemplate\":\"https:\/\/vaiksed.ee\/?s={search_term_string}\"},\"query-input\":\"required name=search_term_string\"}],\"inLanguage\":\"en-GB\"},{\"@type\":\"Organization\",\"@id\":\"https:\/\/vaiksed.ee\/#organization\",\"name\":\"Vaikuse lapsed\",\"url\":\"https:\/\/vaiksed.ee\/\",\"logo\":{\"@type\":\"ImageObject\",\"inLanguage\":\"en-GB\",\"@id\":\"https:\/\/vaiksed.ee\/#\/schema\/logo\/image\/\",\"url\":\"https:\/\/vaiksed.ee\/wp-content\/uploads\/2022\/11\/173568.png\",\"contentUrl\":\"https:\/\/vaiksed.ee\/wp-content\/uploads\/2022\/11\/173568.png\",\"width\":500,\"height\":500,\"caption\":\"Vaikuse lapsed\"},\"image\":{\"@id\":\"https:\/\/vaiksed.ee\/#\/schema\/logo\/image\/\"}}]}<\/script>\n<!-- \/ Yoast SEO plugin. -->","yoast_head_json":{"title":"K\u00fcsimused naistearstile lapse kaotuse j\u00e4rel | Vaikuse lapsed","description":"Kui toimub raseduse katkemine v\u00f5i lapse kaotus s\u00fcnnitusel v\u00f5i sellele j\u00e4rgnevalt, aitab naistearst selgitada v\u00f5imalikke p\u00f5hjuseid uuringutega. Loe visiidi kohta.","robots":{"index":"index","follow":"follow","max-snippet":"max-snippet:-1","max-image-preview":"max-image-preview:large","max-video-preview":"max-video-preview:-1"},"canonical":"https:\/\/vaiksed.ee\/en\/praktilised-kusimused\/kusimused-naistearstile\/","og_locale":"en_GB","og_type":"article","og_title":"K\u00fcsimused naistearstile lapse kaotuse j\u00e4rel | Vaikuse lapsed","og_description":"Kui toimub raseduse katkemine v\u00f5i lapse kaotus s\u00fcnnitusel v\u00f5i sellele j\u00e4rgnevalt, aitab naistearst selgitada v\u00f5imalikke p\u00f5hjuseid uuringutega. Loe visiidi kohta.","og_url":"https:\/\/vaiksed.ee\/en\/praktilised-kusimused\/kusimused-naistearstile\/","og_site_name":"Vaikuse lapsed","article_modified_time":"2023-07-30T13:03:06+00:00","og_image":[{"url":"https:\/\/vaiksed.ee\/wp-content\/uploads\/2019\/10\/tsitaat5.jpg?w=1024"}],"twitter_card":"summary_large_image","twitter_misc":{"Estimated reading time":"3 minutes"},"schema":{"@context":"https:\/\/schema.org","@graph":[{"@type":"WebPage","@id":"https:\/\/vaiksed.ee\/praktilised-kusimused\/kusimused-naistearstile\/","url":"https:\/\/vaiksed.ee\/praktilised-kusimused\/kusimused-naistearstile\/","name":"K\u00fcsimused naistearstile lapse kaotuse j\u00e4rel | Vaikuse lapsed","isPartOf":{"@id":"https:\/\/vaiksed.ee\/#website"},"datePublished":"2019-09-30T00:54:31+00:00","dateModified":"2023-07-30T13:03:06+00:00","description":"Kui toimub raseduse katkemine v\u00f5i lapse kaotus s\u00fcnnitusel v\u00f5i sellele j\u00e4rgnevalt, aitab naistearst selgitada v\u00f5imalikke p\u00f5hjuseid uuringutega. Loe visiidi kohta.","breadcrumb":{"@id":"https:\/\/vaiksed.ee\/praktilised-kusimused\/kusimused-naistearstile\/#breadcrumb"},"inLanguage":"en-GB","potentialAction":[{"@type":"ReadAction","target":["https:\/\/vaiksed.ee\/praktilised-kusimused\/kusimused-naistearstile\/"]}]},{"@type":"BreadcrumbList","@id":"https:\/\/vaiksed.ee\/praktilised-kusimused\/kusimused-naistearstile\/#breadcrumb","itemListElement":[{"@type":"ListItem","position":1,"name":"Home","item":"https:\/\/vaiksed.ee\/"},{"@type":"ListItem","position":2,"name":"Praktilised k\u00fcsimused","item":"https:\/\/vaiksed.ee\/praktilised-kusimused\/"},{"@type":"ListItem","position":3,"name":"K\u00fcsimused naistearstile"}]},{"@type":"WebSite","@id":"https:\/\/vaiksed.ee\/#website","url":"https:\/\/vaiksed.ee\/","name":"Vaikuse lapsed","description":"Vaikuselaps, las valvab su \u00fcle valguse vaim \u2013 rahu ja armastus","publisher":{"@id":"https:\/\/vaiksed.ee\/#organization"},"potentialAction":[{"@type":"SearchAction","target":{"@type":"EntryPoint","urlTemplate":"https:\/\/vaiksed.ee\/?s={search_term_string}"},"query-input":"required name=search_term_string"}],"inLanguage":"en-GB"},{"@type":"Organization","@id":"https:\/\/vaiksed.ee\/#organization","name":"Vaikuse lapsed","url":"https:\/\/vaiksed.ee\/","logo":{"@type":"ImageObject","inLanguage":"en-GB","@id":"https:\/\/vaiksed.ee\/#\/schema\/logo\/image\/","url":"https:\/\/vaiksed.ee\/wp-content\/uploads\/2022\/11\/173568.png","contentUrl":"https:\/\/vaiksed.ee\/wp-content\/uploads\/2022\/11\/173568.png","width":500,"height":500,"caption":"Vaikuse lapsed"},"image":{"@id":"https:\/\/vaiksed.ee\/#\/schema\/logo\/image\/"}}]}},"_links":{"self":[{"href":"https:\/\/vaiksed.ee\/en\/wp-json\/wp\/v2\/pages\/217"}],"collection":[{"href":"https:\/\/vaiksed.ee\/en\/wp-json\/wp\/v2\/pages"}],"about":[{"href":"https:\/\/vaiksed.ee\/en\/wp-json\/wp\/v2\/types\/page"}],"author":[{"embeddable":true,"href":"https:\/\/vaiksed.ee\/en\/wp-json\/wp\/v2\/users\/174446673"}],"replies":[{"embeddable":true,"href":"https:\/\/vaiksed.ee\/en\/wp-json\/wp\/v2\/comments?post=217"}],"version-history":[{"count":14,"href":"https:\/\/vaiksed.ee\/en\/wp-json\/wp\/v2\/pages\/217\/revisions"}],"predecessor-version":[{"id":2380,"href":"https:\/\/vaiksed.ee\/en\/wp-json\/wp\/v2\/pages\/217\/revisions\/2380"}],"up":[{"embeddable":true,"href":"https:\/\/vaiksed.ee\/en\/wp-json\/wp\/v2\/pages\/104"}],"wp:attachment":[{"href":"https:\/\/vaiksed.ee\/en\/wp-json\/wp\/v2\/media?parent=217"}],"curies":[{"name":"wp","href":"https:\/\/api.w.org\/{rel}","templated":true}]}}