{"id":205,"date":"2019-09-30T00:38:31","date_gmt":"2019-09-30T00:38:31","guid":{"rendered":"https:\/\/vaiksed.ee\/?page_id=205"},"modified":"2023-07-30T12:45:42","modified_gmt":"2023-07-30T12:45:42","slug":"beebiga-seotud-malestused","status":"publish","type":"page","link":"https:\/\/vaiksed.ee\/en\/praktilised-kusimused\/beebiga-seotud-malestused\/","title":{"rendered":"Memories of your baby"},"content":{"rendered":"<div class=\"wp-block-image\">\n<figure class=\"alignright size-large is-resized\"><img decoding=\"async\" src=\"https:\/\/vaiksed.ee\/wp-content\/uploads\/2019\/10\/tsitaat3.jpg?w=1024\" alt=\"\" class=\"wp-image-695\" width=\"449\" height=\"244\"\/><\/figure><\/div>\n\n\n<p><br>Kui toimunud on raseduse katkemine v\u00f5i beebi on surnud vahetult p\u00e4rast s\u00fcnnitust, ei pruugi perekonnal olla kuigi palju temaga seotud m\u00e4lestusi. Olgugi et alguses v\u00f5id sa nii m\u00f5neski soovituses kahelda, on paljud perekonnad hiljem tajunud n\u00e4iteks beebiga koos oldud aja, temast tehtud fotode v\u00f5i temaga seotud m\u00e4lestusesemete hindamatut v\u00e4\u00e4rtust. Esemed on paljudele inimestele abiks leinamisel. Need aitavad juhtunut m\u00f5testada ja kinnitavad sulle, et su beebi oli p\u00e4riselt olemas.<\/p>\n\n\n\n<p class=\"has-text-color has-medium-font-size\" style=\"color:#339999\"><strong><strong>Seeing your baby<\/strong><\/strong><\/p>\n\n\n\n<p>Kui sinu beebi elas m\u00f5nda aega p\u00e4rast s\u00fcndimist, oli sul v\u00f5imalus teda puudutada ja v\u00f5ib-olla ka hoida ja kallistada. Kui toimus raseduse katkemine v\u00f5i beebi suri enne s\u00fcndi, k\u00fcsitakse sinu k\u00e4est enamasti eelnevalt, kas sa soovid oma last n\u00e4ha ja teda hoida.<br><br>At first, seeing and holding a dead child can seem frightening. Nevertheless, many parents have later admitted that those moments are some of their most precious memories. Seeing your baby and being with them gives you the chance to mourn someone real. Sometimes parents are worried that seeing and holding their deceased child can make their grief even more painful and that they may become overly attached to their child. Yet you will have been expecting the child and feeling love for them even before they died.<br><br>If you want to see your baby but have not been offered the option, ask the hospital or maternity ward staff. Depending on the child\u2019s condition, it may not be possible to see them. In such a case, we recommend that you talk about the reasons with your doctor.<\/p>\n\n\n\n<p>If you are given the opportunity to spend time with your child, take it slow and do not rush yourself. Some parents, nonetheless, prefer not to see their baby. And sometimes one parent may want to see the baby, while the other does not. The most important thing is to do what feels right to you.<\/p>\n\n\n\n<p>However, if you are unsure, discuss your concerns with the hospital or maternity ward staff. For example, before seeing your baby you may wish to know what he or she looks like at the moment, or you may have other questions you would like answered before you decide whether or not to see the baby. In any case, you should weigh the decision carefully, as some parents have later come to regret not seeing their child.<\/p>\n\n\n<div class=\"wp-block-image\">\n<figure class=\"alignleft size-large is-resized\"><img decoding=\"async\" src=\"https:\/\/vaiksed.ee\/wp-content\/uploads\/2019\/10\/tsitaat12-1.jpg?w=1024\" alt=\"\" class=\"wp-image-699\" width=\"368\" height=\"249\"\/><\/figure><\/div>\n\n\n<p>Even if you took the chance to see and spend time with your baby, you may still regret that it was not enough. Perhaps you would have liked to see them for longer or perhaps it did not immediately occur to you to hold, embrace, and dress the child. It is important that you become aware of these feelings and that you also mourn what you failed to do. Always know that you did the best that you could at that moment. Even parents who have said that they stayed for a long period with their baby often wish that they had had more time.<\/p>\n\n\n\n<p>Kui teie beebil on vendi-\u00f5desid ja vanavanemaid, tasub kaaluda v\u00f5imalust, kas ka nemad saaksid last n\u00e4ha. Nii muutub nii laps kui tema lapse kaotus ka nende jaoks reaalsemaks ning algab leinamine.<\/p>\n\n\n\n<p class=\"has-text-color has-medium-font-size\" style=\"color:#339999\"><br><strong>Photos<\/strong><\/p>\n\n\n\n<p>If possible, the midwife will offer to take some photos of your baby as a keepsake. You can, of course, also take photos yourself. If you are not sure whether you want photos of your baby, you can still have the midwife take them, but simply leave them with the hospital, where you can retrieve them later, if you so choose.<\/p>\n\n\n\n<p class=\"has-text-color has-medium-font-size\" style=\"color:#339999\"><strong>Other memorabilia<\/strong><\/p>\n\n\n\n<p>Most maternity hospitals will offer you <a href=\"https:\/\/vaiksed.ee\/en\/malestustekarp\/\">a remembrance box or pouch<\/a>. Need m\u00e4lestusesemed on valmistanud teised vanemad, kes samuti on kogenud lapse kaotust ja soovivad sulle sel raskel hetkel toeks olla. Soovitame sul m\u00e4lestusese vastu v\u00f5tta, isegi kui sa sellel esialgu m\u00f5tet ei n\u00e4e \u2013 loobuda saad sa sellest hiljem alati.<\/p>\n\n\n\n<p>Other memorabilia may include, for example, ultrasound recordings or items issued by the maternity hospital and marked with the baby\u2019s measurements and date of birth. It may also be possible to have the baby\u2019s handprints and footprints taken at the hospital. Some parents want to keep their baby\u2019s clothes, the blanket the baby was wrapped in, or a lock of the child\u2019s hair. Later memorabilia, such as photos of the funeral service, poems, expressions of condolences, letters, and cards, may also be valuable.<\/p>\n\n\n\n<p class=\"has-text-color has-medium-font-size\" style=\"color:#339999\"><strong>Naming<\/strong><\/p>\n\n\n\n<p>\u00dcsasiseselt surnud lapse eesnimi on v\u00f5imalik lisada perinataalsurma p\u00f5hjuse teatisesse, kust see j\u00f5uab l\u00e4bi tervishoiuteenuse infos\u00fcsteemide (TISi) surma p\u00f5hjuste registrisse. See soov on v\u00f5imalik esitada haiglas meditsiinipersonalile. <\/p>\n\n\n\n<p>Soovi korral saavad vanemad j\u00e4\u00e4dvustada lapse nime tema hauakivil. M\u00f5ned vanemad eelistavad j\u00e4tta h\u00fc\u00fcdnime, millega last raseduse ajal kutsuti. Paljud raseduse katkemisel v\u00f5i raseduse katkestamisel lapse kaotanud vanemad on kogenud oma lapsele nime panemist olulise sammuna leinateekonna alustamisel.<\/p>\n\n\n\n<p class=\"has-text-align-right\"><br><strong><strong>Next <a href=\"https:\/\/vaiksed.ee\/en\/tugi-lapse-kaotuse-puhul\/abi-asjaajamisel\/\">Practical matters<\/a><br><\/strong><\/strong><\/p>","protected":false},"excerpt":{"rendered":"<p>Kui toimunud on raseduse katkemine v\u00f5i beebi on surnud vahetult p\u00e4rast s\u00fcnnitust, ei pruugi perekonnal olla kuigi palju temaga seotud m\u00e4lestusi. Olgugi et alguses v\u00f5id sa nii m\u00f5neski soovituses kahelda,&hellip;<\/p>","protected":false},"author":174446673,"featured_media":0,"parent":104,"menu_order":0,"comment_status":"closed","ping_status":"closed","template":"","meta":[],"yoast_head":"<!-- This site is optimized with the Yoast SEO plugin v20.12 - https:\/\/yoast.com\/wordpress\/plugins\/seo\/ -->\n<title>Beebiga seotud m\u00e4lestuste talletamine | Vaikuse lapsed<\/title>\n<meta name=\"description\" content=\"Beebiga seotud m\u00e4lestuste talletamine on abiks leinamisel kui toimub raseduse katkemine, lapse surm s\u00fcnnitusel v\u00f5i selle j\u00e4rgselt. Viisid m\u00e4lestamiseks leiad siit.\" \/>\n<meta name=\"robots\" content=\"index, follow, max-snippet:-1, max-image-preview:large, max-video-preview:-1\" \/>\n<link rel=\"canonical\" href=\"https:\/\/vaiksed.ee\/en\/praktilised-kusimused\/beebiga-seotud-malestused\/\" \/>\n<meta property=\"og:locale\" content=\"en_GB\" \/>\n<meta property=\"og:type\" content=\"article\" \/>\n<meta property=\"og:title\" content=\"Beebiga seotud m\u00e4lestuste talletamine | Vaikuse lapsed\" \/>\n<meta property=\"og:description\" content=\"Beebiga seotud m\u00e4lestuste talletamine on abiks leinamisel kui toimub raseduse katkemine, lapse surm s\u00fcnnitusel v\u00f5i selle j\u00e4rgselt. Viisid m\u00e4lestamiseks leiad siit.\" \/>\n<meta property=\"og:url\" content=\"https:\/\/vaiksed.ee\/en\/praktilised-kusimused\/beebiga-seotud-malestused\/\" \/>\n<meta property=\"og:site_name\" content=\"Vaikuse lapsed\" \/>\n<meta property=\"article:modified_time\" content=\"2023-07-30T12:45:42+00:00\" \/>\n<meta property=\"og:image\" content=\"https:\/\/vaiksed.ee\/wp-content\/uploads\/2019\/10\/tsitaat3.jpg?w=1024\" \/>\n<meta name=\"twitter:card\" content=\"summary_large_image\" \/>\n<meta name=\"twitter:label1\" content=\"Estimated reading time\" \/>\n\t<meta name=\"twitter:data1\" content=\"4 minutes\" \/>\n<script type=\"application\/ld+json\" class=\"yoast-schema-graph\">{\"@context\":\"https:\/\/schema.org\",\"@graph\":[{\"@type\":\"WebPage\",\"@id\":\"https:\/\/vaiksed.ee\/praktilised-kusimused\/beebiga-seotud-malestused\/\",\"url\":\"https:\/\/vaiksed.ee\/praktilised-kusimused\/beebiga-seotud-malestused\/\",\"name\":\"Beebiga seotud m\u00e4lestuste talletamine | Vaikuse lapsed\",\"isPartOf\":{\"@id\":\"https:\/\/vaiksed.ee\/#website\"},\"datePublished\":\"2019-09-30T00:38:31+00:00\",\"dateModified\":\"2023-07-30T12:45:42+00:00\",\"description\":\"Beebiga seotud m\u00e4lestuste talletamine on abiks leinamisel kui toimub raseduse katkemine, lapse surm s\u00fcnnitusel v\u00f5i selle j\u00e4rgselt. Viisid m\u00e4lestamiseks leiad siit.\",\"breadcrumb\":{\"@id\":\"https:\/\/vaiksed.ee\/praktilised-kusimused\/beebiga-seotud-malestused\/#breadcrumb\"},\"inLanguage\":\"en-GB\",\"potentialAction\":[{\"@type\":\"ReadAction\",\"target\":[\"https:\/\/vaiksed.ee\/praktilised-kusimused\/beebiga-seotud-malestused\/\"]}]},{\"@type\":\"BreadcrumbList\",\"@id\":\"https:\/\/vaiksed.ee\/praktilised-kusimused\/beebiga-seotud-malestused\/#breadcrumb\",\"itemListElement\":[{\"@type\":\"ListItem\",\"position\":1,\"name\":\"Home\",\"item\":\"https:\/\/vaiksed.ee\/\"},{\"@type\":\"ListItem\",\"position\":2,\"name\":\"Praktilised k\u00fcsimused\",\"item\":\"https:\/\/vaiksed.ee\/praktilised-kusimused\/\"},{\"@type\":\"ListItem\",\"position\":3,\"name\":\"Beebiga seotud m\u00e4lestused\"}]},{\"@type\":\"WebSite\",\"@id\":\"https:\/\/vaiksed.ee\/#website\",\"url\":\"https:\/\/vaiksed.ee\/\",\"name\":\"Vaikuse lapsed\",\"description\":\"Vaikuselaps, las valvab su \u00fcle valguse vaim \u2013 rahu ja armastus\",\"publisher\":{\"@id\":\"https:\/\/vaiksed.ee\/#organization\"},\"potentialAction\":[{\"@type\":\"SearchAction\",\"target\":{\"@type\":\"EntryPoint\",\"urlTemplate\":\"https:\/\/vaiksed.ee\/?s={search_term_string}\"},\"query-input\":\"required name=search_term_string\"}],\"inLanguage\":\"en-GB\"},{\"@type\":\"Organization\",\"@id\":\"https:\/\/vaiksed.ee\/#organization\",\"name\":\"Vaikuse lapsed\",\"url\":\"https:\/\/vaiksed.ee\/\",\"logo\":{\"@type\":\"ImageObject\",\"inLanguage\":\"en-GB\",\"@id\":\"https:\/\/vaiksed.ee\/#\/schema\/logo\/image\/\",\"url\":\"https:\/\/vaiksed.ee\/wp-content\/uploads\/2022\/11\/173568.png\",\"contentUrl\":\"https:\/\/vaiksed.ee\/wp-content\/uploads\/2022\/11\/173568.png\",\"width\":500,\"height\":500,\"caption\":\"Vaikuse lapsed\"},\"image\":{\"@id\":\"https:\/\/vaiksed.ee\/#\/schema\/logo\/image\/\"}}]}<\/script>\n<!-- \/ Yoast SEO plugin. -->","yoast_head_json":{"title":"Beebiga seotud m\u00e4lestuste talletamine | Vaikuse lapsed","description":"Beebiga seotud m\u00e4lestuste talletamine on abiks leinamisel kui toimub raseduse katkemine, lapse surm s\u00fcnnitusel v\u00f5i selle j\u00e4rgselt. Viisid m\u00e4lestamiseks leiad siit.","robots":{"index":"index","follow":"follow","max-snippet":"max-snippet:-1","max-image-preview":"max-image-preview:large","max-video-preview":"max-video-preview:-1"},"canonical":"https:\/\/vaiksed.ee\/en\/praktilised-kusimused\/beebiga-seotud-malestused\/","og_locale":"en_GB","og_type":"article","og_title":"Beebiga seotud m\u00e4lestuste talletamine | Vaikuse lapsed","og_description":"Beebiga seotud m\u00e4lestuste talletamine on abiks leinamisel kui toimub raseduse katkemine, lapse surm s\u00fcnnitusel v\u00f5i selle j\u00e4rgselt. Viisid m\u00e4lestamiseks leiad siit.","og_url":"https:\/\/vaiksed.ee\/en\/praktilised-kusimused\/beebiga-seotud-malestused\/","og_site_name":"Vaikuse lapsed","article_modified_time":"2023-07-30T12:45:42+00:00","og_image":[{"url":"https:\/\/vaiksed.ee\/wp-content\/uploads\/2019\/10\/tsitaat3.jpg?w=1024"}],"twitter_card":"summary_large_image","twitter_misc":{"Estimated reading time":"4 minutes"},"schema":{"@context":"https:\/\/schema.org","@graph":[{"@type":"WebPage","@id":"https:\/\/vaiksed.ee\/praktilised-kusimused\/beebiga-seotud-malestused\/","url":"https:\/\/vaiksed.ee\/praktilised-kusimused\/beebiga-seotud-malestused\/","name":"Beebiga seotud m\u00e4lestuste talletamine | Vaikuse lapsed","isPartOf":{"@id":"https:\/\/vaiksed.ee\/#website"},"datePublished":"2019-09-30T00:38:31+00:00","dateModified":"2023-07-30T12:45:42+00:00","description":"Beebiga seotud m\u00e4lestuste talletamine on abiks leinamisel kui toimub raseduse katkemine, lapse surm s\u00fcnnitusel v\u00f5i selle j\u00e4rgselt. Viisid m\u00e4lestamiseks leiad siit.","breadcrumb":{"@id":"https:\/\/vaiksed.ee\/praktilised-kusimused\/beebiga-seotud-malestused\/#breadcrumb"},"inLanguage":"en-GB","potentialAction":[{"@type":"ReadAction","target":["https:\/\/vaiksed.ee\/praktilised-kusimused\/beebiga-seotud-malestused\/"]}]},{"@type":"BreadcrumbList","@id":"https:\/\/vaiksed.ee\/praktilised-kusimused\/beebiga-seotud-malestused\/#breadcrumb","itemListElement":[{"@type":"ListItem","position":1,"name":"Home","item":"https:\/\/vaiksed.ee\/"},{"@type":"ListItem","position":2,"name":"Praktilised k\u00fcsimused","item":"https:\/\/vaiksed.ee\/praktilised-kusimused\/"},{"@type":"ListItem","position":3,"name":"Beebiga seotud m\u00e4lestused"}]},{"@type":"WebSite","@id":"https:\/\/vaiksed.ee\/#website","url":"https:\/\/vaiksed.ee\/","name":"Vaikuse lapsed","description":"Vaikuselaps, las valvab su \u00fcle valguse vaim \u2013 rahu ja armastus","publisher":{"@id":"https:\/\/vaiksed.ee\/#organization"},"potentialAction":[{"@type":"SearchAction","target":{"@type":"EntryPoint","urlTemplate":"https:\/\/vaiksed.ee\/?s={search_term_string}"},"query-input":"required name=search_term_string"}],"inLanguage":"en-GB"},{"@type":"Organization","@id":"https:\/\/vaiksed.ee\/#organization","name":"Vaikuse lapsed","url":"https:\/\/vaiksed.ee\/","logo":{"@type":"ImageObject","inLanguage":"en-GB","@id":"https:\/\/vaiksed.ee\/#\/schema\/logo\/image\/","url":"https:\/\/vaiksed.ee\/wp-content\/uploads\/2022\/11\/173568.png","contentUrl":"https:\/\/vaiksed.ee\/wp-content\/uploads\/2022\/11\/173568.png","width":500,"height":500,"caption":"Vaikuse lapsed"},"image":{"@id":"https:\/\/vaiksed.ee\/#\/schema\/logo\/image\/"}}]}},"_links":{"self":[{"href":"https:\/\/vaiksed.ee\/en\/wp-json\/wp\/v2\/pages\/205"}],"collection":[{"href":"https:\/\/vaiksed.ee\/en\/wp-json\/wp\/v2\/pages"}],"about":[{"href":"https:\/\/vaiksed.ee\/en\/wp-json\/wp\/v2\/types\/page"}],"author":[{"embeddable":true,"href":"https:\/\/vaiksed.ee\/en\/wp-json\/wp\/v2\/users\/174446673"}],"replies":[{"embeddable":true,"href":"https:\/\/vaiksed.ee\/en\/wp-json\/wp\/v2\/comments?post=205"}],"version-history":[{"count":37,"href":"https:\/\/vaiksed.ee\/en\/wp-json\/wp\/v2\/pages\/205\/revisions"}],"predecessor-version":[{"id":2370,"href":"https:\/\/vaiksed.ee\/en\/wp-json\/wp\/v2\/pages\/205\/revisions\/2370"}],"up":[{"embeddable":true,"href":"https:\/\/vaiksed.ee\/en\/wp-json\/wp\/v2\/pages\/104"}],"wp:attachment":[{"href":"https:\/\/vaiksed.ee\/en\/wp-json\/wp\/v2\/media?parent=205"}],"curies":[{"name":"wp","href":"https:\/\/api.w.org\/{rel}","templated":true}]}}