{"id":1922,"date":"2023-01-05T10:15:05","date_gmt":"2023-01-05T10:15:05","guid":{"rendered":"https:\/\/vaiksed.ee\/?page_id=1922"},"modified":"2023-12-07T15:22:37","modified_gmt":"2023-12-07T15:22:37","slug":"dokumendid","status":"publish","type":"page","link":"https:\/\/vaiksed.ee\/en\/dokumendid\/","title":{"rendered":"MT\u00dc Vaikuse Lapsed dokumendid"},"content":{"rendered":"<div data-elementor-type=\"wp-page\" data-elementor-id=\"1922\" class=\"elementor elementor-1922\">\n\t\t\t\t\t\t\t\t\t<section class=\"penci-section penci-disSticky penci-structure-10 elementor-section elementor-top-section elementor-element elementor-element-3d30ec45 elementor-section-boxed elementor-section-height-default elementor-section-height-default\" data-id=\"3d30ec45\" data-element_type=\"section\">\n\t\t\t\t\t\t<div class=\"elementor-container elementor-column-gap-default\">\n\t\t\t\t\t<div class=\"penci-ercol-100 penci-ercol-order-1 penci-sticky-ct    elementor-column elementor-col-100 elementor-top-column elementor-element elementor-element-63128d78\" data-id=\"63128d78\" data-element_type=\"column\">\n\t\t\t<div class=\"elementor-widget-wrap elementor-element-populated\">\n\t\t\t\t\t\t\t\t<div class=\"elementor-element elementor-element-176855ad elementor-widget elementor-widget-text-editor\" data-id=\"176855ad\" data-element_type=\"widget\" data-widget_type=\"text-editor.default\">\n\t\t\t\t<div class=\"elementor-widget-container\">\n\t\t\t<style>\/*! elementor - v3.12.0 - 29-03-2023 *\/\n.elementor-widget-text-editor.elementor-drop-cap-view-stacked .elementor-drop-cap{background-color:#69727d;color:#fff}.elementor-widget-text-editor.elementor-drop-cap-view-framed .elementor-drop-cap{color:#69727d;border:3px solid;background-color:transparent}.elementor-widget-text-editor:not(.elementor-drop-cap-view-default) .elementor-drop-cap{margin-top:8px}.elementor-widget-text-editor:not(.elementor-drop-cap-view-default) .elementor-drop-cap-letter{width:1em;height:1em}.elementor-widget-text-editor .elementor-drop-cap{float:left;text-align:center;line-height:1;font-size:50px}.elementor-widget-text-editor .elementor-drop-cap-letter{display:inline-block}<\/style>\t\t\t\t<!-- wp:list -->\n<ul><!-- wp:list-item -->\n<li><a href=\"http:\/\/vaiksed.ee\/wp-content\/uploads\/2023\/12\/Mittetulundusuhing_Vaikuse_Lapsed-MTU_Vaikuse_lapsed_pohikiri.pdf\">MT\u00dc p\u00f5hikiri<\/a><\/li>\n<!-- \/wp:list-item --><!-- wp:list-item -->\n<li><a href=\"https:\/\/vaiksed.ee\/en\/majandusaasta-aruanded\/\" data-type=\"URL\">MT\u00dc majandusaasta aruanded<\/a><\/li>\n<!-- \/wp:list-item --><\/ul>\n<!-- \/wp:list --><!-- wp:paragraph -->\n<p>MT\u00dc j\u00e4rgib oma tegevustes\u00a0<a href=\"https:\/\/href.li\/?http:\/\/heakodanik.ee\/vabauhenduste-eetikakoodeks\">vaba\u00fchenduste eetikakoodeksit<\/a> ja <a href=\"https:\/\/heakodanik.ee\/wp-content\/uploads\/2015\/10\/annetuste-kogumise-hea-tava.pdf?fbclid=IwAR05bojUC6BNfLW39UI3iwfVFfkemLLVV6AbJy_w9SFJ-W1ZBhTybpE8uNo\" target=\"_blank\" rel=\"noreferrer noopener\">the best practice in collecting donations.<\/a>.<\/p>\n<!-- \/wp:paragraph -->\t\t\t\t\t\t<\/div>\n\t\t\t\t<\/div>\n\t\t\t\t\t<\/div>\n\t\t<\/div>\n\t\t\t\t\t\t\t<\/div>\n\t\t<\/section>\n\t\t\t\t\t\t\t<\/div>","protected":false},"excerpt":{"rendered":"<p>MT\u00dc j\u00e4rgib oma tegevustes\u00a0vaba\u00fchenduste eetikakoodeksit ja annetuste kogumise head tava.<\/p>","protected":false},"author":174446673,"featured_media":0,"parent":0,"menu_order":0,"comment_status":"closed","ping_status":"closed","template":"","meta":[],"yoast_head":"<!-- This site is optimized with the Yoast SEO plugin v20.12 - https:\/\/yoast.com\/wordpress\/plugins\/seo\/ -->\n<title>MT\u00dc Vaikuse lapsed dokumendid | Vaikuse lapsed<\/title>\n<meta name=\"description\" content=\"MT\u00dc Vaikuse lapsed asutati 2010. aastal toetamaks raseduse katkemisel v\u00f5i imikuaeas surnud laste vanemaid ja l\u00e4hedasi. P\u00f5hikirja, vajalikud aruanded leiad siit.\" \/>\n<meta name=\"robots\" content=\"index, follow, max-snippet:-1, max-image-preview:large, max-video-preview:-1\" \/>\n<link rel=\"canonical\" href=\"https:\/\/vaiksed.ee\/en\/dokumendid\/\" \/>\n<meta property=\"og:locale\" content=\"en_GB\" \/>\n<meta property=\"og:type\" content=\"article\" \/>\n<meta property=\"og:title\" content=\"MT\u00dc Vaikuse lapsed dokumendid | Vaikuse lapsed\" \/>\n<meta property=\"og:description\" content=\"MT\u00dc Vaikuse lapsed asutati 2010. aastal toetamaks raseduse katkemisel v\u00f5i imikuaeas surnud laste vanemaid ja l\u00e4hedasi. P\u00f5hikirja, vajalikud aruanded leiad siit.\" \/>\n<meta property=\"og:url\" content=\"https:\/\/vaiksed.ee\/en\/dokumendid\/\" \/>\n<meta property=\"og:site_name\" content=\"Vaikuse lapsed\" \/>\n<meta property=\"article:modified_time\" content=\"2023-12-07T15:22:37+00:00\" \/>\n<meta name=\"twitter:card\" content=\"summary_large_image\" \/>\n<meta name=\"twitter:label1\" content=\"Estimated reading time\" \/>\n\t<meta name=\"twitter:data1\" content=\"1 minute\" \/>\n<script type=\"application\/ld+json\" class=\"yoast-schema-graph\">{\"@context\":\"https:\/\/schema.org\",\"@graph\":[{\"@type\":\"WebPage\",\"@id\":\"https:\/\/vaiksed.ee\/dokumendid\/\",\"url\":\"https:\/\/vaiksed.ee\/dokumendid\/\",\"name\":\"MT\u00dc Vaikuse lapsed dokumendid | Vaikuse lapsed\",\"isPartOf\":{\"@id\":\"https:\/\/vaiksed.ee\/#website\"},\"datePublished\":\"2023-01-05T10:15:05+00:00\",\"dateModified\":\"2023-12-07T15:22:37+00:00\",\"description\":\"MT\u00dc Vaikuse lapsed asutati 2010. aastal toetamaks raseduse katkemisel v\u00f5i imikuaeas surnud laste vanemaid ja l\u00e4hedasi. P\u00f5hikirja, vajalikud aruanded leiad siit.\",\"breadcrumb\":{\"@id\":\"https:\/\/vaiksed.ee\/dokumendid\/#breadcrumb\"},\"inLanguage\":\"en-GB\",\"potentialAction\":[{\"@type\":\"ReadAction\",\"target\":[\"https:\/\/vaiksed.ee\/dokumendid\/\"]}]},{\"@type\":\"BreadcrumbList\",\"@id\":\"https:\/\/vaiksed.ee\/dokumendid\/#breadcrumb\",\"itemListElement\":[{\"@type\":\"ListItem\",\"position\":1,\"name\":\"Home\",\"item\":\"https:\/\/vaiksed.ee\/\"},{\"@type\":\"ListItem\",\"position\":2,\"name\":\"MT\u00dc Vaikuse Lapsed dokumendid\"}]},{\"@type\":\"WebSite\",\"@id\":\"https:\/\/vaiksed.ee\/#website\",\"url\":\"https:\/\/vaiksed.ee\/\",\"name\":\"Vaikuse lapsed\",\"description\":\"Vaikuselaps, las valvab su \u00fcle valguse vaim \u2013 rahu ja armastus\",\"publisher\":{\"@id\":\"https:\/\/vaiksed.ee\/#organization\"},\"potentialAction\":[{\"@type\":\"SearchAction\",\"target\":{\"@type\":\"EntryPoint\",\"urlTemplate\":\"https:\/\/vaiksed.ee\/?s={search_term_string}\"},\"query-input\":\"required name=search_term_string\"}],\"inLanguage\":\"en-GB\"},{\"@type\":\"Organization\",\"@id\":\"https:\/\/vaiksed.ee\/#organization\",\"name\":\"Vaikuse lapsed\",\"url\":\"https:\/\/vaiksed.ee\/\",\"logo\":{\"@type\":\"ImageObject\",\"inLanguage\":\"en-GB\",\"@id\":\"https:\/\/vaiksed.ee\/#\/schema\/logo\/image\/\",\"url\":\"https:\/\/vaiksed.ee\/wp-content\/uploads\/2022\/11\/173568.png\",\"contentUrl\":\"https:\/\/vaiksed.ee\/wp-content\/uploads\/2022\/11\/173568.png\",\"width\":500,\"height\":500,\"caption\":\"Vaikuse lapsed\"},\"image\":{\"@id\":\"https:\/\/vaiksed.ee\/#\/schema\/logo\/image\/\"}}]}<\/script>\n<!-- \/ Yoast SEO plugin. -->","yoast_head_json":{"title":"MT\u00dc Vaikuse lapsed dokumendid | Vaikuse lapsed","description":"MT\u00dc Vaikuse lapsed asutati 2010. aastal toetamaks raseduse katkemisel v\u00f5i imikuaeas surnud laste vanemaid ja l\u00e4hedasi. P\u00f5hikirja, vajalikud aruanded leiad siit.","robots":{"index":"index","follow":"follow","max-snippet":"max-snippet:-1","max-image-preview":"max-image-preview:large","max-video-preview":"max-video-preview:-1"},"canonical":"https:\/\/vaiksed.ee\/en\/dokumendid\/","og_locale":"en_GB","og_type":"article","og_title":"MT\u00dc Vaikuse lapsed dokumendid | Vaikuse lapsed","og_description":"MT\u00dc Vaikuse lapsed asutati 2010. aastal toetamaks raseduse katkemisel v\u00f5i imikuaeas surnud laste vanemaid ja l\u00e4hedasi. P\u00f5hikirja, vajalikud aruanded leiad siit.","og_url":"https:\/\/vaiksed.ee\/en\/dokumendid\/","og_site_name":"Vaikuse lapsed","article_modified_time":"2023-12-07T15:22:37+00:00","twitter_card":"summary_large_image","twitter_misc":{"Estimated reading time":"1 minute"},"schema":{"@context":"https:\/\/schema.org","@graph":[{"@type":"WebPage","@id":"https:\/\/vaiksed.ee\/dokumendid\/","url":"https:\/\/vaiksed.ee\/dokumendid\/","name":"MT\u00dc Vaikuse lapsed dokumendid | Vaikuse lapsed","isPartOf":{"@id":"https:\/\/vaiksed.ee\/#website"},"datePublished":"2023-01-05T10:15:05+00:00","dateModified":"2023-12-07T15:22:37+00:00","description":"MT\u00dc Vaikuse lapsed asutati 2010. aastal toetamaks raseduse katkemisel v\u00f5i imikuaeas surnud laste vanemaid ja l\u00e4hedasi. P\u00f5hikirja, vajalikud aruanded leiad siit.","breadcrumb":{"@id":"https:\/\/vaiksed.ee\/dokumendid\/#breadcrumb"},"inLanguage":"en-GB","potentialAction":[{"@type":"ReadAction","target":["https:\/\/vaiksed.ee\/dokumendid\/"]}]},{"@type":"BreadcrumbList","@id":"https:\/\/vaiksed.ee\/dokumendid\/#breadcrumb","itemListElement":[{"@type":"ListItem","position":1,"name":"Home","item":"https:\/\/vaiksed.ee\/"},{"@type":"ListItem","position":2,"name":"MT\u00dc Vaikuse Lapsed dokumendid"}]},{"@type":"WebSite","@id":"https:\/\/vaiksed.ee\/#website","url":"https:\/\/vaiksed.ee\/","name":"Vaikuse lapsed","description":"Vaikuselaps, las valvab su \u00fcle valguse vaim \u2013 rahu ja armastus","publisher":{"@id":"https:\/\/vaiksed.ee\/#organization"},"potentialAction":[{"@type":"SearchAction","target":{"@type":"EntryPoint","urlTemplate":"https:\/\/vaiksed.ee\/?s={search_term_string}"},"query-input":"required name=search_term_string"}],"inLanguage":"en-GB"},{"@type":"Organization","@id":"https:\/\/vaiksed.ee\/#organization","name":"Vaikuse lapsed","url":"https:\/\/vaiksed.ee\/","logo":{"@type":"ImageObject","inLanguage":"en-GB","@id":"https:\/\/vaiksed.ee\/#\/schema\/logo\/image\/","url":"https:\/\/vaiksed.ee\/wp-content\/uploads\/2022\/11\/173568.png","contentUrl":"https:\/\/vaiksed.ee\/wp-content\/uploads\/2022\/11\/173568.png","width":500,"height":500,"caption":"Vaikuse lapsed"},"image":{"@id":"https:\/\/vaiksed.ee\/#\/schema\/logo\/image\/"}}]}},"_links":{"self":[{"href":"https:\/\/vaiksed.ee\/en\/wp-json\/wp\/v2\/pages\/1922"}],"collection":[{"href":"https:\/\/vaiksed.ee\/en\/wp-json\/wp\/v2\/pages"}],"about":[{"href":"https:\/\/vaiksed.ee\/en\/wp-json\/wp\/v2\/types\/page"}],"author":[{"embeddable":true,"href":"https:\/\/vaiksed.ee\/en\/wp-json\/wp\/v2\/users\/174446673"}],"replies":[{"embeddable":true,"href":"https:\/\/vaiksed.ee\/en\/wp-json\/wp\/v2\/comments?post=1922"}],"version-history":[{"count":7,"href":"https:\/\/vaiksed.ee\/en\/wp-json\/wp\/v2\/pages\/1922\/revisions"}],"predecessor-version":[{"id":2636,"href":"https:\/\/vaiksed.ee\/en\/wp-json\/wp\/v2\/pages\/1922\/revisions\/2636"}],"wp:attachment":[{"href":"https:\/\/vaiksed.ee\/en\/wp-json\/wp\/v2\/media?parent=1922"}],"curies":[{"name":"wp","href":"https:\/\/api.w.org\/{rel}","templated":true}]}}