{"id":183,"date":"2019-09-30T00:16:28","date_gmt":"2019-09-30T00:16:28","guid":{"rendered":"https:\/\/vaiksed.ee\/?page_id=183"},"modified":"2025-05-14T08:29:02","modified_gmt":"2025-05-14T08:29:02","slug":"mtu-lugu","status":"publish","type":"page","link":"https:\/\/vaiksed.ee\/en\/mtu-vaikuse-lapsed\/mtu-lugu\/","title":{"rendered":"MT\u00dc Vaikuse Lapsed lugu"},"content":{"rendered":"<p>MT\u00dc Vaikuse Lapsed was founded in 2010 by Arita and Paul Featherstone, who, after the death of their little son Oliver, decided to establish a memorial and burial place for children who died during pregnancy or infancy in Estonia, following the example of some other countries.<\/p>\n\n\n\n<p>Taoline paik oli sel ajal juba olemas Riias, kuhu Arita n\u00fc\u00fcdseks elama on asunud. L\u00f5puks j\u00f5udsid nad oma otsingutega Risti koguduse \u00f5petaja Annika Laatsi juurde, kes v\u00f5ttis inglilaste rahupaiga rajamise Harju-Ristil asuva kiriku aeda oma s\u00fcdameasjaks. P\u00e4rast suurt t\u00f6\u00f6d rahastuse leidmisel, rahupaiga kavandi ja t\u00f6\u00f6de tellimisel sai Vaikuse laste rahupaik 2011. aasta juulikuus valmis. Rahupaika maetakse raseduse katkemise, raseduse katkestamise, surnults\u00fcnni v\u00f5i esimeste elup\u00e4evade v\u00e4ltel surnud lapsed.<\/p>\n\n\n\n<p>Peale rahupaiga loomist andsid Arita ja Paul Featherstone ning projekti vedanud Evelin Niinemaa-Tamm MT\u00dc juhtimise teatepulga \u00fcle Juta Palmer, Eidi Elisabeth Aidla ja Katrin Ritsole, kes on pikalt MT\u00dc tegemisi juhtinud. Annika Laats on Risti koguduse \u00f5petajana leinas peredele j\u00e4tkuvalt toeks ning aitab l\u00e4bi viia rahupaigas toimuvaid matuse- ja m\u00e4lestustalitusi.<\/p>\n\n\n\n<p>Vahemikus 2021-2023 olid MT\u00dc juhatuse liikmeteks Triinu Tints, Kristina Marfeldt ja Ave Liiv.<br>Alates 2024 on MT\u00dc juhatuse liikmeteks Anna Lihodedova (esinaine), Kristina Marfeldt ja Hilly-Helena Tammessaar.<\/p>\n\n\n\n<p class=\"has-text-color has-medium-font-size\" style=\"color:#339999\"><strong>History<\/strong><\/p>\n\n\n\n<ul>\n<li>2011. aastal valmis Vaikuse laste rahupaik \u2013 m\u00e4lestus- ja matmispaik raseduse ajal v\u00f5i imikueas lapse kaotust kogenud peredele.&nbsp;<\/li>\n\n\n\n<li>Since 2015, the NGO has been organising workshops in which participants make memorial boxes. Maternity hospitals can give a memorial box to families who have lost a child.<\/li>\n\n\n\n<li>Since 2016, the NGO has organised training sessions for the staff of Estonian hospitals to inform them about the needs of families who have lost a child and the possibilities to support them.<\/li>\n\n\n\n<li>In 2016, with the support of the National Foundation of Civil Society and the Ministry of the Interior, the information material Children Born Silent. Information Material For a Family That Has Lost a Child and Guidance on Procedures After the Loss of a Child were published.<\/li>\n\n\n\n<li>2021. aastal rahastas Sihtasutus Kodaniku\u00fchiskonna Sihtkapital vaba\u00fchenduste arenguh\u00fcppe taotlusvooru raames MT\u00dc Vaikuse Lapsed projekti &#8220;Lapse kaotanud perede tugiv\u00f5rgustiku arendamine&#8221; summas 24848,0 eurot.<\/li>\n<\/ul>\n\n\n\n<p class=\"has-text-align-right\"><br><strong>Next <a href=\"https:\/\/vaiksed.ee\/en\/mtu-vaikuse-lapsed\/kontakt\/\">MT\u00dc Vaikuse Lapsed kontakt<\/a><\/strong><br><\/p>","protected":false},"excerpt":{"rendered":"<p>MT\u00dc Vaikuse Lapsed algatasid 2010. aastal Arita ja Paul Featherstone, kes p\u00e4rast oma pisikese poja Oliveri surma otsustasid rajada Eestisse m\u00f5nede teiste riikide eeskujul raseduse ajal v\u00f5i imikueas surnud laste&hellip;<\/p>","protected":false},"author":174446673,"featured_media":0,"parent":87,"menu_order":1,"comment_status":"closed","ping_status":"closed","template":"","meta":[],"yoast_head":"<!-- This site is optimized with the Yoast SEO plugin v20.12 - https:\/\/yoast.com\/wordpress\/plugins\/seo\/ -->\n<title>MT\u00dc Vaikuse Lapsed lugu | Vaikuse lapsed<\/title>\n<meta name=\"description\" content=\"MT\u00dc Vaikuse Lapsed sai alguse 2010. aastal, kui teiste riikide eeskujul rajati raseduse katkemisel v\u00f5i imikueas surnud laste m\u00e4lestus- ja matmispaik. Loe siit.\" \/>\n<meta name=\"robots\" content=\"index, follow, max-snippet:-1, max-image-preview:large, max-video-preview:-1\" \/>\n<link rel=\"canonical\" href=\"https:\/\/vaiksed.ee\/en\/mtu-vaikuse-lapsed\/mtu-lugu\/\" \/>\n<meta property=\"og:locale\" content=\"en_GB\" \/>\n<meta property=\"og:type\" content=\"article\" \/>\n<meta property=\"og:title\" content=\"MT\u00dc Vaikuse Lapsed lugu | Vaikuse lapsed\" \/>\n<meta property=\"og:description\" content=\"MT\u00dc Vaikuse Lapsed sai alguse 2010. aastal, kui teiste riikide eeskujul rajati raseduse katkemisel v\u00f5i imikueas surnud laste m\u00e4lestus- ja matmispaik. Loe siit.\" \/>\n<meta property=\"og:url\" content=\"https:\/\/vaiksed.ee\/en\/mtu-vaikuse-lapsed\/mtu-lugu\/\" \/>\n<meta property=\"og:site_name\" content=\"Vaikuse lapsed\" \/>\n<meta property=\"article:modified_time\" content=\"2025-05-14T08:29:02+00:00\" \/>\n<meta name=\"twitter:card\" content=\"summary_large_image\" \/>\n<meta name=\"twitter:label1\" content=\"Estimated reading time\" \/>\n\t<meta name=\"twitter:data1\" content=\"2 minutes\" \/>\n<script type=\"application\/ld+json\" class=\"yoast-schema-graph\">{\"@context\":\"https:\/\/schema.org\",\"@graph\":[{\"@type\":\"WebPage\",\"@id\":\"https:\/\/vaiksed.ee\/mtu-vaikuse-lapsed\/mtu-lugu\/\",\"url\":\"https:\/\/vaiksed.ee\/mtu-vaikuse-lapsed\/mtu-lugu\/\",\"name\":\"MT\u00dc Vaikuse Lapsed lugu | Vaikuse lapsed\",\"isPartOf\":{\"@id\":\"https:\/\/vaiksed.ee\/#website\"},\"datePublished\":\"2019-09-30T00:16:28+00:00\",\"dateModified\":\"2025-05-14T08:29:02+00:00\",\"description\":\"MT\u00dc Vaikuse Lapsed sai alguse 2010. aastal, kui teiste riikide eeskujul rajati raseduse katkemisel v\u00f5i imikueas surnud laste m\u00e4lestus- ja matmispaik. Loe siit.\",\"breadcrumb\":{\"@id\":\"https:\/\/vaiksed.ee\/mtu-vaikuse-lapsed\/mtu-lugu\/#breadcrumb\"},\"inLanguage\":\"en-GB\",\"potentialAction\":[{\"@type\":\"ReadAction\",\"target\":[\"https:\/\/vaiksed.ee\/mtu-vaikuse-lapsed\/mtu-lugu\/\"]}]},{\"@type\":\"BreadcrumbList\",\"@id\":\"https:\/\/vaiksed.ee\/mtu-vaikuse-lapsed\/mtu-lugu\/#breadcrumb\",\"itemListElement\":[{\"@type\":\"ListItem\",\"position\":1,\"name\":\"Home\",\"item\":\"https:\/\/vaiksed.ee\/\"},{\"@type\":\"ListItem\",\"position\":2,\"name\":\"MT\u00dc Vaikuse Lapsed\",\"item\":\"https:\/\/vaiksed.ee\/mtu-vaikuse-lapsed\/\"},{\"@type\":\"ListItem\",\"position\":3,\"name\":\"MT\u00dc Vaikuse Lapsed lugu\"}]},{\"@type\":\"WebSite\",\"@id\":\"https:\/\/vaiksed.ee\/#website\",\"url\":\"https:\/\/vaiksed.ee\/\",\"name\":\"Vaikuse lapsed\",\"description\":\"Vaikuselaps, las valvab su \u00fcle valguse vaim \u2013 rahu ja armastus\",\"publisher\":{\"@id\":\"https:\/\/vaiksed.ee\/#organization\"},\"potentialAction\":[{\"@type\":\"SearchAction\",\"target\":{\"@type\":\"EntryPoint\",\"urlTemplate\":\"https:\/\/vaiksed.ee\/?s={search_term_string}\"},\"query-input\":\"required name=search_term_string\"}],\"inLanguage\":\"en-GB\"},{\"@type\":\"Organization\",\"@id\":\"https:\/\/vaiksed.ee\/#organization\",\"name\":\"Vaikuse lapsed\",\"url\":\"https:\/\/vaiksed.ee\/\",\"logo\":{\"@type\":\"ImageObject\",\"inLanguage\":\"en-GB\",\"@id\":\"https:\/\/vaiksed.ee\/#\/schema\/logo\/image\/\",\"url\":\"https:\/\/vaiksed.ee\/wp-content\/uploads\/2022\/11\/173568.png\",\"contentUrl\":\"https:\/\/vaiksed.ee\/wp-content\/uploads\/2022\/11\/173568.png\",\"width\":500,\"height\":500,\"caption\":\"Vaikuse lapsed\"},\"image\":{\"@id\":\"https:\/\/vaiksed.ee\/#\/schema\/logo\/image\/\"}}]}<\/script>\n<!-- \/ Yoast SEO plugin. -->","yoast_head_json":{"title":"MT\u00dc Vaikuse Lapsed lugu | Vaikuse lapsed","description":"MT\u00dc Vaikuse Lapsed sai alguse 2010. aastal, kui teiste riikide eeskujul rajati raseduse katkemisel v\u00f5i imikueas surnud laste m\u00e4lestus- ja matmispaik. Loe siit.","robots":{"index":"index","follow":"follow","max-snippet":"max-snippet:-1","max-image-preview":"max-image-preview:large","max-video-preview":"max-video-preview:-1"},"canonical":"https:\/\/vaiksed.ee\/en\/mtu-vaikuse-lapsed\/mtu-lugu\/","og_locale":"en_GB","og_type":"article","og_title":"MT\u00dc Vaikuse Lapsed lugu | Vaikuse lapsed","og_description":"MT\u00dc Vaikuse Lapsed sai alguse 2010. aastal, kui teiste riikide eeskujul rajati raseduse katkemisel v\u00f5i imikueas surnud laste m\u00e4lestus- ja matmispaik. Loe siit.","og_url":"https:\/\/vaiksed.ee\/en\/mtu-vaikuse-lapsed\/mtu-lugu\/","og_site_name":"Vaikuse lapsed","article_modified_time":"2025-05-14T08:29:02+00:00","twitter_card":"summary_large_image","twitter_misc":{"Estimated reading time":"2 minutes"},"schema":{"@context":"https:\/\/schema.org","@graph":[{"@type":"WebPage","@id":"https:\/\/vaiksed.ee\/mtu-vaikuse-lapsed\/mtu-lugu\/","url":"https:\/\/vaiksed.ee\/mtu-vaikuse-lapsed\/mtu-lugu\/","name":"MT\u00dc Vaikuse Lapsed lugu | Vaikuse lapsed","isPartOf":{"@id":"https:\/\/vaiksed.ee\/#website"},"datePublished":"2019-09-30T00:16:28+00:00","dateModified":"2025-05-14T08:29:02+00:00","description":"MT\u00dc Vaikuse Lapsed sai alguse 2010. aastal, kui teiste riikide eeskujul rajati raseduse katkemisel v\u00f5i imikueas surnud laste m\u00e4lestus- ja matmispaik. Loe siit.","breadcrumb":{"@id":"https:\/\/vaiksed.ee\/mtu-vaikuse-lapsed\/mtu-lugu\/#breadcrumb"},"inLanguage":"en-GB","potentialAction":[{"@type":"ReadAction","target":["https:\/\/vaiksed.ee\/mtu-vaikuse-lapsed\/mtu-lugu\/"]}]},{"@type":"BreadcrumbList","@id":"https:\/\/vaiksed.ee\/mtu-vaikuse-lapsed\/mtu-lugu\/#breadcrumb","itemListElement":[{"@type":"ListItem","position":1,"name":"Home","item":"https:\/\/vaiksed.ee\/"},{"@type":"ListItem","position":2,"name":"MT\u00dc Vaikuse Lapsed","item":"https:\/\/vaiksed.ee\/mtu-vaikuse-lapsed\/"},{"@type":"ListItem","position":3,"name":"MT\u00dc Vaikuse Lapsed lugu"}]},{"@type":"WebSite","@id":"https:\/\/vaiksed.ee\/#website","url":"https:\/\/vaiksed.ee\/","name":"Vaikuse lapsed","description":"Vaikuselaps, las valvab su \u00fcle valguse vaim \u2013 rahu ja armastus","publisher":{"@id":"https:\/\/vaiksed.ee\/#organization"},"potentialAction":[{"@type":"SearchAction","target":{"@type":"EntryPoint","urlTemplate":"https:\/\/vaiksed.ee\/?s={search_term_string}"},"query-input":"required name=search_term_string"}],"inLanguage":"en-GB"},{"@type":"Organization","@id":"https:\/\/vaiksed.ee\/#organization","name":"Vaikuse lapsed","url":"https:\/\/vaiksed.ee\/","logo":{"@type":"ImageObject","inLanguage":"en-GB","@id":"https:\/\/vaiksed.ee\/#\/schema\/logo\/image\/","url":"https:\/\/vaiksed.ee\/wp-content\/uploads\/2022\/11\/173568.png","contentUrl":"https:\/\/vaiksed.ee\/wp-content\/uploads\/2022\/11\/173568.png","width":500,"height":500,"caption":"Vaikuse lapsed"},"image":{"@id":"https:\/\/vaiksed.ee\/#\/schema\/logo\/image\/"}}]}},"_links":{"self":[{"href":"https:\/\/vaiksed.ee\/en\/wp-json\/wp\/v2\/pages\/183"}],"collection":[{"href":"https:\/\/vaiksed.ee\/en\/wp-json\/wp\/v2\/pages"}],"about":[{"href":"https:\/\/vaiksed.ee\/en\/wp-json\/wp\/v2\/types\/page"}],"author":[{"embeddable":true,"href":"https:\/\/vaiksed.ee\/en\/wp-json\/wp\/v2\/users\/174446673"}],"replies":[{"embeddable":true,"href":"https:\/\/vaiksed.ee\/en\/wp-json\/wp\/v2\/comments?post=183"}],"version-history":[{"count":16,"href":"https:\/\/vaiksed.ee\/en\/wp-json\/wp\/v2\/pages\/183\/revisions"}],"predecessor-version":[{"id":2850,"href":"https:\/\/vaiksed.ee\/en\/wp-json\/wp\/v2\/pages\/183\/revisions\/2850"}],"up":[{"embeddable":true,"href":"https:\/\/vaiksed.ee\/en\/wp-json\/wp\/v2\/pages\/87"}],"wp:attachment":[{"href":"https:\/\/vaiksed.ee\/en\/wp-json\/wp\/v2\/media?parent=183"}],"curies":[{"name":"wp","href":"https:\/\/api.w.org\/{rel}","templated":true}]}}