{"id":1274,"date":"2022-11-13T19:56:04","date_gmt":"2022-11-13T19:56:04","guid":{"rendered":"https:\/\/vaiksed.ee\/?page_id=1274"},"modified":"2023-11-22T17:35:14","modified_gmt":"2023-11-22T17:35:14","slug":"triinu-tints","status":"publish","type":"page","link":"https:\/\/vaiksed.ee\/en\/triinu-tints\/","title":{"rendered":"Triinu Tints"},"content":{"rendered":"<div data-elementor-type=\"wp-page\" data-elementor-id=\"1274\" class=\"elementor elementor-1274\">\n\t\t\t\t\t\t\t\t\t<section class=\"penci-section penci-disSticky penci-structure-20 elementor-section elementor-top-section elementor-element elementor-element-ec2a975 elementor-section-boxed elementor-section-height-default elementor-section-height-default\" data-id=\"ec2a975\" data-element_type=\"section\">\n\t\t\t\t\t\t<div class=\"elementor-container elementor-column-gap-default\">\n\t\t\t\t\t<div class=\"penci-ercol-50 penci-ercol-order-1 penci-sticky-ct    elementor-column elementor-col-50 elementor-top-column elementor-element elementor-element-131ec3f\" data-id=\"131ec3f\" data-element_type=\"column\">\n\t\t\t<div class=\"elementor-widget-wrap elementor-element-populated\">\n\t\t\t\t\t\t\t\t<div class=\"elementor-element elementor-element-ac52c45 elementor-widget elementor-widget-image\" data-id=\"ac52c45\" data-element_type=\"widget\" data-widget_type=\"image.default\">\n\t\t\t\t<div class=\"elementor-widget-container\">\n\t\t\t<style>\/*! elementor - v3.12.0 - 29-03-2023 *\/\n.elementor-widget-image{text-align:center}.elementor-widget-image a{display:inline-block}.elementor-widget-image a img[src$=\".svg\"]{width:48px}.elementor-widget-image img{vertical-align:middle;display:inline-block}<\/style>\t\t\t\t\t\t\t\t\t\t\t\t<img decoding=\"async\" width=\"1024\" height=\"450\" src=\"https:\/\/vaiksed.ee\/wp-content\/uploads\/2022\/11\/Triinu-8-scaled-e1668370243595-1024x450.jpg\" class=\"attachment-large size-large wp-image-1236\" alt=\"triinu tints\" srcset=\"https:\/\/vaiksed.ee\/wp-content\/uploads\/2022\/11\/Triinu-8-scaled-e1668370243595-1024x450.jpg 1024w, https:\/\/vaiksed.ee\/wp-content\/uploads\/2022\/11\/Triinu-8-scaled-e1668370243595-300x132.jpg 300w, https:\/\/vaiksed.ee\/wp-content\/uploads\/2022\/11\/Triinu-8-scaled-e1668370243595-768x338.jpg 768w, https:\/\/vaiksed.ee\/wp-content\/uploads\/2022\/11\/Triinu-8-scaled-e1668370243595-1536x676.jpg 1536w, https:\/\/vaiksed.ee\/wp-content\/uploads\/2022\/11\/Triinu-8-scaled-e1668370243595-2048x901.jpg 2048w, https:\/\/vaiksed.ee\/wp-content\/uploads\/2022\/11\/Triinu-8-scaled-e1668370243595-18x8.jpg 18w, https:\/\/vaiksed.ee\/wp-content\/uploads\/2022\/11\/Triinu-8-scaled-e1668370243595-1920x845.jpg 1920w, https:\/\/vaiksed.ee\/wp-content\/uploads\/2022\/11\/Triinu-8-scaled-e1668370243595-1170x515.jpg 1170w, https:\/\/vaiksed.ee\/wp-content\/uploads\/2022\/11\/Triinu-8-scaled-e1668370243595-585x257.jpg 585w\" sizes=\"(max-width: 1024px) 100vw, 1024px\" \/>\t\t\t\t\t\t\t\t\t\t\t\t\t\t\t<\/div>\n\t\t\t\t<\/div>\n\t\t\t\t\t<\/div>\n\t\t<\/div>\n\t\t\t\t<div class=\"penci-ercol-50 penci-ercol-order-2 penci-sticky-ct    elementor-column elementor-col-50 elementor-top-column elementor-element elementor-element-2d94b3a\" data-id=\"2d94b3a\" data-element_type=\"column\">\n\t\t\t<div class=\"elementor-widget-wrap elementor-element-populated\">\n\t\t\t\t\t\t\t\t<div class=\"elementor-element elementor-element-ab39d07 elementor-widget elementor-widget-text-editor\" data-id=\"ab39d07\" data-element_type=\"widget\" data-widget_type=\"text-editor.default\">\n\t\t\t\t<div class=\"elementor-widget-container\">\n\t\t\t<style>\/*! elementor - v3.12.0 - 29-03-2023 *\/\n.elementor-widget-text-editor.elementor-drop-cap-view-stacked .elementor-drop-cap{background-color:#69727d;color:#fff}.elementor-widget-text-editor.elementor-drop-cap-view-framed .elementor-drop-cap{color:#69727d;border:3px solid;background-color:transparent}.elementor-widget-text-editor:not(.elementor-drop-cap-view-default) .elementor-drop-cap{margin-top:8px}.elementor-widget-text-editor:not(.elementor-drop-cap-view-default) .elementor-drop-cap-letter{width:1em;height:1em}.elementor-widget-text-editor .elementor-drop-cap{float:left;text-align:center;line-height:1;font-size:50px}.elementor-widget-text-editor .elementor-drop-cap-letter{display:inline-block}<\/style>\t\t\t\t<p style=\"font-size: 14px; text-align: start; font-family: Roboto, sans-serif; color: #7a7a7a;\"><b>Kogemus-, leina-, kriisi- ja viljatusn\u00f5ustaja; Hingehoidja<\/b><\/p>\n<p style=\"font-size: 14px; text-align: start; font-family: Roboto, sans-serif; color: #7a7a7a;\"><b>Suhtluskeel<\/b><span style=\"font-weight: 400;\">: eesti<\/span><\/p>\n<p style=\"font-size: 14px; text-align: start; font-family: Roboto, sans-serif; color: #7a7a7a;\"><b>N\u00f5ustamise piirkond<\/b><span style=\"font-weight: 400;\">: L\u00f5una-Eesti, Viljandi, veebikohtumise v\u00f5imalus<\/span><\/p>\n<p style=\"font-size: 14px; text-align: start; font-family: Roboto, sans-serif; font-weight: 400; color: #7a7a7a;\"><strong>Kontaktandmed:<\/strong>\u00a0triinu@vaiksed.ee, 5890 0579<\/p>\t\t\t\t\t\t<\/div>\n\t\t\t\t<\/div>\n\t\t\t\t\t<\/div>\n\t\t<\/div>\n\t\t\t\t\t\t\t<\/div>\n\t\t<\/section>\n\t\t\t\t<section class=\"penci-section penci-disSticky penci-structure-10 elementor-section elementor-top-section elementor-element elementor-element-7e38d496 elementor-section-boxed elementor-section-height-default elementor-section-height-default\" data-id=\"7e38d496\" data-element_type=\"section\">\n\t\t\t\t\t\t<div class=\"elementor-container elementor-column-gap-default\">\n\t\t\t\t\t<div class=\"penci-ercol-100 penci-ercol-order-1 penci-sticky-ct    elementor-column elementor-col-100 elementor-top-column elementor-element elementor-element-56322942\" data-id=\"56322942\" data-element_type=\"column\">\n\t\t\t<div class=\"elementor-widget-wrap elementor-element-populated\">\n\t\t\t\t\t\t\t\t<div class=\"elementor-element elementor-element-2b925e2b elementor-widget elementor-widget-text-editor\" data-id=\"2b925e2b\" data-element_type=\"widget\" data-widget_type=\"text-editor.default\">\n\t\t\t\t<div class=\"elementor-widget-container\">\n\t\t\t\t\t\t\t<p><!-- wp:image {\"id\":1236,\"sizeSlug\":\"large\",\"linkDestination\":\"none\"} --><\/p>\n<figure class=\"wp-block-image size-large\"><\/figure>\n<p><!-- \/wp:image --><!-- wp:paragraph --><\/p>\n<p>Minu n\u00f5ustajateekond sai alguse kogemusn\u00f5ustajaks \u00f5ppimisega (teemad viljatus ja viljatusravi, lapse surm ja lein), millele j\u00e4rgnes pereterapeutide sissejuhatav koolitus, raseduskriisi n\u00f5ustaja v\u00e4lja\u00f5pe ja hingehoidja baaskoolitus. Lisaks olen end t\u00e4iendanud vanema- ja seksuaalhariduse, leina- ja viljatusn\u00f5ustamise ning vaimse tervise alal. Olen lapsevanemlusprogrammi \u201cImelised aastad\u201d koolitaja, t\u00f6\u00f6tan perekonna\u00f5petuse \u00f5petajana. Praegu l\u00e4bin Tartu \u00fclikooli ps\u00fchholoogia magistri\u00f5ppe eeldusainete programmi.&nbsp;<\/p>\n<p><!-- \/wp:paragraph --><!-- wp:paragraph --><\/p>\n<p>Seos valdkonnaga: Minu elu muutus t\u00e4ielikult 2013. aastal, kui selgus, et lapse saamiseks abi vajan ning selleks viljatuskliinikusse p\u00f6\u00f6rduma pean. Nende aastate sisse on j\u00e4\u00e4nud \u00fcle k\u00fcmne viljatusravikatse, millest kolm on \u00f5nnestunud. T\u00e4na olen ma kolme lapse ema, minu kaks last valvavad mind k\u00f5rgemalt, \u00fcks neist elas kuus p\u00e4eva ja teine s\u00fcndis vaikselt, ning \u00fcks minu laps r\u00f5\u00f5mustab mind siin maailmas.<\/p>\n<p><!-- \/wp:paragraph --><\/p>\t\t\t\t\t\t<\/div>\n\t\t\t\t<\/div>\n\t\t\t\t\t<\/div>\n\t\t<\/div>\n\t\t\t\t\t\t\t<\/div>\n\t\t<\/section>\n\t\t\t\t\t\t\t<\/div>","protected":false},"excerpt":{"rendered":"<p>Kogemus-, leina-, kriisi- ja viljatusn\u00f5ustaja; Hingehoidja Suhtluskeel: eesti N\u00f5ustamise piirkond: L\u00f5una-Eesti, Viljandi, veebikohtumise v\u00f5imalus Kontaktandmed:\u00a0triinu@vaiksed.ee, 5890 0579 Minu n\u00f5ustajateekond sai alguse kogemusn\u00f5ustajaks \u00f5ppimisega (teemad viljatus ja viljatusravi, lapse surm ja&hellip;<\/p>","protected":false},"author":174446671,"featured_media":0,"parent":0,"menu_order":0,"comment_status":"closed","ping_status":"closed","template":"","meta":[],"yoast_head":"<!-- This site is optimized with the Yoast SEO plugin v20.12 - https:\/\/yoast.com\/wordpress\/plugins\/seo\/ -->\n<title>Triinu Tints - Vaikuse lapsed<\/title>\n<meta name=\"robots\" content=\"index, follow, max-snippet:-1, max-image-preview:large, max-video-preview:-1\" \/>\n<link rel=\"canonical\" href=\"https:\/\/vaiksed.ee\/en\/triinu-tints\/\" \/>\n<meta property=\"og:locale\" content=\"en_GB\" \/>\n<meta property=\"og:type\" content=\"article\" \/>\n<meta property=\"og:title\" content=\"Triinu Tints - Vaikuse lapsed\" \/>\n<meta property=\"og:description\" content=\"Kogemus-, leina-, kriisi- ja viljatusn\u00f5ustaja; Hingehoidja Suhtluskeel: eesti N\u00f5ustamise piirkond: L\u00f5una-Eesti, Viljandi, veebikohtumise v\u00f5imalus Kontaktandmed:\u00a0triinu@vaiksed.ee, 5890 0579 Minu n\u00f5ustajateekond sai alguse kogemusn\u00f5ustajaks \u00f5ppimisega (teemad viljatus ja viljatusravi, lapse surm ja&hellip;\" \/>\n<meta property=\"og:url\" content=\"https:\/\/vaiksed.ee\/en\/triinu-tints\/\" \/>\n<meta property=\"og:site_name\" content=\"Vaikuse lapsed\" \/>\n<meta property=\"article:modified_time\" content=\"2023-11-22T17:35:14+00:00\" \/>\n<meta property=\"og:image\" content=\"http:\/\/vaiksed.ee\/wp-content\/uploads\/2022\/11\/Triinu-8-scaled-e1668370243595-1024x450.jpg\" \/>\n<meta name=\"twitter:card\" content=\"summary_large_image\" \/>\n<meta name=\"twitter:label1\" content=\"Estimated reading time\" \/>\n\t<meta name=\"twitter:data1\" content=\"1 minute\" \/>\n<script type=\"application\/ld+json\" class=\"yoast-schema-graph\">{\"@context\":\"https:\/\/schema.org\",\"@graph\":[{\"@type\":\"WebPage\",\"@id\":\"https:\/\/vaiksed.ee\/triinu-tints\/\",\"url\":\"https:\/\/vaiksed.ee\/triinu-tints\/\",\"name\":\"Triinu Tints - Vaikuse lapsed\",\"isPartOf\":{\"@id\":\"https:\/\/vaiksed.ee\/#website\"},\"datePublished\":\"2022-11-13T19:56:04+00:00\",\"dateModified\":\"2023-11-22T17:35:14+00:00\",\"breadcrumb\":{\"@id\":\"https:\/\/vaiksed.ee\/triinu-tints\/#breadcrumb\"},\"inLanguage\":\"en-GB\",\"potentialAction\":[{\"@type\":\"ReadAction\",\"target\":[\"https:\/\/vaiksed.ee\/triinu-tints\/\"]}]},{\"@type\":\"BreadcrumbList\",\"@id\":\"https:\/\/vaiksed.ee\/triinu-tints\/#breadcrumb\",\"itemListElement\":[{\"@type\":\"ListItem\",\"position\":1,\"name\":\"Home\",\"item\":\"https:\/\/vaiksed.ee\/\"},{\"@type\":\"ListItem\",\"position\":2,\"name\":\"Triinu Tints\"}]},{\"@type\":\"WebSite\",\"@id\":\"https:\/\/vaiksed.ee\/#website\",\"url\":\"https:\/\/vaiksed.ee\/\",\"name\":\"Vaikuse lapsed\",\"description\":\"Vaikuselaps, las valvab su \u00fcle valguse vaim \u2013 rahu ja armastus\",\"publisher\":{\"@id\":\"https:\/\/vaiksed.ee\/#organization\"},\"potentialAction\":[{\"@type\":\"SearchAction\",\"target\":{\"@type\":\"EntryPoint\",\"urlTemplate\":\"https:\/\/vaiksed.ee\/?s={search_term_string}\"},\"query-input\":\"required name=search_term_string\"}],\"inLanguage\":\"en-GB\"},{\"@type\":\"Organization\",\"@id\":\"https:\/\/vaiksed.ee\/#organization\",\"name\":\"Vaikuse lapsed\",\"url\":\"https:\/\/vaiksed.ee\/\",\"logo\":{\"@type\":\"ImageObject\",\"inLanguage\":\"en-GB\",\"@id\":\"https:\/\/vaiksed.ee\/#\/schema\/logo\/image\/\",\"url\":\"https:\/\/vaiksed.ee\/wp-content\/uploads\/2022\/11\/173568.png\",\"contentUrl\":\"https:\/\/vaiksed.ee\/wp-content\/uploads\/2022\/11\/173568.png\",\"width\":500,\"height\":500,\"caption\":\"Vaikuse lapsed\"},\"image\":{\"@id\":\"https:\/\/vaiksed.ee\/#\/schema\/logo\/image\/\"}}]}<\/script>\n<!-- \/ Yoast SEO plugin. -->","yoast_head_json":{"title":"Triinu Tints - Vaikuse lapsed","robots":{"index":"index","follow":"follow","max-snippet":"max-snippet:-1","max-image-preview":"max-image-preview:large","max-video-preview":"max-video-preview:-1"},"canonical":"https:\/\/vaiksed.ee\/en\/triinu-tints\/","og_locale":"en_GB","og_type":"article","og_title":"Triinu Tints - Vaikuse lapsed","og_description":"Kogemus-, leina-, kriisi- ja viljatusn\u00f5ustaja; Hingehoidja Suhtluskeel: eesti N\u00f5ustamise piirkond: L\u00f5una-Eesti, Viljandi, veebikohtumise v\u00f5imalus Kontaktandmed:\u00a0triinu@vaiksed.ee, 5890 0579 Minu n\u00f5ustajateekond sai alguse kogemusn\u00f5ustajaks \u00f5ppimisega (teemad viljatus ja viljatusravi, lapse surm ja&hellip;","og_url":"https:\/\/vaiksed.ee\/en\/triinu-tints\/","og_site_name":"Vaikuse lapsed","article_modified_time":"2023-11-22T17:35:14+00:00","og_image":[{"url":"http:\/\/vaiksed.ee\/wp-content\/uploads\/2022\/11\/Triinu-8-scaled-e1668370243595-1024x450.jpg"}],"twitter_card":"summary_large_image","twitter_misc":{"Estimated reading time":"1 minute"},"schema":{"@context":"https:\/\/schema.org","@graph":[{"@type":"WebPage","@id":"https:\/\/vaiksed.ee\/triinu-tints\/","url":"https:\/\/vaiksed.ee\/triinu-tints\/","name":"Triinu Tints - Vaikuse lapsed","isPartOf":{"@id":"https:\/\/vaiksed.ee\/#website"},"datePublished":"2022-11-13T19:56:04+00:00","dateModified":"2023-11-22T17:35:14+00:00","breadcrumb":{"@id":"https:\/\/vaiksed.ee\/triinu-tints\/#breadcrumb"},"inLanguage":"en-GB","potentialAction":[{"@type":"ReadAction","target":["https:\/\/vaiksed.ee\/triinu-tints\/"]}]},{"@type":"BreadcrumbList","@id":"https:\/\/vaiksed.ee\/triinu-tints\/#breadcrumb","itemListElement":[{"@type":"ListItem","position":1,"name":"Home","item":"https:\/\/vaiksed.ee\/"},{"@type":"ListItem","position":2,"name":"Triinu Tints"}]},{"@type":"WebSite","@id":"https:\/\/vaiksed.ee\/#website","url":"https:\/\/vaiksed.ee\/","name":"Vaikuse lapsed","description":"Vaikuselaps, las valvab su \u00fcle valguse vaim \u2013 rahu ja armastus","publisher":{"@id":"https:\/\/vaiksed.ee\/#organization"},"potentialAction":[{"@type":"SearchAction","target":{"@type":"EntryPoint","urlTemplate":"https:\/\/vaiksed.ee\/?s={search_term_string}"},"query-input":"required name=search_term_string"}],"inLanguage":"en-GB"},{"@type":"Organization","@id":"https:\/\/vaiksed.ee\/#organization","name":"Vaikuse lapsed","url":"https:\/\/vaiksed.ee\/","logo":{"@type":"ImageObject","inLanguage":"en-GB","@id":"https:\/\/vaiksed.ee\/#\/schema\/logo\/image\/","url":"https:\/\/vaiksed.ee\/wp-content\/uploads\/2022\/11\/173568.png","contentUrl":"https:\/\/vaiksed.ee\/wp-content\/uploads\/2022\/11\/173568.png","width":500,"height":500,"caption":"Vaikuse lapsed"},"image":{"@id":"https:\/\/vaiksed.ee\/#\/schema\/logo\/image\/"}}]}},"_links":{"self":[{"href":"https:\/\/vaiksed.ee\/en\/wp-json\/wp\/v2\/pages\/1274"}],"collection":[{"href":"https:\/\/vaiksed.ee\/en\/wp-json\/wp\/v2\/pages"}],"about":[{"href":"https:\/\/vaiksed.ee\/en\/wp-json\/wp\/v2\/types\/page"}],"author":[{"embeddable":true,"href":"https:\/\/vaiksed.ee\/en\/wp-json\/wp\/v2\/users\/174446671"}],"replies":[{"embeddable":true,"href":"https:\/\/vaiksed.ee\/en\/wp-json\/wp\/v2\/comments?post=1274"}],"version-history":[{"count":43,"href":"https:\/\/vaiksed.ee\/en\/wp-json\/wp\/v2\/pages\/1274\/revisions"}],"predecessor-version":[{"id":2612,"href":"https:\/\/vaiksed.ee\/en\/wp-json\/wp\/v2\/pages\/1274\/revisions\/2612"}],"wp:attachment":[{"href":"https:\/\/vaiksed.ee\/en\/wp-json\/wp\/v2\/media?parent=1274"}],"curies":[{"name":"wp","href":"https:\/\/api.w.org\/{rel}","templated":true}]}}