{"id":1226,"date":"2022-11-13T19:24:20","date_gmt":"2022-11-13T19:24:20","guid":{"rendered":"https:\/\/vaiksed.ee\/?page_id=1226"},"modified":"2023-02-01T15:20:00","modified_gmt":"2023-02-01T15:20:00","slug":"annika-laats","status":"publish","type":"page","link":"https:\/\/vaiksed.ee\/en\/annika-laats\/","title":{"rendered":"Annika Laats"},"content":{"rendered":"<div data-elementor-type=\"wp-page\" data-elementor-id=\"1226\" class=\"elementor elementor-1226\">\n\t\t\t\t\t\t\t\t\t<section class=\"penci-section penci-disSticky penci-structure-20 elementor-section elementor-top-section elementor-element elementor-element-c28cdc5 elementor-section-boxed elementor-section-height-default elementor-section-height-default\" data-id=\"c28cdc5\" data-element_type=\"section\">\n\t\t\t\t\t\t<div class=\"elementor-container elementor-column-gap-default\">\n\t\t\t\t\t<div class=\"penci-ercol-50 penci-ercol-order-1 penci-sticky-ct    elementor-column elementor-col-50 elementor-top-column elementor-element elementor-element-1b65a12\" data-id=\"1b65a12\" data-element_type=\"column\">\n\t\t\t<div class=\"elementor-widget-wrap elementor-element-populated\">\n\t\t\t\t\t\t\t\t<div class=\"elementor-element elementor-element-28e282f elementor-widget elementor-widget-image\" data-id=\"28e282f\" data-element_type=\"widget\" data-widget_type=\"image.default\">\n\t\t\t\t<div class=\"elementor-widget-container\">\n\t\t\t<style>\/*! elementor - v3.12.0 - 29-03-2023 *\/\n.elementor-widget-image{text-align:center}.elementor-widget-image a{display:inline-block}.elementor-widget-image a img[src$=\".svg\"]{width:48px}.elementor-widget-image img{vertical-align:middle;display:inline-block}<\/style>\t\t\t\t\t\t\t\t\t\t\t\t<img decoding=\"async\" width=\"875\" height=\"437\" src=\"https:\/\/vaiksed.ee\/wp-content\/uploads\/2022\/12\/annika-1-e1670883854927.jpg\" class=\"attachment-full size-full wp-image-1588\" alt=\"\" srcset=\"https:\/\/vaiksed.ee\/wp-content\/uploads\/2022\/12\/annika-1-e1670883854927.jpg 875w, https:\/\/vaiksed.ee\/wp-content\/uploads\/2022\/12\/annika-1-e1670883854927-300x150.jpg 300w, https:\/\/vaiksed.ee\/wp-content\/uploads\/2022\/12\/annika-1-e1670883854927-768x384.jpg 768w, https:\/\/vaiksed.ee\/wp-content\/uploads\/2022\/12\/annika-1-e1670883854927-18x9.jpg 18w, https:\/\/vaiksed.ee\/wp-content\/uploads\/2022\/12\/annika-1-e1670883854927-585x292.jpg 585w\" sizes=\"(max-width: 875px) 100vw, 875px\" \/>\t\t\t\t\t\t\t\t\t\t\t\t\t\t\t<\/div>\n\t\t\t\t<\/div>\n\t\t\t\t\t<\/div>\n\t\t<\/div>\n\t\t\t\t<div class=\"penci-ercol-50 penci-ercol-order-2 penci-sticky-ct    elementor-column elementor-col-50 elementor-top-column elementor-element elementor-element-14b1987\" data-id=\"14b1987\" data-element_type=\"column\">\n\t\t\t<div class=\"elementor-widget-wrap elementor-element-populated\">\n\t\t\t\t\t\t\t\t<div class=\"elementor-element elementor-element-fad0a8c elementor-widget elementor-widget-text-editor\" data-id=\"fad0a8c\" data-element_type=\"widget\" data-widget_type=\"text-editor.default\">\n\t\t\t\t<div class=\"elementor-widget-container\">\n\t\t\t<style>\/*! elementor - v3.12.0 - 29-03-2023 *\/\n.elementor-widget-text-editor.elementor-drop-cap-view-stacked .elementor-drop-cap{background-color:#69727d;color:#fff}.elementor-widget-text-editor.elementor-drop-cap-view-framed .elementor-drop-cap{color:#69727d;border:3px solid;background-color:transparent}.elementor-widget-text-editor:not(.elementor-drop-cap-view-default) .elementor-drop-cap{margin-top:8px}.elementor-widget-text-editor:not(.elementor-drop-cap-view-default) .elementor-drop-cap-letter{width:1em;height:1em}.elementor-widget-text-editor .elementor-drop-cap{float:left;text-align:center;line-height:1;font-size:50px}.elementor-widget-text-editor .elementor-drop-cap-letter{display:inline-block}<\/style>\t\t\t\t<p><b>Hingehoidja, Risti kiriku \u00f5petaja<\/b><\/p>\n<p><b>Suhtluskeeled: <\/b>eesti, inglise, saksa, vene<\/p>\n<p><b>N\u00f5ustamise piirkond: <\/b>Harju-, Rapla- ja L\u00e4\u00e4nemaa<\/p>\n<p><strong>Email:<\/strong>&nbsp;&nbsp;annika.laats@eelk.ee<\/p>\t\t\t\t\t\t<\/div>\n\t\t\t\t<\/div>\n\t\t\t\t\t<\/div>\n\t\t<\/div>\n\t\t\t\t\t\t\t<\/div>\n\t\t<\/section>\n\t\t\t\t<section class=\"penci-section penci-disSticky penci-structure-10 elementor-section elementor-top-section elementor-element elementor-element-0a9aa5e elementor-section-boxed elementor-section-height-default elementor-section-height-default\" data-id=\"0a9aa5e\" data-element_type=\"section\">\n\t\t\t\t\t\t<div class=\"elementor-container elementor-column-gap-default\">\n\t\t\t\t\t<div class=\"penci-ercol-100 penci-ercol-order-1 penci-sticky-ct    elementor-column elementor-col-100 elementor-top-column elementor-element elementor-element-631592a\" data-id=\"631592a\" data-element_type=\"column\">\n\t\t\t<div class=\"elementor-widget-wrap elementor-element-populated\">\n\t\t\t\t\t\t\t\t<div class=\"elementor-element elementor-element-3ffe4e2 elementor-widget elementor-widget-text-editor\" data-id=\"3ffe4e2\" data-element_type=\"widget\" data-widget_type=\"text-editor.default\">\n\t\t\t\t<div class=\"elementor-widget-container\">\n\t\t\t\t\t\t\t<p>Annika Laats on s\u00fcndinud 1. mail 1970 Tallinnas.<\/p>\n<p>Ta on \u00f5ppinud Tallinna 44. Keskkoolis ja <strong>Tallinna Reaalkoolis<\/strong> (toona Tallinna 2. Keskkool). Aastatel 1988-1990 \u00f5ppis\u00a0 ta <strong>Tartu \u00dclikooli arstiteaduskonnas <\/strong>pediaatria erialal.<\/p>\n<p>Aastatel 1995-2001 \u00f5ppis Annika Laats <strong>EELK Usuteaduse Instituudis<\/strong> ning aastatel 2000- 2001 paralleelselt ka Tartu \u00dclikoolis. Ta on t\u00e4iendanud ennast p\u00f5hiliselt hingehoiu ja leinat\u00f6\u00f6 vallas.<\/p>\n<p><!-- wp:paragraph --><\/p>\n<p>Annika Laats t\u00f6\u00f6tab <strong>hingehoidjana Tallinna Lastehaiglas<\/strong>. On MT\u00dc Vaikuse lapsed \u00fcks rajajatest ning on vaikuse laste ja rahupaigaga seotud aastast 2009.<\/p>\n<p><!-- \/wp:paragraph --><\/p>\t\t\t\t\t\t<\/div>\n\t\t\t\t<\/div>\n\t\t\t\t\t<\/div>\n\t\t<\/div>\n\t\t\t\t\t\t\t<\/div>\n\t\t<\/section>\n\t\t\t\t\t\t\t<\/div>","protected":false},"excerpt":{"rendered":"<p>Hingehoidja, Risti kiriku \u00f5petaja Suhtluskeeled: eesti, inglise, saksa, vene N\u00f5ustamise piirkond: Harju-, Rapla- ja L\u00e4\u00e4nemaa Email:&nbsp;&nbsp;annika.laats@eelk.ee Annika Laats on s\u00fcndinud 1. mail 1970 Tallinnas. Ta on \u00f5ppinud Tallinna 44. Keskkoolis&hellip;<\/p>","protected":false},"author":174446671,"featured_media":0,"parent":0,"menu_order":0,"comment_status":"closed","ping_status":"closed","template":"","meta":[],"yoast_head":"<!-- This site is optimized with the Yoast SEO plugin v20.12 - https:\/\/yoast.com\/wordpress\/plugins\/seo\/ -->\n<title>Annika Laats - Vaikuse lapsed<\/title>\n<meta name=\"robots\" content=\"index, follow, max-snippet:-1, max-image-preview:large, max-video-preview:-1\" \/>\n<link rel=\"canonical\" href=\"https:\/\/vaiksed.ee\/en\/annika-laats\/\" \/>\n<meta property=\"og:locale\" content=\"en_GB\" \/>\n<meta property=\"og:type\" content=\"article\" \/>\n<meta property=\"og:title\" content=\"Annika Laats - Vaikuse lapsed\" \/>\n<meta property=\"og:description\" content=\"Hingehoidja, Risti kiriku \u00f5petaja Suhtluskeeled: eesti, inglise, saksa, vene N\u00f5ustamise piirkond: Harju-, Rapla- ja L\u00e4\u00e4nemaa Email:&nbsp;&nbsp;annika.laats@eelk.ee Annika Laats on s\u00fcndinud 1. mail 1970 Tallinnas. Ta on \u00f5ppinud Tallinna 44. Keskkoolis&hellip;\" \/>\n<meta property=\"og:url\" content=\"https:\/\/vaiksed.ee\/en\/annika-laats\/\" \/>\n<meta property=\"og:site_name\" content=\"Vaikuse lapsed\" \/>\n<meta property=\"article:modified_time\" content=\"2023-02-01T15:20:00+00:00\" \/>\n<meta property=\"og:image\" content=\"http:\/\/vaiksed.ee\/wp-content\/uploads\/2022\/12\/annika-1-e1670883854927.jpg\" \/>\n<meta name=\"twitter:card\" content=\"summary_large_image\" \/>\n<script type=\"application\/ld+json\" class=\"yoast-schema-graph\">{\"@context\":\"https:\/\/schema.org\",\"@graph\":[{\"@type\":\"WebPage\",\"@id\":\"https:\/\/vaiksed.ee\/annika-laats\/\",\"url\":\"https:\/\/vaiksed.ee\/annika-laats\/\",\"name\":\"Annika Laats - Vaikuse lapsed\",\"isPartOf\":{\"@id\":\"https:\/\/vaiksed.ee\/#website\"},\"datePublished\":\"2022-11-13T19:24:20+00:00\",\"dateModified\":\"2023-02-01T15:20:00+00:00\",\"breadcrumb\":{\"@id\":\"https:\/\/vaiksed.ee\/annika-laats\/#breadcrumb\"},\"inLanguage\":\"en-GB\",\"potentialAction\":[{\"@type\":\"ReadAction\",\"target\":[\"https:\/\/vaiksed.ee\/annika-laats\/\"]}]},{\"@type\":\"BreadcrumbList\",\"@id\":\"https:\/\/vaiksed.ee\/annika-laats\/#breadcrumb\",\"itemListElement\":[{\"@type\":\"ListItem\",\"position\":1,\"name\":\"Home\",\"item\":\"https:\/\/vaiksed.ee\/\"},{\"@type\":\"ListItem\",\"position\":2,\"name\":\"Annika Laats\"}]},{\"@type\":\"WebSite\",\"@id\":\"https:\/\/vaiksed.ee\/#website\",\"url\":\"https:\/\/vaiksed.ee\/\",\"name\":\"Vaikuse lapsed\",\"description\":\"Vaikuselaps, las valvab su \u00fcle valguse vaim \u2013 rahu ja armastus\",\"publisher\":{\"@id\":\"https:\/\/vaiksed.ee\/#organization\"},\"potentialAction\":[{\"@type\":\"SearchAction\",\"target\":{\"@type\":\"EntryPoint\",\"urlTemplate\":\"https:\/\/vaiksed.ee\/?s={search_term_string}\"},\"query-input\":\"required name=search_term_string\"}],\"inLanguage\":\"en-GB\"},{\"@type\":\"Organization\",\"@id\":\"https:\/\/vaiksed.ee\/#organization\",\"name\":\"Vaikuse lapsed\",\"url\":\"https:\/\/vaiksed.ee\/\",\"logo\":{\"@type\":\"ImageObject\",\"inLanguage\":\"en-GB\",\"@id\":\"https:\/\/vaiksed.ee\/#\/schema\/logo\/image\/\",\"url\":\"https:\/\/vaiksed.ee\/wp-content\/uploads\/2022\/11\/173568.png\",\"contentUrl\":\"https:\/\/vaiksed.ee\/wp-content\/uploads\/2022\/11\/173568.png\",\"width\":500,\"height\":500,\"caption\":\"Vaikuse lapsed\"},\"image\":{\"@id\":\"https:\/\/vaiksed.ee\/#\/schema\/logo\/image\/\"}}]}<\/script>\n<!-- \/ Yoast SEO plugin. -->","yoast_head_json":{"title":"Annika Laats - Vaikuse lapsed","robots":{"index":"index","follow":"follow","max-snippet":"max-snippet:-1","max-image-preview":"max-image-preview:large","max-video-preview":"max-video-preview:-1"},"canonical":"https:\/\/vaiksed.ee\/en\/annika-laats\/","og_locale":"en_GB","og_type":"article","og_title":"Annika Laats - Vaikuse lapsed","og_description":"Hingehoidja, Risti kiriku \u00f5petaja Suhtluskeeled: eesti, inglise, saksa, vene N\u00f5ustamise piirkond: Harju-, Rapla- ja L\u00e4\u00e4nemaa Email:&nbsp;&nbsp;annika.laats@eelk.ee Annika Laats on s\u00fcndinud 1. mail 1970 Tallinnas. Ta on \u00f5ppinud Tallinna 44. Keskkoolis&hellip;","og_url":"https:\/\/vaiksed.ee\/en\/annika-laats\/","og_site_name":"Vaikuse lapsed","article_modified_time":"2023-02-01T15:20:00+00:00","og_image":[{"url":"http:\/\/vaiksed.ee\/wp-content\/uploads\/2022\/12\/annika-1-e1670883854927.jpg"}],"twitter_card":"summary_large_image","schema":{"@context":"https:\/\/schema.org","@graph":[{"@type":"WebPage","@id":"https:\/\/vaiksed.ee\/annika-laats\/","url":"https:\/\/vaiksed.ee\/annika-laats\/","name":"Annika Laats - Vaikuse lapsed","isPartOf":{"@id":"https:\/\/vaiksed.ee\/#website"},"datePublished":"2022-11-13T19:24:20+00:00","dateModified":"2023-02-01T15:20:00+00:00","breadcrumb":{"@id":"https:\/\/vaiksed.ee\/annika-laats\/#breadcrumb"},"inLanguage":"en-GB","potentialAction":[{"@type":"ReadAction","target":["https:\/\/vaiksed.ee\/annika-laats\/"]}]},{"@type":"BreadcrumbList","@id":"https:\/\/vaiksed.ee\/annika-laats\/#breadcrumb","itemListElement":[{"@type":"ListItem","position":1,"name":"Home","item":"https:\/\/vaiksed.ee\/"},{"@type":"ListItem","position":2,"name":"Annika Laats"}]},{"@type":"WebSite","@id":"https:\/\/vaiksed.ee\/#website","url":"https:\/\/vaiksed.ee\/","name":"Vaikuse lapsed","description":"Vaikuselaps, las valvab su \u00fcle valguse vaim \u2013 rahu ja armastus","publisher":{"@id":"https:\/\/vaiksed.ee\/#organization"},"potentialAction":[{"@type":"SearchAction","target":{"@type":"EntryPoint","urlTemplate":"https:\/\/vaiksed.ee\/?s={search_term_string}"},"query-input":"required name=search_term_string"}],"inLanguage":"en-GB"},{"@type":"Organization","@id":"https:\/\/vaiksed.ee\/#organization","name":"Vaikuse lapsed","url":"https:\/\/vaiksed.ee\/","logo":{"@type":"ImageObject","inLanguage":"en-GB","@id":"https:\/\/vaiksed.ee\/#\/schema\/logo\/image\/","url":"https:\/\/vaiksed.ee\/wp-content\/uploads\/2022\/11\/173568.png","contentUrl":"https:\/\/vaiksed.ee\/wp-content\/uploads\/2022\/11\/173568.png","width":500,"height":500,"caption":"Vaikuse lapsed"},"image":{"@id":"https:\/\/vaiksed.ee\/#\/schema\/logo\/image\/"}}]}},"_links":{"self":[{"href":"https:\/\/vaiksed.ee\/en\/wp-json\/wp\/v2\/pages\/1226"}],"collection":[{"href":"https:\/\/vaiksed.ee\/en\/wp-json\/wp\/v2\/pages"}],"about":[{"href":"https:\/\/vaiksed.ee\/en\/wp-json\/wp\/v2\/types\/page"}],"author":[{"embeddable":true,"href":"https:\/\/vaiksed.ee\/en\/wp-json\/wp\/v2\/users\/174446671"}],"replies":[{"embeddable":true,"href":"https:\/\/vaiksed.ee\/en\/wp-json\/wp\/v2\/comments?post=1226"}],"version-history":[{"count":91,"href":"https:\/\/vaiksed.ee\/en\/wp-json\/wp\/v2\/pages\/1226\/revisions"}],"predecessor-version":[{"id":2240,"href":"https:\/\/vaiksed.ee\/en\/wp-json\/wp\/v2\/pages\/1226\/revisions\/2240"}],"wp:attachment":[{"href":"https:\/\/vaiksed.ee\/en\/wp-json\/wp\/v2\/media?parent=1226"}],"curies":[{"name":"wp","href":"https:\/\/api.w.org\/{rel}","templated":true}]}}