{"id":104,"date":"2019-09-29T21:41:40","date_gmt":"2019-09-29T21:41:40","guid":{"rendered":"https:\/\/vaiksed.ee\/?page_id=104"},"modified":"2023-07-30T12:37:47","modified_gmt":"2023-07-30T12:37:47","slug":"praktilised-kusimused","status":"publish","type":"page","link":"https:\/\/vaiksed.ee\/en\/praktilised-kusimused\/","title":{"rendered":"Practical matters"},"content":{"rendered":"<div class=\"is-layout-flex wp-container-3 wp-block-columns\">\n<div class=\"is-layout-flow wp-block-column\" style=\"flex-basis:70%\">\n<p><br>Lapse kaotus on eba\u00f5iglane ja ebaloogiline s\u00fcndmus. Igap\u00e4evasele asjaajamisele m\u00f5tlemine tundub sellisel hetkel nii vale ja kauge.<\/p>\n\n\n\n<p>Ometigi on praktilisi k\u00fcsimusi, millega peab p\u00e4rast lapse kaotust v\u00f5i raseduse katkemist tegelema. Sellep\u00e4rast oleme pannud kokku alloleva infomaterjali, et sulle sellel v\u00e4ga raskel eluperioodil toeks olla.<\/p>\n\n\n\n<p>Paljudele vanematele on need sammud olulised oma leinateekonna alustamiseks. Samas \u2013 kui sa tunned, et sa ise ei suuda hetkel praktilistele k\u00fcsimustele keskenduda, palu abi m\u00f5nelt l\u00e4hedaselt v\u00f5i p\u00f6\u00f6rdu haigla sotsiaalt\u00f6\u00f6taja poole. Leinaga toimetulek on igal inimesel individuaalne.<br><br>Longer and more comprehensive advice can be found from <a href=\"https:\/\/vaiksed.ee\/wp-content\/uploads\/2019\/09\/vaikuselapsed_a5_veebi.pdf\" target=\"_blank\" rel=\"noreferrer noopener\">book \u201cVaikuse lapsed\u201d<\/a> (pdf)<\/p>\n<\/div>\n\n\n\n<div class=\"is-layout-flow wp-block-column\" style=\"flex-basis:30%\">\n<p class=\"has-light-gray-background-color has-text-color has-background\" style=\"color:#339999\"><strong><a href=\"https:\/\/vaiksed.ee\/en\/tugi-lapse-kaotuse-puhul\/beebiga-seotud-malestused\/\"><strong><a href=\"https:\/\/vaiksed.ee\/en\/tugi-lapse-kaotuse-puhul\/beebiga-seotud-malestused\/\">Memories of your baby<\/a><br><\/strong><\/a><br><a href=\"https:\/\/vaiksed.ee\/en\/tugi-lapse-kaotuse-puhul\/abi-asjaajamisel\/\">Practical matters<\/a><br><br><a href=\"https:\/\/vaiksed.ee\/en\/tugi-lapse-kaotuse-puhul\/kusimused-naistearstile\/\"><strong><a href=\"https:\/\/vaiksed.ee\/en\/tugi-lapse-kaotuse-puhul\/kusimused-naistearstile\/\">Questions for a gynaecologist<\/a><br><\/strong><\/a><br><a href=\"https:\/\/vaiksed.ee\/en\/tugi-lapse-kaotuse-puhul\/tagasi-igapaevaellu\/\"><strong><a href=\"https:\/\/vaiksed.ee\/en\/tugi-lapse-kaotuse-puhul\/tagasi-igapaevaellu\/\">Back to everyday life<\/a><br><\/strong><\/a><br><a href=\"https:\/\/vaiksed.ee\/en\/tugi-lapse-kaotuse-puhul\/kui-vajad-tuge\/\"><strong><a href=\"https:\/\/vaiksed.ee\/en\/tugi-lapse-kaotuse-puhul\/kui-vajad-tuge\/\">If you need advice<\/a><br><\/strong><br><\/a><a href=\"https:\/\/vaiksed.ee\/en\/tugi-lapse-kaotuse-puhul\/vaikuse-laste-trukis\/\"><strong><a href=\"https:\/\/vaiksed.ee\/en\/tugi-lapse-kaotuse-puhul\/vaikuse-laste-trukis\/\">Print of Vaikuse Lapsed<\/a><\/strong><\/a><\/strong><\/p>\n<\/div>\n<\/div>\n\n\n\n<p><\/p>","protected":false},"excerpt":{"rendered":"<p>Lapse kaotus on eba\u00f5iglane ja ebaloogiline s\u00fcndmus. Igap\u00e4evasele asjaajamisele m\u00f5tlemine tundub sellisel hetkel nii vale ja kauge. Ometigi on praktilisi k\u00fcsimusi, millega peab p\u00e4rast lapse kaotust v\u00f5i raseduse katkemist tegelema.&hellip;<\/p>","protected":false},"author":174446673,"featured_media":0,"parent":0,"menu_order":3,"comment_status":"closed","ping_status":"closed","template":"","meta":[],"yoast_head":"<!-- This site is optimized with the Yoast SEO plugin v20.12 - https:\/\/yoast.com\/wordpress\/plugins\/seo\/ -->\n<title>Praktilised k\u00fcsimused lapse kaotusel | Vaikuse lapsed<\/title>\n<meta name=\"description\" content=\"Vaikuse lapsed koondatud materjalid beebi kaotusega seotud praktilistest k\u00fcsimustest. M\u00e4lestamine, lein, abi asjaajamisel, k\u00fcsimused naistearstile. Loe siit.\" \/>\n<meta name=\"robots\" content=\"index, follow, max-snippet:-1, max-image-preview:large, max-video-preview:-1\" \/>\n<link rel=\"canonical\" href=\"https:\/\/vaiksed.ee\/en\/praktilised-kusimused\/\" \/>\n<meta property=\"og:locale\" content=\"en_GB\" \/>\n<meta property=\"og:type\" content=\"article\" \/>\n<meta property=\"og:title\" content=\"Praktilised k\u00fcsimused lapse kaotusel | Vaikuse lapsed\" \/>\n<meta property=\"og:description\" content=\"Vaikuse lapsed koondatud materjalid beebi kaotusega seotud praktilistest k\u00fcsimustest. M\u00e4lestamine, lein, abi asjaajamisel, k\u00fcsimused naistearstile. Loe siit.\" \/>\n<meta property=\"og:url\" content=\"https:\/\/vaiksed.ee\/en\/praktilised-kusimused\/\" \/>\n<meta property=\"og:site_name\" content=\"Vaikuse lapsed\" \/>\n<meta property=\"article:modified_time\" content=\"2023-07-30T12:37:47+00:00\" \/>\n<meta name=\"twitter:card\" content=\"summary_large_image\" \/>\n<meta name=\"twitter:label1\" content=\"Estimated reading time\" \/>\n\t<meta name=\"twitter:data1\" content=\"1 minute\" \/>\n<script type=\"application\/ld+json\" class=\"yoast-schema-graph\">{\"@context\":\"https:\/\/schema.org\",\"@graph\":[{\"@type\":\"WebPage\",\"@id\":\"https:\/\/vaiksed.ee\/praktilised-kusimused\/\",\"url\":\"https:\/\/vaiksed.ee\/praktilised-kusimused\/\",\"name\":\"Praktilised k\u00fcsimused lapse kaotusel | Vaikuse lapsed\",\"isPartOf\":{\"@id\":\"https:\/\/vaiksed.ee\/#website\"},\"datePublished\":\"2019-09-29T21:41:40+00:00\",\"dateModified\":\"2023-07-30T12:37:47+00:00\",\"description\":\"Vaikuse lapsed koondatud materjalid beebi kaotusega seotud praktilistest k\u00fcsimustest. M\u00e4lestamine, lein, abi asjaajamisel, k\u00fcsimused naistearstile. Loe siit.\",\"breadcrumb\":{\"@id\":\"https:\/\/vaiksed.ee\/praktilised-kusimused\/#breadcrumb\"},\"inLanguage\":\"en-GB\",\"potentialAction\":[{\"@type\":\"ReadAction\",\"target\":[\"https:\/\/vaiksed.ee\/praktilised-kusimused\/\"]}]},{\"@type\":\"BreadcrumbList\",\"@id\":\"https:\/\/vaiksed.ee\/praktilised-kusimused\/#breadcrumb\",\"itemListElement\":[{\"@type\":\"ListItem\",\"position\":1,\"name\":\"Home\",\"item\":\"https:\/\/vaiksed.ee\/\"},{\"@type\":\"ListItem\",\"position\":2,\"name\":\"Praktilised k\u00fcsimused\"}]},{\"@type\":\"WebSite\",\"@id\":\"https:\/\/vaiksed.ee\/#website\",\"url\":\"https:\/\/vaiksed.ee\/\",\"name\":\"Vaikuse lapsed\",\"description\":\"Vaikuselaps, las valvab su \u00fcle valguse vaim \u2013 rahu ja armastus\",\"publisher\":{\"@id\":\"https:\/\/vaiksed.ee\/#organization\"},\"potentialAction\":[{\"@type\":\"SearchAction\",\"target\":{\"@type\":\"EntryPoint\",\"urlTemplate\":\"https:\/\/vaiksed.ee\/?s={search_term_string}\"},\"query-input\":\"required name=search_term_string\"}],\"inLanguage\":\"en-GB\"},{\"@type\":\"Organization\",\"@id\":\"https:\/\/vaiksed.ee\/#organization\",\"name\":\"Vaikuse lapsed\",\"url\":\"https:\/\/vaiksed.ee\/\",\"logo\":{\"@type\":\"ImageObject\",\"inLanguage\":\"en-GB\",\"@id\":\"https:\/\/vaiksed.ee\/#\/schema\/logo\/image\/\",\"url\":\"https:\/\/vaiksed.ee\/wp-content\/uploads\/2022\/11\/173568.png\",\"contentUrl\":\"https:\/\/vaiksed.ee\/wp-content\/uploads\/2022\/11\/173568.png\",\"width\":500,\"height\":500,\"caption\":\"Vaikuse lapsed\"},\"image\":{\"@id\":\"https:\/\/vaiksed.ee\/#\/schema\/logo\/image\/\"}}]}<\/script>\n<!-- \/ Yoast SEO plugin. -->","yoast_head_json":{"title":"Praktilised k\u00fcsimused lapse kaotusel | Vaikuse lapsed","description":"Vaikuse lapsed koondatud materjalid beebi kaotusega seotud praktilistest k\u00fcsimustest. M\u00e4lestamine, lein, abi asjaajamisel, k\u00fcsimused naistearstile. Loe siit.","robots":{"index":"index","follow":"follow","max-snippet":"max-snippet:-1","max-image-preview":"max-image-preview:large","max-video-preview":"max-video-preview:-1"},"canonical":"https:\/\/vaiksed.ee\/en\/praktilised-kusimused\/","og_locale":"en_GB","og_type":"article","og_title":"Praktilised k\u00fcsimused lapse kaotusel | Vaikuse lapsed","og_description":"Vaikuse lapsed koondatud materjalid beebi kaotusega seotud praktilistest k\u00fcsimustest. M\u00e4lestamine, lein, abi asjaajamisel, k\u00fcsimused naistearstile. Loe siit.","og_url":"https:\/\/vaiksed.ee\/en\/praktilised-kusimused\/","og_site_name":"Vaikuse lapsed","article_modified_time":"2023-07-30T12:37:47+00:00","twitter_card":"summary_large_image","twitter_misc":{"Estimated reading time":"1 minute"},"schema":{"@context":"https:\/\/schema.org","@graph":[{"@type":"WebPage","@id":"https:\/\/vaiksed.ee\/praktilised-kusimused\/","url":"https:\/\/vaiksed.ee\/praktilised-kusimused\/","name":"Praktilised k\u00fcsimused lapse kaotusel | Vaikuse lapsed","isPartOf":{"@id":"https:\/\/vaiksed.ee\/#website"},"datePublished":"2019-09-29T21:41:40+00:00","dateModified":"2023-07-30T12:37:47+00:00","description":"Vaikuse lapsed koondatud materjalid beebi kaotusega seotud praktilistest k\u00fcsimustest. M\u00e4lestamine, lein, abi asjaajamisel, k\u00fcsimused naistearstile. Loe siit.","breadcrumb":{"@id":"https:\/\/vaiksed.ee\/praktilised-kusimused\/#breadcrumb"},"inLanguage":"en-GB","potentialAction":[{"@type":"ReadAction","target":["https:\/\/vaiksed.ee\/praktilised-kusimused\/"]}]},{"@type":"BreadcrumbList","@id":"https:\/\/vaiksed.ee\/praktilised-kusimused\/#breadcrumb","itemListElement":[{"@type":"ListItem","position":1,"name":"Home","item":"https:\/\/vaiksed.ee\/"},{"@type":"ListItem","position":2,"name":"Praktilised k\u00fcsimused"}]},{"@type":"WebSite","@id":"https:\/\/vaiksed.ee\/#website","url":"https:\/\/vaiksed.ee\/","name":"Vaikuse lapsed","description":"Vaikuselaps, las valvab su \u00fcle valguse vaim \u2013 rahu ja armastus","publisher":{"@id":"https:\/\/vaiksed.ee\/#organization"},"potentialAction":[{"@type":"SearchAction","target":{"@type":"EntryPoint","urlTemplate":"https:\/\/vaiksed.ee\/?s={search_term_string}"},"query-input":"required name=search_term_string"}],"inLanguage":"en-GB"},{"@type":"Organization","@id":"https:\/\/vaiksed.ee\/#organization","name":"Vaikuse lapsed","url":"https:\/\/vaiksed.ee\/","logo":{"@type":"ImageObject","inLanguage":"en-GB","@id":"https:\/\/vaiksed.ee\/#\/schema\/logo\/image\/","url":"https:\/\/vaiksed.ee\/wp-content\/uploads\/2022\/11\/173568.png","contentUrl":"https:\/\/vaiksed.ee\/wp-content\/uploads\/2022\/11\/173568.png","width":500,"height":500,"caption":"Vaikuse lapsed"},"image":{"@id":"https:\/\/vaiksed.ee\/#\/schema\/logo\/image\/"}}]}},"_links":{"self":[{"href":"https:\/\/vaiksed.ee\/en\/wp-json\/wp\/v2\/pages\/104"}],"collection":[{"href":"https:\/\/vaiksed.ee\/en\/wp-json\/wp\/v2\/pages"}],"about":[{"href":"https:\/\/vaiksed.ee\/en\/wp-json\/wp\/v2\/types\/page"}],"author":[{"embeddable":true,"href":"https:\/\/vaiksed.ee\/en\/wp-json\/wp\/v2\/users\/174446673"}],"replies":[{"embeddable":true,"href":"https:\/\/vaiksed.ee\/en\/wp-json\/wp\/v2\/comments?post=104"}],"version-history":[{"count":18,"href":"https:\/\/vaiksed.ee\/en\/wp-json\/wp\/v2\/pages\/104\/revisions"}],"predecessor-version":[{"id":2362,"href":"https:\/\/vaiksed.ee\/en\/wp-json\/wp\/v2\/pages\/104\/revisions\/2362"}],"wp:attachment":[{"href":"https:\/\/vaiksed.ee\/en\/wp-json\/wp\/v2\/media?parent=104"}],"curies":[{"name":"wp","href":"https:\/\/api.w.org\/{rel}","templated":true}]}}